{"id":15475,"date":"2025-01-19T14:34:39","date_gmt":"2025-01-19T14:34:39","guid":{"rendered":"https:\/\/www.hydraulic-cylinders.net\/product\/bucket-cylinder-for-xcmg-middle-excavator-xe235c\/"},"modified":"2025-01-19T14:34:41","modified_gmt":"2025-01-19T14:34:41","slug":"bucket-cylinder-for-xcmg-middle-excavator-xe235c","status":"publish","type":"product","link":"https:\/\/www.hydraulic-cylinders.net\/fr\/produit\/bucket-cylinder-for-xcmg-middle-excavator-xe235c\/","title":{"rendered":"V\u00e9rin de godet pour pelle hydraulique XCMG XE235C"},"content":{"rendered":"<h1>V\u00e9rin de godet pour pelle hydraulique XCMG XE235C<\/h1>\n<h2>Introduction<\/h2>\n<h3>D\u00e9finition du cylindre \u00e0 godet<\/h3>\n<p>Un v\u00e9rin de godet est un type de v\u00e9rin hydraulique con\u00e7u sp\u00e9cifiquement pour contr\u00f4ler les mouvements du godet sur les engins de chantier tels que les pelles hydrauliques, les chargeuses-pelleteuses et les chargeuses frontales. Sa fonction principale est de permettre au godet d'effectuer des op\u00e9rations de levage, d'abaissement et d'inclinaison, facilitant ainsi diverses t\u00e2ches de manutention. Dans le syst\u00e8me hydraulique, le v\u00e9rin de godet assure un contr\u00f4le pr\u00e9cis du godet en agissant sur la pression de l'huile hydraulique, permettant aux op\u00e9rateurs de manipuler efficacement des charges lourdes et de s'adapter \u00e0 des environnements de travail complexes et \u00e0 des exigences vari\u00e9es.<\/p>\n<p><img decoding=\"async\" src=\"https:\/\/www.hydraulic-cylinders.net\/wp-content\/uploads\/2025\/01\/songte-company-2.webp\" alt=\"Image du cylindre du godet\"><\/p>\n<h2>Caract\u00e9ristiques du produit<\/h2>\n<h3>Haute r\u00e9sistance et durabilit\u00e9<\/h3>\n<p>Les v\u00e9rins de godet sont g\u00e9n\u00e9ralement fabriqu\u00e9s en acier haute r\u00e9sistance ou en aluminium, ce qui leur permet de supporter des pressions et des charges importantes et de s'adapter aux environnements de travail difficiles. Leur conception prend en compte la r\u00e9sistance \u00e0 l'usure et \u00e0 la corrosion afin d'optimiser leur dur\u00e9e de vie.<\/p>\n<h3>Fonctionnement hydraulique efficace<\/h3>\n<p>Les v\u00e9rins du godet utilisent la pression de l'huile hydraulique pour assurer des mouvements d'extension et de r\u00e9traction fluides, r\u00e9pondant rapidement aux commandes et fournissant des forces de pouss\u00e9e et de traction puissantes, adapt\u00e9es \u00e0 la manutention de charges lourdes et \u00e0 des t\u00e2ches complexes.<\/p>\n<h3>Divers types<\/h3>\n<p>Le choix des v\u00e9rins de godet d\u00e9pend des besoins\u00a0: v\u00e9rins simple effet (fonctionnant dans un seul sens) ou double effet (fonctionnant dans les deux sens), afin de r\u00e9pondre \u00e0 diff\u00e9rentes exigences op\u00e9rationnelles. Certains mod\u00e8les sont t\u00e9lescopiques, ce qui permet une plus grande extension sans augmenter l\u2019encombrement ext\u00e9rieur et convient aux applications o\u00f9 l\u2019espace est limit\u00e9.<\/p>\n<h3>Remplacement parfait<\/h3>\n<p>Notre entreprise produit des v\u00e9rins de godet qui peuvent parfaitement remplacer ces v\u00e9rins hydrauliques. <\/p>\n<p><img decoding=\"async\" src=\"https:\/\/www.hydraulic-cylinders.net\/wp-content\/uploads\/2025\/01\/songte-cylinder-head-with-all-kinds-excavator-models.webp\" alt=\"Remplacement du v\u00e9rin de godet\"><\/p>\n<h2>Applications<\/h2>\n<h3>\u00c9quipement de construction<\/h3>\n<p>Sur les excavatrices, les v\u00e9rins sont indispensables pour creuser, charger et d\u00e9placer la terre ou les d\u00e9bris. Sur les chargeuses-pelleteuses, les v\u00e9rins de godet facilitent le creusement et le levage. Sur les chargeuses frontales, ils permettent de lever et de d\u00e9charger efficacement la charge.<\/p>\n<h3>machines agricoles<\/h3>\n<p>Utilis\u00e9s sur les chargeuses frontales, ils permettent de ramasser, soulever et transporter la terre, le foin et d'autres mat\u00e9riaux. Sur les pelles hydrauliques, les v\u00e9rins de godet assurent l'excavation en permettant au godet de p\u00e9n\u00e9trer dans le sol.<\/p>\n<h3>D\u00e9tails de l'application<\/h3>\n<p>Engins de chantier\u00a0: Sur les pelles hydrauliques, les v\u00e9rins de godet sont indispensables pour creuser, charger et d\u00e9placer la terre ou les d\u00e9bris. Sur les chargeuses-pelleteuses, ils sont \u00e9galement utiles pour creuser et soulever des charges. Sur les chargeuses frontales, ils facilitent le levage et le d\u00e9chargement de la cargaison. Machines agricoles\u00a0: Utilis\u00e9s sur les chargeuses frontales, ils permettent de ramasser, soulever et transporter la terre, le foin et autres mat\u00e9riaux. Sur les pelles hydrauliques, les v\u00e9rins de godet assurent le creusement en permettant au godet de p\u00e9n\u00e9trer dans le sol. <\/p>\n<p><img decoding=\"async\" src=\"https:\/\/www.hydraulic-cylinders.net\/wp-content\/uploads\/2025\/01\/songte-bushings-with-all-kinds-of-excavator-models.webp\" alt=\"Applications des v\u00e9rins de godet\"><\/p>\n<h2>Consid\u00e9rations de conception et normes de s\u00e9lection<\/h2>\n<h3>Capacit\u00e9 de charge<\/h3>\n<p>Le v\u00e9rin du godet doit pouvoir supporter des charges importantes et fonctionner sous haute pression. Le mat\u00e9riau doit \u00eatre tr\u00e8s r\u00e9sistant et durable, afin de garantir sa r\u00e9sistance aux environnements de travail difficiles et d'allonger sa dur\u00e9e de vie.<\/p>\n<h3>Performances d'\u00e9tanch\u00e9it\u00e9<\/h3>\n<p>Le v\u00e9rin du godet doit comporter divers joints d'\u00e9tanch\u00e9it\u00e9, tels que des joints de piston, des joints de tige et des bagues d'usure, afin de garantir une \u00e9tanch\u00e9it\u00e9 optimale tout au long de sa dur\u00e9e de vie. Ces joints doivent \u00eatre fabriqu\u00e9s dans des mat\u00e9riaux r\u00e9sistants \u00e0 l'usure, comme le polyur\u00e9thane et le caoutchouc nitrile.<\/p>\n<h3>Durabilit\u00e9<\/h3>\n<p>Le v\u00e9rin du godet doit pouvoir r\u00e9sister \u00e0 des environnements de travail difficiles, ce qui signifie qu'il doit \u00eatre fabriqu\u00e9 \u00e0 partir de mat\u00e9riaux de haute qualit\u00e9 et r\u00e9sistants \u00e0 l'usure.<\/p>\n<h3>S\u00e9curit\u00e9<\/h3>\n<p>Le v\u00e9rin du godet doit \u00eatre con\u00e7u en privil\u00e9giant la s\u00e9curit\u00e9, afin de garantir une utilisation sans danger pour les op\u00e9rateurs. Les dispositifs de s\u00e9curit\u00e9 peuvent inclure des soupapes de d\u00e9charge de pression, des amortisseurs et d'autres m\u00e9canismes de s\u00e9curit\u00e9.<\/p>\n<h3>Entretien<\/h3>\n<p>Le v\u00e9rin du godet doit \u00eatre con\u00e7u pour faciliter la maintenance, permettant ainsi une inspection, une r\u00e9paration et un remplacement ais\u00e9s de ses composants. Un entretien r\u00e9gulier est indispensable pour garantir un fonctionnement optimal du v\u00e9rin.<\/p>\n<p><img decoding=\"async\" src=\"https:\/\/www.hydraulic-cylinders.net\/wp-content\/uploads\/2025\/01\/songte-oil-pipes-and-spare-parts.webp\" alt=\"Conception du v\u00e9rin de godet\"><\/p>\n<h2>\u00c9tanch\u00e9it\u00e9 et lubrification<\/h2>\n<p>Les v\u00e9rins de godet utilisent divers joints d'\u00e9tanch\u00e9it\u00e9, tels que des joints de piston et des joints de tige, pour garantir leur \u00e9tanch\u00e9it\u00e9. Ces joints doivent \u00eatre fabriqu\u00e9s dans des mat\u00e9riaux r\u00e9sistants \u00e0 l'usure, comme le polyur\u00e9thane et le caoutchouc nitrile. Le corps du v\u00e9rin et les surfaces filet\u00e9es doivent \u00eatre usin\u00e9s avec pr\u00e9cision pour une meilleure r\u00e9sistance \u00e0 l'usure. Une lubrification r\u00e9guli\u00e8re est indispensable\u00a0; il convient d'ajouter r\u00e9guli\u00e8rement la quantit\u00e9 appropri\u00e9e d'huile hydraulique pour assurer le bon fonctionnement du v\u00e9rin.<\/p>\n<h2>Inspection et entretien<\/h2>\n<h3>Inspection r\u00e9guli\u00e8re<\/h3>\n<p>Un contr\u00f4le r\u00e9gulier des v\u00e9rins de godet est n\u00e9cessaire pour garantir leur fonctionnement optimal. Ce contr\u00f4le peut comprendre la recherche de fuites ou de dommages, l'inspection des joints et l'examen de l'usure du corps du v\u00e9rin.<\/p>\n<h3>Lubrification ad\u00e9quate<\/h3>\n<p>Une lubrification ad\u00e9quate est essentielle au bon fonctionnement du v\u00e9rin du godet. La lubrification doit \u00eatre effectu\u00e9e conform\u00e9ment aux instructions du fabricant et la quantit\u00e9 appropri\u00e9e d'huile hydraulique doit \u00eatre ajout\u00e9e r\u00e9guli\u00e8rement.<\/p>\n<h3>Remplacement des joints et v\u00e9rification de l'\u00e9talonnage<\/h3>\n<p>Les joints doivent \u00eatre remplac\u00e9s r\u00e9guli\u00e8rement afin de garantir une \u00e9tanch\u00e9it\u00e9 optimale du cylindre. Des contr\u00f4les d'\u00e9talonnage doivent \u00e9galement \u00eatre effectu\u00e9s pour assurer un fonctionnement optimal du cylindre.<\/p>\n<p><img decoding=\"async\" src=\"https:\/\/www.hydraulic-cylinders.net\/wp-content\/uploads\/2025\/01\/songte-chushion-collar.webp\" alt=\"Inspection et entretien du v\u00e9rin de godet\"><\/p>\n<h2>Consid\u00e9rations de s\u00e9curit\u00e9 et facteurs environnementaux<\/h2>\n<p>Le respect des consignes de s\u00e9curit\u00e9 est essentiel lors de l'utilisation de v\u00e9rins de godet. Les op\u00e9rateurs doivent \u00eatre form\u00e9s \u00e0 leur utilisation correcte et des dispositifs de s\u00e9curit\u00e9 tels que des soupapes de d\u00e9charge et des amortisseurs doivent \u00eatre install\u00e9s. Les facteurs environnementaux, comme la temp\u00e9rature et l'humidit\u00e9, peuvent affecter les performances du v\u00e9rin\u00a0; les op\u00e9rateurs doivent donc en tenir compte lors de son utilisation.<\/p>\n<h2>Diagnostic et d\u00e9pannage des pannes<\/h2>\n<p>Les probl\u00e8mes courants rencontr\u00e9s avec les v\u00e9rins de godet incluent les fuites, les dommages et les dysfonctionnements d'extension ou de r\u00e9traction. Une fuite peut \u00eatre due \u00e0 des joints endommag\u00e9s ou \u00e0 des composants us\u00e9s. Un dysfonctionnement d'extension ou de r\u00e9traction peut provenir d'un piston ou d'un corps de v\u00e9rin endommag\u00e9. Le d\u00e9pannage peut comprendre l'inspection et le remplacement des composants endommag\u00e9s, la v\u00e9rification du niveau d'huile hydraulique et l'examen du syst\u00e8me hydraulique afin de d\u00e9tecter tout probl\u00e8me.<\/p>\n<p><img decoding=\"async\" src=\"https:\/\/hzpt.com\/wp-content\/uploads\/2024\/11\/songte-company-1.webp\" alt=\"D\u00e9pannage du v\u00e9rin de godet\"><\/p>\n<h2>\u00c0 propos de notre entreprise<\/h2>\n<p>Nous sommes un fabricant de v\u00e9rins hydrauliques compatibles avec ceux d'autres marques. Notre entreprise propose une large gamme de produits, ce qui fait de nous l'un des principaux fabricants et distributeurs de v\u00e9rins hydrauliques sur les march\u00e9s nationaux et internationaux. Nous privil\u00e9gions l'excellence et nous appuyons sur des strat\u00e9gies de gestion de la production industrielle performantes, gr\u00e2ce \u00e0 des ateliers de fabrication \u00e0 la pointe de la technologie. Notre entreprise am\u00e9liore constamment ses installations de production, optimise son processus de fabrication et met en \u0153uvre une forte capacit\u00e9 d'innovation pour r\u00e9pondre aux besoins vari\u00e9s de ses clients avec efficacit\u00e9, pr\u00e9cision et qualit\u00e9. <\/p>\n<p><img decoding=\"async\" src=\"https:\/\/www.hydraulic-cylinders.net\/wp-content\/uploads\/2025\/01\/songte-company-3.webp\" alt=\"Entreprise de cylindres \u00e0 godet\"><\/p>\n<h3>Professionnalisme<\/h3>\n<p>Notre entreprise dispose d'une \u00e9quipe de professionnels poss\u00e9dant une riche exp\u00e9rience technique et d'excellentes capacit\u00e9s de recherche et d\u00e9veloppement, offrant \u00e0 ses clients des services professionnels et personnalis\u00e9s.<\/p>\n<h3>Certification internationale<\/h3>\n<p>Notre entreprise a obtenu des certifications internationales telles que l'ISO9001 et le CE, garantissant que nos produits r\u00e9pondent aux normes de qualit\u00e9 les plus \u00e9lev\u00e9es.<\/p>\n<h3>Service de personnalisation<\/h3>\n<p>Notre entreprise propose des services personnalis\u00e9s pour r\u00e9pondre aux diff\u00e9rents besoins de ses clients, notamment en mati\u00e8re de conception et de production.<\/p>\n<h3>\u00c9quipement de production<\/h3>\n<p>Notre entreprise dispose d'\u00e9quipements de fabrication et de syst\u00e8mes de test haut de gamme, modernes et num\u00e9ris\u00e9s, afin de garantir la qualit\u00e9 et l'efficacit\u00e9 de nos produits.<\/p>\n<h3>Service apr\u00e8s-vente<\/h3>\n<p>Notre entreprise offre \u00e0 ses clients un service apr\u00e8s-vente de haute qualit\u00e9, comprenant des services de r\u00e9paration et de remplacement de produits, afin de garantir une utilisation durable et \u00e0 long terme de nos produits.<\/p>\n<h2>Note de l'auteur<\/h2>\n<p>Auteur : lyl<\/p>","protected":false},"excerpt":{"rendered":"<p>Bucket Cylinder For XCMG Middle Excavator XE235C Introduction Definition of Bucket Cylinder A bucket cylinder is a type of hydraulic cylinder designed specifically to control the movement of the bucket in heavy machinery such as excavators, backhoe loaders, and front-end loaders. Its primary function is to enable the bucket to perform lifting, lowering, and tilting [&hellip;]<\/p>","protected":false},"featured_media":14762,"comment_status":"open","ping_status":"closed","template":"","meta":{"_et_pb_use_builder":"","_et_pb_old_content":"","_et_gb_content_width":""},"product_brand":[],"product_cat":[1494],"product_tag":[1495,1496],"class_list":{"0":"post-15475","1":"product","2":"type-product","3":"status-publish","4":"has-post-thumbnail","6":"product_cat-bucket-cylinders","7":"product_tag-bucket-cylinders","8":"product_tag-hydraulic-cylinders","10":"first","11":"instock","12":"shipping-taxable","13":"product-type-simple"},"amp_enabled":true,"_links":{"self":[{"href":"https:\/\/www.hydraulic-cylinders.net\/fr\/wp-json\/wp\/v2\/product\/15475","targetHints":{"allow":["GET"]}}],"collection":[{"href":"https:\/\/www.hydraulic-cylinders.net\/fr\/wp-json\/wp\/v2\/product"}],"about":[{"href":"https:\/\/www.hydraulic-cylinders.net\/fr\/wp-json\/wp\/v2\/types\/product"}],"replies":[{"embeddable":true,"href":"https:\/\/www.hydraulic-cylinders.net\/fr\/wp-json\/wp\/v2\/comments?post=15475"}],"wp:featuredmedia":[{"embeddable":true,"href":"https:\/\/www.hydraulic-cylinders.net\/fr\/wp-json\/wp\/v2\/media\/14762"}],"wp:attachment":[{"href":"https:\/\/www.hydraulic-cylinders.net\/fr\/wp-json\/wp\/v2\/media?parent=15475"}],"wp:term":[{"taxonomy":"product_brand","embeddable":true,"href":"https:\/\/www.hydraulic-cylinders.net\/fr\/wp-json\/wp\/v2\/product_brand?post=15475"},{"taxonomy":"product_cat","embeddable":true,"href":"https:\/\/www.hydraulic-cylinders.net\/fr\/wp-json\/wp\/v2\/product_cat?post=15475"},{"taxonomy":"product_tag","embeddable":true,"href":"https:\/\/www.hydraulic-cylinders.net\/fr\/wp-json\/wp\/v2\/product_tag?post=15475"}],"curies":[{"name":"wp","href":"https:\/\/api.w.org\/{rel}","templated":true}]}}