{"id":15480,"date":"2025-01-19T14:34:59","date_gmt":"2025-01-19T14:34:59","guid":{"rendered":"https:\/\/www.hydraulic-cylinders.net\/product\/bucket-cylinder-for-xcmg-large-excavator-xe1300c\/"},"modified":"2025-01-19T14:35:01","modified_gmt":"2025-01-19T14:35:01","slug":"bucket-cylinder-for-xcmg-large-excavator-xe1300c","status":"publish","type":"product","link":"https:\/\/www.hydraulic-cylinders.net\/fr\/produit\/bucket-cylinder-for-xcmg-large-excavator-xe1300c\/","title":{"rendered":"V\u00e9rin de godet pour pelle hydraulique XCMG XE1300C"},"content":{"rendered":"<h1>V\u00e9rin de godet pour pelle hydraulique XCMG XE1300C<\/h1>\n<h2>Introduction<\/h2>\n<p>Un v\u00e9rin de godet est un v\u00e9rin hydraulique sp\u00e9cialement con\u00e7u pour contr\u00f4ler les mouvements du godet sur les engins de chantier tels que les pelles hydrauliques, les chargeuses-pelleteuses et les chargeuses frontales. Sa fonction principale est de permettre la lev\u00e9e, l'abaissement et l'inclinaison du godet, facilitant ainsi diverses op\u00e9rations de manutention. Au sein du syst\u00e8me hydraulique, le v\u00e9rin de godet assure un contr\u00f4le pr\u00e9cis du godet en modulant la pression de l'huile hydraulique, permettant \u00e0 l'op\u00e9rateur de manipuler efficacement des charges lourdes, de s'adapter \u00e0 des environnements de travail complexes et de r\u00e9pondre \u00e0 des exigences vari\u00e9es.<\/p>\n<p><img decoding=\"async\" src=\"https:\/\/www.hydraulic-cylinders.net\/wp-content\/uploads\/2025\/01\/songte-company-2.webp\"\/><\/p>\n<h2>Caract\u00e9ristiques<\/h2>\n<ul>\n<li><strong>Haute r\u00e9sistance et durabilit\u00e9 :<\/strong> Fabriqu\u00e9 g\u00e9n\u00e9ralement en acier haute r\u00e9sistance ou en aluminium, il supporte les hautes pressions et les charges importantes, s'adaptant ainsi aux environnements de travail difficiles. Sa conception assure une r\u00e9sistance \u00e0 l'usure et \u00e0 la corrosion, prolongeant sa dur\u00e9e de vie.<\/li>\n<li><strong>Fonctionnement hydraulique efficace :<\/strong> Utilisant la pression de l'huile hydraulique pour obtenir une expansion et une contraction en douceur, il peut r\u00e9pondre rapidement aux commandes, fournissant des forces de pouss\u00e9e et de traction puissantes, adapt\u00e9es \u00e0 la manutention de charges lourdes et \u00e0 des t\u00e2ches complexes.<\/li>\n<li><strong>Diff\u00e9rents types :<\/strong> Les v\u00e9rins \u00e0 simple effet (fonctionnement hydraulique dans un seul sens) ou \u00e0 double effet (fonctionnement hydraulique dans les deux sens) peuvent \u00eatre s\u00e9lectionn\u00e9s en fonction des besoins op\u00e9rationnels. Certains mod\u00e8les sont t\u00e9lescopiques, permettant une plus grande extension sans augmentation des dimensions ext\u00e9rieures, ce qui les rend particuli\u00e8rement adapt\u00e9s aux espaces restreints.<\/li>\n<li><strong>Remplacement:<\/strong> Nos produits peuvent parfaitement remplacer ces v\u00e9rins hydrauliques.<\/li>\n<\/ul>\n<p><img decoding=\"async\" src=\"https:\/\/www.hydraulic-cylinders.net\/wp-content\/uploads\/2025\/01\/songte-cylinder-head-with-all-kinds-excavator-models.webp\"\/><\/p>\n<h2>Applications<\/h2>\n<p>Le v\u00e9rin de godet pour la grande pelle hydraulique XCMG XE1300C peut \u00eatre utilis\u00e9 dans diverses industries et applications, telles que\u00a0:<\/p>\n<ul>\n<li><strong>Mat\u00e9riel de construction :<\/strong> Sur les excavatrices, ils sont indispensables pour creuser, charger et d\u00e9placer la terre ou les d\u00e9bris. Sur les chargeuses-pelleteuses, les v\u00e9rins du godet servent \u00e0 la fois \u00e0 l'excavation et au levage. <\/li>\n<li><strong>Machines agricoles :<\/strong> Utilis\u00e9 dans les chargeuses frontales pour ramasser, soulever et transporter de la terre, du foin et d'autres mat\u00e9riaux, le v\u00e9rin de godet des excavatrices permet de creuser en permettant au godet de p\u00e9n\u00e9trer dans le sol.<\/li>\n<li><strong>Chargeur:<\/strong> Sur les chargeuses frontales, elles facilitent le levage et le basculement efficaces des marchandises.<\/li>\n<\/ul>\n<h2>Consid\u00e9rations de conception et crit\u00e8res de s\u00e9lection<\/h2>\n<p>Le v\u00e9rin du godet est soumis \u00e0 diverses consid\u00e9rations de conception, telles que\u00a0:<\/p>\n<ul>\n<li><strong>Capacit\u00e9 de charge :<\/strong> Le cylindre doit supporter le poids de la machine et de son contenu, et r\u00e9sister \u00e0 la pression g\u00e9n\u00e9r\u00e9e par le syst\u00e8me hydraulique.<\/li>\n<li><strong>Scellage:<\/strong> Le cylindre doit \u00eatre \u00e9tanche pour emp\u00eacher les fuites de fluide hydraulique et toute contamination du syst\u00e8me.<\/li>\n<li><strong>Durabilit\u00e9:<\/strong> Le cylindre doit \u00eatre suffisamment r\u00e9sistant pour supporter un environnement de travail difficile et une utilisation prolong\u00e9e.<\/li>\n<li><strong>S\u00e9curit\u00e9:<\/strong> Le cylindre doit r\u00e9pondre aux normes de s\u00e9curit\u00e9 afin d'\u00e9viter les accidents lors de son utilisation.<\/li>\n<li><strong>Maintenabilit\u00e9 :<\/strong> Le cylindre doit \u00eatre facile \u00e0 entretenir et \u00e0 r\u00e9parer, minimisant ainsi les temps d'arr\u00eat.<\/li>\n<\/ul>\n<p><img decoding=\"async\" src=\"https:\/\/www.hydraulic-cylinders.net\/wp-content\/uploads\/2025\/01\/songte-oil-pipes-and-spare-parts.webp\"\/><\/p>\n<h2>\u00c9tanch\u00e9it\u00e9 et lubrification<\/h2>\n<p>Le v\u00e9rin du godet utilise divers composants d'\u00e9tanch\u00e9it\u00e9, tels que des joints de piston et des joints de tige, fabriqu\u00e9s en mat\u00e9riaux r\u00e9sistants \u00e0 l'usure comme le polyur\u00e9thane et le caoutchouc nitrile. Le corps du v\u00e9rin et la surface d'extr\u00e9mit\u00e9 filet\u00e9e b\u00e9n\u00e9ficient d'un usinage de pr\u00e9cision pour une meilleure r\u00e9sistance \u00e0 l'usure. Une quantit\u00e9 r\u00e9guli\u00e8re et appropri\u00e9e d'huile hydraulique est n\u00e9cessaire pour lubrifier le v\u00e9rin.<\/p>\n<h2>Mesures d'inspection et de maintenance pr\u00e9ventive<\/h2>\n<p>L'inspection r\u00e9guli\u00e8re et la maintenance pr\u00e9ventive du v\u00e9rin du godet prolongent sa dur\u00e9e de vie. Voici quelques mesures de maintenance\u00a0:<\/p>\n<ul>\n<li>V\u00e9rifier l'\u00e9tanch\u00e9it\u00e9 du syst\u00e8me hydraulique et la r\u00e9parer rapidement.<\/li>\n<li>Lubrifier r\u00e9guli\u00e8rement le cylindre.<\/li>\n<li>Remplacer les joints lorsque cela est n\u00e9cessaire.<\/li>\n<li>Calibrer le cylindre pour s'assurer de son bon fonctionnement.<\/li>\n<\/ul>\n<h2>Guide d'installation<\/h2>\n<p>L'installation correcte du v\u00e9rin de godet est essentielle. Utilisez les supports de fixation appropri\u00e9s pour fixer le v\u00e9rin \u00e0 la machine. V\u00e9rifiez l'alignement du v\u00e9rin et guidez-le pour son r\u00e9glage. Suivez les proc\u00e9dures recommand\u00e9es d'inspection, de r\u00e9paration, de remplacement et de remise en \u00e9tat afin de garantir les performances et la long\u00e9vit\u00e9 du v\u00e9rin.<\/p>\n<p><img decoding=\"async\" src=\"https:\/\/www.hydraulic-cylinders.net\/wp-content\/uploads\/2025\/01\/songte-chushion-collar.webp\"\/><\/p>\n<h2>Consid\u00e9rations de s\u00e9curit\u00e9 et facteurs environnementaux<\/h2>\n<p>Lors de l'utilisation du v\u00e9rin \u00e0 godet, des mesures de s\u00e9curit\u00e9 doivent \u00eatre prises afin d'\u00e9viter les accidents et les blessures. Les facteurs environnementaux doivent \u00e9galement \u00eatre pris en compte afin de minimiser l'impact sur l'environnement.<\/p>\n<h2>D\u00e9pannage et probl\u00e8mes courants<\/h2>\n<p>Les probl\u00e8mes courants li\u00e9s aux v\u00e9rins de godet incluent les fuites, les dysfonctionnements et les dommages. Le d\u00e9pannage consiste \u00e0 v\u00e9rifier le syst\u00e8me hydraulique, \u00e0 inspecter le v\u00e9rin pour d\u00e9tecter d'\u00e9ventuels dommages et \u00e0 s'assurer de son installation et de son alignement corrects. Des mesures pr\u00e9ventives telles que l'entretien, l'inspection et le nettoyage r\u00e9guliers permettent de minimiser les risques de probl\u00e8mes.<\/p>\n<p><img decoding=\"async\" src=\"https:\/\/www.hydraulic-cylinders.net\/wp-content\/uploads\/2025\/01\/songte-bushings-with-all-kinds-of-excavator-models.webp\"\/><\/p>\n<h2>\u00c0 propos de notre entreprise<\/h2>\n<p>Nous sommes un fabricant de v\u00e9rins hydrauliques compatibles avec les v\u00e9rins d'origine. Nous proposons une gamme compl\u00e8te de produits et figurons parmi les principaux fabricants et distributeurs de v\u00e9rins hydrauliques sur les march\u00e9s nationaux et internationaux. Attach\u00e9s \u00e0 l'excellence, nous nous appuyons sur des strat\u00e9gies de gestion de la production industrielle performantes, des ateliers de fabrication de pointe, des \u00e9quipes techniques qualifi\u00e9es, des \u00e9quipements de production num\u00e9rique haut de gamme et des syst\u00e8mes de contr\u00f4le qualit\u00e9 professionnels. Cette d\u00e9marche nous permet d'am\u00e9liorer constamment notre plateforme de production, nos lignes de production et de r\u00e9pondre efficacement aux besoins vari\u00e9s de nos clients gr\u00e2ce \u00e0 des produits de haute pr\u00e9cision et de haute qualit\u00e9.<\/p>\n<p>Nous proposons des services professionnels, certifi\u00e9s internationalement et personnalis\u00e9s, utilisons des \u00e9quipements de production de pointe et offrons un excellent service apr\u00e8s-vente pour garantir la satisfaction de nos clients, ce qui fait de nous le partenaire id\u00e9al pour les solutions de v\u00e9rins hydrauliques.<\/p>\n<p><img decoding=\"async\" src=\"https:\/\/hzpt.com\/wp-content\/uploads\/2024\/11\/songte-company-1.webp\"\/><\/p>\n<p>Auteur : lyl.<\/p>","protected":false},"excerpt":{"rendered":"<p>Bucket Cylinder For XCMG Large Excavator XE1300C Introduction A bucket cylinder is a specially designed hydraulic cylinder mainly used to control the movement of the bucket in heavy machinery such as excavators, backhoe loaders, and front loaders. Its main function is to enable the bucket to be lifted, lowered, and tilted, making it easy for [&hellip;]<\/p>","protected":false},"featured_media":14785,"comment_status":"open","ping_status":"closed","template":"","meta":{"_et_pb_use_builder":"","_et_pb_old_content":"","_et_gb_content_width":""},"product_brand":[],"product_cat":[1494],"product_tag":[1495,1496],"class_list":{"0":"post-15480","1":"product","2":"type-product","3":"status-publish","4":"has-post-thumbnail","6":"product_cat-bucket-cylinders","7":"product_tag-bucket-cylinders","8":"product_tag-hydraulic-cylinders","10":"first","11":"instock","12":"shipping-taxable","13":"product-type-simple"},"amp_enabled":true,"_links":{"self":[{"href":"https:\/\/www.hydraulic-cylinders.net\/fr\/wp-json\/wp\/v2\/product\/15480","targetHints":{"allow":["GET"]}}],"collection":[{"href":"https:\/\/www.hydraulic-cylinders.net\/fr\/wp-json\/wp\/v2\/product"}],"about":[{"href":"https:\/\/www.hydraulic-cylinders.net\/fr\/wp-json\/wp\/v2\/types\/product"}],"replies":[{"embeddable":true,"href":"https:\/\/www.hydraulic-cylinders.net\/fr\/wp-json\/wp\/v2\/comments?post=15480"}],"wp:featuredmedia":[{"embeddable":true,"href":"https:\/\/www.hydraulic-cylinders.net\/fr\/wp-json\/wp\/v2\/media\/14785"}],"wp:attachment":[{"href":"https:\/\/www.hydraulic-cylinders.net\/fr\/wp-json\/wp\/v2\/media?parent=15480"}],"wp:term":[{"taxonomy":"product_brand","embeddable":true,"href":"https:\/\/www.hydraulic-cylinders.net\/fr\/wp-json\/wp\/v2\/product_brand?post=15480"},{"taxonomy":"product_cat","embeddable":true,"href":"https:\/\/www.hydraulic-cylinders.net\/fr\/wp-json\/wp\/v2\/product_cat?post=15480"},{"taxonomy":"product_tag","embeddable":true,"href":"https:\/\/www.hydraulic-cylinders.net\/fr\/wp-json\/wp\/v2\/product_tag?post=15480"}],"curies":[{"name":"wp","href":"https:\/\/api.w.org\/{rel}","templated":true}]}}