{"id":15483,"date":"2025-01-19T14:35:12","date_gmt":"2025-01-19T14:35:12","guid":{"rendered":"https:\/\/www.hydraulic-cylinders.net\/product\/bucket-cylinder-for-xcmg-large-excavator-xe500m\/"},"modified":"2025-01-19T14:35:14","modified_gmt":"2025-01-19T14:35:14","slug":"bucket-cylinder-for-xcmg-large-excavator-xe500m","status":"publish","type":"product","link":"https:\/\/www.hydraulic-cylinders.net\/fr\/produit\/bucket-cylinder-for-xcmg-large-excavator-xe500m\/","title":{"rendered":"V\u00e9rin de godet pour pelle hydraulique XCMG XE500M"},"content":{"rendered":"<h1>V\u00e9rin de godet pour pelle hydraulique XCMG XE500M<\/h1>\n<h2>Introduction<\/h2>\n<h3>D\u00e9finition<\/h3>\n<p>Un v\u00e9rin de godet est un v\u00e9rin hydraulique sp\u00e9cialement con\u00e7u pour contr\u00f4ler les mouvements du godet sur les engins de chantier tels que les pelles hydrauliques, les chargeuses-pelleteuses et les chargeuses frontales. Sa fonction principale est de lever, d'abaisser et d'incliner le godet, facilitant ainsi la manutention de divers mat\u00e9riaux. Dans le syst\u00e8me hydraulique, le v\u00e9rin de godet contr\u00f4le avec pr\u00e9cision les mouvements du godet gr\u00e2ce \u00e0 la variation de la pression d'huile hydraulique, permettant aux op\u00e9rateurs de manipuler efficacement des charges lourdes et de s'adapter \u00e0 des environnements de travail complexes et \u00e0 des exigences vari\u00e9es.<\/p>\n<p><center><img decoding=\"async\" src=\"https:\/\/www.hydraulic-cylinders.net\/wp-content\/uploads\/2025\/01\/songte-company-2.webp\"><\/center><\/p>\n<h3>Caract\u00e9ristiques<\/h3>\n<ul>\n<li><strong>Haute r\u00e9sistance et durabilit\u00e9 :<\/strong> Fabriqu\u00e9 g\u00e9n\u00e9ralement en acier haute r\u00e9sistance ou en aluminium, le v\u00e9rin de godet supporte les hautes pressions et les charges importantes, s'adaptant ainsi aux environnements de travail difficiles. Sa conception assure \u00e9galement une r\u00e9sistance \u00e0 l'usure et \u00e0 la corrosion, prolongeant sa dur\u00e9e de vie.<\/li>\n<li><strong>Fonctionnement hydraulique efficace :<\/strong> Utilise la pression de l'huile hydraulique pour obtenir des mouvements d'extension et de contraction fluides, r\u00e9pondant rapidement aux commandes, fournissant des forces de traction et de pouss\u00e9e puissantes, et adapt\u00e9 \u00e0 la manutention de charges lourdes et \u00e0 des t\u00e2ches op\u00e9rationnelles complexes.<\/li>\n<li><strong>Diff\u00e9rents types :<\/strong> Les v\u00e9rins du godet peuvent \u00eatre \u00e0 simple effet (fonctionnement hydraulique dans un seul sens) ou \u00e0 double effet (fonctionnement hydraulique dans les deux sens), selon les besoins. Certains mod\u00e8les sont t\u00e9lescopiques, ce qui permet une plus grande extension sans augmenter les dimensions ext\u00e9rieures et convient aux applications dans des espaces restreints.<\/li>\n<li><strong>Facile \u00e0 remplacer :<\/strong> Nos produits constituent des alternatives parfaites \u00e0 ces v\u00e9rins hydrauliques. <\/li>\n<\/ul>\n<p><center><img decoding=\"async\" src=\"https:\/\/www.hydraulic-cylinders.net\/wp-content\/uploads\/2025\/01\/songte-cylinder-head-with-all-kinds-excavator-models.webp\"><\/center><\/p>\n<h3>Application<\/h3>\n<p>Le v\u00e9rin \u00e0 godet est largement utilis\u00e9 dans diverses industries, notamment\u00a0:<\/p>\n<ul>\n<li><strong>Mat\u00e9riel de construction :<\/strong> Sur les excavatrices, ils sont indispensables pour creuser, charger et d\u00e9placer la terre ou les d\u00e9bris. Sur les chargeuses-pelleteuses, le v\u00e9rin du godet contribue \u00e0 la fois au creusement et au levage. <\/li>\n<li><strong>Machines agricoles :<\/strong> Utilis\u00e9 dans les chargeurs frontaux pour ramasser, soulever et transporter de la terre, du foin et d'autres mat\u00e9riaux. <\/li>\n<li><strong>Excavateurs:<\/strong> Le v\u00e9rin du godet permet \u00e0 celui-ci de p\u00e9n\u00e9trer dans le sol pour effectuer le mouvement d'excavation. <\/li>\n<li><strong>Chargeurs:<\/strong> Sur les chargeuses frontales, les v\u00e9rins du godet permettent de lever et de d\u00e9charger efficacement les marchandises.<\/li>\n<\/ul>\n<h3>Consid\u00e9rations de conception et crit\u00e8res de s\u00e9lection<\/h3>\n<p>Lors de la conception du v\u00e9rin du godet, plusieurs facteurs sont pris en compte, notamment\u00a0:<\/p>\n<ul>\n<li><strong>Capacit\u00e9 de charge :<\/strong> Le v\u00e9rin du godet doit pouvoir supporter la charge de la machine et du mat\u00e9riau manipul\u00e9. <\/li>\n<li><strong>\u00c9tanch\u00e9it\u00e9 et durabilit\u00e9 :<\/strong> Le cylindre du seau n\u00e9cessite une \u00e9tanch\u00e9it\u00e9 robuste pour \u00e9viter les fuites et garantir une utilisation \u00e0 long terme, en tenant compte des facteurs environnementaux tels que la temp\u00e9rature et les produits chimiques. <\/li>\n<li><strong>S\u00e9curit\u00e9:<\/strong> Le v\u00e9rin du godet doit \u00eatre install\u00e9 correctement et des mesures doivent \u00eatre mises en place pour pr\u00e9venir les accidents tels que les mouvements inattendus ou la surcharge.<\/li>\n<li><strong>Entretien:<\/strong> Le v\u00e9rin du godet doit \u00eatre entretenu r\u00e9guli\u00e8rement pour garantir des performances optimales, notamment par la vidange d'huile, le remplacement des joints et des contr\u00f4les d'\u00e9talonnage. <\/li>\n<\/ul>\n<p><center><img decoding=\"async\" src=\"https:\/\/www.hydraulic-cylinders.net\/wp-content\/uploads\/2025\/01\/songte-oil-pipes-and-spare-parts.webp\"><\/center><\/p>\n<h3>\u00c9tanch\u00e9it\u00e9 et lubrification<\/h3>\n<p>Le v\u00e9rin du godet utilise divers joints d'\u00e9tanch\u00e9it\u00e9, tels que des joints de piston et de tige, fabriqu\u00e9s en mat\u00e9riaux r\u00e9sistants \u00e0 l'usure comme le polyur\u00e9thane et le NBR. Le corps du v\u00e9rin et la surface filet\u00e9e sont usin\u00e9s avec pr\u00e9cision pour une meilleure r\u00e9sistance \u00e0 l'usure. Un apport r\u00e9gulier d'huile hydraulique est n\u00e9cessaire pour lubrifier le v\u00e9rin et garantir un fonctionnement optimal.<\/p>\n<h3>Entretien et r\u00e9paration<\/h3>\n<p>Un entretien r\u00e9gulier, comprenant la lubrification, le remplacement des joints et les contr\u00f4les d'\u00e9talonnage, est essentiel pour garantir la long\u00e9vit\u00e9 du v\u00e9rin de godet. Il est recommand\u00e9 d'utiliser des supports de fixation appropri\u00e9s pour maintenir le v\u00e9rin en place en toute s\u00e9curit\u00e9, et un alignement correct de ce dernier est crucial. <\/p>\n<h3>Consid\u00e9rations relatives \u00e0 la s\u00e9curit\u00e9 et \u00e0 l'environnement<\/h3>\n<p>Lors de l'utilisation du v\u00e9rin de godet, il est essentiel de respecter les consignes de s\u00e9curit\u00e9 afin de pr\u00e9venir les accidents et de prot\u00e9ger l'environnement. Le port d'\u00e9quipements de protection individuelle adapt\u00e9s, tels que des gants et des lunettes de protection, ainsi que l'\u00e9limination correcte de l'huile hydraulique, font partie des mesures de s\u00e9curit\u00e9 et environnementales essentielles \u00e0 prendre en compte.<\/p>\n<p><center><img decoding=\"async\" src=\"https:\/\/www.hydraulic-cylinders.net\/wp-content\/uploads\/2025\/01\/songte-chushion-collar.webp\"><\/center><\/p>\n<h3>Diagnostic et d\u00e9pannage des pannes<\/h3>\n<p>Parmi les probl\u00e8mes courants rencontr\u00e9s avec les v\u00e9rins de godet, on note les fuites d'huile, une force insuffisante et une lenteur de mouvement. Un diagnostic pr\u00e9cis est essentiel pour mettre en \u0153uvre les solutions appropri\u00e9es. Un entretien r\u00e9gulier permet de pr\u00e9venir d'\u00e9ventuels probl\u00e8mes.<\/p>\n<h3>\u00c0 propos de notre entreprise<\/h3>\n<p>Nous sommes un fabricant de v\u00e9rins hydrauliques de remplacement offrant une gamme compl\u00e8te de produits. Nous figurons parmi les principaux fabricants et distributeurs de v\u00e9rins hydrauliques sur les march\u00e9s nationaux et internationaux. Nos produits sont con\u00e7us selon un principe d'excellence et reposent sur une strat\u00e9gie de gestion de la production industrialis\u00e9e au sein de notre atelier de fabrication moderne. Ce dernier int\u00e8gre des comp\u00e9tences techniques pointues, des \u00e9quipements de production num\u00e9riques de pointe et des syst\u00e8mes de contr\u00f4le professionnels. Nos principes d'efficacit\u00e9, de pr\u00e9cision et de haute qualit\u00e9 r\u00e9pondent aux besoins vari\u00e9s de nos clients.<\/p>\n<p>Notre entreprise propose des services professionnels dans le monde entier, notamment des certifications internationales, des services personnalis\u00e9s, des \u00e9quipements de production haut de gamme et des services apr\u00e8s-vente.<\/p>\n<p><center><img decoding=\"async\" src=\"https:\/\/hzpt.com\/wp-content\/uploads\/2024\/11\/songte-company-1.webp\"><\/center><\/p>\n<h4>Auteur : lyl<\/h4>","protected":false},"excerpt":{"rendered":"<p>Bucket Cylinder For XCMG Large Excavator XE500M Introduction Definition A bucket cylinder is a specially designed hydraulic cylinder used to control the movement of the bucket in heavy machinery such as excavators, backhoe loaders, and front-end loaders. Its main function is to lift, lower, and tilt the bucket, making it easier to handle various material [&hellip;]<\/p>","protected":false},"featured_media":14780,"comment_status":"open","ping_status":"closed","template":"","meta":{"_et_pb_use_builder":"","_et_pb_old_content":"","_et_gb_content_width":""},"product_brand":[],"product_cat":[1494],"product_tag":[1495,1496],"class_list":{"0":"post-15483","1":"product","2":"type-product","3":"status-publish","4":"has-post-thumbnail","6":"product_cat-bucket-cylinders","7":"product_tag-bucket-cylinders","8":"product_tag-hydraulic-cylinders","10":"first","11":"instock","12":"shipping-taxable","13":"product-type-simple"},"amp_enabled":true,"_links":{"self":[{"href":"https:\/\/www.hydraulic-cylinders.net\/fr\/wp-json\/wp\/v2\/product\/15483","targetHints":{"allow":["GET"]}}],"collection":[{"href":"https:\/\/www.hydraulic-cylinders.net\/fr\/wp-json\/wp\/v2\/product"}],"about":[{"href":"https:\/\/www.hydraulic-cylinders.net\/fr\/wp-json\/wp\/v2\/types\/product"}],"replies":[{"embeddable":true,"href":"https:\/\/www.hydraulic-cylinders.net\/fr\/wp-json\/wp\/v2\/comments?post=15483"}],"wp:featuredmedia":[{"embeddable":true,"href":"https:\/\/www.hydraulic-cylinders.net\/fr\/wp-json\/wp\/v2\/media\/14780"}],"wp:attachment":[{"href":"https:\/\/www.hydraulic-cylinders.net\/fr\/wp-json\/wp\/v2\/media?parent=15483"}],"wp:term":[{"taxonomy":"product_brand","embeddable":true,"href":"https:\/\/www.hydraulic-cylinders.net\/fr\/wp-json\/wp\/v2\/product_brand?post=15483"},{"taxonomy":"product_cat","embeddable":true,"href":"https:\/\/www.hydraulic-cylinders.net\/fr\/wp-json\/wp\/v2\/product_cat?post=15483"},{"taxonomy":"product_tag","embeddable":true,"href":"https:\/\/www.hydraulic-cylinders.net\/fr\/wp-json\/wp\/v2\/product_tag?post=15483"}],"curies":[{"name":"wp","href":"https:\/\/api.w.org\/{rel}","templated":true}]}}