{"id":15486,"date":"2025-01-19T14:35:24","date_gmt":"2025-01-19T14:35:24","guid":{"rendered":"https:\/\/www.hydraulic-cylinders.net\/product\/bucket-cylinder-for-xcmg-large-excavator-xe490ck\/"},"modified":"2025-01-19T14:35:26","modified_gmt":"2025-01-19T14:35:26","slug":"bucket-cylinder-for-xcmg-large-excavator-xe490ck","status":"publish","type":"product","link":"https:\/\/www.hydraulic-cylinders.net\/fr\/produit\/bucket-cylinder-for-xcmg-large-excavator-xe490ck\/","title":{"rendered":"V\u00e9rin de godet pour pelle hydraulique XCMG XE490CK"},"content":{"rendered":"<h1>V\u00e9rin de godet pour pelle hydraulique XCMG XE490CK<\/h1>\n<h2>Introduction<\/h2>\n<h3>D\u00e9finition du cylindre \u00e0 godet<\/h3>\n<p>Un v\u00e9rin de godet est un v\u00e9rin hydraulique sp\u00e9cialement con\u00e7u pour contr\u00f4ler les mouvements du godet sur les engins de chantier tels que les pelles hydrauliques, les chargeuses-pelleteuses et les chargeuses frontales. Sa fonction principale est de permettre la lev\u00e9e, l'abaissement et l'inclinaison du godet, facilitant ainsi la manutention de divers mat\u00e9riaux. Au sein du syst\u00e8me hydraulique, le v\u00e9rin de godet assure un contr\u00f4le pr\u00e9cis du godet gr\u00e2ce \u00e0 la variation de la pression d'huile hydraulique, permettant aux op\u00e9rateurs de manipuler efficacement des charges lourdes et de s'adapter \u00e0 des environnements de travail complexes et \u00e0 des exigences op\u00e9rationnelles vari\u00e9es.<\/p>\n<p><img decoding=\"async\" src=\"https:\/\/www.hydraulic-cylinders.net\/wp-content\/uploads\/2025\/01\/songte-company-2.webp\" alt=\"V\u00e9rin de godet\"><\/p>\n<h3>Caract\u00e9ristiques<\/h3>\n<ul>\n<li>Haute r\u00e9sistance et durabilit\u00e9 : g\u00e9n\u00e9ralement fabriqu\u00e9 en acier ou en aluminium \u00e0 haute r\u00e9sistance, il peut supporter une pression \u00e9lev\u00e9e et des charges importantes, s'adapter aux environnements de travail difficiles et est con\u00e7u dans un souci de r\u00e9sistance \u00e0 l'usure et \u00e0 la corrosion, prolongeant ainsi sa dur\u00e9e de vie.<\/li>\n<li>Fonctionnement hydraulique efficace\u00a0: les mouvements d\u2019extension et de r\u00e9traction en douceur sont obtenus gr\u00e2ce \u00e0 la pression de l\u2019huile hydraulique, qui peut r\u00e9pondre rapidement aux commandes et fournir des forces de pouss\u00e9e et de traction puissantes, ce qui la rend adapt\u00e9e \u00e0 la manutention de charges lourdes et \u00e0 des t\u00e2ches op\u00e9rationnelles complexes.<\/li>\n<li>Diff\u00e9rents types de v\u00e9rins : des v\u00e9rins simple effet (fonctionnement hydraulique dans un seul sens) ou double effet (fonctionnement hydraulique dans les deux sens) peuvent \u00eatre s\u00e9lectionn\u00e9s selon les besoins op\u00e9rationnels. Certains mod\u00e8les sont t\u00e9lescopiques, ce qui permet une plus grande extension sans augmenter les dimensions ext\u00e9rieures et les rend adapt\u00e9s aux applications \u00e0 espace restreint.<\/li>\n<li>Interchangeables : Nos produits peuvent parfaitement remplacer ces v\u00e9rins hydrauliques.<\/li>\n<li>Personnalisable : Nos produits peuvent \u00eatre personnalis\u00e9s selon les exigences du client afin de r\u00e9pondre \u00e0 ses besoins sp\u00e9cifiques.<\/li>\n<\/ul>\n<p><img decoding=\"async\" src=\"https:\/\/www.hydraulic-cylinders.net\/wp-content\/uploads\/2025\/01\/songte-cylinder-head-with-all-kinds-excavator-models.webp\" alt=\"Cylindre de godet personnalisable\"><\/p>\n<h3>Applications<\/h3>\n<p>Les v\u00e9rins \u00e0 godet sont largement utilis\u00e9s dans diverses industries, notamment\u00a0:<\/p>\n<h4>\u00c9quipement de construction<\/h4>\n<p>Sur les excavatrices, les v\u00e9rins sont indispensables pour creuser, charger et d\u00e9placer la terre ou les d\u00e9bris. Sur les pelles r\u00e9tro, le v\u00e9rin du godet contribue \u00e0 la fois \u00e0 l'excavation et au levage. Sur les chargeuses frontales, ils facilitent le levage et le d\u00e9chargement efficaces des mat\u00e9riaux.<\/p>\n<h4>machines agricoles<\/h4>\n<p>Utilis\u00e9 sur les chargeuses frontales pour ramasser, soulever et transporter de la terre, du foin et d'autres mat\u00e9riaux. Sur les pelles hydrauliques, le v\u00e9rin du godet permet le creusement en permettant au godet de p\u00e9n\u00e9trer dans le sol.<\/p>\n<h4>Autres applications<\/h4>\n<p>Les v\u00e9rins \u00e0 godet sont \u00e9galement utilis\u00e9s dans d'autres applications, telles que les industries mini\u00e8res, foresti\u00e8res et de gestion des d\u00e9chets.<\/p>\n<h3>Consid\u00e9rations de conception et crit\u00e8res de s\u00e9lection<\/h3>\n<h4>Capacit\u00e9 de charge<\/h4>\n<p>La capacit\u00e9 de charge du v\u00e9rin du godet est un facteur crucial. Il doit pouvoir supporter le poids du mat\u00e9riau soulev\u00e9 sans subir de d\u00e9faillance ni de d\u00e9formation permanente.<\/p>\n<h4>\u00c9tanch\u00e9it\u00e9 et lubrification<\/h4>\n<p>L'\u00e9tanch\u00e9it\u00e9 et la lubrification sont essentielles au bon fonctionnement et \u00e0 l'entretien d'un v\u00e9rin de godet. Diff\u00e9rents composants d'\u00e9tanch\u00e9it\u00e9, tels que les joints de piston et les joints de tige, sont utilis\u00e9s pour pr\u00e9venir les fuites. Une lubrification r\u00e9guli\u00e8re \u00e0 l'huile hydraulique est n\u00e9cessaire pour r\u00e9duire l'usure et prolonger la dur\u00e9e de vie du v\u00e9rin.<\/p>\n<h4>Durabilit\u00e9 et entretien<\/h4>\n<p>Le v\u00e9rin du godet doit pouvoir r\u00e9sister aux conditions de travail difficiles et \u00e0 une utilisation fr\u00e9quente. Il doit \u00eatre facile \u00e0 entretenir et \u00e0 r\u00e9parer afin de minimiser les temps d'arr\u00eat.<\/p>\n<p><img decoding=\"async\" src=\"https:\/\/www.hydraulic-cylinders.net\/wp-content\/uploads\/2025\/01\/songte-oil-pipes-and-spare-parts.webp\" alt=\"Pi\u00e8ces de v\u00e9rin de godet\"><\/p>\n<h3>Entretien<\/h3>\n<p>Un entretien r\u00e9gulier est essentiel pour garantir la long\u00e9vit\u00e9 et le bon fonctionnement du v\u00e9rin du godet. Les t\u00e2ches d'entretien r\u00e9guli\u00e8res comprennent\u00a0:<\/p>\n<ul>\n<li>V\u00e9rifiez l'absence de fuites et autres signes d'usure.<\/li>\n<li>Lubrification r\u00e9guli\u00e8re<\/li>\n<li>remplacement du joint<\/li>\n<li>Contr\u00f4les d'\u00e9talonnage<\/li>\n<\/ul>\n<p><img decoding=\"async\" src=\"https:\/\/www.hydraulic-cylinders.net\/wp-content\/uploads\/2025\/01\/songte-chushion-collar.webp\" alt=\"Collier Chushion\"><\/p>\n<h3>Consid\u00e9rations relatives \u00e0 la s\u00e9curit\u00e9 et \u00e0 l'environnement<\/h3>\n<p>Les v\u00e9rins de godet fonctionnent sous haute pression et avec des charges importantes\u00a0; il est donc essentiel de respecter scrupuleusement les consignes de s\u00e9curit\u00e9 lors de leur installation, de leur utilisation et de leur entretien. Les op\u00e9rateurs doivent porter un \u00e9quipement de protection adapt\u00e9 et toutes les pr\u00e9cautions de s\u00e9curit\u00e9 doivent \u00eatre respect\u00e9es afin de pr\u00e9venir tout accident.<\/p>\n<h3>Probl\u00e8mes courants et d\u00e9pannage<\/h3>\n<p>Les probl\u00e8mes courants rencontr\u00e9s avec les v\u00e9rins de godet incluent les fuites, les dysfonctionnements et les probl\u00e8mes d'extension ou de r\u00e9traction. Le d\u00e9pannage consiste \u00e0 identifier la cause du probl\u00e8me et \u00e0 prendre les mesures correctives n\u00e9cessaires, comme le remplacement des joints ou autres composants endommag\u00e9s.<\/p>\n<p><img decoding=\"async\" src=\"https:\/\/www.hydraulic-cylinders.net\/wp-content\/uploads\/2025\/01\/songte-bushings-with-all-kinds-of-excavator-models.webp\" alt=\"Bagues de v\u00e9rin de godet\"><\/p>\n<h2>\u00c0 propos de nous<\/h2>\n<p>Nous sommes un fabricant et grossiste de premier plan de v\u00e9rins hydrauliques sur les march\u00e9s nationaux et internationaux. Notre gamme de produits est diversifi\u00e9e et compl\u00e8te, et nous nous engageons \u00e0 fournir une qualit\u00e9 irr\u00e9prochable et une gestion de production efficace.<\/p>\n<h3>Professionnalisme<\/h3>\n<p>Nos produits sont con\u00e7us et fabriqu\u00e9s par une \u00e9quipe de professionnels exp\u00e9riment\u00e9s qui utilisent les technologies et les \u00e9quipements les plus r\u00e9cents pour produire des v\u00e9rins hydrauliques de haute qualit\u00e9 r\u00e9pondant aux besoins de nos clients.<\/p>\n<h3>Certification internationale<\/h3>\n<p>Nos produits ont obtenu des certifications internationales telles que l'ISO9001 et le CE, garantissant ainsi qu'ils r\u00e9pondent aux normes de qualit\u00e9 les plus \u00e9lev\u00e9es.<\/p>\n<h3>Services de personnalisation<\/h3>\n<p>Nous proposons des services de personnalisation pour r\u00e9pondre aux besoins sp\u00e9cifiques de nos clients.<\/p>\n<h3>\u00c9quipement de production<\/h3>\n<p>Nous utilisons des \u00e9quipements de production de pointe et de haute qualit\u00e9 afin de garantir la qualit\u00e9 et la fiabilit\u00e9 de nos produits et d'am\u00e9liorer l'efficacit\u00e9 de la production.<\/p>\n<h3>Service apr\u00e8s-vente<\/h3>\n<p>Nous offrons \u00e0 nos clients un service apr\u00e8s-vente complet, comprenant des pi\u00e8ces de rechange et des services de remise \u00e0 neuf, afin de les aider \u00e0 prolonger la dur\u00e9e de vie de leurs v\u00e9rins hydrauliques.<\/p>\n<p><img decoding=\"async\" src=\"https:\/\/hzpt.com\/wp-content\/uploads\/2024\/11\/songte-company-1.webp\" alt=\"\u00c0 propos de nous\"><\/p>\n<h4>Auteur : lyl.<\/h4>","protected":false},"excerpt":{"rendered":"<p>Bucket Cylinder For XCMG Large Excavator XE490CK Introduction Definition of Bucket Cylinder A Bucket Cylinder is a specially designed hydraulic cylinder mainly used to control the movement of buckets in heavy machinery such as excavators, backhoe excavators, and front loaders. Its main function is to enable the bucket to lift, lower, and tilt, making it [&hellip;]<\/p>","protected":false},"featured_media":14773,"comment_status":"open","ping_status":"closed","template":"","meta":{"_et_pb_use_builder":"","_et_pb_old_content":"","_et_gb_content_width":""},"product_brand":[],"product_cat":[1494],"product_tag":[1495,1496],"class_list":{"0":"post-15486","1":"product","2":"type-product","3":"status-publish","4":"has-post-thumbnail","6":"product_cat-bucket-cylinders","7":"product_tag-bucket-cylinders","8":"product_tag-hydraulic-cylinders","10":"first","11":"instock","12":"shipping-taxable","13":"product-type-simple"},"amp_enabled":true,"_links":{"self":[{"href":"https:\/\/www.hydraulic-cylinders.net\/fr\/wp-json\/wp\/v2\/product\/15486","targetHints":{"allow":["GET"]}}],"collection":[{"href":"https:\/\/www.hydraulic-cylinders.net\/fr\/wp-json\/wp\/v2\/product"}],"about":[{"href":"https:\/\/www.hydraulic-cylinders.net\/fr\/wp-json\/wp\/v2\/types\/product"}],"replies":[{"embeddable":true,"href":"https:\/\/www.hydraulic-cylinders.net\/fr\/wp-json\/wp\/v2\/comments?post=15486"}],"wp:featuredmedia":[{"embeddable":true,"href":"https:\/\/www.hydraulic-cylinders.net\/fr\/wp-json\/wp\/v2\/media\/14773"}],"wp:attachment":[{"href":"https:\/\/www.hydraulic-cylinders.net\/fr\/wp-json\/wp\/v2\/media?parent=15486"}],"wp:term":[{"taxonomy":"product_brand","embeddable":true,"href":"https:\/\/www.hydraulic-cylinders.net\/fr\/wp-json\/wp\/v2\/product_brand?post=15486"},{"taxonomy":"product_cat","embeddable":true,"href":"https:\/\/www.hydraulic-cylinders.net\/fr\/wp-json\/wp\/v2\/product_cat?post=15486"},{"taxonomy":"product_tag","embeddable":true,"href":"https:\/\/www.hydraulic-cylinders.net\/fr\/wp-json\/wp\/v2\/product_tag?post=15486"}],"curies":[{"name":"wp","href":"https:\/\/api.w.org\/{rel}","templated":true}]}}