{"id":15488,"date":"2025-01-19T14:35:32","date_gmt":"2025-01-19T14:35:32","guid":{"rendered":"https:\/\/www.hydraulic-cylinders.net\/product\/bucket-cylinder-for-xcmg-large-excavator-xe3000\/"},"modified":"2025-01-19T14:35:40","modified_gmt":"2025-01-19T14:35:40","slug":"bucket-cylinder-for-xcmg-large-excavator-xe3000","status":"publish","type":"product","link":"https:\/\/www.hydraulic-cylinders.net\/fr\/produit\/bucket-cylinder-for-xcmg-large-excavator-xe3000\/","title":{"rendered":"V\u00e9rin de godet pour pelle hydraulique XCMG XE3000"},"content":{"rendered":"<h1>V\u00e9rin de godet pour pelle hydraulique XCMG XE3000<\/h1>\n<h2>Introduction<\/h2>\n<h3>D\u00e9finition<\/h3>\n<p>Un v\u00e9rin de godet est un v\u00e9rin hydraulique sp\u00e9cialement con\u00e7u pour contr\u00f4ler les mouvements du godet sur les engins de chantier tels que les pelles hydrauliques, les chargeuses-pelleteuses et les chargeuses frontales. Sa fonction principale est de permettre la lev\u00e9e, l'abaissement et l'inclinaison du godet, facilitant ainsi la manutention de divers mat\u00e9riaux. Dans le syst\u00e8me hydraulique, le v\u00e9rin de godet contr\u00f4le avec pr\u00e9cision les mouvements du godet gr\u00e2ce aux variations de pression de l'huile hydraulique, permettant \u00e0 l'op\u00e9rateur de manipuler efficacement des charges lourdes, de s'adapter \u00e0 des environnements de travail complexes et de r\u00e9pondre \u00e0 des besoins op\u00e9rationnels vari\u00e9s.<\/p>\n<p><img decoding=\"async\" src=\"https:\/\/www.hydraulic-cylinders.net\/wp-content\/uploads\/2025\/01\/songte-company-2.webp\" alt=\"V\u00e9rin de godet pour pelle hydraulique XCMG XE3000\" \/><\/p>\n<h2>Caract\u00e9ristiques<\/h2>\n<ul>\n<li><strong>Haute r\u00e9sistance et durabilit\u00e9 :<\/strong> Fabriqu\u00e9 en acier ou en aluminium \u00e0 haute r\u00e9sistance, il peut supporter une pression \u00e9lev\u00e9e et des charges importantes, s'adapter aux environnements de travail difficiles et est con\u00e7u pour r\u00e9sister \u00e0 l'usure et \u00e0 la corrosion afin d'allonger sa dur\u00e9e de vie.<\/li>\n<li><strong>Fonctionnement hydraulique efficace :<\/strong> L'extension et la r\u00e9traction en douceur sont assur\u00e9es par la pression de l'huile hydraulique. Le syst\u00e8me r\u00e9pond rapidement aux commandes, fournit une force de pouss\u00e9e et de traction importante et convient \u00e0 la manutention de charges lourdes et aux t\u00e2ches op\u00e9rationnelles complexes.<\/li>\n<li><strong>Diff\u00e9rents types :<\/strong> Les v\u00e9rins \u00e0 simple effet (actionnement hydraulique dans un seul sens) ou \u00e0 double effet (actionnement hydraulique dans les deux sens) peuvent \u00eatre s\u00e9lectionn\u00e9s en fonction des besoins afin de r\u00e9pondre aux diff\u00e9rentes exigences op\u00e9rationnelles. Certains mod\u00e8les sont t\u00e9lescopiques, ce qui permet une plus grande extension sans augmenter les dimensions ext\u00e9rieures et les rend particuli\u00e8rement adapt\u00e9s aux applications o\u00f9 l'espace est limit\u00e9.<\/li>\n<li><strong>Remplacement id\u00e9al pour les v\u00e9rins hydrauliques\u00a0:<\/strong> Nos produits peuvent parfaitement remplacer ces v\u00e9rins hydrauliques.<\/li>\n<\/ul>\n<p><img decoding=\"async\" src=\"https:\/\/www.hydraulic-cylinders.net\/wp-content\/uploads\/2025\/01\/songte-cylinder-head-with-all-kinds-excavator-models.webp\" alt=\"V\u00e9rin de godet pour pelle hydraulique XCMG XE3000\" \/><\/p>\n<h2>Applications<\/h2>\n<p>Le v\u00e9rin de godet est utilis\u00e9 dans une large gamme de machines lourdes, notamment\u00a0:<\/p>\n<ul>\n<li><strong>Mat\u00e9riel de construction :<\/strong> Il est essentiel pour les excavatrices de creuser, charger et d\u00e9placer la terre ou les d\u00e9bris. Dans les chargeuses-pelleteuses, il facilite le creusement et le levage. <\/li>\n<li><strong>Machines agricoles :<\/strong> Utilis\u00e9 pour les chargeuses frontales, pour ramasser, soulever et transporter de la terre, du foin et d'autres mat\u00e9riaux. <\/li>\n<li><strong>Excavateurs:<\/strong> Le v\u00e9rin du godet permet \u00e0 celui-ci de p\u00e9n\u00e9trer dans le sol. <\/li>\n<li><strong>Chargeurs frontaux :<\/strong> Ils permettent de soulever et d'incliner efficacement les marchandises. <\/li>\n<\/ul>\n<p>Examinons chaque application en d\u00e9tail\u00a0:<\/p>\n<h3>Mat\u00e9riel de construction<\/h3>\n<p>Les engins de chantier sont indispensables \u00e0 de nombreux travaux. Le v\u00e9rin du godet permet de creuser des trous, des tranch\u00e9es et des fondations. Il sert \u00e9galement au chargement et au d\u00e9placement de la terre et des d\u00e9bris. Sur les chargeuses-pelleteuses, il est utilis\u00e9 pour creuser et soulever des mat\u00e9riaux. On le retrouve aussi sur les engins de construction routi\u00e8re pour d\u00e9blayer et niveler les terrains.<\/p>\n<h3>machines agricoles<\/h3>\n<p>Les v\u00e9rins de godet sont utilis\u00e9s dans les chargeuses frontales, qui servent \u00e0 ramasser, soulever et transporter de la terre, du foin et d'autres mat\u00e9riaux. Ils sont \u00e9galement utilis\u00e9s dans les tracteurs et autres machines agricoles pour la manutention de charges lourdes. <\/p>\n<h3>Excavateurs<\/h3>\n<p>Le v\u00e9rin du godet permet \u00e0 ce dernier de p\u00e9n\u00e9trer dans le sol, facilitant ainsi les travaux de construction, de terrassement et de d\u00e9molition. Gr\u00e2ce \u00e0 ce v\u00e9rin, la pelle m\u00e9canique peut travailler sur diff\u00e9rents types de sols.<\/p>\n<h3>chargeurs frontaux<\/h3>\n<p>Le v\u00e9rin du godet facilite le levage et le basculement des marchandises. Il est utilis\u00e9 sur les chargeuses frontales pour diverses applications telles que la manutention de mat\u00e9riaux en entrep\u00f4t, la manutention de mat\u00e9riaux dans les ports et l'organisation des stocks.<\/p>\n<p><img decoding=\"async\" src=\"https:\/\/hzpt.com\/wp-content\/uploads\/2024\/11\/songte-company-1.webp\" alt=\"V\u00e9rin de godet pour pelle hydraulique XCMG XE3000\" \/><\/p>\n<h2>Consid\u00e9rations de conception et crit\u00e8res de s\u00e9lection<\/h2>\n<p>Voici les consid\u00e9rations de conception et les crit\u00e8res de s\u00e9lection des v\u00e9rins de godet\u00a0:<\/p>\n<ul>\n<li><strong>Capacit\u00e9 de charge :<\/strong> Les v\u00e9rins de godet doivent avoir une capacit\u00e9 de charge \u00e9lev\u00e9e pour supporter des charges importantes.<\/li>\n<li><strong>Scellage:<\/strong> Un syst\u00e8me d'\u00e9tanch\u00e9it\u00e9 de haute qualit\u00e9 garantit l'absence de fuites de fluides hydrauliques, susceptibles d'endommager le cylindre. <\/li>\n<li><strong>Durabilit\u00e9:<\/strong> Les mat\u00e9riaux utilis\u00e9s pour les v\u00e9rins de godet doivent \u00eatre durables afin de r\u00e9sister aux environnements difficiles et \u00e0 une utilisation r\u00e9p\u00e9t\u00e9e.<\/li>\n<li><strong>S\u00e9curit\u00e9:<\/strong> Les v\u00e9rins de godet doivent \u00eatre con\u00e7us en tenant compte de la s\u00e9curit\u00e9 afin de pr\u00e9venir les accidents et les blessures.<\/li>\n<li><strong>Maintenabilit\u00e9 :<\/strong> Un v\u00e9rin de godet doit \u00eatre facile \u00e0 entretenir et \u00e0 r\u00e9parer, avec des pi\u00e8ces de rechange et des services de r\u00e9paration facilement disponibles.<\/li>\n<\/ul>\n<p><img decoding=\"async\" src=\"https:\/\/www.hydraulic-cylinders.net\/wp-content\/uploads\/2025\/01\/songte-oil-pipes-and-spare-parts.webp\" alt=\"V\u00e9rin de godet pour pelle hydraulique XCMG XE3000\" \/><\/p>\n<h2>\u00c9tanch\u00e9it\u00e9 et lubrification<\/h2>\n<p>Les v\u00e9rins de godet comportent divers \u00e9l\u00e9ments d'\u00e9tanch\u00e9it\u00e9, tels que des joints de piston et des joints de tige, qui emp\u00eachent les fuites d'huile hydraulique. La surface du v\u00e9rin est usin\u00e9e avec pr\u00e9cision pour am\u00e9liorer sa r\u00e9sistance \u00e0 l'usure, et un graissage r\u00e9gulier est n\u00e9cessaire pour assurer son bon fonctionnement. <\/p>\n<h2>Entretien et r\u00e9paration<\/h2>\n<p>Voici les t\u00e2ches d'entretien et de r\u00e9paration des v\u00e9rins de godet\u00a0:<\/p>\n<ul>\n<li>Inspection r\u00e9guli\u00e8re<\/li>\n<li>Lubrification ad\u00e9quate<\/li>\n<li>remplacement du joint<\/li>\n<li>V\u00e9rification de l'\u00e9talonnage<\/li>\n<\/ul>\n<p>Une installation, une lubrification et un r\u00e9glage corrects sont essentiels pour garantir la long\u00e9vit\u00e9 du v\u00e9rin de godet. Lors de l'installation, le v\u00e9rin doit \u00eatre correctement align\u00e9 et un support ad\u00e9quat doit \u00eatre pr\u00e9vu pour \u00e9viter tout dommage. L'inspection, la r\u00e9paration et le remplacement r\u00e9guliers des composants sont n\u00e9cessaires pour assurer le bon fonctionnement du v\u00e9rin de godet sur le long terme.<\/p>\n<p><img decoding=\"async\" src=\"https:\/\/www.hydraulic-cylinders.net\/wp-content\/uploads\/2025\/01\/songte-chushion-collar.webp\" alt=\"V\u00e9rin de godet pour pelle hydraulique XCMG XE3000\" \/><\/p>\n<h2>Consid\u00e9rations de s\u00e9curit\u00e9 et facteurs environnementaux<\/h2>\n<p>Les v\u00e9rins de godet doivent \u00eatre utilis\u00e9s conform\u00e9ment aux consignes de s\u00e9curit\u00e9 afin de pr\u00e9venir les accidents et les blessures. Les facteurs environnementaux tels que la temp\u00e9rature et l'humidit\u00e9 peuvent affecter les performances du v\u00e9rin et doivent \u00eatre pris en compte lors de son utilisation.<\/p>\n<h2>Probl\u00e8mes courants et d\u00e9pannage<\/h2>\n<p>Voici les probl\u00e8mes courants et les solutions pour les d\u00e9panner concernant les v\u00e9rins de godet\u00a0:<\/p>\n<ul>\n<li>Fuite<\/li>\n<li>Force insuffisante<\/li>\n<li>Mauvaises performances<\/li>\n<\/ul>\n<p>Un contr\u00f4le et un entretien r\u00e9guliers permettent de minimiser l'apparition de ces probl\u00e8mes. En cas de probl\u00e8me, il convient d'intervenir imm\u00e9diatement afin d'\u00e9viter d'endommager le cylindre.<\/p>\n<h2>\u00c0 propos de nous<\/h2>\n<p>Nous sommes un fabricant de v\u00e9rins hydrauliques sp\u00e9cialis\u00e9 dans leur remplacement. Nous proposons une gamme compl\u00e8te de produits et figurons parmi les principaux fabricants et grossistes de v\u00e9rins hydrauliques sur les march\u00e9s nationaux et internationaux. Notre priorit\u00e9 est l'excellence, et nous nous appuyons sur une strat\u00e9gie de gestion de la production industrielle rigoureuse au sein de notre atelier de fabrication de pointe. Notre entreprise a constamment am\u00e9lior\u00e9 sa plateforme de production gr\u00e2ce \u00e0 l'expertise de ses techniciens, \u00e0 des \u00e9quipements de fabrication num\u00e9riques haut de gamme et \u00e0 des syst\u00e8mes de contr\u00f4le qualit\u00e9 professionnels, afin d'optimiser la qualit\u00e9 de nos produits. Forts d'une grande capacit\u00e9 d'innovation, nous nous engageons \u00e0 fournir un service de haute efficacit\u00e9, de haute pr\u00e9cision et de qualit\u00e9 sup\u00e9rieure pour r\u00e9pondre aux exigences vari\u00e9es de nos clients.<\/p>\n<p>Nous proposons des services personnalis\u00e9s et nos produits sont certifi\u00e9s \u00e0 l'international. Notre entreprise utilise des \u00e9quipements de pointe pour la production et nous assurons un excellent service apr\u00e8s-vente.<\/p>\n<p><img decoding=\"async\" src=\"https:\/\/www.hydraulic-cylinders.net\/wp-content\/uploads\/2025\/01\/songte-company-3.webp\" alt=\"V\u00e9rin de godet pour pelle hydraulique XCMG XE3000\" \/><\/p>\n<p>Auteur : lyl<\/p>","protected":false},"excerpt":{"rendered":"<p>Bucket Cylinder For XCMG Large Excavator XE3000 Introduction Definition A bucket cylinder is specially designed hydraulic cylinder used to control the movement of the bucket in heavy machinery such as excavators, backhoe loaders, and front loaders. Its main function is to enable the bucket to lift, lower, and tilt, making it easier to handle various [&hellip;]<\/p>","protected":false},"featured_media":14769,"comment_status":"open","ping_status":"closed","template":"","meta":{"_et_pb_use_builder":"","_et_pb_old_content":"","_et_gb_content_width":""},"product_brand":[],"product_cat":[1494],"product_tag":[1495,1496],"class_list":{"0":"post-15488","1":"product","2":"type-product","3":"status-publish","4":"has-post-thumbnail","6":"product_cat-bucket-cylinders","7":"product_tag-bucket-cylinders","8":"product_tag-hydraulic-cylinders","10":"first","11":"instock","12":"shipping-taxable","13":"product-type-simple"},"amp_enabled":true,"_links":{"self":[{"href":"https:\/\/www.hydraulic-cylinders.net\/fr\/wp-json\/wp\/v2\/product\/15488","targetHints":{"allow":["GET"]}}],"collection":[{"href":"https:\/\/www.hydraulic-cylinders.net\/fr\/wp-json\/wp\/v2\/product"}],"about":[{"href":"https:\/\/www.hydraulic-cylinders.net\/fr\/wp-json\/wp\/v2\/types\/product"}],"replies":[{"embeddable":true,"href":"https:\/\/www.hydraulic-cylinders.net\/fr\/wp-json\/wp\/v2\/comments?post=15488"}],"wp:featuredmedia":[{"embeddable":true,"href":"https:\/\/www.hydraulic-cylinders.net\/fr\/wp-json\/wp\/v2\/media\/14769"}],"wp:attachment":[{"href":"https:\/\/www.hydraulic-cylinders.net\/fr\/wp-json\/wp\/v2\/media?parent=15488"}],"wp:term":[{"taxonomy":"product_brand","embeddable":true,"href":"https:\/\/www.hydraulic-cylinders.net\/fr\/wp-json\/wp\/v2\/product_brand?post=15488"},{"taxonomy":"product_cat","embeddable":true,"href":"https:\/\/www.hydraulic-cylinders.net\/fr\/wp-json\/wp\/v2\/product_cat?post=15488"},{"taxonomy":"product_tag","embeddable":true,"href":"https:\/\/www.hydraulic-cylinders.net\/fr\/wp-json\/wp\/v2\/product_tag?post=15488"}],"curies":[{"name":"wp","href":"https:\/\/api.w.org\/{rel}","templated":true}]}}