{"id":15490,"date":"2025-01-19T14:35:47","date_gmt":"2025-01-19T14:35:47","guid":{"rendered":"https:\/\/www.hydraulic-cylinders.net\/product\/bucket-cylinder-for-xcmg-wheel-excavator-xe210w\/"},"modified":"2025-01-19T14:35:49","modified_gmt":"2025-01-19T14:35:49","slug":"bucket-cylinder-for-xcmg-wheel-excavator-xe210w","status":"publish","type":"product","link":"https:\/\/www.hydraulic-cylinders.net\/fr\/produit\/bucket-cylinder-for-xcmg-wheel-excavator-xe210w\/","title":{"rendered":"V\u00e9rin de godet pour pelle sur pneus XCMG XE210w"},"content":{"rendered":"<h1>V\u00e9rin de godet pour pelle sur pneus XCMG XE210w<\/h1>\n<h2>D\u00e9finition du produit<\/h2>\n<h3>Qu'est-ce qu'un v\u00e9rin \u00e0 godet ?<\/h3>\n<p>Un v\u00e9rin de godet est un v\u00e9rin hydraulique sp\u00e9cialement con\u00e7u pour contr\u00f4ler les mouvements du godet sur les engins de chantier tels que les pelles hydrauliques, les chargeuses-pelleteuses et les chargeuses frontales. Sa fonction principale est de permettre la lev\u00e9e, l'abaissement et l'inclinaison du godet, facilitant ainsi la manutention de divers mat\u00e9riaux. Dans un syst\u00e8me hydraulique, le v\u00e9rin de godet assure un contr\u00f4le pr\u00e9cis des mouvements du godet en modulant la pression de l'huile hydraulique, permettant \u00e0 l'op\u00e9rateur de manipuler efficacement des charges lourdes et de s'adapter \u00e0 des environnements de travail complexes et \u00e0 des exigences op\u00e9rationnelles vari\u00e9es.<\/p>\n<p><img decoding=\"async\" src=\"https:\/\/www.hydraulic-cylinders.net\/wp-content\/uploads\/2025\/01\/songte-company-2.webp\" alt=\"V\u00e9rin de godet\"><\/p>\n<h2>Caract\u00e9ristiques du produit<\/h2>\n<ul>\n<li>\n<h3>Haute r\u00e9sistance et durabilit\u00e9<\/h3>\n<p>Les v\u00e9rins de godet sont g\u00e9n\u00e9ralement fabriqu\u00e9s en acier ou en aluminium \u00e0 haute r\u00e9sistance, capables de supporter une pression \u00e9lev\u00e9e et des charges importantes, de s'adapter aux environnements de travail difficiles et con\u00e7us pour r\u00e9sister \u00e0 l'usure et \u00e0 la corrosion afin de prolonger leur dur\u00e9e de vie.<\/p>\n<\/li>\n<li>\n<h3>Fonctionnement hydraulique efficace<\/h3>\n<p>Les v\u00e9rins de godet utilisent la pression de l'huile hydraulique pour assurer une extension et une r\u00e9traction fluides, r\u00e9pondre rapidement aux commandes et fournir une force de pouss\u00e9e et de traction puissante, ce qui les rend adapt\u00e9s \u00e0 la manutention d'objets lourds et aux t\u00e2ches op\u00e9rationnelles complexes.<\/p>\n<\/li>\n<li>\n<h3>Plusieurs types<\/h3>\n<p>Les v\u00e9rins de godet sont disponibles en version simple effet (actionnement hydraulique dans un seul sens) ou double effet (actionnement hydraulique dans les deux sens) afin de r\u00e9pondre \u00e0 diff\u00e9rents besoins op\u00e9rationnels. Certains mod\u00e8les sont t\u00e9lescopiques, ce qui permet une plus grande extension sans augmenter les dimensions ext\u00e9rieures et les rend particuli\u00e8rement adapt\u00e9s aux applications o\u00f9 l'espace est limit\u00e9.<\/p>\n<\/li>\n<li>\n<h3>Remplacement parfait<\/h3>\n<p>Notre entreprise produit des v\u00e9rins de godet qui peuvent parfaitement remplacer ces v\u00e9rins hydrauliques.<\/p>\n<\/li>\n<\/ul>\n<p><img decoding=\"async\" src=\"https:\/\/www.hydraulic-cylinders.net\/wp-content\/uploads\/2025\/01\/songte-cylinder-head-with-all-kinds-excavator-models.webp\" alt=\"Remplacement du v\u00e9rin de godet\"><\/p>\n<h2>Applications du produit<\/h2>\n<p>Les v\u00e9rins \u00e0 godet sont largement utilis\u00e9s dans divers domaines, notamment\u00a0:<\/p>\n<ul>\n<li>\n<h3>\u00c9quipement de construction<\/h3>\n<p>Sur les excavatrices, ils sont essentiels pour creuser, charger et d\u00e9placer la terre ou les d\u00e9bris. Sur les chargeuses-pelleteuses, les v\u00e9rins du godet participent \u00e0 la fois au creusement et au levage. <\/p>\n<\/li>\n<li>\n<h3>machines agricoles<\/h3>\n<p>Utilis\u00e9 sur les chargeuses frontales pour ramasser, soulever et transporter la terre, le foin et autres mat\u00e9riaux.<\/p>\n<\/li>\n<li>\n<h3>Excavateurs<\/h3>\n<p>Les v\u00e9rins du godet permettent \u00e0 celui-ci de p\u00e9n\u00e9trer dans le sol pour les travaux d'excavation.<\/p>\n<\/li>\n<li>\n<h3>Chargeurs<\/h3>\n<p>Sur les chargeuses frontales, les v\u00e9rins du godet permettent de lever et de d\u00e9charger efficacement les marchandises.<\/p>\n<\/li>\n<\/ul>\n<h2>Consid\u00e9rations de conception et crit\u00e8res de s\u00e9lection<\/h2>\n<p>Lors de la conception et de la s\u00e9lection des v\u00e9rins de godet, les facteurs suivants doivent \u00eatre pris en compte\u00a0:<\/p>\n<ul>\n<li>\n<h3>Capacit\u00e9 de charge<\/h3>\n<p>Le cylindre doit \u00eatre con\u00e7u pour r\u00e9sister \u00e0 la charge maximale \u00e0 laquelle il sera soumis dans des conditions normales de fonctionnement.<\/p>\n<\/li>\n<li>\n<h3>Scellage<\/h3>\n<p>Le cylindre doit \u00eatre muni d'un m\u00e9canisme d'\u00e9tanch\u00e9it\u00e9 appropri\u00e9 afin d'\u00e9viter les fuites d'huile et la contamination.<\/p>\n<\/li>\n<li>\n<h3>Durabilit\u00e9<\/h3>\n<p>Le cylindre doit \u00eatre con\u00e7u pour r\u00e9sister aux conditions de travail difficiles, \u00e0 l'usure et \u00e0 la corrosion.<\/p>\n<\/li>\n<li>\n<h3>S\u00e9curit\u00e9<\/h3>\n<p>Le cylindre doit \u00eatre con\u00e7u pour garantir un fonctionnement s\u00fbr.<\/p>\n<\/li>\n<li>\n<h3>Maintenabilit\u00e9<\/h3>\n<p>Le cylindre doit \u00eatre con\u00e7u pour faciliter l'entretien et la r\u00e9paration.<\/p>\n<\/li>\n<\/ul>\n<p><img decoding=\"async\" src=\"https:\/\/www.hydraulic-cylinders.net\/wp-content\/uploads\/2025\/01\/songte-oil-pipes-and-spare-parts.webp\" alt=\"Pi\u00e8ces de v\u00e9rin de godet\"><\/p>\n<h2>\u00c9tanch\u00e9it\u00e9 et lubrification<\/h2>\n<p>Les v\u00e9rins de godet utilisent divers composants d'\u00e9tanch\u00e9it\u00e9, notamment des joints de piston et des joints de tige, fabriqu\u00e9s dans des mat\u00e9riaux r\u00e9sistants \u00e0 l'usure tels que le polyur\u00e9thane et le caoutchouc nitrile. Le corps du v\u00e9rin et la surface d'extr\u00e9mit\u00e9 filet\u00e9e sont usin\u00e9s avec pr\u00e9cision pour une meilleure r\u00e9sistance \u00e0 l'usure. Un appoint r\u00e9gulier d'huile hydraulique est n\u00e9cessaire pour assurer une lubrification optimale.<\/p>\n<h2>Entretien et r\u00e9paration<\/h2>\n<ul>\n<li>\n<h3>Inspection r\u00e9guli\u00e8re<\/h3>\n<p>L'inspection r\u00e9guli\u00e8re des v\u00e9rins de godet est essentielle pour garantir leur bon fonctionnement. Cela comprend la v\u00e9rification des fuites d'huile, de l'usure, des dommages et de la corrosion.<\/p>\n<\/li>\n<li>\n<h3>Lubrification<\/h3>\n<p>Une lubrification r\u00e9guli\u00e8re du v\u00e9rin du godet est n\u00e9cessaire pour assurer un bon fonctionnement.<\/p>\n<\/li>\n<li>\n<h3>Remplacement des joints et v\u00e9rification de l'\u00e9talonnage<\/h3>\n<p>Le remplacement des joints et la v\u00e9rification de l'\u00e9talonnage du v\u00e9rin du godet sont n\u00e9cessaires si les joints sont endommag\u00e9s et pour garantir le bon fonctionnement du v\u00e9rin.<\/p>\n<\/li>\n<\/ul>\n<p><img decoding=\"async\" src=\"https:\/\/www.hydraulic-cylinders.net\/wp-content\/uploads\/2025\/01\/songte-chushion-collar.webp\" alt=\"Installation du v\u00e9rin de godet\"><\/p>\n<h2>Consid\u00e9rations de s\u00e9curit\u00e9 et facteurs environnementaux<\/h2>\n<p>Lors de l'utilisation de v\u00e9rins de godet, des mesures de s\u00e9curit\u00e9 sont indispensables, telles que le port d'\u00e9quipements de protection individuelle et une formation ad\u00e9quate des op\u00e9rateurs. L'\u00e9limination appropri\u00e9e de l'huile hydraulique et des v\u00e9rins usag\u00e9s est n\u00e9cessaire afin de pr\u00e9venir toute pollution environnementale.<\/p>\n<h2>D\u00e9pannage et probl\u00e8mes courants<\/h2>\n<p>Les probl\u00e8mes courants rencontr\u00e9s avec les v\u00e9rins de godet incluent les fuites d'huile, les joints d'\u00e9tanch\u00e9it\u00e9 endommag\u00e9s et l'usure. Le d\u00e9pannage de ces probl\u00e8mes implique une inspection visuelle du v\u00e9rin et le remplacement des pi\u00e8ces endommag\u00e9es ou la r\u00e9fection des joints.<\/p>\n<p><img decoding=\"async\" src=\"https:\/\/www.hydraulic-cylinders.net\/wp-content\/uploads\/2025\/01\/songte-bushings-with-all-kinds-of-excavator-models.webp\" alt=\"Probl\u00e8mes courants des v\u00e9rins de godet\"><\/p>\n<h2>\u00c0 propos de nous<\/h2>\n<p>Nous sommes un fabricant de v\u00e9rins hydrauliques de remplacement offrant une gamme compl\u00e8te de produits, et figurons parmi les principaux fabricants et distributeurs de v\u00e9rins hydrauliques sur les march\u00e9s nationaux et internationaux. Nous nous engageons \u00e0 fournir une qualit\u00e9 irr\u00e9prochable et nous appuyons sur une strat\u00e9gie de gestion de production industrialis\u00e9e au sein d'ateliers de fabrication modernes. Nous am\u00e9liorons constamment nos installations, optimisons nos processus de production et notre capacit\u00e9 d'innovation nous permet de r\u00e9pondre aux besoins vari\u00e9s de nos clients. <\/p>\n<p><img decoding=\"async\" src=\"https:\/\/hzpt.com\/wp-content\/uploads\/2024\/11\/songte-company-1.webp\" alt=\"Notre entreprise\"><\/p>\n<h3>Nos sp\u00e9cialisations<\/h3>\n<ul>\n<li>Professionnalisme<\/li>\n<li>Certification internationale<\/li>\n<li>Services de personnalisation<\/li>\n<li>\u00c9quipement de production<\/li>\n<li>Services apr\u00e8s-vente<\/li>\n<\/ul>\n<p><img decoding=\"async\" src=\"https:\/\/www.hydraulic-cylinders.net\/wp-content\/uploads\/2025\/01\/songte-company-3.webp\" alt=\"Sp\u00e9cialisations de notre entreprise\"><\/p>\n<p>Auteur : lyl.<\/p>","protected":false},"excerpt":{"rendered":"<p>Bucket Cylinder For XCMG Wheel Excavator XE210w Product Definition What is a Bucket Cylinder? A bucket cylinder is a specially designed hydraulic cylinder primarily used to control the movement of the bucket in heavy machinery such as excavators, backhoe loaders, and front loaders. Its main function is to enable the bucket to lift, lower, and [&hellip;]<\/p>","protected":false},"featured_media":14762,"comment_status":"open","ping_status":"closed","template":"","meta":{"_et_pb_use_builder":"","_et_pb_old_content":"","_et_gb_content_width":""},"product_brand":[],"product_cat":[1494],"product_tag":[1495,1496],"class_list":{"0":"post-15490","1":"product","2":"type-product","3":"status-publish","4":"has-post-thumbnail","6":"product_cat-bucket-cylinders","7":"product_tag-bucket-cylinders","8":"product_tag-hydraulic-cylinders","10":"first","11":"instock","12":"shipping-taxable","13":"product-type-simple"},"amp_enabled":true,"_links":{"self":[{"href":"https:\/\/www.hydraulic-cylinders.net\/fr\/wp-json\/wp\/v2\/product\/15490","targetHints":{"allow":["GET"]}}],"collection":[{"href":"https:\/\/www.hydraulic-cylinders.net\/fr\/wp-json\/wp\/v2\/product"}],"about":[{"href":"https:\/\/www.hydraulic-cylinders.net\/fr\/wp-json\/wp\/v2\/types\/product"}],"replies":[{"embeddable":true,"href":"https:\/\/www.hydraulic-cylinders.net\/fr\/wp-json\/wp\/v2\/comments?post=15490"}],"wp:featuredmedia":[{"embeddable":true,"href":"https:\/\/www.hydraulic-cylinders.net\/fr\/wp-json\/wp\/v2\/media\/14762"}],"wp:attachment":[{"href":"https:\/\/www.hydraulic-cylinders.net\/fr\/wp-json\/wp\/v2\/media?parent=15490"}],"wp:term":[{"taxonomy":"product_brand","embeddable":true,"href":"https:\/\/www.hydraulic-cylinders.net\/fr\/wp-json\/wp\/v2\/product_brand?post=15490"},{"taxonomy":"product_cat","embeddable":true,"href":"https:\/\/www.hydraulic-cylinders.net\/fr\/wp-json\/wp\/v2\/product_cat?post=15490"},{"taxonomy":"product_tag","embeddable":true,"href":"https:\/\/www.hydraulic-cylinders.net\/fr\/wp-json\/wp\/v2\/product_tag?post=15490"}],"curies":[{"name":"wp","href":"https:\/\/api.w.org\/{rel}","templated":true}]}}