{"id":15495,"date":"2025-01-19T14:36:07","date_gmt":"2025-01-19T14:36:07","guid":{"rendered":"https:\/\/www.hydraulic-cylinders.net\/product\/bucket-cylinder-for-zoomlion-small-excavator-ze150e\/"},"modified":"2025-01-19T14:36:09","modified_gmt":"2025-01-19T14:36:09","slug":"bucket-cylinder-for-zoomlion-small-excavator-ze150e","status":"publish","type":"product","link":"https:\/\/www.hydraulic-cylinders.net\/fr\/produit\/bucket-cylinder-for-zoomlion-small-excavator-ze150e\/","title":{"rendered":"V\u00e9rin de godet pour petite pelle Zoomlion ZE150E"},"content":{"rendered":"<h1>V\u00e9rin de godet pour petite pelle Zoomlion ZE150E<\/h1>\n<h2>Introduction<\/h2>\n<p>Un v\u00e9rin de godet est un v\u00e9rin hydraulique sp\u00e9cialement con\u00e7u pour contr\u00f4ler le mouvement du godet sur les engins lourds tels que les excavatrices, les r\u00e9trocaveuses et les chargeuses frontales. Sa fonction principale est de permettre au godet de se lever, de s'abaisser et de s'incliner, facilitant ainsi diverses t\u00e2ches de manutention. Dans le syst\u00e8me hydraulique, le v\u00e9rin assure un contr\u00f4le pr\u00e9cis du godet gr\u00e2ce aux variations de pression de l'huile hydraulique, permettant ainsi aux op\u00e9rateurs de manipuler efficacement des charges lourdes et de s'adapter \u00e0 des environnements de travail complexes et \u00e0 des exigences op\u00e9rationnelles vari\u00e9es.<\/p>\n<p><img decoding=\"async\" src=\"https:\/\/www.hydraulic-cylinders.net\/wp-content\/uploads\/2025\/01\/songte-company-2.webp\" alt=\"Image du cylindre du godet\"><\/p>\n<h2>Caract\u00e9ristiques<\/h2>\n<ul>\n<li>Haute r\u00e9sistance et durabilit\u00e9 : g\u00e9n\u00e9ralement fabriqu\u00e9 en acier ou en aluminium \u00e0 haute r\u00e9sistance, capable de r\u00e9sister \u00e0 des pressions \u00e9lev\u00e9es et \u00e0 de lourdes charges, adapt\u00e9 aux environnements de travail difficiles et con\u00e7u pour prendre en compte la r\u00e9sistance \u00e0 l'usure et \u00e0 la corrosion, prolongeant ainsi la dur\u00e9e de vie.<\/li>\n<li>Fonctionnement hydraulique efficace : Utilisation de la pression d'huile hydraulique pour r\u00e9aliser des actions d'extension et de contraction en douceur, capable de r\u00e9pondre rapidement aux commandes de contr\u00f4le, fournissant des forces de pouss\u00e9e et de traction puissantes, adapt\u00e9es \u00e0 la manipulation de charges lourdes et de t\u00e2ches op\u00e9rationnelles complexes.<\/li>\n<li>Diff\u00e9rents types\u00a0: des v\u00e9rins \u00e0 simple effet (hydrauliques unidirectionnels) ou \u00e0 double effet (hydrauliques bidirectionnels) peuvent \u00eatre s\u00e9lectionn\u00e9s selon les besoins pour r\u00e9pondre aux diff\u00e9rents besoins op\u00e9rationnels. Certains mod\u00e8les sont t\u00e9lescopiques, permettant une extension plus importante sans augmenter les dimensions ext\u00e9rieures, et conviennent donc aux applications avec un espace restreint.<\/li>\n<\/ul>\n<p>Nous pouvons produire ce produit et notre produit peut parfaitement remplacer ces v\u00e9rins hydrauliques.<\/p>\n<p><img decoding=\"async\" src=\"https:\/\/www.hydraulic-cylinders.net\/wp-content\/uploads\/2025\/01\/songte-cylinder-head-with-all-kinds-excavator-models.webp\" alt=\"Image de remplacement du v\u00e9rin de godet\"><\/p>\n<h2>Application<\/h2>\n<p>Le v\u00e9rin de godet trouve son application dans divers domaines :<\/p>\n<ul>\n<li>Engins de chantier\u00a0: Dans les excavatrices, ils sont essentiels au creusement, au chargement et au d\u00e9placement de la terre ou des d\u00e9bris. Dans les r\u00e9trocaveuses, le v\u00e9rin de godet facilite \u00e0 la fois le creusement et le levage. <\/li>\n<li>Machines agricoles\u00a0: Utilis\u00e9es dans les chargeuses frontales pour le ramassage, le levage et le transport de terre, de foin et d'autres mat\u00e9riaux. Excavatrices\u00a0: Le v\u00e9rin de godet permet l'excavation en permettant au godet de p\u00e9n\u00e9trer dans le sol. <\/li>\n<li>Chargeurs : Dans les chargeurs frontaux, ils aident \u00e0 soulever et \u00e0 incliner efficacement les marchandises. <\/li>\n<\/ul>\n<h2>Consid\u00e9rations de conception et crit\u00e8res de s\u00e9lection<\/h2>\n<ul>\n<li>Capacit\u00e9 portante : Le cylindre doit pouvoir supporter le poids du mat\u00e9riau d\u00e9plac\u00e9.<\/li>\n<li>\u00c9tanch\u00e9it\u00e9 : Le cylindre doit \u00eatre correctement scell\u00e9 pour \u00e9viter les fuites d'huile hydraulique et maintenir la pression.<\/li>\n<li>Durabilit\u00e9 : Le cylindre doit \u00eatre fabriqu\u00e9 \u00e0 partir de mat\u00e9riaux capables de r\u00e9sister \u00e0 l\u2019usure due \u00e0 une utilisation r\u00e9p\u00e9t\u00e9e.<\/li>\n<li>S\u00e9curit\u00e9 : Le cylindre doit \u00eatre con\u00e7u avec des dispositifs de s\u00e9curit\u00e9 pour \u00e9viter les accidents.<\/li>\n<li>Entretien : Le cylindre doit \u00eatre con\u00e7u avec des caract\u00e9ristiques qui le rendent facile \u00e0 entretenir et \u00e0 r\u00e9parer.<\/li>\n<\/ul>\n<p><img decoding=\"async\" src=\"https:\/\/www.hydraulic-cylinders.net\/wp-content\/uploads\/2025\/01\/songte-oil-pipes-and-spare-parts.webp\" alt=\"Image des pi\u00e8ces du cylindre\"><\/p>\n<h2>\u00c9tanch\u00e9it\u00e9 et lubrification<\/h2>\n<p>Divers composants d'\u00e9tanch\u00e9it\u00e9, tels que des joints de piston et de tige, sont utilis\u00e9s pour assurer une \u00e9tanch\u00e9it\u00e9 optimale. Ces joints sont fabriqu\u00e9s \u00e0 partir de mat\u00e9riaux r\u00e9sistants \u00e0 l'usure tels que le polyur\u00e9thane et le caoutchouc nitrile. Le corps du v\u00e9rin et les surfaces filet\u00e9es b\u00e9n\u00e9ficient d'un traitement de pr\u00e9cision pour une meilleure r\u00e9sistance \u00e0 l'usure. Un apport r\u00e9gulier d'huile hydraulique est \u00e9galement n\u00e9cessaire pour la lubrification.<\/p>\n<h2>Maintenance et service<\/h2>\n<p>L'inspection r\u00e9guli\u00e8re, la lubrification ad\u00e9quate, le remplacement des joints et les v\u00e9rifications d'\u00e9talonnage sont des t\u00e2ches de maintenance courantes. Une installation, une lubrification et un r\u00e9glage corrects sont importants, et des instructions d'alignement du v\u00e9rin doivent \u00eatre fournies lors de l'installation. Il est recommand\u00e9 d'utiliser des supports de montage appropri\u00e9s pour fixer le v\u00e9rin. Les proc\u00e9dures d'inspection, de r\u00e9paration et de remplacement recommand\u00e9es, ainsi que le remplacement des pi\u00e8ces et les services de reconstruction, peuvent prolonger la dur\u00e9e de vie du v\u00e9rin.<\/p>\n<p><img decoding=\"async\" src=\"https:\/\/www.hydraulic-cylinders.net\/wp-content\/uploads\/2025\/01\/songte-chushion-collar.webp\" alt=\"Image du collier amortissant\"><\/p>\n<h2>Consid\u00e9rations de s\u00e9curit\u00e9 et facteurs environnementaux<\/h2>\n<p>Il est important de respecter les pr\u00e9cautions de s\u00e9curit\u00e9 lors de l'utilisation et de l'installation des v\u00e9rins hydrauliques afin de pr\u00e9venir les accidents. Les facteurs environnementaux, tels que la temp\u00e9rature et l'humidit\u00e9, doivent \u00e9galement \u00eatre pris en compte lors du choix d'un v\u00e9rin.<\/p>\n<h2>Diagnostic et solutions des pannes courantes<\/h2>\n<p>Les d\u00e9fauts courants incluent les fuites d'huile, une pression insuffisante et un ralentissement. Une inspection et un entretien appropri\u00e9s peuvent aider \u00e0 d\u00e9tecter et \u00e0 r\u00e9soudre les probl\u00e8mes.<\/p>\n<p><img decoding=\"async\" src=\"https:\/\/www.hydraulic-cylinders.net\/wp-content\/uploads\/2025\/01\/songte-bushings-with-all-kinds-of-excavator-models.webp\" alt=\"Image des bagues\"><\/p>\n<h2>\u00c0 propos de notre entreprise<\/h2>\n<p>Nous fabriquons des v\u00e9rins hydrauliques de rechange et proposons une gamme compl\u00e8te de produits. Nous sommes devenus l'un des principaux fabricants et distributeurs en gros de v\u00e9rins hydrauliques sur les march\u00e9s nationaux et internationaux. Nous privil\u00e9gions une qualit\u00e9 irr\u00e9prochable et nous appuyons sur des strat\u00e9gies de production industrialis\u00e9es dans nos ateliers de fabrication de pointe. Nous am\u00e9liorons constamment notre plateforme de production et perfectionnons la qualit\u00e9 de nos produits gr\u00e2ce \u00e0 notre expertise technique, nos \u00e9quipements de fabrication num\u00e9riques haut de gamme et nos syst\u00e8mes de test professionnels. Forts de notre cr\u00e9ativit\u00e9, nous r\u00e9pondons aux besoins vari\u00e9s de nos clients en nous appuyant sur des principes d'efficacit\u00e9, de pr\u00e9cision et de qualit\u00e9.<\/p>\n<p>Les caract\u00e9ristiques de notre entreprise incluent :<\/p>\n<ul>\n<li>Professionnalisme<\/li>\n<li>Certification internationale<\/li>\n<li>Services de personnalisation<\/li>\n<li>\u00c9quipement de production<\/li>\n<li>Service apr\u00e8s-vente<\/li>\n<\/ul>\n<p><img decoding=\"async\" src=\"https:\/\/hzpt.com\/wp-content\/uploads\/2024\/11\/songte-company-1.webp\" alt=\"Image de l&#039;entreprise\"><\/p>\n<p>Auteur : lyl<\/p>","protected":false},"excerpt":{"rendered":"<p>Bucket Cylinder For Zoomlion Small Excavator ZE150E Introduction A bucket cylinder is a specially designed hydraulic cylinder that is mainly used to control the movement of the bucket in heavy machinery such as excavators, backhoes, and front-end loaders. Its main function is to enable the bucket to lift, lower, and tilt, making it easier to [&hellip;]<\/p>","protected":false},"featured_media":14785,"comment_status":"open","ping_status":"closed","template":"","meta":{"_et_pb_use_builder":"","_et_pb_old_content":"","_et_gb_content_width":""},"product_brand":[],"product_cat":[1494],"product_tag":[1495,1496],"class_list":{"0":"post-15495","1":"product","2":"type-product","3":"status-publish","4":"has-post-thumbnail","6":"product_cat-bucket-cylinders","7":"product_tag-bucket-cylinders","8":"product_tag-hydraulic-cylinders","10":"first","11":"instock","12":"shipping-taxable","13":"product-type-simple"},"amp_enabled":true,"_links":{"self":[{"href":"https:\/\/www.hydraulic-cylinders.net\/fr\/wp-json\/wp\/v2\/product\/15495","targetHints":{"allow":["GET"]}}],"collection":[{"href":"https:\/\/www.hydraulic-cylinders.net\/fr\/wp-json\/wp\/v2\/product"}],"about":[{"href":"https:\/\/www.hydraulic-cylinders.net\/fr\/wp-json\/wp\/v2\/types\/product"}],"replies":[{"embeddable":true,"href":"https:\/\/www.hydraulic-cylinders.net\/fr\/wp-json\/wp\/v2\/comments?post=15495"}],"wp:featuredmedia":[{"embeddable":true,"href":"https:\/\/www.hydraulic-cylinders.net\/fr\/wp-json\/wp\/v2\/media\/14785"}],"wp:attachment":[{"href":"https:\/\/www.hydraulic-cylinders.net\/fr\/wp-json\/wp\/v2\/media?parent=15495"}],"wp:term":[{"taxonomy":"product_brand","embeddable":true,"href":"https:\/\/www.hydraulic-cylinders.net\/fr\/wp-json\/wp\/v2\/product_brand?post=15495"},{"taxonomy":"product_cat","embeddable":true,"href":"https:\/\/www.hydraulic-cylinders.net\/fr\/wp-json\/wp\/v2\/product_cat?post=15495"},{"taxonomy":"product_tag","embeddable":true,"href":"https:\/\/www.hydraulic-cylinders.net\/fr\/wp-json\/wp\/v2\/product_tag?post=15495"}],"curies":[{"name":"wp","href":"https:\/\/api.w.org\/{rel}","templated":true}]}}