{"id":15496,"date":"2025-01-19T14:36:11","date_gmt":"2025-01-19T14:36:11","guid":{"rendered":"https:\/\/www.hydraulic-cylinders.net\/product\/bucket-cylinder-for-zoomlion-middle-excavator-ze205e\/"},"modified":"2025-01-19T14:36:13","modified_gmt":"2025-01-19T14:36:13","slug":"bucket-cylinder-for-zoomlion-middle-excavator-ze205e","status":"publish","type":"product","link":"https:\/\/www.hydraulic-cylinders.net\/fr\/produit\/bucket-cylinder-for-zoomlion-middle-excavator-ze205e\/","title":{"rendered":"V\u00e9rin de godet pour pelle hydraulique Zoomlion ZE205E"},"content":{"rendered":"<h1>V\u00e9rin de godet pour pelle hydraulique Zoomlion ZE205E<\/h1>\n<h2>Introduction<\/h2>\n<p>Le v\u00e9rin de godet est un v\u00e9rin hydraulique sp\u00e9cialement con\u00e7u pour contr\u00f4ler les mouvements du godet sur les engins de chantier tels que les pelles hydrauliques, les chargeuses-pelleteuses et les chargeuses frontales. Sa fonction principale est de permettre la lev\u00e9e, l'abaissement et l'inclinaison du godet, facilitant ainsi la manutention de divers mat\u00e9riaux. Au sein du syst\u00e8me hydraulique, le v\u00e9rin de godet assure un contr\u00f4le pr\u00e9cis du godet gr\u00e2ce \u00e0 la variation de la pression d'huile hydraulique, permettant aux op\u00e9rateurs de manipuler efficacement des charges lourdes et de s'adapter \u00e0 des environnements de travail complexes et \u00e0 des besoins op\u00e9rationnels vari\u00e9s.<\/p>\n<p><img decoding=\"async\" src=\"https:\/\/www.hydraulic-cylinders.net\/wp-content\/uploads\/2025\/01\/songte-company-2.webp\" alt=\"Image du cylindre du godet\"><\/p>\n<h2>Caract\u00e9ristiques<\/h2>\n<ul>\n<li>Haute r\u00e9sistance et durabilit\u00e9 : G\u00e9n\u00e9ralement fabriqu\u00e9 en acier ou en aluminium \u00e0 haute r\u00e9sistance, il peut supporter une pression \u00e9lev\u00e9e et des charges importantes, s'adapter aux environnements de travail difficiles et est con\u00e7u pour prendre en compte la r\u00e9sistance \u00e0 l'usure et \u00e0 la corrosion afin de prolonger sa dur\u00e9e de vie.<\/li>\n<li>Fonctionnement hydraulique efficace\u00a0: les mouvements d\u2019extension et de r\u00e9traction en douceur sont obtenus gr\u00e2ce \u00e0 la pression de l\u2019huile hydraulique, fournissant des forces de pouss\u00e9e et de traction puissantes et adapt\u00e9es \u00e0 la manutention de charges lourdes et \u00e0 des t\u00e2ches op\u00e9rationnelles complexes.<\/li>\n<li>Diff\u00e9rents types de v\u00e9rins sont disponibles\u00a0: \u00e0 simple effet (fonctionnement hydraulique dans un seul sens) ou \u00e0 double effet (fonctionnement hydraulique dans les deux sens), selon les besoins op\u00e9rationnels. Certains mod\u00e8les sont t\u00e9lescopiques, permettant une plus grande extension sans augmentation des dimensions ext\u00e9rieures, ce qui les rend particuli\u00e8rement adapt\u00e9s aux applications \u00e0 espace restreint.<\/li>\n<li>Rempla\u00e7able : Notre produit peut parfaitement remplacer ces v\u00e9rins hydrauliques.<\/li>\n<\/ul>\n<p><img decoding=\"async\" src=\"https:\/\/www.hydraulic-cylinders.net\/wp-content\/uploads\/2025\/01\/songte-cylinder-head-with-all-kinds-excavator-models.webp\" alt=\"Image du produit\"><\/p>\n<h2>Applications<\/h2>\n<ul>\n<li>Mat\u00e9riel de construction\u00a0: Sur les pelles hydrauliques, les v\u00e9rins sont indispensables pour l\u2019excavation, le chargement et le d\u00e9placement de terre ou de d\u00e9bris. Sur les chargeuses-pelleteuses, le v\u00e9rin du godet contribue \u00e0 la fois \u00e0 l\u2019excavation et au levage. <\/li>\n<li>Machines agricoles : Utilis\u00e9es pour les chargeuses frontales, le ramassage, le levage et le transport de terre, de foin et d'autres mat\u00e9riaux. <\/li>\n<li>Excavatrices : Le v\u00e9rin du godet permet l'action de creuser en permettant au godet de p\u00e9n\u00e9trer dans le sol. <\/li>\n<li>Chargeurs frontaux\u00a0: Sur les chargeurs frontaux, ils permettent de lever et de d\u00e9charger efficacement les marchandises.<\/li>\n<\/ul>\n<h2>Consid\u00e9rations de conception et crit\u00e8res de s\u00e9lection<\/h2>\n<ul>\n<li>Capacit\u00e9 de charge : Le cylindre doit \u00eatre capable de supporter la charge, en tenant compte des facteurs environnementaux et des conditions de fonctionnement.<\/li>\n<li>\u00c9tanch\u00e9it\u00e9 : Le cylindre doit \u00eatre \u00e9tanche pour \u00e9viter les fuites et assurer un bon fonctionnement. <\/li>\n<li>Durabilit\u00e9 : Le cylindre doit \u00eatre r\u00e9sistant \u00e0 l'usure et \u00e0 la corrosion, et con\u00e7u avec des mat\u00e9riaux et des rev\u00eatements qui prolongent sa dur\u00e9e de vie.<\/li>\n<li>S\u00e9curit\u00e9 : Le cylindre doit \u00eatre con\u00e7u et install\u00e9 en tenant compte des risques de s\u00e9curit\u00e9 afin de pr\u00e9venir les accidents et d'assurer un fonctionnement correct.<\/li>\n<li>Maintenance : Le cylindre doit \u00eatre con\u00e7u pour une maintenance ais\u00e9e, avec des pi\u00e8ces rempla\u00e7ables et un acc\u00e8s facile pour la r\u00e9paration et l'inspection.<\/li>\n<\/ul>\n<p><img decoding=\"async\" src=\"https:\/\/www.hydraulic-cylinders.net\/wp-content\/uploads\/2025\/01\/songte-oil-pipes-and-spare-parts.webp\" alt=\"Image de conception\"><\/p>\n<h2>\u00c9tanch\u00e9it\u00e9 et lubrification<\/h2>\n<p>Divers \u00e9l\u00e9ments d'\u00e9tanch\u00e9it\u00e9, tels que des joints de piston et des joints de tige, sont utilis\u00e9s. Des mat\u00e9riaux r\u00e9sistants \u00e0 l'usure, comme le polyur\u00e9thane et le caoutchouc nitrile, sont s\u00e9lectionn\u00e9s pour ces \u00e9l\u00e9ments. Le corps du cylindre et la surface d'extr\u00e9mit\u00e9 filet\u00e9e sont usin\u00e9s avec pr\u00e9cision afin d'am\u00e9liorer la r\u00e9sistance \u00e0 l'usure. Un appoint r\u00e9gulier d'huile hydraulique est n\u00e9cessaire pour assurer une lubrification optimale.<\/p>\n<p><img decoding=\"async\" src=\"https:\/\/www.hydraulic-cylinders.net\/wp-content\/uploads\/2025\/01\/songte-chushion-collar.webp\" alt=\"Image de scellement\"><\/p>\n<h2>Entretien et r\u00e9paration<\/h2>\n<ul>\n<li>Inspection r\u00e9guli\u00e8re\u00a0: Le cylindre doit \u00eatre inspect\u00e9 r\u00e9guli\u00e8rement afin d\u2019assurer son bon fonctionnement et de d\u00e9tecter d\u2019\u00e9ventuels probl\u00e8mes.<\/li>\n<li>Lubrification : Une lubrification ad\u00e9quate est n\u00e9cessaire pour assurer un bon fonctionnement et prolonger la dur\u00e9e de vie du cylindre.<\/li>\n<li>Remplacement des joints : Les joints us\u00e9s ou endommag\u00e9s doivent \u00eatre remplac\u00e9s rapidement afin d'\u00e9viter les fuites et d'assurer un bon fonctionnement.<\/li>\n<\/ul>\n<p> Une installation correcte est essentielle au bon fonctionnement et \u00e0 la long\u00e9vit\u00e9 du v\u00e9rin. Ce dernier doit \u00eatre correctement align\u00e9 et fix\u00e9 \u00e0 l'aide des supports de montage appropri\u00e9s. Des proc\u00e9dures recommand\u00e9es d'inspection, de r\u00e9paration et de remplacement sont fournies afin d'optimiser sa dur\u00e9e de vie.<\/p>\n<p><img decoding=\"async\" src=\"https:\/\/hzpt.com\/wp-content\/uploads\/2024\/11\/songte-company-1.webp\" alt=\"Image de maintenance\"><\/p>\n<h2>Consid\u00e9rations relatives \u00e0 la s\u00e9curit\u00e9 et \u00e0 l'environnement<\/h2>\n<p>Les pr\u00e9cautions de s\u00e9curit\u00e9 sont primordiales lors de l'utilisation de v\u00e9rins hydrauliques. Une installation, un entretien et une utilisation corrects doivent \u00eatre respect\u00e9s afin de pr\u00e9venir tout accident. Les facteurs environnementaux tels que la temp\u00e9rature et l'humidit\u00e9 peuvent affecter les performances du v\u00e9rin et doivent \u00eatre pris en compte lors de l'installation et de l'utilisation.<\/p>\n<p><img decoding=\"async\" src=\"https:\/\/www.hydraulic-cylinders.net\/wp-content\/uploads\/2025\/01\/songte-bushings-with-all-kinds-of-excavator-models.webp\" alt=\"Image de s\u00e9curit\u00e9\"><\/p>\n<h2>D\u00e9pannage et probl\u00e8mes courants<\/h2>\n<ul>\n<li>Fuites fr\u00e9quentes\u00a0: elles peuvent \u00eatre dues \u00e0 des joints us\u00e9s ou \u00e0 des cylindres endommag\u00e9s.<\/li>\n<li>D\u00e9faillances fr\u00e9quentes des cylindres\u00a0: elles peuvent \u00eatre dues \u00e0 une installation incorrecte, un mauvais alignement ou un fonctionnement incorrect.<\/li>\n<li>Bruit anormal pendant le fonctionnement\u00a0: il peut \u00eatre caus\u00e9 par l\u2019usure ou l\u2019endommagement de composants internes tels que les roulements ou les joints d\u2019\u00e9tanch\u00e9it\u00e9.<\/li>\n<\/ul>\n<p>Un contr\u00f4le et un entretien r\u00e9guliers permettent de pr\u00e9venir ces probl\u00e8mes. Des conseils et des solutions de d\u00e9pannage sont fournis pour aider les lecteurs \u00e0 diagnostiquer et \u00e0 r\u00e9soudre les probl\u00e8mes. Des mesures pr\u00e9ventives sont recommand\u00e9es afin de minimiser les risques.<\/p>\n<p><img decoding=\"async\" src=\"https:\/\/www.hydraulic-cylinders.net\/wp-content\/uploads\/2025\/01\/songte-company-3.webp\" alt=\"Image de l&#039;entreprise\"><\/p>\n<h2>\u00c0 propos de nous<\/h2>\n<p>Nous sommes un fabricant de v\u00e9rins hydrauliques de remplacement, offrant une large gamme de produits et figurant parmi les principaux fabricants et distributeurs de v\u00e9rins hydrauliques, tant au niveau national qu'international. Attach\u00e9s \u00e0 l'excellence, nous nous appuyons sur une strat\u00e9gie de production industrialis\u00e9e au sein d'un atelier de fabrication de pointe. Gr\u00e2ce \u00e0 l'expertise de nos techniciens, \u00e0 l'utilisation d'\u00e9quipements de fabrication num\u00e9riques haut de gamme et \u00e0 des syst\u00e8mes de contr\u00f4le professionnels, nous optimisons constamment notre processus de production et, forts de notre capacit\u00e9 d'innovation, nous r\u00e9pondons avec efficacit\u00e9, pr\u00e9cision et qualit\u00e9 aux besoins vari\u00e9s de nos clients.<\/p>\n<p>Nous proposons des services personnalis\u00e9s, utilisons des produits certifi\u00e9s internationalement et fournissons des services apr\u00e8s-vente professionnels, notamment le remplacement de pi\u00e8ces et la remise en \u00e9tat, afin d'am\u00e9liorer la dur\u00e9e de vie du produit.<\/p>\n<p><img decoding=\"async\" src=\"https:\/\/www.hydraulic-cylinders.net\/wp-content\/uploads\/2025\/01\/songte-company-1.webp\" alt=\"\u00c0 propos de nous Image\"><\/p>\n<p>Auteur : lyl.<\/p>","protected":false},"excerpt":{"rendered":"<p>Bucket Cylinder For Zoomlion Middle Excavator ZE205E Introduction The bucket cylinder is a specially designed hydraulic cylinder mainly used to control the movement of the bucket in heavy machinery such as excavators, backhoe loaders, and front loaders. Its main function is to enable the bucket to lift, lower, and tilt, making it easier to handle [&hellip;]<\/p>","protected":false},"featured_media":14784,"comment_status":"open","ping_status":"closed","template":"","meta":{"_et_pb_use_builder":"","_et_pb_old_content":"","_et_gb_content_width":""},"product_brand":[],"product_cat":[1494],"product_tag":[1495,1496],"class_list":{"0":"post-15496","1":"product","2":"type-product","3":"status-publish","4":"has-post-thumbnail","6":"product_cat-bucket-cylinders","7":"product_tag-bucket-cylinders","8":"product_tag-hydraulic-cylinders","10":"first","11":"instock","12":"shipping-taxable","13":"product-type-simple"},"amp_enabled":true,"_links":{"self":[{"href":"https:\/\/www.hydraulic-cylinders.net\/fr\/wp-json\/wp\/v2\/product\/15496","targetHints":{"allow":["GET"]}}],"collection":[{"href":"https:\/\/www.hydraulic-cylinders.net\/fr\/wp-json\/wp\/v2\/product"}],"about":[{"href":"https:\/\/www.hydraulic-cylinders.net\/fr\/wp-json\/wp\/v2\/types\/product"}],"replies":[{"embeddable":true,"href":"https:\/\/www.hydraulic-cylinders.net\/fr\/wp-json\/wp\/v2\/comments?post=15496"}],"wp:featuredmedia":[{"embeddable":true,"href":"https:\/\/www.hydraulic-cylinders.net\/fr\/wp-json\/wp\/v2\/media\/14784"}],"wp:attachment":[{"href":"https:\/\/www.hydraulic-cylinders.net\/fr\/wp-json\/wp\/v2\/media?parent=15496"}],"wp:term":[{"taxonomy":"product_brand","embeddable":true,"href":"https:\/\/www.hydraulic-cylinders.net\/fr\/wp-json\/wp\/v2\/product_brand?post=15496"},{"taxonomy":"product_cat","embeddable":true,"href":"https:\/\/www.hydraulic-cylinders.net\/fr\/wp-json\/wp\/v2\/product_cat?post=15496"},{"taxonomy":"product_tag","embeddable":true,"href":"https:\/\/www.hydraulic-cylinders.net\/fr\/wp-json\/wp\/v2\/product_tag?post=15496"}],"curies":[{"name":"wp","href":"https:\/\/api.w.org\/{rel}","templated":true}]}}