{"id":15506,"date":"2025-01-19T14:36:57","date_gmt":"2025-01-19T14:36:57","guid":{"rendered":"https:\/\/www.hydraulic-cylinders.net\/product\/bucket-cylinder-for-zoomlion-large-excavator-ze520e\/"},"modified":"2025-01-19T14:36:59","modified_gmt":"2025-01-19T14:36:59","slug":"bucket-cylinder-for-zoomlion-large-excavator-ze520e","status":"publish","type":"product","link":"https:\/\/www.hydraulic-cylinders.net\/fr\/produit\/bucket-cylinder-for-zoomlion-large-excavator-ze520e\/","title":{"rendered":"V\u00e9rin de godet pour pelle hydraulique Zoomlion ZE520E"},"content":{"rendered":"<h1>V\u00e9rin de godet pour pelle hydraulique Zoomlion ZE520E<\/h1>\n<h2>Introduction<\/h2>\n<p>Le v\u00e9rin de godet de la pelle hydraulique Zoomlion ZE520E est un v\u00e9rin sp\u00e9cialement con\u00e7u pour contr\u00f4ler les mouvements du godet sur les engins de chantier tels que les pelles hydrauliques, les chargeuses-pelleteuses et les chargeuses frontales. Sa fonction principale est de permettre la lev\u00e9e, l'abaissement et l'inclinaison du godet, facilitant ainsi les op\u00e9rations de manutention. Au sein du syst\u00e8me hydraulique, le v\u00e9rin de godet contr\u00f4le avec pr\u00e9cision les mouvements du godet gr\u00e2ce \u00e0 la variation de la pression d'huile hydraulique, permettant \u00e0 l'op\u00e9rateur de manipuler efficacement des charges lourdes et de s'adapter aux environnements de travail complexes et aux exigences op\u00e9rationnelles vari\u00e9es.<\/p>\n<p><img decoding=\"async\" src=\"https:\/\/www.hydraulic-cylinders.net\/wp-content\/uploads\/2025\/01\/songte-company-2.webp\" alt=\"Cylindre de godet pour pelle hydraulique Zoomlion ZE520E\"><\/p>\n<h2>Caract\u00e9ristiques<\/h2>\n<ul>\n<li>Haute r\u00e9sistance et durabilit\u00e9 : G\u00e9n\u00e9ralement fabriqu\u00e9 en acier ou en aluminium \u00e0 haute r\u00e9sistance, il peut supporter une pression \u00e9lev\u00e9e et des charges importantes, s'adapter aux environnements de travail difficiles et est con\u00e7u pour r\u00e9sister \u00e0 l'usure et \u00e0 la corrosion afin de prolonger sa dur\u00e9e de vie.<\/li>\n<li>Fonctionnement hydraulique efficace : L'extension et la contraction en douceur sont obtenues gr\u00e2ce \u00e0 la pression de l'huile hydraulique, permettant une r\u00e9ponse rapide aux commandes, fournissant des forces de pouss\u00e9e et de traction puissantes, adapt\u00e9es \u00e0 la manutention de charges lourdes et \u00e0 des t\u00e2ches complexes.<\/li>\n<li>Diff\u00e9rents types sont disponibles\u00a0: les v\u00e9rins \u00e0 simple effet (actionnement hydraulique dans un seul sens) ou \u00e0 double effet (actionnement hydraulique dans les deux sens) peuvent \u00eatre s\u00e9lectionn\u00e9s en fonction des besoins pour r\u00e9pondre \u00e0 diff\u00e9rentes exigences op\u00e9rationnelles. Certains mod\u00e8les sont t\u00e9lescopiques, ce qui permet une plus grande extension sans augmenter les dimensions ext\u00e9rieures et convient aux applications o\u00f9 l\u2019espace est limit\u00e9.<\/li>\n<li>Rempla\u00e7ables : Nos produits peuvent parfaitement remplacer ces v\u00e9rins hydrauliques.<\/li>\n<\/ul>\n<p><img decoding=\"async\" src=\"https:\/\/www.hydraulic-cylinders.net\/wp-content\/uploads\/2025\/01\/songte-cylinder-head-with-all-kinds-excavator-models.webp\" alt=\"Cylindre de godet pour pelle hydraulique Zoomlion ZE520E\"><\/p>\n<h2>Applications<\/h2>\n<p>Le v\u00e9rin de godet pour la grande pelle hydraulique Zoomlion ZE520E peut \u00eatre utilis\u00e9 dans divers domaines, notamment\u00a0:<\/p>\n<ul>\n<li>Mat\u00e9riel de construction\u00a0: Sur les excavatrices, les v\u00e9rins sont indispensables pour creuser, charger et d\u00e9placer la terre ou les d\u00e9bris. Sur les chargeuses-pelleteuses, les v\u00e9rins du godet facilitent le creusement et le levage. <\/li>\n<li>Machines agricoles : Utilis\u00e9es pour les chargeuses frontales, pour ramasser, soulever et transporter de la terre, du foin et d'autres mat\u00e9riaux. <\/li>\n<li>Excavatrices : Les v\u00e9rins du godet permettent l'excavation en permettant au godet de p\u00e9n\u00e9trer dans le sol.<\/li>\n<li>Chargeurs : Sur les chargeurs frontaux, ils permettent de lever et d'incliner efficacement la charge.<\/li>\n<\/ul>\n<h2>Consid\u00e9rations de conception et crit\u00e8res de s\u00e9lection<\/h2>\n<p>En mati\u00e8re de conception, des facteurs cl\u00e9s tels que la capacit\u00e9 de charge, l'\u00e9tanch\u00e9it\u00e9, la durabilit\u00e9, la s\u00e9curit\u00e9 et la facilit\u00e9 d'entretien doivent \u00eatre pris en compte lors du choix du v\u00e9rin de godet. <\/p>\n<ul>\n<li>Capacit\u00e9 de charge : Le cylindre doit pouvoir r\u00e9sister \u00e0 une pression \u00e9lev\u00e9e et \u00e0 des charges importantes pour assurer un fonctionnement correct.<\/li>\n<li>\u00c9tanch\u00e9it\u00e9 : L'utilisation de divers joints, tels que les joints de piston et les joints de tige fabriqu\u00e9s \u00e0 partir de mat\u00e9riaux r\u00e9sistants \u00e0 l'usure comme le polyur\u00e9thane et le caoutchouc nitrile, peut contribuer \u00e0 pr\u00e9venir les fuites d'huile et la contamination.<\/li>\n<li>Durabilit\u00e9 : La surface du cylindre doit \u00eatre trait\u00e9e avec pr\u00e9cision afin d'am\u00e9liorer sa r\u00e9sistance \u00e0 l'usure et \u00e0 la corrosion et ainsi prolonger sa dur\u00e9e de vie.<\/li>\n<li>S\u00e9curit\u00e9 : La conception du cylindre doit permettre une utilisation en toute s\u00e9curit\u00e9, minimisant ainsi les risques d'accidents et de blessures.<\/li>\n<li>Maintenance : L'acc\u00e8s aux pi\u00e8ces essentielles doit \u00eatre facile, permettant un remplacement et une r\u00e9paration efficaces et rapides.<\/li>\n<\/ul>\n<p><img decoding=\"async\" src=\"https:\/\/www.hydraulic-cylinders.net\/wp-content\/uploads\/2025\/01\/songte-oil-pipes-and-spare-parts.webp\" alt=\"Cylindre de godet pour pelle hydraulique Zoomlion ZE520E\"><\/p>\n<h2>\u00c9tanch\u00e9it\u00e9 et lubrification<\/h2>\n<p>Le v\u00e9rin de godet de la pelle hydraulique Zoomlion ZE520E utilise divers joints d'\u00e9tanch\u00e9it\u00e9, tels que des joints de piston et de tige, fabriqu\u00e9s en mat\u00e9riaux r\u00e9sistants \u00e0 l'usure comme le polyur\u00e9thane et le caoutchouc nitrile, afin de pr\u00e9venir les fuites d'huile et la contamination. La surface du v\u00e9rin est usin\u00e9e avec pr\u00e9cision pour optimiser sa r\u00e9sistance \u00e0 l'usure et \u00e0 la corrosion et ainsi prolonger sa dur\u00e9e de vie. Une lubrification r\u00e9guli\u00e8re avec la quantit\u00e9 appropri\u00e9e d'huile hydraulique est indispensable pour \u00e9viter l'usure due au frottement et garantir un fonctionnement optimal.<\/p>\n<p><img decoding=\"async\" src=\"https:\/\/www.hydraulic-cylinders.net\/wp-content\/uploads\/2025\/01\/songte-chushion-collar.webp\" alt=\"Cylindre de godet pour pelle hydraulique Zoomlion ZE520E\"><\/p>\n<h2>Maintenance et d\u00e9pannage<\/h2>\n<p>Un entretien r\u00e9gulier est essentiel pour garantir le bon fonctionnement du v\u00e9rin de godet et prolonger sa dur\u00e9e de vie. Les t\u00e2ches d'entretien courantes comprennent des contr\u00f4les r\u00e9guliers, une lubrification appropri\u00e9e, le remplacement des joints et des v\u00e9rifications d'\u00e9talonnage. Une installation, une lubrification et un r\u00e9glage corrects sont indispensables au bon fonctionnement du v\u00e9rin. L'importance d'un alignement correct et de l'utilisation de supports de fixation adapt\u00e9s est primordiale. Des proc\u00e9dures recommand\u00e9es d'inspection, de r\u00e9paration et de remplacement sont disponibles, ainsi que des pi\u00e8ces de rechange, des services de remise en \u00e9tat et des conseils pour optimiser la dur\u00e9e de vie du v\u00e9rin. <\/p>\n<p><img decoding=\"async\" src=\"https:\/\/www.hydraulic-cylinders.net\/wp-content\/uploads\/2025\/01\/songte-bushings-with-all-kinds-of-excavator-models.webp\" alt=\"Cylindre de godet pour pelle hydraulique Zoomlion ZE520E\"><\/p>\n<h2>Consid\u00e9rations de s\u00e9curit\u00e9 et facteurs environnementaux<\/h2>\n<p>Le bon fonctionnement du v\u00e9rin de godet est essentiel et des mesures de s\u00e9curit\u00e9 doivent toujours \u00eatre prises lors de son installation, de son utilisation et de son entretien. Des inspections r\u00e9guli\u00e8res et une maintenance pr\u00e9ventive permettent de r\u00e9duire les risques de probl\u00e8mes et de garantir un fonctionnement s\u00fbr. Les facteurs environnementaux tels que la temp\u00e9rature, l'humidit\u00e9 et la nature du terrain doivent \u00eatre pris en compte pour assurer un fonctionnement optimal et \u00e9viter d'endommager le v\u00e9rin.<\/p>\n<h2>\u00c0 propos de notre entreprise<\/h2>\n<p>Nous sommes un fabricant de v\u00e9rins hydrauliques sp\u00e9cialis\u00e9 dans leur remplacement. Notre entreprise propose une gamme compl\u00e8te de produits et s'est impos\u00e9e comme l'un des principaux fabricants et distributeurs de v\u00e9rins hydrauliques sur les march\u00e9s nationaux et internationaux. Nous privil\u00e9gions l'excellence en mati\u00e8re de qualit\u00e9 et nous appuyons sur des strat\u00e9gies de gestion de la production industrielle performantes, gr\u00e2ce \u00e0 des ateliers de fabrication modernes. Nous am\u00e9liorons constamment notre plateforme de production et perfectionnons nos lignes de fabrication afin de garantir une qualit\u00e9 optimale. Notre forte capacit\u00e9 d'innovation nous permet de fournir des services efficaces, pr\u00e9cis et de haute qualit\u00e9, r\u00e9pondant ainsi aux besoins vari\u00e9s de nos clients. <\/p>\n<p><img decoding=\"async\" src=\"https:\/\/hzpt.com\/wp-content\/uploads\/2024\/11\/songte-company-1.webp\" alt=\"Cylindre de godet pour pelle hydraulique Zoomlion ZE520E\"><\/p>\n<ul>\n<li>Professionnalisme, certification internationale et services personnalis\u00e9s<\/li>\n<li>\u00c9quipements de production et service apr\u00e8s-vente<\/li>\n<\/ul>\n<p>Auteur : lyl<\/p>","protected":false},"excerpt":{"rendered":"<p>Bucket Cylinder For Zoomlion Large Excavator ZE520E Introduction The bucket cylinder for Zoomlion large excavator ZE520E is a specially designed hydraulic cylinder that is mainly used to control the movement of the bucket in heavy machinery such as excavators, backhoe loaders, and front-end loaders. Its main function is to enable the bucket to lift, lower, [&hellip;]<\/p>","protected":false},"featured_media":14761,"comment_status":"open","ping_status":"closed","template":"","meta":{"_et_pb_use_builder":"","_et_pb_old_content":"","_et_gb_content_width":""},"product_brand":[],"product_cat":[1494],"product_tag":[1495,1496],"class_list":{"0":"post-15506","1":"product","2":"type-product","3":"status-publish","4":"has-post-thumbnail","6":"product_cat-bucket-cylinders","7":"product_tag-bucket-cylinders","8":"product_tag-hydraulic-cylinders","10":"first","11":"instock","12":"shipping-taxable","13":"product-type-simple"},"amp_enabled":true,"_links":{"self":[{"href":"https:\/\/www.hydraulic-cylinders.net\/fr\/wp-json\/wp\/v2\/product\/15506","targetHints":{"allow":["GET"]}}],"collection":[{"href":"https:\/\/www.hydraulic-cylinders.net\/fr\/wp-json\/wp\/v2\/product"}],"about":[{"href":"https:\/\/www.hydraulic-cylinders.net\/fr\/wp-json\/wp\/v2\/types\/product"}],"replies":[{"embeddable":true,"href":"https:\/\/www.hydraulic-cylinders.net\/fr\/wp-json\/wp\/v2\/comments?post=15506"}],"wp:featuredmedia":[{"embeddable":true,"href":"https:\/\/www.hydraulic-cylinders.net\/fr\/wp-json\/wp\/v2\/media\/14761"}],"wp:attachment":[{"href":"https:\/\/www.hydraulic-cylinders.net\/fr\/wp-json\/wp\/v2\/media?parent=15506"}],"wp:term":[{"taxonomy":"product_brand","embeddable":true,"href":"https:\/\/www.hydraulic-cylinders.net\/fr\/wp-json\/wp\/v2\/product_brand?post=15506"},{"taxonomy":"product_cat","embeddable":true,"href":"https:\/\/www.hydraulic-cylinders.net\/fr\/wp-json\/wp\/v2\/product_cat?post=15506"},{"taxonomy":"product_tag","embeddable":true,"href":"https:\/\/www.hydraulic-cylinders.net\/fr\/wp-json\/wp\/v2\/product_tag?post=15506"}],"curies":[{"name":"wp","href":"https:\/\/api.w.org\/{rel}","templated":true}]}}