{"id":15514,"date":"2025-01-19T14:37:28","date_gmt":"2025-01-19T14:37:28","guid":{"rendered":"https:\/\/www.hydraulic-cylinders.net\/product\/bucket-cylinder-for-sunward-small-excavator-swe90e\/"},"modified":"2025-01-19T14:37:30","modified_gmt":"2025-01-19T14:37:30","slug":"bucket-cylinder-for-sunward-small-excavator-swe90e","status":"publish","type":"product","link":"https:\/\/www.hydraulic-cylinders.net\/fr\/produit\/bucket-cylinder-for-sunward-small-excavator-swe90e\/","title":{"rendered":"Cylindre de godet pour mini-pelle Sunward SWE90E"},"content":{"rendered":"<p><!DOCTYPE html><br \/>\n<html><br \/>\n<head><br \/>\n  <title>Cylindre de godet pour mini-pelle Sunward SWE90E<\/title><br \/>\n<\/head><br \/>\n<body><\/p>\n<h1>Cylindre de godet pour mini-pelle Sunward SWE90E<\/h1>\n<h2>Introduction<\/h2>\n<p>Un v\u00e9rin de godet est un v\u00e9rin hydraulique sp\u00e9cialement con\u00e7u pour contr\u00f4ler les mouvements du godet sur les engins de chantier tels que les pelles hydrauliques, les tractopelles et les chargeuses. Sa fonction principale est de permettre la lev\u00e9e, l'abaissement et l'inclinaison du godet, facilitant ainsi diverses op\u00e9rations de manutention. Dans un syst\u00e8me hydraulique, le v\u00e9rin de godet assure un contr\u00f4le pr\u00e9cis du godet gr\u00e2ce \u00e0 la variation de pression de l'huile hydraulique, permettant aux op\u00e9rateurs de manipuler efficacement des charges lourdes et de s'adapter \u00e0 des environnements de travail complexes et \u00e0 des besoins op\u00e9rationnels vari\u00e9s.<\/p>\n<p>  <img decoding=\"async\" src=\"https:\/\/www.hydraulic-cylinders.net\/wp-content\/uploads\/2025\/01\/songte-company-2.webp\" alt=\"Image du cylindre du godet\"><\/p>\n<h2>Caract\u00e9ristiques<\/h2>\n<ul>\n<li>Haute r\u00e9sistance et durabilit\u00e9\u00a0: g\u00e9n\u00e9ralement fabriqu\u00e9 en acier ou en aluminium haute r\u00e9sistance, il supporte les hautes pressions et les charges importantes, et s\u2019adapte aux environnements de travail difficiles. Sa conception tient compte de l\u2019usure et de la corrosion, ce qui prolonge sa dur\u00e9e de vie.<\/li>\n<li>Fonctionnement hydraulique efficace : Utilisation de la pression de l'huile hydraulique pour des mouvements d'extension et de r\u00e9traction fluides, capable de r\u00e9pondre rapidement aux commandes, fournissant des forces de pouss\u00e9e et de traction puissantes adapt\u00e9es \u00e0 la manutention de charges lourdes et \u00e0 des t\u00e2ches op\u00e9rationnelles complexes.<\/li>\n<li>Diff\u00e9rents types sont disponibles\u00a0: les v\u00e9rins peuvent \u00eatre choisis en version simple effet (fonctionnement hydraulique dans un seul sens) ou double effet (fonctionnement hydraulique dans les deux sens), afin de r\u00e9pondre \u00e0 diff\u00e9rents besoins op\u00e9rationnels. Certains mod\u00e8les sont t\u00e9lescopiques, ce qui permet une plus grande extension sans augmenter les dimensions ext\u00e9rieures et convient aux applications o\u00f9 l\u2019espace est limit\u00e9.<\/li>\n<li>Polyvalence d'utilisation\u00a0: Les v\u00e9rins de godet jouent un r\u00f4le essentiel dans divers engins de chantier tels que les pelles hydrauliques, les chargeuses et les r\u00e9trocaveuses. Ils participent aux op\u00e9rations d'excavation, de levage, de chargement et de d\u00e9versement effectu\u00e9es par ces machines.<\/li>\n<li>Remplacement id\u00e9al : Nos produits peuvent parfaitement remplacer ces v\u00e9rins hydrauliques. <\/li>\n<\/ul>\n<p>  <img decoding=\"async\" src=\"https:\/\/www.hydraulic-cylinders.net\/wp-content\/uploads\/2025\/01\/songte-cylinder-head-with-all-kinds-excavator-models.webp\" alt=\"Image de remplacement du v\u00e9rin de godet\"><\/p>\n<h2>Applications<\/h2>\n<h3>\u00c9quipement de construction<\/h3>\n<p>Sur les excavatrices, ils sont indispensables pour creuser, charger et d\u00e9placer la terre ou les d\u00e9bris. Sur les pelles r\u00e9trocaveuses, les v\u00e9rins du godet facilitent \u00e0 la fois le creusement et le levage. <\/p>\n<h3>machines agricoles<\/h3>\n<p>Utilis\u00e9s sur les chargeuses frontales, ils facilitent le ramassage, le levage et le transport de la terre, du foin et d'autres mat\u00e9riaux.<\/p>\n<h3>Excavateurs<\/h3>\n<p>Les v\u00e9rins de godet permettent les travaux d'excavation en permettant au godet de p\u00e9n\u00e9trer dans le sol. <\/p>\n<h3>Chargeurs<\/h3>\n<p>Sur les chargeuses frontales, elles permettent de soulever et de basculer efficacement les marchandises.<\/p>\n<p>  <img decoding=\"async\" src=\"https:\/\/www.hydraulic-cylinders.net\/wp-content\/uploads\/2025\/01\/songte-bushings-with-all-kinds-of-excavator-models.webp\" alt=\"Applications du v\u00e9rin de godet Image\"><\/p>\n<h2>Consid\u00e9rations de conception et crit\u00e8res de s\u00e9lection<\/h2>\n<ul>\n<li>Capacit\u00e9 de charge : La conception du cylindre doit prendre en compte la capacit\u00e9 de charge afin de garantir un fonctionnement efficace et s\u00fbr.<\/li>\n<li>\u00c9tanch\u00e9it\u00e9\u00a0: Diff\u00e9rents composants d\u2019\u00e9tanch\u00e9it\u00e9, tels que des joints de piston et des joints de tige en mat\u00e9riaux r\u00e9sistants \u00e0 l\u2019usure comme le polyur\u00e9thane et le caoutchouc nitrile, sont utilis\u00e9s. Le corps du cylindre et les extr\u00e9mit\u00e9s filet\u00e9es font l\u2019objet d\u2019un traitement m\u00e9ticuleux afin d\u2019am\u00e9liorer leur r\u00e9sistance \u00e0 l\u2019usure.<\/li>\n<li>Durabilit\u00e9 : La conception doit privil\u00e9gier la long\u00e9vit\u00e9, en tenant compte de facteurs tels que la r\u00e9sistance \u00e0 la corrosion et la capacit\u00e9 \u00e0 r\u00e9sister \u00e0 des conditions de travail difficiles.<\/li>\n<li>S\u00e9curit\u00e9 : Des dispositifs de s\u00e9curit\u00e9 tels que des soupapes de d\u00e9charge de pression et des directives d'installation appropri\u00e9es sont pris en compte pour garantir un fonctionnement s\u00fbr.<\/li>\n<li>Maintenance : La conception doit faciliter la maintenance et les r\u00e9parations, avec des recommandations concernant les inspections r\u00e9guli\u00e8res, la lubrification et le remplacement des joints.<\/li>\n<\/ul>\n<p>  <img decoding=\"async\" src=\"https:\/\/www.hydraulic-cylinders.net\/wp-content\/uploads\/2025\/01\/songte-oil-pipes-and-spare-parts.webp\" alt=\"Image de conception du cylindre de godet\"><\/p>\n<h2>\u00c9tanch\u00e9it\u00e9 et lubrification<\/h2>\n<p>Divers composants d'\u00e9tanch\u00e9it\u00e9, tels que les joints de piston et les joints de tige, sont utilis\u00e9s. Ces composants sont fabriqu\u00e9s dans des mat\u00e9riaux durables comme le polyur\u00e9thane et le caoutchouc nitrile pour r\u00e9sister \u00e0 l'usure. Le corps du cylindre et les extr\u00e9mit\u00e9s filet\u00e9es subissent un traitement de pr\u00e9cision afin d'am\u00e9liorer leur r\u00e9sistance \u00e0 l'usure. Une lubrification r\u00e9guli\u00e8re avec la quantit\u00e9 appropri\u00e9e d'huile hydraulique est indispensable \u00e0 un fonctionnement optimal.<\/p>\n<h2>Inspections r\u00e9guli\u00e8res et maintenance pr\u00e9ventive<\/h2>\n<p>Des inspections r\u00e9guli\u00e8res et une maintenance pr\u00e9ventive sont essentielles pour garantir la long\u00e9vit\u00e9 du v\u00e9rin du godet. Les mesures suivantes doivent \u00eatre prises\u00a0:<\/p>\n<ul>\n<li>Inspectez le cylindre pour d\u00e9tecter tout signe d'usure, de fuite ou de dommage.<\/li>\n<li>Lubrifiez correctement toutes les pi\u00e8ces mobiles.<\/li>\n<li>Remplacez r\u00e9guli\u00e8rement les joints pour maintenir des performances optimales.<\/li>\n<li>Effectuez des contr\u00f4les d\u2019\u00e9talonnage pour garantir un fonctionnement pr\u00e9cis.<\/li>\n<\/ul>\n<p>  <img decoding=\"async\" src=\"https:\/\/www.hydraulic-cylinders.net\/wp-content\/uploads\/2025\/01\/songte-chushion-collar.webp\" alt=\"Image d&#039;entretien du v\u00e9rin de godet\"><\/p>\n<h2>Consid\u00e9rations de s\u00e9curit\u00e9 et facteurs environnementaux<\/h2>\n<p>Lors de l'utilisation de v\u00e9rins de godet, il est essentiel de respecter les consignes de s\u00e9curit\u00e9 afin d'\u00e9viter les accidents et de garantir un fonctionnement s\u00fbr. Une formation ad\u00e9quate et le respect des consignes de s\u00e9curit\u00e9 sont indispensables pour minimiser les risques. Les facteurs environnementaux doivent \u00e9galement \u00eatre pris en compte, notamment l'\u00e9limination appropri\u00e9e de l'huile hydraulique usag\u00e9e et le respect de la r\u00e9glementation environnementale.<\/p>\n<h2>D\u00e9pannage et probl\u00e8mes courants<\/h2>\n<p>Les probl\u00e8mes courants pouvant survenir avec les v\u00e9rins de godet incluent les fuites, une force insuffisante et des mouvements erratiques. Pour rem\u00e9dier \u00e0 ces probl\u00e8mes\u00a0:<\/p>\n<ul>\n<li>V\u00e9rifiez la pr\u00e9sence de fuites visibles et r\u00e9parez-les rapidement.<\/li>\n<li>V\u00e9rifiez que le syst\u00e8me hydraulique pr\u00e9sente la pression et le niveau de fluide corrects.<\/li>\n<li>Inspectez et nettoyez r\u00e9guli\u00e8rement les composants du cylindre afin d'\u00e9liminer tout d\u00e9bris ou contamination.<\/li>\n<li>Si les probl\u00e8mes persistent, consultez un professionnel pour un d\u00e9pannage et des r\u00e9parations plus approfondis.<\/li>\n<\/ul>\n<p>  <img decoding=\"async\" src=\"https:\/\/hzpt.com\/wp-content\/uploads\/2024\/11\/songte-company-1.webp\" alt=\"Image de d\u00e9pannage du v\u00e9rin de godet\"><\/p>\n<h2>Pr\u00e9sentation de l'entreprise<\/h2>\n<p>  <img decoding=\"async\" src=\"https:\/\/www.hydraulic-cylinders.net\/wp-content\/uploads\/2025\/01\/songte-company-3.webp\" alt=\"Image de pr\u00e9sentation de l&#039;entreprise\"><\/p>\n<p>Nous sommes un fabricant de v\u00e9rins hydrauliques de remplacement et l'un des principaux fabricants et distributeurs en gros sur les march\u00e9s nationaux et internationaux. Gr\u00e2ce \u00e0 notre engagement envers l'excellence et \u00e0 nos strat\u00e9gies de gestion de la production industrialis\u00e9e, mises en \u0153uvre dans nos ateliers de fabrication modernes, nous am\u00e9liorons constamment nos processus de production et nos m\u00e9thodes de fabrication. Notre entreprise poss\u00e8de une forte capacit\u00e9 d'innovation et vise \u00e0 r\u00e9pondre aux besoins vari\u00e9s de ses clients avec efficacit\u00e9, pr\u00e9cision et un souci constant de la qualit\u00e9.<\/p>\n<h3>Nos points forts :<\/h3>\n<ul>\n<li>Professionnalisme<\/li>\n<li>Certifications internationales<\/li>\n<li>Services de personnalisation<\/li>\n<li>\u00e9quipement de production avanc\u00e9<\/li>\n<li>Service apr\u00e8s-vente<\/li>\n<\/ul>\n<p>Veuillez noter que l'auteur de cet article est lyl.<\/p>\n<p><\/body><br \/>\n<\/html><\/p>","protected":false},"excerpt":{"rendered":"<p>Bucket Cylinder For Sunward Small Excavator SWE90E Bucket Cylinder For Sunward Small Excavator SWE90E Introduction A bucket cylinder is a specially designed hydraulic cylinder used to control the movement of the bucket in heavy machinery such as excavators, backhoes, and loaders. Its main function is to enable the bucket to lift, lower, and tilt, making [&hellip;]<\/p>","protected":false},"featured_media":14778,"comment_status":"open","ping_status":"closed","template":"","meta":{"_et_pb_use_builder":"","_et_pb_old_content":"","_et_gb_content_width":""},"product_brand":[],"product_cat":[1494],"product_tag":[1495,1496],"class_list":{"0":"post-15514","1":"product","2":"type-product","3":"status-publish","4":"has-post-thumbnail","6":"product_cat-bucket-cylinders","7":"product_tag-bucket-cylinders","8":"product_tag-hydraulic-cylinders","10":"first","11":"instock","12":"shipping-taxable","13":"product-type-simple"},"amp_enabled":true,"_links":{"self":[{"href":"https:\/\/www.hydraulic-cylinders.net\/fr\/wp-json\/wp\/v2\/product\/15514","targetHints":{"allow":["GET"]}}],"collection":[{"href":"https:\/\/www.hydraulic-cylinders.net\/fr\/wp-json\/wp\/v2\/product"}],"about":[{"href":"https:\/\/www.hydraulic-cylinders.net\/fr\/wp-json\/wp\/v2\/types\/product"}],"replies":[{"embeddable":true,"href":"https:\/\/www.hydraulic-cylinders.net\/fr\/wp-json\/wp\/v2\/comments?post=15514"}],"wp:featuredmedia":[{"embeddable":true,"href":"https:\/\/www.hydraulic-cylinders.net\/fr\/wp-json\/wp\/v2\/media\/14778"}],"wp:attachment":[{"href":"https:\/\/www.hydraulic-cylinders.net\/fr\/wp-json\/wp\/v2\/media?parent=15514"}],"wp:term":[{"taxonomy":"product_brand","embeddable":true,"href":"https:\/\/www.hydraulic-cylinders.net\/fr\/wp-json\/wp\/v2\/product_brand?post=15514"},{"taxonomy":"product_cat","embeddable":true,"href":"https:\/\/www.hydraulic-cylinders.net\/fr\/wp-json\/wp\/v2\/product_cat?post=15514"},{"taxonomy":"product_tag","embeddable":true,"href":"https:\/\/www.hydraulic-cylinders.net\/fr\/wp-json\/wp\/v2\/product_tag?post=15514"}],"curies":[{"name":"wp","href":"https:\/\/api.w.org\/{rel}","templated":true}]}}