{"id":15516,"date":"2025-01-19T14:37:35","date_gmt":"2025-01-19T14:37:35","guid":{"rendered":"https:\/\/www.hydraulic-cylinders.net\/product\/bucket-cylinder-for-sunward-small-excavator-swe60e\/"},"modified":"2025-01-19T14:37:43","modified_gmt":"2025-01-19T14:37:43","slug":"bucket-cylinder-for-sunward-small-excavator-swe60e","status":"publish","type":"product","link":"https:\/\/www.hydraulic-cylinders.net\/fr\/produit\/bucket-cylinder-for-sunward-small-excavator-swe60e\/","title":{"rendered":"Cylindre de godet pour mini-pelle Sunward SWE60E"},"content":{"rendered":"<h1>Cylindre de godet pour mini-pelle Sunward SWE60E<\/h1>\n<h2>Introduction<\/h2>\n<p>Le v\u00e9rin de godet de la mini-pelle Sunward SWE60E est un v\u00e9rin hydraulique sp\u00e9cialement con\u00e7u pour commander les mouvements du godet sur les engins de chantier tels que les pelles hydrauliques, les chargeuses-pelleteuses et les chargeuses frontales. Sa fonction principale est de faciliter la lev\u00e9e, l'abaissement et l'inclinaison du godet pour diverses op\u00e9rations de manutention. Au sein du syst\u00e8me hydraulique, le v\u00e9rin de godet assure un contr\u00f4le pr\u00e9cis du godet gr\u00e2ce aux variations de pression de l'huile hydraulique, permettant ainsi aux op\u00e9rateurs de manipuler efficacement des charges lourdes et de s'adapter \u00e0 des environnements de travail complexes et \u00e0 des exigences vari\u00e9es.<\/p>\n<p><img decoding=\"async\" src=\"https:\/\/www.hydraulic-cylinders.net\/wp-content\/uploads\/2025\/01\/songte-company-2.webp\" alt=\"Image du cylindre du godet\"><\/p>\n<h2>Caract\u00e9ristiques<\/h2>\n<ul>\n<li>Haute r\u00e9sistance et durabilit\u00e9\u00a0: g\u00e9n\u00e9ralement fabriqu\u00e9 en acier ou en aluminium haute r\u00e9sistance, le v\u00e9rin du godet supporte les hautes pressions et les charges importantes, s\u2019adaptant ainsi aux environnements de travail difficiles. Sa conception prend \u00e9galement en compte la r\u00e9sistance \u00e0 l\u2019usure et \u00e0 la corrosion afin d\u2019en prolonger la dur\u00e9e de vie.<\/li>\n<li>Fonctionnement hydraulique efficace\u00a0: gr\u00e2ce \u00e0 la pression de l\u2019huile hydraulique, le v\u00e9rin du godet permet des mouvements d\u2019extension et de r\u00e9traction fluides, r\u00e9pondant rapidement aux commandes et fournissant des forces de pouss\u00e9e et de traction puissantes, ce qui le rend adapt\u00e9 \u00e0 la manutention de charges lourdes et \u00e0 des t\u00e2ches complexes.<\/li>\n<li>Diff\u00e9rents types\u00a0: Le v\u00e9rin du godet peut \u00eatre choisi en version simple effet (pression hydraulique unidirectionnelle) ou double effet (pression hydraulique bidirectionnelle), selon les besoins. Certains mod\u00e8les sont t\u00e9lescopiques, ce qui permet une plus grande extension sans augmenter les dimensions ext\u00e9rieures et les rend adapt\u00e9s aux applications dans des espaces restreints.<\/li>\n<li>Remplacement parfait : notre produit peut parfaitement remplacer ces v\u00e9rins hydrauliques.<\/li>\n<\/ul>\n<p><img decoding=\"async\" src=\"https:\/\/www.hydraulic-cylinders.net\/wp-content\/uploads\/2025\/01\/songte-cylinder-head-with-all-kinds-excavator-models.webp\" alt=\"Image d&#039;application du cylindre de godet\"><\/p>\n<h2>Applications<\/h2>\n<p>Le v\u00e9rin \u00e0 godet trouve ses applications dans divers \u00e9quipements\u00a0:<\/p>\n<ul>\n<li>Mat\u00e9riel de construction\u00a0: Le v\u00e9rin du godet joue un r\u00f4le essentiel dans les excavatrices pour creuser, charger et d\u00e9placer la terre ou les d\u00e9bris. Dans les chargeuses-pelleteuses, il contribue \u00e0 la fois au creusement et au levage.<\/li>\n<li>Machines agricoles : utilis\u00e9es dans les chargeurs frontaux pour ramasser, soulever et transporter de la terre, du foin et d'autres mat\u00e9riaux.<\/li>\n<li>Excavateurs : Le v\u00e9rin de godet permet les actions de creusement en permettant au godet de p\u00e9n\u00e9trer le sol.<\/li>\n<li>Chargeurs : Sur les chargeurs frontaux, ils facilitent le levage et le basculement efficaces des marchandises.<\/li>\n<\/ul>\n<h2>Consid\u00e9rations de conception et crit\u00e8res de s\u00e9lection<\/h2>\n<p>Lors de la conception des v\u00e9rins de godet, plusieurs facteurs cl\u00e9s sont pris en compte\u00a0:<\/p>\n<ul>\n<li>Capacit\u00e9 de charge : La conception du cylindre garantit sa capacit\u00e9 \u00e0 supporter les charges pr\u00e9vues.<\/li>\n<li>\u00c9tanch\u00e9it\u00e9 : Diff\u00e9rents composants d'\u00e9tanch\u00e9it\u00e9, tels que les joints de piston et les joints de tige, sont utilis\u00e9s pour assurer une \u00e9tanch\u00e9it\u00e9 correcte et \u00e9viter les fuites.<\/li>\n<li>Durabilit\u00e9 : Le corps du cylindre et les extr\u00e9mit\u00e9s filet\u00e9es subissent un traitement soign\u00e9 pour am\u00e9liorer la r\u00e9sistance \u00e0 l'usure.<\/li>\n<li>S\u00e9curit\u00e9 : Des dispositifs de s\u00e9curit\u00e9 sont mis en \u0153uvre pour pr\u00e9venir les accidents pendant le fonctionnement.<\/li>\n<li>Facilit\u00e9 d'entretien : La conception prend en compte la facilit\u00e9 d'entretien et de r\u00e9paration.<\/li>\n<\/ul>\n<p><img decoding=\"async\" src=\"https:\/\/www.hydraulic-cylinders.net\/wp-content\/uploads\/2025\/01\/songte-oil-pipes-and-spare-parts.webp\" alt=\"Image de conception du cylindre de godet\"><\/p>\n<h2>\u00c9tanch\u00e9it\u00e9 et lubrification<\/h2>\n<p>Le v\u00e9rin du godet utilise diff\u00e9rents joints, tels que des joints de piston et des joints de tige, fabriqu\u00e9s en mat\u00e9riaux r\u00e9sistants \u00e0 l'usure comme le polyur\u00e9thane et le caoutchouc nitrile. Le corps du v\u00e9rin et les extr\u00e9mit\u00e9s filet\u00e9es b\u00e9n\u00e9ficient d'un traitement de surface optimis\u00e9 pour une meilleure r\u00e9sistance \u00e0 l'usure. Une lubrification r\u00e9guli\u00e8re avec la quantit\u00e9 appropri\u00e9e d'huile hydraulique est indispensable \u00e0 un fonctionnement optimal.<\/p>\n<h2>Inspection r\u00e9guli\u00e8re et maintenance pr\u00e9ventive<\/h2>\n<p>Les mesures r\u00e9guli\u00e8res d'inspection et de maintenance pr\u00e9ventive comprennent\u00a0:<\/p>\n<ul>\n<li>V\u00e9rifier tout signe d'usure ou de dommage<\/li>\n<li>Lubrification ad\u00e9quate<\/li>\n<li>Remplacer les joints lorsque cela est n\u00e9cessaire<\/li>\n<li>Contr\u00f4les d'\u00e9talonnage<\/li>\n<\/ul>\n<p><img decoding=\"async\" src=\"https:\/\/www.hydraulic-cylinders.net\/wp-content\/uploads\/2025\/01\/songte-chushion-collar.webp\" alt=\"Image d&#039;entretien du v\u00e9rin de godet\"><\/p>\n<h2>Consid\u00e9rations de s\u00e9curit\u00e9 et facteurs environnementaux<\/h2>\n<p>Lors de l'utilisation du v\u00e9rin \u00e0 godet, il est important de respecter les mesures de s\u00e9curit\u00e9 afin de pr\u00e9venir les accidents et de prendre en compte les facteurs environnementaux afin de minimiser l'impact sur l'environnement.<\/p>\n<h2>D\u00e9pannage et probl\u00e8mes courants<\/h2>\n<p>Voici quelques probl\u00e8mes courants pouvant survenir avec le v\u00e9rin du godet\u00a0:<\/p>\n<ul>\n<li>Fuite<\/li>\n<li>Mouvements lents ou sans r\u00e9action<\/li>\n<li>Bruit excessif<\/li>\n<\/ul>\n<p>Pour diagnostiquer et r\u00e9soudre ces probl\u00e8mes, il est important de suivre les \u00e9tapes de d\u00e9pannage appropri\u00e9es et de mettre en \u0153uvre des mesures pr\u00e9ventives afin de minimiser les probl\u00e8mes potentiels.<\/p>\n<p><img decoding=\"async\" src=\"https:\/\/www.hydraulic-cylinders.net\/wp-content\/uploads\/2025\/01\/songte-bushings-with-all-kinds-of-excavator-models.webp\" alt=\"Image de d\u00e9pannage du v\u00e9rin de godet\"><\/p>\n<h2>\u00c0 propos de notre entreprise<\/h2>\n<p>Nous sommes un fabricant de v\u00e9rins hydrauliques de remplacement et proposons une large gamme de produits. Nous figurons parmi les principaux fabricants et grossistes de v\u00e9rins hydrauliques sur les march\u00e9s nationaux et internationaux. Notre entreprise s'appuie sur les principes d'excellence et de gestion de production industrialis\u00e9e, gr\u00e2ce \u00e0 un atelier de fabrication sophistiqu\u00e9, des techniciens qualifi\u00e9s, des \u00e9quipements de production num\u00e9rique de pointe et des syst\u00e8mes de contr\u00f4le professionnels. Nous am\u00e9liorons constamment notre plateforme de production, optimisons nos processus de fabrication et cultivons une forte capacit\u00e9 d'innovation. Notre objectif est de r\u00e9pondre aux besoins vari\u00e9s de nos clients en leur fournissant des produits performants, pr\u00e9cis et de haute qualit\u00e9.<\/p>\n<p><img decoding=\"async\" src=\"https:\/\/www.hydraulic-cylinders.net\/wp-content\/uploads\/2025\/01\/songte-company-3.webp\" alt=\"Image de l&#039;entreprise\"><\/p>\n<p>Notre entreprise se distingue par son professionnalisme, ses certifications internationales, ses services personnalis\u00e9s, ses \u00e9quipements de production et son service apr\u00e8s-vente.<\/p>\n<p>Auteur : lyl<\/p>","protected":false},"excerpt":{"rendered":"<p>Bucket Cylinder For Sunward Small Excavator SWE60E Introduction The bucket cylinder for Sunward small excavator SWE60E is a specially designed hydraulic cylinder used to control the movement of the bucket in heavy machinery such as excavators, backhoe loaders, and front-end loaders. Its main function is to facilitate the lifting, lowering, and tilting of the bucket [&hellip;]<\/p>","protected":false},"featured_media":14773,"comment_status":"open","ping_status":"closed","template":"","meta":{"_et_pb_use_builder":"","_et_pb_old_content":"","_et_gb_content_width":""},"product_brand":[],"product_cat":[1494],"product_tag":[1495,1496],"class_list":{"0":"post-15516","1":"product","2":"type-product","3":"status-publish","4":"has-post-thumbnail","6":"product_cat-bucket-cylinders","7":"product_tag-bucket-cylinders","8":"product_tag-hydraulic-cylinders","10":"first","11":"instock","12":"shipping-taxable","13":"product-type-simple"},"amp_enabled":true,"_links":{"self":[{"href":"https:\/\/www.hydraulic-cylinders.net\/fr\/wp-json\/wp\/v2\/product\/15516","targetHints":{"allow":["GET"]}}],"collection":[{"href":"https:\/\/www.hydraulic-cylinders.net\/fr\/wp-json\/wp\/v2\/product"}],"about":[{"href":"https:\/\/www.hydraulic-cylinders.net\/fr\/wp-json\/wp\/v2\/types\/product"}],"replies":[{"embeddable":true,"href":"https:\/\/www.hydraulic-cylinders.net\/fr\/wp-json\/wp\/v2\/comments?post=15516"}],"wp:featuredmedia":[{"embeddable":true,"href":"https:\/\/www.hydraulic-cylinders.net\/fr\/wp-json\/wp\/v2\/media\/14773"}],"wp:attachment":[{"href":"https:\/\/www.hydraulic-cylinders.net\/fr\/wp-json\/wp\/v2\/media?parent=15516"}],"wp:term":[{"taxonomy":"product_brand","embeddable":true,"href":"https:\/\/www.hydraulic-cylinders.net\/fr\/wp-json\/wp\/v2\/product_brand?post=15516"},{"taxonomy":"product_cat","embeddable":true,"href":"https:\/\/www.hydraulic-cylinders.net\/fr\/wp-json\/wp\/v2\/product_cat?post=15516"},{"taxonomy":"product_tag","embeddable":true,"href":"https:\/\/www.hydraulic-cylinders.net\/fr\/wp-json\/wp\/v2\/product_tag?post=15516"}],"curies":[{"name":"wp","href":"https:\/\/api.w.org\/{rel}","templated":true}]}}