{"id":15520,"date":"2025-01-19T14:37:58","date_gmt":"2025-01-19T14:37:58","guid":{"rendered":"https:\/\/www.hydraulic-cylinders.net\/product\/bucket-cylinder-for-sunward-middle-excavator-swe26olc\/"},"modified":"2025-01-19T14:38:00","modified_gmt":"2025-01-19T14:38:00","slug":"bucket-cylinder-for-sunward-middle-excavator-swe26olc","status":"publish","type":"product","link":"https:\/\/www.hydraulic-cylinders.net\/fr\/produit\/bucket-cylinder-for-sunward-middle-excavator-swe26olc\/","title":{"rendered":"V\u00e9rin de godet pour pelle hydraulique Sunward Middle SWE26OLC"},"content":{"rendered":"<h1>V\u00e9rin de godet pour pelle hydraulique Sunward Middle SWE26OLC<\/h1>\n<h2>Introduction<\/h2>\n<p>Un v\u00e9rin de godet est un v\u00e9rin hydraulique sp\u00e9cialement con\u00e7u pour contr\u00f4ler les mouvements des godets sur les engins de chantier tels que les pelles hydrauliques, les chargeuses-pelleteuses et les chargeuses frontales. Sa fonction principale est de permettre la lev\u00e9e, l'abaissement et l'inclinaison du godet, facilitant ainsi diverses op\u00e9rations de manutention. Au sein du syst\u00e8me hydraulique, le v\u00e9rin de godet assure un contr\u00f4le pr\u00e9cis des mouvements du godet en modulant la pression de l'huile hydraulique, permettant aux op\u00e9rateurs de manipuler efficacement des charges lourdes et de s'adapter \u00e0 des environnements de travail complexes et \u00e0 des exigences vari\u00e9es.<\/p>\n<p><img decoding=\"async\" src=\"https:\/\/www.hydraulic-cylinders.net\/wp-content\/uploads\/2025\/01\/songte-company-2.webp\" alt=\"Image du cylindre du godet\"><\/p>\n<h2>Caract\u00e9ristiques<\/h2>\n<ul>\n<li>Haute r\u00e9sistance et durabilit\u00e9 : G\u00e9n\u00e9ralement fabriqu\u00e9 en acier ou en aluminium \u00e0 haute r\u00e9sistance, il peut supporter une pression \u00e9lev\u00e9e et des charges importantes, s'adapter aux environnements de travail difficiles et est con\u00e7u pour r\u00e9sister \u00e0 l'usure et \u00e0 la corrosion afin de prolonger sa dur\u00e9e de vie.<\/li>\n<li>Fonctionnement hydraulique efficace : utilise la pression de l'huile hydraulique pour assurer une extension et une r\u00e9traction en douceur, r\u00e9pond rapidement aux commandes, fournit des forces de pouss\u00e9e et de traction puissantes et convient \u00e0 la manutention d'objets lourds et aux t\u00e2ches complexes.<\/li>\n<li>Plusieurs types disponibles\u00a0: Il est possible de choisir des v\u00e9rins simple effet (fonctionnement hydraulique dans un seul sens) ou double effet (fonctionnement hydraulique dans les deux sens) selon les besoins, afin de r\u00e9pondre \u00e0 diff\u00e9rentes exigences de fonctionnement. Certains mod\u00e8les sont t\u00e9lescopiques, ce qui permet une plus grande extension sans augmenter les dimensions ext\u00e9rieures et les rend adapt\u00e9s aux applications o\u00f9 l\u2019espace est limit\u00e9.<\/li>\n<li>Production : Notre entreprise peut fabriquer ce produit, qui peut parfaitement remplacer ces v\u00e9rins hydrauliques.<\/li>\n<\/ul>\n<p><img decoding=\"async\" src=\"https:\/\/www.hydraulic-cylinders.net\/wp-content\/uploads\/2025\/01\/songte-cylinder-head-with-all-kinds-excavator-models.webp\" alt=\"Image de remplacement du v\u00e9rin de godet\"><\/p>\n<h2>Applications<\/h2>\n<p>Le v\u00e9rin \u00e0 godet a diverses applications dans diff\u00e9rentes industries, telles que\u00a0:<\/p>\n<ul>\n<li>Mat\u00e9riel de construction\u00a0: Sur les excavatrices, les v\u00e9rins sont essentiels pour creuser, charger et d\u00e9placer la terre ou les d\u00e9bris. Sur les pelles r\u00e9tro, le v\u00e9rin du godet contribue \u00e0 la fois au creusement et au levage. <\/li>\n<li>Machines agricoles : Utilis\u00e9es pour les chargeuses frontales, pour ramasser, soulever et transporter la terre, le foin et autres mat\u00e9riaux. <\/li>\n<li>Excavatrices : Le v\u00e9rin du godet assure l'action de creusement en permettant au godet de p\u00e9n\u00e9trer dans le sol. <\/li>\n<li>Chargeuses frontales : Les chargeuses frontales permettent de soulever et d'incliner efficacement les marchandises.<\/li>\n<\/ul>\n<p>Le v\u00e9rin \u00e0 godet peut \u00eatre utilis\u00e9 pour diverses t\u00e2ches dans diff\u00e9rents secteurs d'activit\u00e9, ce qui en fait un \u00e9quipement polyvalent.<\/p>\n<h2>Consid\u00e9rations de conception et crit\u00e8res de s\u00e9lection<\/h2>\n<p>La conception des v\u00e9rins de godet prend en compte la capacit\u00e9 de charge, l'\u00e9tanch\u00e9it\u00e9, la durabilit\u00e9, la s\u00e9curit\u00e9 et la facilit\u00e9 d'entretien. Nos v\u00e9rins sont con\u00e7us pour supporter des charges importantes et b\u00e9n\u00e9ficient d'une \u00e9tanch\u00e9it\u00e9 optimale pour pr\u00e9venir les fuites et garantir une longue dur\u00e9e de vie. Fabriqu\u00e9s \u00e0 partir de mat\u00e9riaux r\u00e9sistants, ils sont con\u00e7us dans un souci constant de s\u00e9curit\u00e9 et de facilit\u00e9 d'entretien. <\/p>\n<p>Parmi les crit\u00e8res de s\u00e9lection des v\u00e9rins de godet figurent l'al\u00e9sage et la course du v\u00e9rin, la pression et la plage de temp\u00e9ratures de fonctionnement, ainsi que l'encombrement. Nos produits offrent un large \u00e9ventail de sp\u00e9cifications pour r\u00e9pondre \u00e0 diff\u00e9rents besoins.<\/p>\n<p><img decoding=\"async\" src=\"https:\/\/www.hydraulic-cylinders.net\/wp-content\/uploads\/2025\/01\/songte-oil-pipes-and-spare-parts.webp\" alt=\"Image des pi\u00e8ces de rechange pour v\u00e9rin de godet\"><\/p>\n<h2>\u00c9tanch\u00e9it\u00e9 et lubrification<\/h2>\n<p>Nos v\u00e9rins de godet utilisent diff\u00e9rents types de joints (joints de piston, joints de tige, etc.) fabriqu\u00e9s en mat\u00e9riaux r\u00e9sistants \u00e0 l'usure tels que le polyur\u00e9thane et le caoutchouc nitrile. Le corps du v\u00e9rin et la surface d'extr\u00e9mit\u00e9 du filetage sont usin\u00e9s avec pr\u00e9cision pour une meilleure r\u00e9sistance \u00e0 l'usure. Une lubrification r\u00e9guli\u00e8re avec une huile hydraulique adapt\u00e9e est indispensable \u00e0 un fonctionnement optimal.<\/p>\n<h2>Entretien et r\u00e9paration<\/h2>\n<p>L'entretien courant des v\u00e9rins de godet comprend des inspections r\u00e9guli\u00e8res, une lubrification appropri\u00e9e, le remplacement des joints et des contr\u00f4les d'\u00e9talonnage. Une installation, une lubrification et un r\u00e9glage corrects sont essentiels pour garantir leur long\u00e9vit\u00e9. Lors de l'installation, un alignement pr\u00e9cis du v\u00e9rin est indispensable, et des supports de fixation adapt\u00e9s doivent \u00eatre utilis\u00e9s pour le maintenir en place. Nous recommandons des proc\u00e9dures r\u00e9guli\u00e8res d'inspection, de r\u00e9paration et de remplacement afin d'optimiser la dur\u00e9e de vie des v\u00e9rins de godet.<\/p>\n<p><img decoding=\"async\" src=\"https:\/\/www.hydraulic-cylinders.net\/wp-content\/uploads\/2025\/01\/songte-chushion-collar.webp\" alt=\"Image des pi\u00e8ces de rechange pour v\u00e9rin de godet\"><\/p>\n<h2>Consid\u00e9rations de s\u00e9curit\u00e9 et facteurs environnementaux<\/h2>\n<p>Les mesures de s\u00e9curit\u00e9 relatives aux v\u00e9rins de godet comprennent une installation, un entretien et un fonctionnement corrects afin de pr\u00e9venir les accidents. Les facteurs environnementaux tels que la temp\u00e9rature, l'humidit\u00e9 et les contaminants peuvent affecter les performances des v\u00e9rins de godet\u00a0; des mesures appropri\u00e9es doivent donc \u00eatre prises pour y rem\u00e9dier.<\/p>\n<h2>D\u00e9pannage et probl\u00e8mes courants<\/h2>\n<p>Les probl\u00e8mes courants rencontr\u00e9s avec les v\u00e9rins de godet incluent les fuites, une puissance insuffisante et des bruits anormaux. En cas de probl\u00e8me, il est recommand\u00e9 de consulter un technicien qualifi\u00e9. Un entretien et une inspection r\u00e9guliers permettent de pr\u00e9venir ces dysfonctionnements.<\/p>\n<p><img decoding=\"async\" src=\"https:\/\/www.hydraulic-cylinders.net\/wp-content\/uploads\/2025\/01\/songte-bushings-with-all-kinds-of-excavator-models.webp\" alt=\"Image de la bague du v\u00e9rin de godet\"><\/p>\n<h2>\u00c0 propos de notre entreprise<\/h2>\n<p>Nous sommes un fabricant de v\u00e9rins hydrauliques de remplacement et proposons une gamme compl\u00e8te de produits. Leader dans la fabrication et la distribution de v\u00e9rins hydrauliques sur les march\u00e9s nationaux et internationaux, nous privil\u00e9gions l'excellence et nous appuyons sur des strat\u00e9gies de production industrialis\u00e9es au sein d'ateliers modernes. Notre objectif est d'am\u00e9liorer constamment notre plateforme de production, de perfectionner nos lignes de fabrication et de d\u00e9velopper une forte capacit\u00e9 d'innovation afin de r\u00e9pondre efficacement, pr\u00e9cis\u00e9ment et avec une qualit\u00e9 irr\u00e9prochable aux besoins vari\u00e9s de nos clients. <\/p>\n<p>Nous offrons \u00e0 nos clients des services professionnels, des certifications internationales, des services personnalis\u00e9s, des \u00e9quipements de production de pointe et un service apr\u00e8s-vente.<\/p>\n<p><img decoding=\"async\" src=\"https:\/\/hzpt.com\/wp-content\/uploads\/2024\/11\/songte-company-1.webp\" alt=\"Image de l&#039;entreprise\"><\/p>\n<p>Auteur : lyl.<\/p>","protected":false},"excerpt":{"rendered":"<p>Bucket Cylinder For Sunward Middle Excavator SWE26OLC Introduction A bucket cylinder is a specially designed hydraulic cylinder mainly used for controlling the movement of buckets in heavy machinery such as excavators, backhoe excavators, and front-end loaders. Its main function is to enable the bucket to lift, lower, and tilt, thus facilitating various material handling tasks. [&hellip;]<\/p>","protected":false},"featured_media":14762,"comment_status":"open","ping_status":"closed","template":"","meta":{"_et_pb_use_builder":"","_et_pb_old_content":"","_et_gb_content_width":""},"product_brand":[],"product_cat":[1494],"product_tag":[1495,1496],"class_list":{"0":"post-15520","1":"product","2":"type-product","3":"status-publish","4":"has-post-thumbnail","6":"product_cat-bucket-cylinders","7":"product_tag-bucket-cylinders","8":"product_tag-hydraulic-cylinders","10":"first","11":"instock","12":"shipping-taxable","13":"product-type-simple"},"amp_enabled":true,"_links":{"self":[{"href":"https:\/\/www.hydraulic-cylinders.net\/fr\/wp-json\/wp\/v2\/product\/15520","targetHints":{"allow":["GET"]}}],"collection":[{"href":"https:\/\/www.hydraulic-cylinders.net\/fr\/wp-json\/wp\/v2\/product"}],"about":[{"href":"https:\/\/www.hydraulic-cylinders.net\/fr\/wp-json\/wp\/v2\/types\/product"}],"replies":[{"embeddable":true,"href":"https:\/\/www.hydraulic-cylinders.net\/fr\/wp-json\/wp\/v2\/comments?post=15520"}],"wp:featuredmedia":[{"embeddable":true,"href":"https:\/\/www.hydraulic-cylinders.net\/fr\/wp-json\/wp\/v2\/media\/14762"}],"wp:attachment":[{"href":"https:\/\/www.hydraulic-cylinders.net\/fr\/wp-json\/wp\/v2\/media?parent=15520"}],"wp:term":[{"taxonomy":"product_brand","embeddable":true,"href":"https:\/\/www.hydraulic-cylinders.net\/fr\/wp-json\/wp\/v2\/product_brand?post=15520"},{"taxonomy":"product_cat","embeddable":true,"href":"https:\/\/www.hydraulic-cylinders.net\/fr\/wp-json\/wp\/v2\/product_cat?post=15520"},{"taxonomy":"product_tag","embeddable":true,"href":"https:\/\/www.hydraulic-cylinders.net\/fr\/wp-json\/wp\/v2\/product_tag?post=15520"}],"curies":[{"name":"wp","href":"https:\/\/api.w.org\/{rel}","templated":true}]}}