{"id":15531,"date":"2025-01-19T14:38:49","date_gmt":"2025-01-19T14:38:49","guid":{"rendered":"https:\/\/www.hydraulic-cylinders.net\/product\/bucket-cylinder-for-sunward-hybrid-excavator-swe230s\/"},"modified":"2025-01-19T14:38:51","modified_gmt":"2025-01-19T14:38:51","slug":"bucket-cylinder-for-sunward-hybrid-excavator-swe230s","status":"publish","type":"product","link":"https:\/\/www.hydraulic-cylinders.net\/fr\/produit\/bucket-cylinder-for-sunward-hybrid-excavator-swe230s\/","title":{"rendered":"Cylindre de godet pour pelle hybride Sunward SWE230S"},"content":{"rendered":"<h1>Cylindre de godet pour pelle hybride Sunward SWE230S<\/h1>\n<h2>Introduction<\/h2>\n<p>Le v\u00e9rin de godet, \u00e9galement appel\u00e9 v\u00e9rin hydraulique, est un v\u00e9rin sp\u00e9cialis\u00e9 con\u00e7u pour contr\u00f4ler les mouvements du godet sur les engins de chantier tels que les pelles hydrauliques, les tractopelles et les chargeuses frontales. Sa fonction principale est de permettre la lev\u00e9e, l'abaissement et l'inclinaison du godet, facilitant ainsi la manutention de divers mat\u00e9riaux. Dans un syst\u00e8me hydraulique, le v\u00e9rin de godet assure un contr\u00f4le pr\u00e9cis des mouvements du godet gr\u00e2ce \u00e0 la variation de la pression d'huile hydraulique, permettant aux op\u00e9rateurs de manipuler efficacement des charges lourdes et de s'adapter \u00e0 des environnements de travail complexes et \u00e0 des exigences vari\u00e9es.<\/p>\n<p><img decoding=\"async\" src=\"https:\/\/www.hydraulic-cylinders.net\/wp-content\/uploads\/2025\/01\/songte-company-2.webp\" alt=\"Image du cylindre du godet\"><\/p>\n<h2>Caract\u00e9ristiques<\/h2>\n<ul>\n<li>\n<h3>Haute r\u00e9sistance et durabilit\u00e9<\/h3>\n<p>Le v\u00e9rin du godet est g\u00e9n\u00e9ralement fabriqu\u00e9 en acier haute r\u00e9sistance ou en aluminium, ce qui lui permet de supporter une pression \u00e9lev\u00e9e et des charges importantes, et sa conception prend en compte la r\u00e9sistance \u00e0 l'usure et \u00e0 la corrosion afin de prolonger sa dur\u00e9e de vie.<\/p>\n<\/li>\n<li>\n<h3>Fonctionnement hydraulique efficace<\/h3>\n<p>Le v\u00e9rin du godet utilise la pression de l'huile hydraulique pour assurer un mouvement t\u00e9lescopique fluide, ce qui permet une r\u00e9ponse rapide aux commandes, une force de pouss\u00e9e et de traction puissante, et le rend adapt\u00e9 \u00e0 la manutention de charges lourdes et \u00e0 des t\u00e2ches complexes.<\/p>\n<\/li>\n<li>\n<h3>Une multitude de types<\/h3>\n<p>Le v\u00e9rin du godet peut \u00eatre choisi en version simple effet (actionnement hydraulique dans un seul sens) ou double effet (actionnement hydraulique dans les deux sens) afin de r\u00e9pondre aux diff\u00e9rentes exigences op\u00e9rationnelles. Certains mod\u00e8les sont t\u00e9lescopiques, ce qui permet une plus grande extension sans augmenter les dimensions ext\u00e9rieures et les rend particuli\u00e8rement adapt\u00e9s aux applications \u00e0 espace restreint.<\/p>\n<\/li>\n<li>\n<h3>Remplacement pour autres v\u00e9rins hydrauliques<\/h3>\n<p>Notre produit peut parfaitement remplacer ces v\u00e9rins hydrauliques, offrant un service de haute qualit\u00e9 \u00e0 moindre co\u00fbt.<\/p>\n<\/li>\n<\/ul>\n<p><img decoding=\"async\" src=\"https:\/\/www.hydraulic-cylinders.net\/wp-content\/uploads\/2025\/01\/songte-cylinder-head-with-all-kinds-excavator-models.webp\" alt=\"Image de remplacement du v\u00e9rin de godet\"><\/p>\n<h2>Applications<\/h2>\n<p>Le v\u00e9rin \u00e0 godet est largement utilis\u00e9 dans diverses machines et \u00e9quipements lourds\u00a0:<\/p>\n<ul>\n<li>\n<h3>Mat\u00e9riel de construction<\/h3>\n<p>Pr\u00e9sents sur les excavatrices, ils sont indispensables pour creuser, charger et d\u00e9placer la terre ou les d\u00e9bris. Sur les pelles r\u00e9trocaveuses, le v\u00e9rin du godet contribue \u00e0 la fois \u00e0 l'excavation et au levage. <\/p>\n<\/li>\n<li>\n<h3>machines agricoles<\/h3>\n<p>Utilis\u00e9 sur les chargeuses frontales pour ramasser, soulever et transporter de la terre, du foin et d'autres mat\u00e9riaux. Sur les pelles hydrauliques, le v\u00e9rin du godet permet de creuser en autorisant la p\u00e9n\u00e9tration du godet dans le sol.<\/p>\n<\/li>\n<li>\n<h3>\u00c9quipement de chargement<\/h3>\n<p>Sur les chargeuses frontales, elles permettent de soulever et d'incliner efficacement les marchandises.<\/p>\n<\/li>\n<\/ul>\n<h2>Consid\u00e9rations de conception et crit\u00e8res de s\u00e9lection<\/h2>\n<p>Lors du choix et de la conception des v\u00e9rins de godet, les facteurs suivants doivent \u00eatre pris en compte\u00a0:<\/p>\n<ul>\n<li>\n<h3>capacit\u00e9 de charge<\/h3>\n<p>Le v\u00e9rin du godet doit pouvoir supporter le poids de la charge qu'il transporte, ainsi que r\u00e9sister aux forces ext\u00e9rieures telles que l'acc\u00e9l\u00e9ration, les chocs et les vibrations.<\/p>\n<\/li>\n<li>\n<h3>Scellage<\/h3>\n<p>Le v\u00e9rin du godet doit \u00eatre con\u00e7u avec une \u00e9tanch\u00e9it\u00e9 efficace afin d'\u00e9viter les fuites d'huile hydraulique et de minimiser l'usure de ses composants. L'utilisation de mat\u00e9riaux r\u00e9sistants \u00e0 l'usure, tels que le polyur\u00e9thane et le caoutchouc nitrile, pour les joints de piston et de tige est recommand\u00e9e. Le corps du v\u00e9rin et les surfaces filet\u00e9es doivent \u00eatre soigneusement trait\u00e9s pour am\u00e9liorer leur r\u00e9sistance \u00e0 l'usure. Un appoint r\u00e9gulier d'huile hydraulique, en quantit\u00e9 appropri\u00e9e, est n\u00e9cessaire pour la lubrification.<\/p>\n<\/li>\n<li>\n<h3>Durabilit\u00e9<\/h3>\n<p>Le v\u00e9rin du godet doit r\u00e9sister aux environnements de travail difficiles, \u00e0 la corrosion et avoir une longue dur\u00e9e de vie. L'utilisation de mat\u00e9riaux \u00e0 haute r\u00e9sistance, un traitement thermique soign\u00e9 et un usinage de pr\u00e9cision permettent d'accro\u00eetre sa durabilit\u00e9.<\/p>\n<\/li>\n<li>\n<h3>S\u00e9curit\u00e9 et entretien<\/h3>\n<p>Le v\u00e9rin du godet doit \u00eatre con\u00e7u avec des dispositifs de s\u00e9curit\u00e9, tels que des soupapes d'arr\u00eat d'urgence et une protection contre les surcharges, afin de garantir un fonctionnement s\u00fbr. Un contr\u00f4le et un entretien r\u00e9guliers sont n\u00e9cessaires pour assurer son bon fonctionnement et pour d\u00e9tecter et corriger les probl\u00e8mes potentiels avant qu'ils ne s'aggravent. Le remplacement des pi\u00e8ces us\u00e9es et les services de remise en \u00e9tat sont recommand\u00e9s pour prolonger la dur\u00e9e de vie du v\u00e9rin.<\/p>\n<\/li>\n<\/ul>\n<p><img decoding=\"async\" src=\"https:\/\/www.hydraulic-cylinders.net\/wp-content\/uploads\/2025\/01\/songte-oil-pipes-and-spare-parts.webp\" alt=\"Image des pi\u00e8ces du v\u00e9rin de godet\"><\/p>\n<h2>Guide d'installation<\/h2>\n<p>Une installation correcte du v\u00e9rin de godet est essentielle pour garantir un fonctionnement s\u00fbr et efficace. Les consignes suivantes doivent \u00eatre respect\u00e9es\u00a0:<\/p>\n<ul>\n<li>\n<h3>Alignez correctement le cylindre<\/h3>\n<p>Alignez le cylindre et les supports de montage pour garantir une position d'installation correcte.<\/p>\n<\/li>\n<li>\n<h3>Utilisez les supports de montage appropri\u00e9s.<\/h3>\n<p>Utilisez les supports de montage appropri\u00e9s pour fixer le cylindre en place.<\/p>\n<\/li>\n<li>\n<h3>Inspection et entretien r\u00e9guliers<\/h3>\n<p>Effectuer des inspections et un entretien r\u00e9guliers, y compris la lubrification, le remplacement des joints et les contr\u00f4les d'\u00e9talonnage, afin d'assurer le bon fonctionnement du v\u00e9rin du godet.<\/p>\n<\/li>\n<\/ul>\n<p><img decoding=\"async\" src=\"https:\/\/www.hydraulic-cylinders.net\/wp-content\/uploads\/2025\/01\/songte-chushion-collar.webp\" alt=\"Image d&#039;installation du v\u00e9rin de godet\"><\/p>\n<h2>Consid\u00e9rations de s\u00e9curit\u00e9 et facteurs environnementaux<\/h2>\n<p>Lors de l'utilisation du v\u00e9rin de godet, des mesures de s\u00e9curit\u00e9 doivent \u00eatre prises afin d'\u00e9viter les accidents et les blessures. Un usage et un entretien appropri\u00e9s du v\u00e9rin permettent \u00e9galement de r\u00e9duire son impact environnemental.<\/p>\n<h2>D\u00e9pannage et probl\u00e8mes courants<\/h2>\n<p>Les probl\u00e8mes courants li\u00e9s au v\u00e9rin de godet comprennent les fuites d'huile, l'endommagement du corps du v\u00e9rin, du piston, de la tige et des joints, ainsi que le dysfonctionnement du syst\u00e8me hydraulique. Un diagnostic et une r\u00e9paration doivent \u00eatre effectu\u00e9s au plus vite afin de pr\u00e9venir d'autres dommages et d'\u00e9viter les accidents.<\/p>\n<h2>Conclusion<\/h2>\n<p>Notre entreprise est un fabricant et grossiste de premier plan de v\u00e9rins hydrauliques sur les march\u00e9s nationaux et internationaux. Nous proposons une large gamme de produits d'excellente qualit\u00e9 et nous nous effor\u00e7ons de fournir des produits et services performants, pr\u00e9cis et de haute qualit\u00e9 afin de r\u00e9pondre aux besoins vari\u00e9s de nos clients.<\/p>\n<p><img decoding=\"async\" src=\"https:\/\/hzpt.com\/wp-content\/uploads\/2024\/11\/songte-company-1.webp\" alt=\"Image de la soci\u00e9t\u00e9 Bucket Cylinder\"><\/p>\n<h3>Auteur : lyl<\/h3>","protected":false},"excerpt":{"rendered":"<p>Bucket Cylinder For Sunward Hybrid Excavator SWE230S Introduction The bucket cylinder, also known as a hydraulic cylinder, is a specialized cylinder designed to control the movement of the bucket in heavy machinery such as excavators, backhoes, and front loaders. Its main function is to enable the bucket to lift, lower, and tilt, making it easier [&hellip;]<\/p>","protected":false},"featured_media":14773,"comment_status":"open","ping_status":"closed","template":"","meta":{"_et_pb_use_builder":"","_et_pb_old_content":"","_et_gb_content_width":""},"product_brand":[],"product_cat":[1494],"product_tag":[1495,1496],"class_list":{"0":"post-15531","1":"product","2":"type-product","3":"status-publish","4":"has-post-thumbnail","6":"product_cat-bucket-cylinders","7":"product_tag-bucket-cylinders","8":"product_tag-hydraulic-cylinders","10":"first","11":"instock","12":"shipping-taxable","13":"product-type-simple"},"amp_enabled":true,"_links":{"self":[{"href":"https:\/\/www.hydraulic-cylinders.net\/fr\/wp-json\/wp\/v2\/product\/15531","targetHints":{"allow":["GET"]}}],"collection":[{"href":"https:\/\/www.hydraulic-cylinders.net\/fr\/wp-json\/wp\/v2\/product"}],"about":[{"href":"https:\/\/www.hydraulic-cylinders.net\/fr\/wp-json\/wp\/v2\/types\/product"}],"replies":[{"embeddable":true,"href":"https:\/\/www.hydraulic-cylinders.net\/fr\/wp-json\/wp\/v2\/comments?post=15531"}],"wp:featuredmedia":[{"embeddable":true,"href":"https:\/\/www.hydraulic-cylinders.net\/fr\/wp-json\/wp\/v2\/media\/14773"}],"wp:attachment":[{"href":"https:\/\/www.hydraulic-cylinders.net\/fr\/wp-json\/wp\/v2\/media?parent=15531"}],"wp:term":[{"taxonomy":"product_brand","embeddable":true,"href":"https:\/\/www.hydraulic-cylinders.net\/fr\/wp-json\/wp\/v2\/product_brand?post=15531"},{"taxonomy":"product_cat","embeddable":true,"href":"https:\/\/www.hydraulic-cylinders.net\/fr\/wp-json\/wp\/v2\/product_cat?post=15531"},{"taxonomy":"product_tag","embeddable":true,"href":"https:\/\/www.hydraulic-cylinders.net\/fr\/wp-json\/wp\/v2\/product_tag?post=15531"}],"curies":[{"name":"wp","href":"https:\/\/api.w.org\/{rel}","templated":true}]}}