{"id":15533,"date":"2025-01-19T14:38:57","date_gmt":"2025-01-19T14:38:57","guid":{"rendered":"https:\/\/www.hydraulic-cylinders.net\/product\/bucket-cylinder-for-lishide-small-excavator-sc60-6\/"},"modified":"2025-01-19T14:39:03","modified_gmt":"2025-01-19T14:39:03","slug":"bucket-cylinder-for-lishide-small-excavator-sc60-6","status":"publish","type":"product","link":"https:\/\/www.hydraulic-cylinders.net\/fr\/produit\/bucket-cylinder-for-lishide-small-excavator-sc60-6\/","title":{"rendered":"Cylindre de godet pour mini-pelle Lishide SC60.6"},"content":{"rendered":"<h1>Cylindre de godet pour mini-pelle Lishide SC60.6<\/h1>\n<h2>Introduction<\/h2>\n<p>Le v\u00e9rin de godet de la mini-pelle Lishide SC60.6 est un v\u00e9rin hydraulique sp\u00e9cialement con\u00e7u pour commander les mouvements du godet sur les engins de chantier tels que les pelles hydrauliques, les chargeuses-pelleteuses et les chargeuses frontales. Sa fonction principale est de permettre la lev\u00e9e, l'abaissement et l'inclinaison du godet, facilitant ainsi la manutention de divers mat\u00e9riaux. Au sein du syst\u00e8me hydraulique, le v\u00e9rin de godet assure un contr\u00f4le pr\u00e9cis du godet gr\u00e2ce aux variations de pression de l'huile hydraulique, permettant aux op\u00e9rateurs de manipuler efficacement des charges lourdes et de s'adapter \u00e0 des environnements de travail complexes et \u00e0 des exigences vari\u00e9es.<\/p>\n<p><img decoding=\"async\" src=\"https:\/\/www.hydraulic-cylinders.net\/wp-content\/uploads\/2025\/01\/songte-company-2.webp\"><\/p>\n<h2>Caract\u00e9ristiques<\/h2>\n<ul>\n<li><strong>Haute r\u00e9sistance et durabilit\u00e9 :<\/strong> G\u00e9n\u00e9ralement fabriqu\u00e9 en acier haute r\u00e9sistance ou en aluminium, le v\u00e9rin de godet est capable de supporter des pressions et des charges \u00e9lev\u00e9es, s'adaptant ainsi aux environnements de travail difficiles. Sa conception prend en compte la r\u00e9sistance \u00e0 l'usure et \u00e0 la corrosion, prolongeant sa dur\u00e9e de vie.<\/li>\n<li><strong>Fonctionnement hydraulique efficace :<\/strong> En utilisant la pression de l'huile hydraulique, le v\u00e9rin du godet assure des mouvements d'extension et de r\u00e9traction fluides, permettant une r\u00e9ponse rapide aux commandes et fournissant des forces de pouss\u00e9e et de traction puissantes, adapt\u00e9es \u00e0 la manutention de charges lourdes et \u00e0 des t\u00e2ches complexes.<\/li>\n<li><strong>Diff\u00e9rents types :<\/strong> Le v\u00e9rin du godet peut \u00eatre choisi en version simple effet (actionnement hydraulique dans un seul sens) ou double effet (actionnement hydraulique dans les deux sens), selon les besoins op\u00e9rationnels. Certains mod\u00e8les sont t\u00e9lescopiques, ce qui permet une plus grande extension sans augmenter les dimensions ext\u00e9rieures et les rend adapt\u00e9s aux applications \u00e0 espace restreint.<\/li>\n<\/ul>\n<p><img decoding=\"async\" src=\"https:\/\/www.hydraulic-cylinders.net\/wp-content\/uploads\/2025\/01\/songte-cylinder-head-with-all-kinds-excavator-models.webp\"><\/p>\n<h2>Applications<\/h2>\n<p>Le v\u00e9rin \u00e0 godet trouve des applications dans diff\u00e9rents types d'\u00e9quipements\u00a0:<\/p>\n<ul>\n<li><strong>\u00c9quipement de construction :<\/strong> Indispensable aux excavatrices pour creuser, charger et d\u00e9placer la terre ou les d\u00e9bris, le v\u00e9rin du godet, sur les chargeuses-pelleteuses, contribue \u00e0 la fois au creusement et au levage.<\/li>\n<li><strong>Machines agricoles :<\/strong> Utilis\u00e9 dans les chargeurs frontaux pour ramasser, soulever et transporter de la terre, du foin et d'autres mat\u00e9riaux.<\/li>\n<li><strong>Excavateurs:<\/strong> Le v\u00e9rin du godet permet des actions de creusement en permettant au godet de p\u00e9n\u00e9trer le sol.<\/li>\n<li><strong>Chargeuses frontales :<\/strong> Dans les chargeuses frontales, elles contribuent \u00e0 soulever et \u00e0 incliner efficacement les marchandises.<\/li>\n<\/ul>\n<h2>Consid\u00e9rations de conception et crit\u00e8res de s\u00e9lection<\/h2>\n<p>Lors de la conception des v\u00e9rins de godet, plusieurs aspects sont pris en compte\u00a0:<\/p>\n<ul>\n<li><strong>Capacit\u00e9 de charge :<\/strong> Le v\u00e9rin du godet est con\u00e7u pour r\u00e9sister aux exigences de charge sp\u00e9cifiques de l'\u00e9quipement dans lequel il est utilis\u00e9.<\/li>\n<li><strong>Scellage:<\/strong> Divers composants d'\u00e9tanch\u00e9it\u00e9, tels que les joints de piston et les joints de tige, sont utilis\u00e9s pour assurer une \u00e9tanch\u00e9it\u00e9 efficace et pr\u00e9venir les fuites d'huile.<\/li>\n<li><strong>Durabilit\u00e9:<\/strong> Le corps et les extr\u00e9mit\u00e9s filet\u00e9es du cylindre subissent un traitement m\u00e9ticuleux afin d'am\u00e9liorer leur r\u00e9sistance \u00e0 l'usure.<\/li>\n<\/ul>\n<p><img decoding=\"async\" src=\"https:\/\/www.hydraulic-cylinders.net\/wp-content\/uploads\/2025\/01\/songte-oil-pipes-and-spare-parts.webp\"><\/p>\n<h2>\u00c9tanch\u00e9it\u00e9 et lubrification<\/h2>\n<p>Le v\u00e9rin du godet utilise diff\u00e9rents types de joints, notamment en polyur\u00e9thane et en caoutchouc nitrile, mat\u00e9riaux r\u00e9sistants \u00e0 l'usure. Le corps du v\u00e9rin et les surfaces d'extr\u00e9mit\u00e9 filet\u00e9es b\u00e9n\u00e9ficient d'un traitement de surface optimis\u00e9 pour une meilleure r\u00e9sistance \u00e0 l'usure. Une lubrification r\u00e9guli\u00e8re avec la quantit\u00e9 appropri\u00e9e d'huile hydraulique est indispensable \u00e0 un fonctionnement optimal.<\/p>\n<h2>Inspection r\u00e9guli\u00e8re et maintenance pr\u00e9ventive<\/h2>\n<p>Pour garantir des performances optimales et une longue dur\u00e9e de vie au v\u00e9rin du godet, des inspections r\u00e9guli\u00e8res et une maintenance pr\u00e9ventive sont indispensables. Voici quelques mesures \u00e0 prendre\u00a0:<\/p>\n<ul>\n<li>V\u00e9rifier tout signe d'usure ou de dommage<\/li>\n<li>Appliquer une lubrification appropri\u00e9e<\/li>\n<li>Remplacer les joints lorsque cela est n\u00e9cessaire<\/li>\n<li>Effectuer des contr\u00f4les d'\u00e9talonnage<\/li>\n<\/ul>\n<p><img decoding=\"async\" src=\"https:\/\/www.hydraulic-cylinders.net\/wp-content\/uploads\/2025\/01\/songte-chushion-collar.webp\"><\/p>\n<h2>Consid\u00e9rations de s\u00e9curit\u00e9 et facteurs environnementaux<\/h2>\n<p>Lors de l'utilisation du v\u00e9rin de godet, il est crucial de respecter les mesures de s\u00e9curit\u00e9 afin de pr\u00e9venir les accidents et de garantir un environnement de travail s\u00fbr.<\/p>\n<h2>D\u00e9pannage et probl\u00e8mes courants<\/h2>\n<p>En cas de probl\u00e8me, il est important de le diagnostiquer et de le r\u00e9soudre rapidement. Voici quelques conseils et solutions de d\u00e9pannage courants\u00a0:<\/p>\n<h2>T\u00e2ches de maintenance<\/h2>\n<p>Les t\u00e2ches d'entretien r\u00e9gulier du v\u00e9rin du godet comprennent\u00a0:<\/p>\n<ul>\n<li>inspections r\u00e9guli\u00e8res<\/li>\n<li>Lubrification ad\u00e9quate<\/li>\n<li>remplacement des joints<\/li>\n<li>Contr\u00f4les d'\u00e9talonnage<\/li>\n<\/ul>\n<p><img decoding=\"async\" src=\"https:\/\/www.hydraulic-cylinders.net\/wp-content\/uploads\/2025\/01\/songte-bushings-with-all-kinds-of-excavator-models.webp\"><\/p>\n<h2>\u00c0 propos de notre entreprise<\/h2>\n<p>Nous sommes un fabricant et distributeur de premier plan de v\u00e9rins hydrauliques sur les march\u00e9s nationaux et internationaux. Forts d'une vaste gamme de produits, nous nous engageons \u00e0 fournir une qualit\u00e9 irr\u00e9prochable et mettons en \u0153uvre des strat\u00e9gies de gestion de la production industrielle au sein de notre atelier de fabrication ultramoderne. Nous am\u00e9liorons constamment notre plateforme de production, nos processus de fabrication et nos processus de production, et nous poss\u00e9dons une forte capacit\u00e9 d'innovation. Nos principes d'efficacit\u00e9, de pr\u00e9cision et de qualit\u00e9 nous permettent de r\u00e9pondre aux divers besoins de nos clients.<\/p>\n<p><img decoding=\"async\" src=\"https:\/\/www.hydraulic-cylinders.net\/wp-content\/uploads\/2025\/01\/songte-company-3.webp\"><\/p>\n<p>Notre entreprise se distingue par :<\/p>\n<ul>\n<li>Comp\u00e9tence<\/li>\n<li>Certifications internationales<\/li>\n<li>Services de personnalisation<\/li>\n<li>\u00c9quipement de production<\/li>\n<li>Services apr\u00e8s-vente<\/li>\n<\/ul>\n<p>Auteur : lyl<\/p>","protected":false},"excerpt":{"rendered":"<p>Bucket Cylinder For Lishide Small Excavator SC60.6 Introduction The bucket cylinder for Lishide small excavator SC60.6 is a specially designed hydraulic cylinder used to control the movement of the bucket in heavy machinery such as excavators, backhoe loaders, and front-end loaders. Its main function is to enable the lifting, lowering, and tilting of the bucket, [&hellip;]<\/p>","protected":false},"featured_media":14769,"comment_status":"open","ping_status":"closed","template":"","meta":{"_et_pb_use_builder":"","_et_pb_old_content":"","_et_gb_content_width":""},"product_brand":[],"product_cat":[1494],"product_tag":[1495,1496],"class_list":{"0":"post-15533","1":"product","2":"type-product","3":"status-publish","4":"has-post-thumbnail","6":"product_cat-bucket-cylinders","7":"product_tag-bucket-cylinders","8":"product_tag-hydraulic-cylinders","10":"first","11":"instock","12":"shipping-taxable","13":"product-type-simple"},"amp_enabled":true,"_links":{"self":[{"href":"https:\/\/www.hydraulic-cylinders.net\/fr\/wp-json\/wp\/v2\/product\/15533","targetHints":{"allow":["GET"]}}],"collection":[{"href":"https:\/\/www.hydraulic-cylinders.net\/fr\/wp-json\/wp\/v2\/product"}],"about":[{"href":"https:\/\/www.hydraulic-cylinders.net\/fr\/wp-json\/wp\/v2\/types\/product"}],"replies":[{"embeddable":true,"href":"https:\/\/www.hydraulic-cylinders.net\/fr\/wp-json\/wp\/v2\/comments?post=15533"}],"wp:featuredmedia":[{"embeddable":true,"href":"https:\/\/www.hydraulic-cylinders.net\/fr\/wp-json\/wp\/v2\/media\/14769"}],"wp:attachment":[{"href":"https:\/\/www.hydraulic-cylinders.net\/fr\/wp-json\/wp\/v2\/media?parent=15533"}],"wp:term":[{"taxonomy":"product_brand","embeddable":true,"href":"https:\/\/www.hydraulic-cylinders.net\/fr\/wp-json\/wp\/v2\/product_brand?post=15533"},{"taxonomy":"product_cat","embeddable":true,"href":"https:\/\/www.hydraulic-cylinders.net\/fr\/wp-json\/wp\/v2\/product_cat?post=15533"},{"taxonomy":"product_tag","embeddable":true,"href":"https:\/\/www.hydraulic-cylinders.net\/fr\/wp-json\/wp\/v2\/product_tag?post=15533"}],"curies":[{"name":"wp","href":"https:\/\/api.w.org\/{rel}","templated":true}]}}