{"id":15544,"date":"2025-01-19T14:39:51","date_gmt":"2025-01-19T14:39:51","guid":{"rendered":"https:\/\/www.hydraulic-cylinders.net\/product\/bucket-cylinder-for-lishide-large-excavator-sc300-8\/"},"modified":"2025-01-19T14:39:53","modified_gmt":"2025-01-19T14:39:53","slug":"bucket-cylinder-for-lishide-large-excavator-sc300-8","status":"publish","type":"product","link":"https:\/\/www.hydraulic-cylinders.net\/fr\/produit\/bucket-cylinder-for-lishide-large-excavator-sc300-8\/","title":{"rendered":"Cylindre de godet pour pelle hydraulique Lishide SC300.8"},"content":{"rendered":"<h1>Cylindre de godet pour pelle hydraulique Lishide SC300.8<\/h1>\n<h2>Introduction<\/h2>\n<p>Le v\u00e9rin de godet de la pelle hydraulique Lishide SC300.8 est un v\u00e9rin sp\u00e9cialement con\u00e7u pour commander les mouvements du godet sur les engins de chantier tels que les pelles hydrauliques, les pelles r\u00e9tro et les chargeuses frontales. Sa fonction principale est de permettre la lev\u00e9e, l'abaissement et l'inclinaison du godet, facilitant ainsi diverses op\u00e9rations de manutention. Au sein du syst\u00e8me hydraulique, le v\u00e9rin de godet contr\u00f4le avec pr\u00e9cision les mouvements du godet gr\u00e2ce \u00e0 la variation de la pression d'huile hydraulique, permettant aux op\u00e9rateurs de manipuler efficacement des charges lourdes et de s'adapter \u00e0 des environnements de travail complexes et \u00e0 des exigences vari\u00e9es.<\/p>\n<p><img decoding=\"async\" src=\"https:\/\/www.hydraulic-cylinders.net\/wp-content\/uploads\/2025\/01\/songte-company-2.webp\" alt=\"Cylindre de godet pour pelle hydraulique Lishide SC300.8\"><\/p>\n<h2>Caract\u00e9ristiques<\/h2>\n<ul>\n<li>Haute r\u00e9sistance et durabilit\u00e9 : G\u00e9n\u00e9ralement fabriqu\u00e9 en acier ou en aluminium \u00e0 haute r\u00e9sistance, le v\u00e9rin du godet peut supporter une pression \u00e9lev\u00e9e et des charges importantes, s'adapter aux environnements de travail difficiles et prendre en compte la r\u00e9sistance \u00e0 l'usure et \u00e0 la corrosion dans sa conception, prolongeant ainsi sa dur\u00e9e de vie.<\/li>\n<li>Fonctionnement hydraulique efficace\u00a0: l\u2019extension et la contraction en douceur sont obtenues gr\u00e2ce \u00e0 l\u2019utilisation de la pression de l\u2019huile hydraulique, permettant une r\u00e9ponse rapide aux commandes, fournissant des forces de pouss\u00e9e et de traction puissantes et adapt\u00e9es \u00e0 la manutention de charges lourdes et \u00e0 des t\u00e2ches complexes.<\/li>\n<li>Diff\u00e9rents types de v\u00e9rins sont disponibles\u00a0: \u00e0 simple effet (fonctionnant dans un seul sens) ou \u00e0 double effet (fonctionnant dans les deux sens), ils peuvent \u00eatre s\u00e9lectionn\u00e9s en fonction des besoins et des exigences op\u00e9rationnelles. Certains mod\u00e8les sont t\u00e9lescopiques, ce qui permet une plus grande extension sans augmenter l\u2019encombrement ext\u00e9rieur et convient aux espaces restreints.<\/li>\n<li>Interchangeable avec d'autres v\u00e9rins hydrauliques : Notre produit peut parfaitement remplacer ces v\u00e9rins hydrauliques. <\/li>\n<\/ul>\n<p><img decoding=\"async\" src=\"https:\/\/www.hydraulic-cylinders.net\/wp-content\/uploads\/2025\/01\/songte-cylinder-head-with-all-kinds-excavator-models.webp\" alt=\"Cylindre de godet pour pelle hydraulique Lishide SC300.8\"><\/p>\n<h2>Applications<\/h2>\n<p>Le v\u00e9rin de godet pour la grande pelle hydraulique Lishide SC300.8 est largement utilis\u00e9 dans divers engins de chantier, notamment\u00a0:<\/p>\n<ul>\n<li>Mat\u00e9riel de construction\u00a0: Sur les excavatrices, les v\u00e9rins sont indispensables pour creuser, charger et d\u00e9placer la terre ou les d\u00e9bris. Sur les pelles r\u00e9tro, le v\u00e9rin du godet facilite \u00e0 la fois le creusement et le levage. <\/li>\n<li>Machines agricoles : Utilis\u00e9es dans les chargeuses frontales pour ramasser, soulever et transporter la terre, le foin et autres mat\u00e9riaux.<\/li>\n<li>Excavatrices : Le v\u00e9rin du godet assure l'action de creusement en permettant au godet de p\u00e9n\u00e9trer dans le sol.<\/li>\n<li>Chargeuses : Sur les chargeuses frontales, elles permettent de lever et de d\u00e9charger efficacement la cargaison.<\/li>\n<\/ul>\n<h2>Consid\u00e9rations de conception et crit\u00e8res de s\u00e9lection<\/h2>\n<p>Le v\u00e9rin de godet de la grande pelle hydraulique Lishide SC300.8 a \u00e9t\u00e9 con\u00e7u en tenant compte des consid\u00e9rations suivantes\u00a0:<\/p>\n<ul>\n<li>Capacit\u00e9 de charge : Le cylindre doit pouvoir supporter des charges importantes.<\/li>\n<li>\u00c9tanch\u00e9it\u00e9 : Le cylindre doit \u00eatre parfaitement \u00e9tanche afin d'\u00e9viter les fuites de fluide hydraulique.<\/li>\n<li>Durabilit\u00e9 : Le cylindre doit \u00eatre fabriqu\u00e9 \u00e0 partir de mat\u00e9riaux durables pour r\u00e9sister \u00e0 l'usure dans des conditions difficiles.<\/li>\n<li>S\u00e9curit\u00e9 : Le cylindre doit \u00eatre con\u00e7u et fabriqu\u00e9 de mani\u00e8re \u00e0 respecter les normes de s\u00e9curit\u00e9 et \u00e0 garantir la s\u00e9curit\u00e9 de l'op\u00e9rateur.<\/li>\n<li>Facilit\u00e9 d'entretien : Le v\u00e9rin doit \u00eatre con\u00e7u de mani\u00e8re \u00e0 faciliter son entretien afin de minimiser les temps d'arr\u00eat et de r\u00e9duire les co\u00fbts de maintenance.<\/li>\n<\/ul>\n<p><img decoding=\"async\" src=\"https:\/\/www.hydraulic-cylinders.net\/wp-content\/uploads\/2025\/01\/songte-oil-pipes-and-spare-parts.webp\" alt=\"Cylindre de godet pour pelle hydraulique Lishide SC300.8\"><\/p>\n<h2>\u00c9tanch\u00e9it\u00e9 et lubrification<\/h2>\n<p>Le v\u00e9rin de godet de la pelle hydraulique Lishide SC300.8 utilise divers joints d'\u00e9tanch\u00e9it\u00e9, notamment des joints de piston et de tige en mat\u00e9riaux r\u00e9sistants \u00e0 l'usure comme le polyur\u00e9thane et le caoutchouc nitrile. Le corps du v\u00e9rin et les extr\u00e9mit\u00e9s filet\u00e9es sont usin\u00e9s avec pr\u00e9cision pour une meilleure r\u00e9sistance \u00e0 l'usure. Un appoint r\u00e9gulier d'huile hydraulique est n\u00e9cessaire pour garantir un fonctionnement optimal et une lubrification efficace.<\/p>\n<h2>Entretien<\/h2>\n<p>Des inspections r\u00e9guli\u00e8res et des mesures de maintenance pr\u00e9ventive sont essentielles pour garantir le bon fonctionnement du v\u00e9rin de godet de la pelle hydraulique Lishide SC300.8. Trois op\u00e9rations de maintenance courantes sont \u00e0 effectuer\u00a0:<\/p>\n<ul>\n<li>Inspection r\u00e9guli\u00e8re\u00a0: inspectez r\u00e9guli\u00e8rement le cylindre pour d\u00e9tecter tout dommage, usure ou fuite.<\/li>\n<li>Lubrification ad\u00e9quate\u00a0: Appliquez r\u00e9guli\u00e8rement de la graisse ou de l\u2019huile sur la tige de piston, les joints et les garnitures pour assurer un fonctionnement fluide et \u00e9viter les fuites.<\/li>\n<li>Remplacement des joints et v\u00e9rification de l'\u00e9talonnage\u00a0: Remplacez les joints si n\u00e9cessaire et v\u00e9rifiez l'\u00e9talonnage pour assurer un bon fonctionnement.<\/li>\n<\/ul>\n<p><img decoding=\"async\" src=\"https:\/\/www.hydraulic-cylinders.net\/wp-content\/uploads\/2025\/01\/songte-chushion-collar.webp\" alt=\"Cylindre de godet pour pelle hydraulique Lishide SC300.8\"><\/p>\n<h2>Consid\u00e9rations relatives \u00e0 la s\u00e9curit\u00e9 et \u00e0 l'environnement<\/h2>\n<p>Lors de l'utilisation du v\u00e9rin de godet de la pelle hydraulique Lishide SC300.8, il est imp\u00e9ratif de respecter les consignes de s\u00e9curit\u00e9 afin de garantir la s\u00e9curit\u00e9 des op\u00e9rateurs et du personnel. Il convient \u00e9galement de prendre en compte les facteurs environnementaux, tels que l'\u00e9limination appropri\u00e9e de l'huile hydraulique et la v\u00e9rification de la propret\u00e9 du v\u00e9rin afin de pr\u00e9venir tout dommage environnemental.<\/p>\n<h2>Diagnostic et d\u00e9pannage des pannes<\/h2>\n<p>Les d\u00e9fauts courants du v\u00e9rin de godet de la pelle hydraulique Lishide SC300.8 incluent les fuites, les probl\u00e8mes d'\u00e9tanch\u00e9it\u00e9 et les bruits anormaux. Un diagnostic pr\u00e9cis et des techniques de d\u00e9pannage efficaces sont essentiels pour identifier et corriger rapidement ces probl\u00e8mes afin de minimiser les temps d'arr\u00eat et les co\u00fbts de r\u00e9paration.<\/p>\n<h2>\u00c0 propos de nous<\/h2>\n<p>Nous sommes un fabricant de v\u00e9rins hydrauliques et un acteur majeur de la production et de la distribution sur les march\u00e9s nationaux et internationaux. Notre priorit\u00e9 est l'excellence, et nous nous appuyons sur des strat\u00e9gies de gestion de la production industrielle performantes au sein d'ateliers de fabrication de pointe. Nous am\u00e9liorons constamment notre plateforme de production, optimisons nos processus de fabrication et disposons d'une forte capacit\u00e9 d'innovation. Nous r\u00e9pondons aux exigences vari\u00e9es de nos clients gr\u00e2ce \u00e0 notre approche ax\u00e9e sur l'efficacit\u00e9, la pr\u00e9cision et la qualit\u00e9.<\/p>\n<p><img decoding=\"async\" src=\"https:\/\/hzpt.com\/wp-content\/uploads\/2024\/11\/songte-company-1.webp\" alt=\"Cylindre de godet pour pelle hydraulique Lishide SC300.8\"><\/p>\n<h3>Notre professionnalisme<\/h3>\n<p>Notre personnel technique, nos \u00e9quipements de fabrication num\u00e9rique haut de gamme et nos syst\u00e8mes de test professionnels nous permettent de r\u00e9pondre aux diverses exigences de nos clients gr\u00e2ce \u00e0 notre gamme compl\u00e8te de produits.<\/p>\n<h3>Certification internationale<\/h3>\n<p>Nous avons obtenu des certifications internationales telles que l'ISO 9001, l'ISO 14001 et l'OHSAS 18001, garantissant la qualit\u00e9 et la s\u00e9curit\u00e9 de nos produits et services.<\/p>\n<h3>Services de personnalisation<\/h3>\n<p>Nous proposons \u00e0 nos clients des services de personnalisation sur mesure, adaptables \u00e0 leurs besoins sp\u00e9cifiques.<\/p>\n<h3>\u00c9quipement de production<\/h3>\n<p>Nous disposons d'\u00e9quipements de production de pointe, notamment des machines-outils \u00e0 commande num\u00e9rique, des machines \u00e0 souder automatiques et des bancs d'essai hydrauliques, qui garantissent la pr\u00e9cision et la qualit\u00e9 de nos produits.<\/p>\n<h3>Service apr\u00e8s-vente<\/h3>\n<p>Notre \u00e9quipe de service apr\u00e8s-vente fournit aux clients des solutions rapides et efficaces \u00e0 tous les probl\u00e8mes qu'ils rencontrent, garantissant ainsi leur satisfaction.<\/p>\n<h4>Auteur : lyl.<\/h4>","protected":false},"excerpt":{"rendered":"<p>Bucket Cylinder For Lishide Large Excavator SC300.8 Introduction The bucket cylinder for Lishide large excavator SC300.8 is a specially designed hydraulic cylinder mainly used for controlling the movement of the bucket in heavy equipment such as excavators, backhoe excavators, and front-end loaders. Its main function is to enable the bucket to be lifted, lowered, and [&hellip;]<\/p>","protected":false},"featured_media":14778,"comment_status":"open","ping_status":"closed","template":"","meta":{"_et_pb_use_builder":"","_et_pb_old_content":"","_et_gb_content_width":""},"product_brand":[],"product_cat":[1494],"product_tag":[1495,1496],"class_list":{"0":"post-15544","1":"product","2":"type-product","3":"status-publish","4":"has-post-thumbnail","6":"product_cat-bucket-cylinders","7":"product_tag-bucket-cylinders","8":"product_tag-hydraulic-cylinders","10":"first","11":"instock","12":"shipping-taxable","13":"product-type-simple"},"amp_enabled":true,"_links":{"self":[{"href":"https:\/\/www.hydraulic-cylinders.net\/fr\/wp-json\/wp\/v2\/product\/15544","targetHints":{"allow":["GET"]}}],"collection":[{"href":"https:\/\/www.hydraulic-cylinders.net\/fr\/wp-json\/wp\/v2\/product"}],"about":[{"href":"https:\/\/www.hydraulic-cylinders.net\/fr\/wp-json\/wp\/v2\/types\/product"}],"replies":[{"embeddable":true,"href":"https:\/\/www.hydraulic-cylinders.net\/fr\/wp-json\/wp\/v2\/comments?post=15544"}],"wp:featuredmedia":[{"embeddable":true,"href":"https:\/\/www.hydraulic-cylinders.net\/fr\/wp-json\/wp\/v2\/media\/14778"}],"wp:attachment":[{"href":"https:\/\/www.hydraulic-cylinders.net\/fr\/wp-json\/wp\/v2\/media?parent=15544"}],"wp:term":[{"taxonomy":"product_brand","embeddable":true,"href":"https:\/\/www.hydraulic-cylinders.net\/fr\/wp-json\/wp\/v2\/product_brand?post=15544"},{"taxonomy":"product_cat","embeddable":true,"href":"https:\/\/www.hydraulic-cylinders.net\/fr\/wp-json\/wp\/v2\/product_cat?post=15544"},{"taxonomy":"product_tag","embeddable":true,"href":"https:\/\/www.hydraulic-cylinders.net\/fr\/wp-json\/wp\/v2\/product_tag?post=15544"}],"curies":[{"name":"wp","href":"https:\/\/api.w.org\/{rel}","templated":true}]}}