{"id":15561,"date":"2025-01-19T14:41:09","date_gmt":"2025-01-19T14:41:09","guid":{"rendered":"https:\/\/www.hydraulic-cylinders.net\/product\/bucket-cylinder-for-lovol-middle-excavator-fr260\/"},"modified":"2025-01-19T14:41:11","modified_gmt":"2025-01-19T14:41:11","slug":"bucket-cylinder-for-lovol-middle-excavator-fr260","status":"publish","type":"product","link":"https:\/\/www.hydraulic-cylinders.net\/fr\/produit\/bucket-cylinder-for-lovol-middle-excavator-fr260\/","title":{"rendered":"Cylindre de godet pour pelle hydraulique Lovol FR260"},"content":{"rendered":"<h1>Cylindre de godet pour pelle hydraulique Lovol FR260<\/h1>\n<h2>Introduction<\/h2>\n<p>Le v\u00e9rin de godet pour pelle Lovol FR260 est un v\u00e9rin hydraulique sp\u00e9cialis\u00e9 con\u00e7u pour contr\u00f4ler les mouvements du godet des engins de chantier tels que les pelles hydrauliques, les pelles r\u00e9tro et les chargeuses frontales. Sa fonction principale est de permettre la lev\u00e9e, l'abaissement et l'inclinaison du godet, facilitant ainsi diverses op\u00e9rations de manutention. Au sein du syst\u00e8me hydraulique, le v\u00e9rin de godet assure un contr\u00f4le pr\u00e9cis des mouvements du godet gr\u00e2ce \u00e0 la variation de la pression d'huile hydraulique, permettant aux op\u00e9rateurs de manipuler efficacement des charges lourdes et de s'adapter \u00e0 des environnements de travail complexes et \u00e0 des exigences op\u00e9rationnelles vari\u00e9es.<\/p>\n<p><img loading=\"lazy\" decoding=\"async\" src=\"https:\/\/www.hydraulic-cylinders.net\/wp-content\/uploads\/2025\/01\/songte-company-2.webp\" alt=\"Cylindre de godet pour pelle hydraulique Lovol FR260\" height=\"300\" width=\"400\"><\/p>\n<h2>Caract\u00e9ristiques<\/h2>\n<ul>\n<li>Haute r\u00e9sistance et durabilit\u00e9\u00a0: g\u00e9n\u00e9ralement fabriqu\u00e9 en acier ou en aluminium haute r\u00e9sistance, il supporte les hautes pressions et les charges importantes, s\u2019adaptant ainsi aux environnements de travail difficiles. Sa conception assure une r\u00e9sistance \u00e0 l\u2019usure et \u00e0 la corrosion, prolongeant sa dur\u00e9e de vie.<\/li>\n<li>Fonctionnement hydraulique efficace\u00a0: des mouvements d\u2019extension et de contraction fluides sont obtenus gr\u00e2ce \u00e0 la pression de l\u2019huile hydraulique, fournissant des forces de pouss\u00e9e et de traction importantes et une r\u00e9ponse rapide aux commandes, ce qui le rend adapt\u00e9 \u00e0 la manutention de charges lourdes et \u00e0 des t\u00e2ches de travail complexes.<\/li>\n<li>Diff\u00e9rents types sont disponibles\u00a0: les v\u00e9rins \u00e0 simple effet (fonctionnement hydraulique dans un seul sens) ou \u00e0 double effet (fonctionnement hydraulique dans les deux sens) peuvent \u00eatre s\u00e9lectionn\u00e9s en fonction des besoins op\u00e9rationnels. Certains mod\u00e8les sont t\u00e9lescopiques, ce qui permet une plus grande extension sans augmenter les dimensions ext\u00e9rieures et les rend adapt\u00e9s aux applications o\u00f9 l\u2019espace est limit\u00e9.<\/li>\n<li>Peuvent remplacer d'autres v\u00e9rins hydrauliques\u00a0: Nos produits peuvent parfaitement remplacer d'autres v\u00e9rins hydrauliques.<\/li>\n<\/ul>\n<p><img loading=\"lazy\" decoding=\"async\" src=\"https:\/\/www.hydraulic-cylinders.net\/wp-content\/uploads\/2025\/01\/songte-cylinder-head-with-all-kinds-excavator-models.webp\" alt=\"Cylindre de godet pour pelle hydraulique Lovol FR260\" height=\"300\" width=\"400\"><\/p>\n<h2>Applications<\/h2>\n<p>Le v\u00e9rin de godet pour pelle moyenne Lovol FR260 est largement utilis\u00e9 dans diverses machines lourdes, notamment\u00a0:<\/p>\n<ul>\n<li>Mat\u00e9riel de construction\u00a0: Sur les excavatrices, les v\u00e9rins sont indispensables pour creuser, charger et d\u00e9placer la terre ou les d\u00e9bris. Sur les pelles r\u00e9tro, le v\u00e9rin du godet sert \u00e0 la fois au creusement et au levage. <\/li>\n<li>Machines agricoles : utilis\u00e9es dans les chargeurs frontaux pour ramasser, soulever et transporter de la terre, du foin et d'autres mat\u00e9riaux. <\/li>\n<li>Excavatrices : Le v\u00e9rin du godet permet l'excavation en permettant au godet de p\u00e9n\u00e9trer dans le sol. <\/li>\n<li>Chargeuses : Sur les chargeuses frontales, elles permettent de soulever et d'incliner efficacement les charges.<\/li>\n<\/ul>\n<h2>Consid\u00e9rations de conception et crit\u00e8res de s\u00e9lection<\/h2>\n<p>Lors de la conception du v\u00e9rin de godet pour la pelle hydraulique Lovol FR260, divers facteurs ont \u00e9t\u00e9 pris en compte, notamment\u00a0:<\/p>\n<ul>\n<li>capacit\u00e9 de charge<\/li>\n<li>Performance d'\u00e9tanch\u00e9it\u00e9<\/li>\n<li>Durabilit\u00e9<\/li>\n<li>S\u00e9curit\u00e9<\/li>\n<li>Maintenabilit\u00e9<\/li>\n<\/ul>\n<p><img loading=\"lazy\" decoding=\"async\" src=\"https:\/\/www.hydraulic-cylinders.net\/wp-content\/uploads\/2025\/01\/songte-oil-pipes-and-spare-parts.webp\" alt=\"Cylindre de godet pour pelle hydraulique Lovol FR260\" height=\"300\" width=\"400\"><\/p>\n<h2>\u00c9tanch\u00e9it\u00e9 et lubrification<\/h2>\n<p>Les diff\u00e9rents composants d'\u00e9tanch\u00e9it\u00e9, tels que les joints de piston et de tige, sont soigneusement s\u00e9lectionn\u00e9s et fabriqu\u00e9s \u00e0 partir de mat\u00e9riaux r\u00e9sistants \u00e0 l'usure comme le polyur\u00e9thane et le caoutchouc nitrile. Le corps du cylindre et les surfaces d'extr\u00e9mit\u00e9 du filetage sont usin\u00e9s avec pr\u00e9cision pour une meilleure r\u00e9sistance \u00e0 l'usure. Un apport r\u00e9gulier d'huile hydraulique en quantit\u00e9 suffisante est n\u00e9cessaire pour la lubrification.<\/p>\n<h2>Mesures d'inspection et de maintenance pr\u00e9ventive<\/h2>\n<p>Des inspections r\u00e9guli\u00e8res et des op\u00e9rations de maintenance pr\u00e9ventive telles que la lubrification, le remplacement des joints et les contr\u00f4les d'\u00e9talonnage doivent \u00eatre effectu\u00e9es pour garantir des performances optimales. Un alignement et une installation corrects du v\u00e9rin sont essentiels, et des supports de montage adapt\u00e9s doivent \u00eatre utilis\u00e9s pour le fixer. Le respect des proc\u00e9dures recommand\u00e9es d'inspection, de r\u00e9paration et de remplacement, le remplacement des pi\u00e8ces et les services de remise en \u00e9tat peuvent prolonger la dur\u00e9e de vie du v\u00e9rin.<\/p>\n<p><img loading=\"lazy\" decoding=\"async\" src=\"https:\/\/www.hydraulic-cylinders.net\/wp-content\/uploads\/2025\/01\/songte-chushion-collar.webp\" alt=\"Cylindre de godet pour pelle hydraulique Lovol FR260\" height=\"300\" width=\"400\"><\/p>\n<h2>Consid\u00e9rations relatives \u00e0 la s\u00e9curit\u00e9 et \u00e0 l'environnement<\/h2>\n<p>Lors de l'utilisation du v\u00e9rin de godet pour la pelle Lovol FR260, il convient de respecter les consignes de s\u00e9curit\u00e9 afin de garantir un fonctionnement s\u00fbr. Le v\u00e9rin doit \u00eatre \u00e9limin\u00e9 de mani\u00e8re \u00e9cologique apr\u00e8s usage.<\/p>\n<h2>D\u00e9pannage et probl\u00e8mes courants<\/h2>\n<p>Les probl\u00e8mes courants rencontr\u00e9s avec le v\u00e9rin de godet de la pelle Lovol FR260 incluent les fuites, une force de pouss\u00e9e ou de traction insuffisante et des joints endommag\u00e9s. Des conseils et des solutions de d\u00e9pannage doivent \u00eatre fournis pour faciliter le diagnostic et la r\u00e9solution des probl\u00e8mes, et des mesures pr\u00e9ventives doivent \u00eatre sugg\u00e9r\u00e9es afin de minimiser les risques.<\/p>\n<p><img loading=\"lazy\" decoding=\"async\" src=\"https:\/\/www.hydraulic-cylinders.net\/wp-content\/uploads\/2025\/01\/songte-bushings-with-all-kinds-of-excavator-models.webp\" alt=\"Cylindre de godet pour pelle hydraulique Lovol FR260\" height=\"300\" width=\"400\"><\/p>\n<h2>\u00c0 propos de nous<\/h2>\n<p>Nous sommes un fabricant de v\u00e9rins hydrauliques de remplacement. Notre entreprise propose une large gamme de produits, ce qui fait de nous l'un des principaux fabricants et grossistes de v\u00e9rins hydrauliques sur les march\u00e9s nationaux et internationaux. Nous appliquons un contr\u00f4le qualit\u00e9 rigoureux et utilisons des strat\u00e9gies de gestion de production industrialis\u00e9es, s'appuyant sur des ateliers de fabrication performants. Nous am\u00e9liorons constamment nos plateformes de production et nos lignes de fabrication afin d'optimiser la qualit\u00e9 de nos produits. Notre capacit\u00e9 \u00e0 concevoir des produits performants, pr\u00e9cis et de haute qualit\u00e9 nous permet de r\u00e9pondre aux besoins vari\u00e9s de nos clients. <\/p>\n<p><img loading=\"lazy\" decoding=\"async\" src=\"https:\/\/hzpt.com\/wp-content\/uploads\/2024\/11\/songte-company-1.webp\" alt=\"Cylindre de godet pour pelle hydraulique Lovol FR260\" height=\"300\" width=\"400\"><\/p>\n<h3>Professionnalisme<\/h3>\n<p>Notre entreprise dispose de techniciens professionnels et d'une technologie de pointe dans le secteur des v\u00e9rins hydrauliques, garantissant des produits et des services de haute qualit\u00e9 qui r\u00e9pondent aux besoins de nos clients.<\/p>\n<h3>Certification internationale<\/h3>\n<p>Notre entreprise a obtenu plusieurs certifications internationales, notamment ISO 9001, CE et T\u00dcV. Nous garantissons \u00e0 nos clients des produits et services de haute qualit\u00e9.<\/p>\n<h3>Services de personnalisation<\/h3>\n<p>Nous proposons des services personnalis\u00e9s pour nos produits afin de r\u00e9pondre aux diff\u00e9rents besoins de nos clients.<\/p>\n<h3>\u00c9quipement de production<\/h3>\n<p>Notre entreprise dispose d'un ensemble complet d'\u00e9quipements de production et de test num\u00e9riques haut de gamme afin de garantir la qualit\u00e9 de nos produits.<\/p>\n<h3>Service apr\u00e8s-vente<\/h3>\n<p>Notre entreprise propose un syst\u00e8me complet de service apr\u00e8s-vente afin de garantir la satisfaction de ses clients.<\/p>\n<p>Auteur : lyl<\/p>","protected":false},"excerpt":{"rendered":"<p>Bucket Cylinder For Lovol Middle Excavator FR260 Introduction The Bucket Cylinder for Lovol Middle Excavator FR260 is a specialized hydraulic cylinder designed to control the movement of the shovel bucket in heavy machinery such as excavators, backhoe excavators, and front loaders. Its main function is to allow the bucket to lift, lower, and tilt, facilitating [&hellip;]<\/p>","protected":false},"featured_media":14773,"comment_status":"open","ping_status":"closed","template":"","meta":{"_et_pb_use_builder":"","_et_pb_old_content":"","_et_gb_content_width":""},"product_brand":[],"product_cat":[1494],"product_tag":[1495,1496],"class_list":{"0":"post-15561","1":"product","2":"type-product","3":"status-publish","4":"has-post-thumbnail","6":"product_cat-bucket-cylinders","7":"product_tag-bucket-cylinders","8":"product_tag-hydraulic-cylinders","10":"first","11":"instock","12":"shipping-taxable","13":"product-type-simple"},"amp_enabled":true,"_links":{"self":[{"href":"https:\/\/www.hydraulic-cylinders.net\/fr\/wp-json\/wp\/v2\/product\/15561","targetHints":{"allow":["GET"]}}],"collection":[{"href":"https:\/\/www.hydraulic-cylinders.net\/fr\/wp-json\/wp\/v2\/product"}],"about":[{"href":"https:\/\/www.hydraulic-cylinders.net\/fr\/wp-json\/wp\/v2\/types\/product"}],"replies":[{"embeddable":true,"href":"https:\/\/www.hydraulic-cylinders.net\/fr\/wp-json\/wp\/v2\/comments?post=15561"}],"wp:featuredmedia":[{"embeddable":true,"href":"https:\/\/www.hydraulic-cylinders.net\/fr\/wp-json\/wp\/v2\/media\/14773"}],"wp:attachment":[{"href":"https:\/\/www.hydraulic-cylinders.net\/fr\/wp-json\/wp\/v2\/media?parent=15561"}],"wp:term":[{"taxonomy":"product_brand","embeddable":true,"href":"https:\/\/www.hydraulic-cylinders.net\/fr\/wp-json\/wp\/v2\/product_brand?post=15561"},{"taxonomy":"product_cat","embeddable":true,"href":"https:\/\/www.hydraulic-cylinders.net\/fr\/wp-json\/wp\/v2\/product_cat?post=15561"},{"taxonomy":"product_tag","embeddable":true,"href":"https:\/\/www.hydraulic-cylinders.net\/fr\/wp-json\/wp\/v2\/product_tag?post=15561"}],"curies":[{"name":"wp","href":"https:\/\/api.w.org\/{rel}","templated":true}]}}