{"id":15562,"date":"2025-01-19T14:41:13","date_gmt":"2025-01-19T14:41:13","guid":{"rendered":"https:\/\/www.hydraulic-cylinders.net\/product\/bucket-cylinder-for-lovol-large-excavator-fr330\/"},"modified":"2025-01-19T14:41:15","modified_gmt":"2025-01-19T14:41:15","slug":"bucket-cylinder-for-lovol-large-excavator-fr330","status":"publish","type":"product","link":"https:\/\/www.hydraulic-cylinders.net\/fr\/produit\/bucket-cylinder-for-lovol-large-excavator-fr330\/","title":{"rendered":"Cylindre de godet pour pelle hydraulique Lovol FR330"},"content":{"rendered":"<h1>Cylindre de godet pour pelle hydraulique Lovol FR330<\/h1>\n<h2>Introduction<\/h2>\n<p>Le v\u00e9rin de godet pour pelle hydraulique Lovol FR330 est un v\u00e9rin hydraulique sp\u00e9cialement con\u00e7u pour contr\u00f4ler les mouvements du godet sur les engins de chantier tels que les pelles hydrauliques, les chargeuses-pelleteuses et les chargeuses frontales. Sa fonction principale est de permettre la lev\u00e9e, l'abaissement et l'inclinaison du godet, facilitant ainsi les op\u00e9rations de manutention. Au sein du syst\u00e8me hydraulique, le v\u00e9rin de godet exploite les variations de pression de l'huile hydraulique pour un contr\u00f4le pr\u00e9cis du godet, permettant aux op\u00e9rateurs de manipuler efficacement des charges lourdes, de s'adapter \u00e0 des environnements de travail complexes et de r\u00e9pondre \u00e0 des besoins op\u00e9rationnels vari\u00e9s.<\/p>\n<p><img decoding=\"async\" src=\"https:\/\/www.hydraulic-cylinders.net\/wp-content\/uploads\/2025\/01\/songte-company-2.webp\" alt=\"Cylindre de godet pour pelle hydraulique Lovol FR330\" \/><\/p>\n<h2>Caract\u00e9ristiques du produit<\/h2>\n<ul>\n<li>Haute r\u00e9sistance et durabilit\u00e9\u00a0: g\u00e9n\u00e9ralement fabriqu\u00e9 en acier ou en aluminium haute r\u00e9sistance, il supporte les hautes pressions et les charges importantes, s\u2019adaptant ainsi aux environnements de travail difficiles. Sa conception prend en compte la r\u00e9sistance \u00e0 l\u2019usure et \u00e0 la corrosion, prolongeant sa dur\u00e9e de vie.<\/li>\n<li>Fonctionnement hydraulique efficace : utilise la pression de l'huile hydraulique pour obtenir une extension et une contraction en douceur, r\u00e9pondant rapidement aux commandes, fournissant des forces de pouss\u00e9e et de traction importantes, adapt\u00e9es \u00e0 la manutention de charges lourdes et \u00e0 des t\u00e2ches op\u00e9rationnelles complexes.<\/li>\n<li>Diff\u00e9rents types\u00a0: des v\u00e9rins \u00e0 simple effet (fonctionnement hydraulique dans un seul sens) ou \u00e0 double effet (fonctionnement hydraulique dans les deux sens) peuvent \u00eatre s\u00e9lectionn\u00e9s en fonction des besoins pour r\u00e9pondre \u00e0 diff\u00e9rentes exigences op\u00e9rationnelles. Certains mod\u00e8les sont t\u00e9lescopiques, permettant une plus grande extension sans augmenter les dimensions ext\u00e9rieures, ce qui convient aux applications o\u00f9 l\u2019espace est limit\u00e9.<\/li>\n<li>Remplacement parfait : notre produit peut parfaitement remplacer ces v\u00e9rins hydrauliques.<\/li>\n<\/ul>\n<p><img decoding=\"async\" src=\"https:\/\/www.hydraulic-cylinders.net\/wp-content\/uploads\/2025\/01\/songte-cylinder-head-with-all-kinds-excavator-models.webp\" alt=\"Cylindre de godet pour pelle hydraulique Lovol FR330\" \/><\/p>\n<h2>Application<\/h2>\n<p>Le v\u00e9rin de godet pour pelle hydraulique Lovol FR330 est largement utilis\u00e9 dans divers secteurs d'activit\u00e9, notamment les engins de chantier, les machines agricoles, les pelles hydrauliques et les chargeuses frontales. Voici quelques exemples d'applications\u00a0:<\/p>\n<h3>\u00c9quipement de construction<\/h3>\n<ul>\n<li>Excavatrices : Le v\u00e9rin du godet permet de r\u00e9aliser l'action de creusement en permettant au godet de p\u00e9n\u00e9trer dans le sol.<\/li>\n<li>Chargeuses-pelleteuses : Le v\u00e9rin du godet facilite \u00e0 la fois le creusement et le levage.<\/li>\n<li>Chargeuses frontales : Le v\u00e9rin du godet permet de lever et de d\u00e9charger efficacement la cargaison.<\/li>\n<\/ul>\n<h3>machines agricoles<\/h3>\n<ul>\n<li>Chargeuses frontales : Le v\u00e9rin du godet facilite le levage et le d\u00e9versement de terre, de foin et d'autres mat\u00e9riaux.<\/li>\n<\/ul>\n<h2>Consid\u00e9rations de conception et crit\u00e8res de s\u00e9lection<\/h2>\n<p>Lors de la s\u00e9lection ou de la conception du v\u00e9rin de godet pour la pelle hydraulique Lovol FR330, plusieurs crit\u00e8res doivent \u00eatre pris en compte\u00a0:<\/p>\n<h3>Capacit\u00e9 de charge<\/h3>\n<p>La capacit\u00e9 de charge du v\u00e9rin de godet doit lui permettre de supporter les charges maximales auxquelles il sera soumis en fonctionnement. Ce crit\u00e8re est essentiel pour garantir un fonctionnement s\u00fbr et efficace du v\u00e9rin.<\/p>\n<h3>Scellage<\/h3>\n<p>Le syst\u00e8me d'\u00e9tanch\u00e9it\u00e9 utilis\u00e9 dans le v\u00e9rin du godet doit \u00eatre durable et fiable, afin de garantir le bon fonctionnement du syst\u00e8me hydraulique et d'\u00e9viter toute fuite.<\/p>\n<h3>Durabilit\u00e9<\/h3>\n<p>La durabilit\u00e9 du v\u00e9rin du godet est essentielle pour garantir un fonctionnement optimal dans des conditions de travail difficiles, ainsi que pour prolonger sa dur\u00e9e de vie.<\/p>\n<h3>S\u00e9curit\u00e9<\/h3>\n<p>La s\u00e9curit\u00e9 du v\u00e9rin du godet doit \u00eatre prise en compte lors du processus de s\u00e9lection ou de conception afin de garantir son fonctionnement s\u00fbr et efficace, et d'\u00e9viter tout danger.<\/p>\n<h3>Entretien<\/h3>\n<p>L'entretien du v\u00e9rin du godet doit \u00eatre pris en compte lors du processus de s\u00e9lection ou de conception afin de garantir qu'il puisse \u00eatre facilement entretenu et r\u00e9par\u00e9 en cas de besoin.<\/p>\n<p><img decoding=\"async\" src=\"https:\/\/www.hydraulic-cylinders.net\/wp-content\/uploads\/2025\/01\/songte-oil-pipes-and-spare-parts.webp\" alt=\"Cylindre de godet pour pelle hydraulique Lovol FR330\" \/><\/p>\n<h2>\u00c9tanch\u00e9it\u00e9 et lubrification<\/h2>\n<p>Le v\u00e9rin de godet de la pelle Lovol FR330 utilise diff\u00e9rents joints d'\u00e9tanch\u00e9it\u00e9, notamment des joints de piston, des joints de tige et des joints racleurs. Fabriqu\u00e9s en mat\u00e9riaux r\u00e9sistants \u00e0 l'usure, tels que le polyur\u00e9thane ou le caoutchouc nitrile, ces joints sont con\u00e7us pour une durabilit\u00e9 et une fiabilit\u00e9 optimales. Pour un fonctionnement optimal, le v\u00e9rin doit \u00eatre lubrifi\u00e9 r\u00e9guli\u00e8rement avec l'huile hydraulique appropri\u00e9e.<\/p>\n<h2>Entretien et r\u00e9paration<\/h2>\n<p>Un contr\u00f4le r\u00e9gulier et une maintenance pr\u00e9ventive permettent de prolonger la dur\u00e9e de vie du v\u00e9rin de godet de la pelle Lovol FR330. Les op\u00e9rations de maintenance suivantes doivent \u00eatre effectu\u00e9es r\u00e9guli\u00e8rement\u00a0:<\/p>\n<ul>\n<li>V\u00e9rifiez l'absence de fuites et remplacez les joints us\u00e9s si n\u00e9cessaire.<\/li>\n<li>Lubrifiez r\u00e9guli\u00e8rement le cylindre pour assurer un fonctionnement optimal.<\/li>\n<li>V\u00e9rifiez et calibrez le cylindre pour garantir des performances optimales.<\/li>\n<\/ul>\n<p><img decoding=\"async\" src=\"https:\/\/www.hydraulic-cylinders.net\/wp-content\/uploads\/2025\/01\/songte-chushion-collar.webp\" alt=\"Cylindre de godet pour pelle hydraulique Lovol FR330\" \/><\/p>\n<h2>Consid\u00e9rations de s\u00e9curit\u00e9 et facteurs environnementaux<\/h2>\n<p>Le v\u00e9rin de godet de la pelle hydraulique Lovol FR330 est un composant essentiel de cet engin de chantier et doit \u00eatre manipul\u00e9 avec pr\u00e9caution. Il est imp\u00e9ratif de respecter les consignes de s\u00e9curit\u00e9 lors de l'installation, de l'utilisation et de la maintenance afin de pr\u00e9venir tout risque d'accident. Les facteurs environnementaux, tels que la temp\u00e9rature, l'humidit\u00e9 et la pr\u00e9sence de contaminants, doivent \u00e9galement \u00eatre pris en compte pour un fonctionnement optimal.<\/p>\n<h2>Probl\u00e8mes courants et d\u00e9pannage<\/h2>\n<p>Le v\u00e9rin du godet de la pelle Lovol FR330 peut pr\u00e9senter divers probl\u00e8mes en cours d'utilisation, tels que des fuites, une puissance insuffisante ou une r\u00e9ponse lente. Voici quelques conseils de d\u00e9pannage courants\u00a0:<\/p>\n<ul>\n<li>V\u00e9rifiez l'absence de fuites et remplacez les joints us\u00e9s si n\u00e9cessaire.<\/li>\n<li>V\u00e9rifiez que le syst\u00e8me hydraulique ne pr\u00e9sente aucun blocage ni dysfonctionnement.<\/li>\n<li>V\u00e9rifiez le niveau d'huile et ajoutez-en si n\u00e9cessaire.<\/li>\n<\/ul>\n<p><img decoding=\"async\" src=\"https:\/\/www.hydraulic-cylinders.net\/wp-content\/uploads\/2025\/01\/songte-bushings-with-all-kinds-of-excavator-models.webp\" alt=\"Cylindre de godet pour pelle hydraulique Lovol FR330\" \/><\/p>\n<h2>\u00c0 propos de notre entreprise<\/h2>\n<p>Nous sommes un fabricant de v\u00e9rins hydrauliques compatibles avec de nombreux mod\u00e8les. Notre entreprise propose une large gamme de produits et s'est impos\u00e9e comme l'un des principaux fabricants et distributeurs de v\u00e9rins hydrauliques sur les march\u00e9s nationaux et internationaux. Nous privil\u00e9gions l'excellence et nous appuyons sur des strat\u00e9gies de gestion de production industrialis\u00e9es pour nos ateliers de fabrication de pointe. Nos produits sont fabriqu\u00e9s par des techniciens qualifi\u00e9s, gr\u00e2ce \u00e0 des \u00e9quipements de production num\u00e9rique haut de gamme et des syst\u00e8mes de contr\u00f4le professionnels. Nous am\u00e9liorons constamment notre plateforme de production, optimisons nos processus et cultivons une forte capacit\u00e9 d'innovation. Nous r\u00e9pondons aux besoins vari\u00e9s de nos clients avec efficacit\u00e9, pr\u00e9cision et exigence de qualit\u00e9.<\/p>\n<p><img decoding=\"async\" src=\"https:\/\/hzpt.com\/wp-content\/uploads\/2024\/11\/songte-company-1.webp\" alt=\"Cylindre de godet pour pelle hydraulique Lovol FR330\" \/><\/p>\n<h2>Les sp\u00e9cialit\u00e9s de notre entreprise<\/h2>\n<ul>\n<li>Professionnalisme : Nous disposons d'une \u00e9quipe de professionnels poss\u00e9dant une vaste exp\u00e9rience dans la fabrication de v\u00e9rins hydrauliques.<\/li>\n<li>Certification internationale\u00a0: Nos produits ont obtenu diverses certifications internationales, telles que ISO9001, CE et RoHS.<\/li>\n<li>Services de personnalisation\u00a0: Nous proposons des services de personnalisation pour r\u00e9pondre aux divers besoins de nos clients.<\/li>\n<li>\u00c9quipements de production : Nous utilisons des \u00e9quipements de fabrication num\u00e9rique haut de gamme pour garantir la qualit\u00e9 et l'efficacit\u00e9 de nos produits.<\/li>\n<li>Service apr\u00e8s-vente\u00a0: Nous assurons un service apr\u00e8s-vente afin de garantir la satisfaction de nos clients et la qualit\u00e9 de nos produits.<\/li>\n<\/ul>\n<p>Auteur : lyl.<\/p>","protected":false},"excerpt":{"rendered":"<p>Bucket Cylinder For Lovol Large Excavator FR330 Introduction The bucket cylinder for Lovol Large Excavator FR330 is a specially designed hydraulic cylinder that is primarily used to control the movement of buckets in heavy machinery such as excavators, backhoe loaders, and front-end loaders. Its main function is to enable the bucket to lift, lower, and [&hellip;]<\/p>","protected":false},"featured_media":14771,"comment_status":"open","ping_status":"closed","template":"","meta":{"_et_pb_use_builder":"","_et_pb_old_content":"","_et_gb_content_width":""},"product_brand":[],"product_cat":[1494],"product_tag":[1495,1496],"class_list":{"0":"post-15562","1":"product","2":"type-product","3":"status-publish","4":"has-post-thumbnail","6":"product_cat-bucket-cylinders","7":"product_tag-bucket-cylinders","8":"product_tag-hydraulic-cylinders","10":"first","11":"instock","12":"shipping-taxable","13":"product-type-simple"},"amp_enabled":true,"_links":{"self":[{"href":"https:\/\/www.hydraulic-cylinders.net\/fr\/wp-json\/wp\/v2\/product\/15562","targetHints":{"allow":["GET"]}}],"collection":[{"href":"https:\/\/www.hydraulic-cylinders.net\/fr\/wp-json\/wp\/v2\/product"}],"about":[{"href":"https:\/\/www.hydraulic-cylinders.net\/fr\/wp-json\/wp\/v2\/types\/product"}],"replies":[{"embeddable":true,"href":"https:\/\/www.hydraulic-cylinders.net\/fr\/wp-json\/wp\/v2\/comments?post=15562"}],"wp:featuredmedia":[{"embeddable":true,"href":"https:\/\/www.hydraulic-cylinders.net\/fr\/wp-json\/wp\/v2\/media\/14771"}],"wp:attachment":[{"href":"https:\/\/www.hydraulic-cylinders.net\/fr\/wp-json\/wp\/v2\/media?parent=15562"}],"wp:term":[{"taxonomy":"product_brand","embeddable":true,"href":"https:\/\/www.hydraulic-cylinders.net\/fr\/wp-json\/wp\/v2\/product_brand?post=15562"},{"taxonomy":"product_cat","embeddable":true,"href":"https:\/\/www.hydraulic-cylinders.net\/fr\/wp-json\/wp\/v2\/product_cat?post=15562"},{"taxonomy":"product_tag","embeddable":true,"href":"https:\/\/www.hydraulic-cylinders.net\/fr\/wp-json\/wp\/v2\/product_tag?post=15562"}],"curies":[{"name":"wp","href":"https:\/\/api.w.org\/{rel}","templated":true}]}}