{"id":15567,"date":"2025-01-19T14:41:33","date_gmt":"2025-01-19T14:41:33","guid":{"rendered":"https:\/\/www.hydraulic-cylinders.net\/product\/bucket-cylinder-for-liugong-small-excavator-clg908c-908d\/"},"modified":"2025-01-19T14:41:35","modified_gmt":"2025-01-19T14:41:35","slug":"bucket-cylinder-for-liugong-small-excavator-clg908c-908d","status":"publish","type":"product","link":"https:\/\/www.hydraulic-cylinders.net\/fr\/produit\/bucket-cylinder-for-liugong-small-excavator-clg908c-908d\/","title":{"rendered":"Cylindre de godet pour mini-pelle Liugong CLG908C\/908D"},"content":{"rendered":"<h1>Cylindre de godet pour mini-pelle Liugong CLG908C\/908D<\/h1>\n<h2>Introduction<\/h2>\n<p>Le v\u00e9rin de godet pour mini-pelle Liugong CLG908C\/908D est un v\u00e9rin hydraulique sp\u00e9cialis\u00e9 con\u00e7u pour contr\u00f4ler les mouvements du godet sur les engins de chantier tels que les pelles hydrauliques, les chargeuses-pelleteuses et les chargeuses frontales. Sa fonction principale est de permettre la lev\u00e9e, l'abaissement et l'inclinaison du godet, facilitant ainsi la manutention de divers mat\u00e9riaux. Au sein du syst\u00e8me hydraulique, le v\u00e9rin de godet contr\u00f4le les mouvements pr\u00e9cis du godet par variation de la pression d'huile hydraulique, permettant aux op\u00e9rateurs de manipuler efficacement des charges lourdes et de s'adapter \u00e0 des environnements de travail complexes et \u00e0 des exigences op\u00e9rationnelles vari\u00e9es.<\/p>\n<p><img decoding=\"async\" src=\"https:\/\/www.hydraulic-cylinders.net\/wp-content\/uploads\/2025\/01\/songte-company-2.webp\" alt=\"Image du cylindre du godet\"><\/p>\n<h2>Caract\u00e9ristiques<\/h2>\n<ul>\n<li>Haute r\u00e9sistance et durabilit\u00e9 : g\u00e9n\u00e9ralement fabriqu\u00e9 en acier ou en aluminium \u00e0 haute r\u00e9sistance, capable de r\u00e9sister \u00e0 une pression \u00e9lev\u00e9e et \u00e0 des charges importantes, adapt\u00e9 aux environnements de travail difficiles, con\u00e7u pour r\u00e9sister \u00e0 l'usure et \u00e0 la corrosion, prolongeant ainsi sa dur\u00e9e de vie.<\/li>\n<li>Fonctionnement hydraulique efficace : utilisant la pression de l'huile hydraulique pour obtenir des mouvements d'extension et de contraction fluides, capable de r\u00e9pondre rapidement aux commandes, fournissant des forces de pouss\u00e9e et de traction puissantes, adapt\u00e9 \u00e0 la manutention de charges lourdes et \u00e0 des t\u00e2ches op\u00e9rationnelles complexes.<\/li>\n<li>Diff\u00e9rents types de v\u00e9rins sont disponibles\u00a0: \u00e0 simple effet (fonctionnant dans un seul sens) ou \u00e0 double effet (fonctionnant dans les deux sens), selon les besoins. Certains mod\u00e8les sont t\u00e9lescopiques, ce qui permet une plus grande extension sans augmenter l\u2019encombrement et convient aux espaces restreints.<\/li>\n<li>Personnalisable : nos produits peuvent parfaitement remplacer ces v\u00e9rins hydrauliques.<\/li>\n<\/ul>\n<p><img decoding=\"async\" src=\"https:\/\/www.hydraulic-cylinders.net\/wp-content\/uploads\/2025\/01\/songte-cylinder-head-with-all-kinds-excavator-models.webp\" alt=\"Image du cylindre du godet\"><\/p>\n<h2>Applications<\/h2>\n<p>Le v\u00e9rin de godet pour mini-pelle Liugong CLG908C\/908D peut \u00eatre utilis\u00e9 dans diverses applications, notamment\u00a0:<\/p>\n<h3>\u00c9quipement de construction<\/h3>\n<p>Sur les excavatrices, ils sont essentiels pour creuser, charger et d\u00e9placer la terre ou les d\u00e9bris. Sur les chargeuses-pelleteuses, les v\u00e9rins du godet participent \u00e0 la fois au creusement et au levage. <\/p>\n<h3>machines agricoles<\/h3>\n<p>Utilis\u00e9s sur les chargeuses frontales, ils servent \u00e0 ramasser, soulever et transporter de la terre, du foin et d'autres mat\u00e9riaux. Sur les pelles hydrauliques, le v\u00e9rin du godet permet de creuser en enfon\u00e7ant le godet dans le sol. Sur les chargeuses frontales, ils facilitent le levage et le basculement des charges.<\/p>\n<p><img decoding=\"async\" src=\"https:\/\/www.hydraulic-cylinders.net\/wp-content\/uploads\/2025\/01\/songte-bushings-with-all-kinds-of-excavator-models.webp\" alt=\"Image du cylindre du godet\"><\/p>\n<h2>Consid\u00e9rations de conception et crit\u00e8res de s\u00e9lection<\/h2>\n<ul>\n<li>Capacit\u00e9 de charge : Le cylindre doit avoir la r\u00e9sistance n\u00e9cessaire pour supporter le poids de la charge qu'il est destin\u00e9 \u00e0 transporter.<\/li>\n<li>\u00c9tanch\u00e9it\u00e9 : Diff\u00e9rents composants d'\u00e9tanch\u00e9it\u00e9, tels que les joints de piston, les joints de tige, etc., sont utilis\u00e9s pour emp\u00eacher les fuites de fluide hydraulique et assurer le bon fonctionnement du cylindre.<\/li>\n<li>Durabilit\u00e9 : Le cylindre doit \u00eatre fabriqu\u00e9 \u00e0 partir de mat\u00e9riaux de haute qualit\u00e9 capables de r\u00e9sister \u00e0 une utilisation fr\u00e9quente et \u00e0 une exposition \u00e0 des environnements difficiles.<\/li>\n<li>S\u00e9curit\u00e9 : La conception du cylindre doit prendre en compte la s\u00e9curit\u00e9 des op\u00e9rateurs et des personnes se trouvant \u00e0 proximit\u00e9.<\/li>\n<li>Maintenance : Le cylindre doit \u00eatre con\u00e7u de mani\u00e8re \u00e0 faciliter son entretien et sa r\u00e9paration, avec un acc\u00e8s ais\u00e9 \u00e0 toutes les pi\u00e8ces susceptibles de n\u00e9cessiter un remplacement.<\/li>\n<\/ul>\n<p><img decoding=\"async\" src=\"https:\/\/www.hydraulic-cylinders.net\/wp-content\/uploads\/2025\/01\/songte-oil-pipes-and-spare-parts.webp\" alt=\"Image du cylindre du godet\"><\/p>\n<h2>\u00c9tanch\u00e9it\u00e9 et lubrification<\/h2>\n<p>Divers composants d'\u00e9tanch\u00e9it\u00e9, tels que les joints de piston et les joints de tige, sont utilis\u00e9s pour pr\u00e9venir les fuites d'huile hydraulique et assurer le bon fonctionnement du v\u00e9rin. Il est recommand\u00e9 d'utiliser une huile hydraulique de haute qualit\u00e9 et d'en ajouter r\u00e9guli\u00e8rement la quantit\u00e9 appropri\u00e9e pour lubrifier le v\u00e9rin.<\/p>\n<h2>Inspection et maintenance pr\u00e9ventive<\/h2>\n<p>L'inspection r\u00e9guli\u00e8re et la maintenance pr\u00e9ventive sont essentielles pour prolonger la dur\u00e9e de vie du v\u00e9rin de godet de la mini-pelle Liugong CLG908C\/908D. Les t\u00e2ches de maintenance courantes comprennent\u00a0:<\/p>\n<ul>\n<li>inspections r\u00e9guli\u00e8res<\/li>\n<li>Lubrification ad\u00e9quate<\/li>\n<li>remplacement du joint<\/li>\n<li>V\u00e9rification de l'\u00e9talonnage<\/li>\n<\/ul>\n<p>Une installation, une lubrification et un r\u00e9glage corrects sont essentiels pour garantir le fonctionnement s\u00fbr et efficace du v\u00e9rin. Lors de l'installation, il est recommand\u00e9 d'aligner correctement le v\u00e9rin et d'utiliser des supports de fixation appropri\u00e9s. Nous recommandons \u00e9galement de suivre les proc\u00e9dures d'inspection, de r\u00e9paration et de remplacement pr\u00e9conis\u00e9es afin d'optimiser la dur\u00e9e de vie du v\u00e9rin.<\/p>\n<p><img decoding=\"async\" src=\"https:\/\/www.hydraulic-cylinders.net\/wp-content\/uploads\/2025\/01\/songte-chushion-collar.webp\" alt=\"Image du cylindre du godet\"><\/p>\n<h2>Consid\u00e9rations de s\u00e9curit\u00e9 et facteurs environnementaux<\/h2>\n<p>Lors de l'utilisation du v\u00e9rin de godet pour la mini-pelle Liugong CLG908C\/908D, il est important de respecter les consignes de s\u00e9curit\u00e9 afin d'\u00e9viter les blessures ou d'endommager l'\u00e9quipement. L'\u00e9limination appropri\u00e9e de l'huile hydraulique et des autres fluides est essentielle pour r\u00e9duire l'impact environnemental.<\/p>\n<h2>D\u00e9pannage et probl\u00e8mes courants<\/h2>\n<p>Les probl\u00e8mes courants li\u00e9s au v\u00e9rin de godet des mini-pelles Liugong CLG908C\/908D incluent les fuites d'huile hydraulique, une force insuffisante et des bruits anormaux. Il est recommand\u00e9 d'inspecter et d'entretenir r\u00e9guli\u00e8rement le v\u00e9rin afin de pr\u00e9venir ces probl\u00e8mes. En cas de probl\u00e8me, il est conseill\u00e9 de consulter le manuel du fabricant ou de faire appel \u00e0 un professionnel pour un diagnostic et une r\u00e9paration appropri\u00e9s.<\/p>\n<h2>\u00c0 propos de notre entreprise<\/h2>\n<p>Nous sommes un fabricant et distributeur de premier plan de v\u00e9rins hydrauliques sur les march\u00e9s nationaux et internationaux. Nous proposons une gamme compl\u00e8te de v\u00e9rins hydrauliques de haute qualit\u00e9 ainsi que des services personnalis\u00e9s pour r\u00e9pondre aux besoins vari\u00e9s de nos clients. Notre entreprise s'engage \u00e0 fournir une efficacit\u00e9, une pr\u00e9cision et une qualit\u00e9 optimales afin d'offrir \u00e0 ses clients une exp\u00e9rience pleinement satisfaisante. Gr\u00e2ce \u00e0 notre solide capacit\u00e9 de cr\u00e9ation de valeur, nos talents techniques, nos \u00e9quipements de production num\u00e9riques de pointe et nos syst\u00e8mes de contr\u00f4le professionnels, nous am\u00e9liorons constamment la qualit\u00e9 de nos produits et notre capacit\u00e9 de production, et offrons \u00e0 nos clients les meilleurs produits et services.<\/p>\n<p><img decoding=\"async\" src=\"https:\/\/hzpt.com\/wp-content\/uploads\/2024\/11\/songte-company-1.webp\" alt=\"Image du cylindre du godet\"><\/p>\n<h3>Professionnalisme<\/h3>\n<p>Notre entreprise dispose d'une \u00e9quipe de professionnels exp\u00e9riment\u00e9s qui s'efforcent de fournir des produits et services de haute qualit\u00e9 \u00e0 nos clients. Nous avons des experts internes qui g\u00e8rent tous les aspects de nos op\u00e9rations, notamment la conception, la production, le contr\u00f4le qualit\u00e9 et le service client.<\/p>\n<h3>Certification internationale<\/h3>\n<p>Notre entreprise a obtenu diverses certifications internationales telles que l'ISO 9001 et le CE afin de garantir la qualit\u00e9 de nos produits et services.<\/p>\n<h3>Services de personnalisation<\/h3>\n<p>Nous proposons des services personnalis\u00e9s pour r\u00e9pondre aux besoins et exigences sp\u00e9cifiques de nos clients. Ces services de personnalisation nous ont permis d'acqu\u00e9rir un avantage concurrentiel sur le march\u00e9.<\/p>\n<h3>\u00c9quipement de production<\/h3>\n<p>Notre entreprise dispose d'\u00e9quipements de production de pointe et d'une \u00e9quipe de fabrication professionnelle, ce qui nous permet de produire des v\u00e9rins hydrauliques de haute qualit\u00e9 r\u00e9pondant aux besoins de nos clients.<\/p>\n<h3>Service apr\u00e8s-vente<\/h3>\n<p>Notre entreprise assure un service apr\u00e8s-vente fiable afin de garantir la satisfaction de nos clients. Nous proposons des services de r\u00e9paration et de remplacement pour prolonger la dur\u00e9e de vie de nos produits. <\/p>\n<p>Auteur : lyl<\/p>","protected":false},"excerpt":{"rendered":"<p>Bucket Cylinder For Liugong Small Excavator CLG908C\/908D Introduction The Bucket Cylinder for Liugong Small Excavator CLG908C\/908D is a specialized hydraulic cylinder designed to control the movement of the bucket in heavy machinery such as excavators, backhoe loaders, and front loaders. Its main function is to enable the bucket to lift, lower, and tilt, making it [&hellip;]<\/p>","protected":false},"featured_media":14789,"comment_status":"open","ping_status":"closed","template":"","meta":{"_et_pb_use_builder":"","_et_pb_old_content":"","_et_gb_content_width":""},"product_brand":[],"product_cat":[1494],"product_tag":[1495,1496],"class_list":{"0":"post-15567","1":"product","2":"type-product","3":"status-publish","4":"has-post-thumbnail","6":"product_cat-bucket-cylinders","7":"product_tag-bucket-cylinders","8":"product_tag-hydraulic-cylinders","10":"first","11":"instock","12":"shipping-taxable","13":"product-type-simple"},"amp_enabled":true,"_links":{"self":[{"href":"https:\/\/www.hydraulic-cylinders.net\/fr\/wp-json\/wp\/v2\/product\/15567","targetHints":{"allow":["GET"]}}],"collection":[{"href":"https:\/\/www.hydraulic-cylinders.net\/fr\/wp-json\/wp\/v2\/product"}],"about":[{"href":"https:\/\/www.hydraulic-cylinders.net\/fr\/wp-json\/wp\/v2\/types\/product"}],"replies":[{"embeddable":true,"href":"https:\/\/www.hydraulic-cylinders.net\/fr\/wp-json\/wp\/v2\/comments?post=15567"}],"wp:featuredmedia":[{"embeddable":true,"href":"https:\/\/www.hydraulic-cylinders.net\/fr\/wp-json\/wp\/v2\/media\/14789"}],"wp:attachment":[{"href":"https:\/\/www.hydraulic-cylinders.net\/fr\/wp-json\/wp\/v2\/media?parent=15567"}],"wp:term":[{"taxonomy":"product_brand","embeddable":true,"href":"https:\/\/www.hydraulic-cylinders.net\/fr\/wp-json\/wp\/v2\/product_brand?post=15567"},{"taxonomy":"product_cat","embeddable":true,"href":"https:\/\/www.hydraulic-cylinders.net\/fr\/wp-json\/wp\/v2\/product_cat?post=15567"},{"taxonomy":"product_tag","embeddable":true,"href":"https:\/\/www.hydraulic-cylinders.net\/fr\/wp-json\/wp\/v2\/product_tag?post=15567"}],"curies":[{"name":"wp","href":"https:\/\/api.w.org\/{rel}","templated":true}]}}