{"id":15574,"date":"2025-01-19T14:42:07","date_gmt":"2025-01-19T14:42:07","guid":{"rendered":"https:\/\/www.hydraulic-cylinders.net\/product\/bucket-cylinder-for-liugong-small-excavator-clg916d-918e\/"},"modified":"2025-01-19T14:42:09","modified_gmt":"2025-01-19T14:42:09","slug":"bucket-cylinder-for-liugong-small-excavator-clg916d-918e","status":"publish","type":"product","link":"https:\/\/www.hydraulic-cylinders.net\/fr\/produit\/bucket-cylinder-for-liugong-small-excavator-clg916d-918e\/","title":{"rendered":"Cylindre de godet pour mini-pelle Liugong CLG916D\/918E"},"content":{"rendered":"<h1>Cylindre de godet pour mini-pelle Liugong CLG916D\/918E<\/h1>\n<h2>Introduction<\/h2>\n<p>Le v\u00e9rin de godet pour mini-pelle Liugong CLG916D\/918E est un v\u00e9rin hydraulique sp\u00e9cialis\u00e9 con\u00e7u pour contr\u00f4ler les mouvements du godet sur les engins de chantier tels que les pelles, les chargeuses-pelleteuses et les chargeuses frontales. Sa fonction principale est de permettre la lev\u00e9e, l'abaissement et l'inclinaison du godet, facilitant ainsi diverses op\u00e9rations de manutention. Au sein du syst\u00e8me hydraulique, le v\u00e9rin de godet assure un contr\u00f4le pr\u00e9cis du godet en modulant la pression de l'huile hydraulique, permettant aux op\u00e9rateurs de manipuler efficacement des charges lourdes, de s'adapter \u00e0 des environnements de travail complexes et de r\u00e9pondre \u00e0 des exigences op\u00e9rationnelles vari\u00e9es.<\/p>\n<p><img decoding=\"async\" src=\"https:\/\/www.hydraulic-cylinders.net\/wp-content\/uploads\/2025\/01\/songte-company-2.webp\" alt=\"Cylindre hydraulique\"><\/p>\n<h2>Caract\u00e9ristiques<\/h2>\n<ul>\n<li>\n<h3>Haute r\u00e9sistance et durabilit\u00e9<\/h3>\n<p>Le v\u00e9rin du godet est g\u00e9n\u00e9ralement fabriqu\u00e9 en acier haute r\u00e9sistance ou en aluminium, ce qui lui permet de supporter une pression \u00e9lev\u00e9e et des charges importantes, et il est con\u00e7u pour r\u00e9sister \u00e0 l'usure et \u00e0 la corrosion afin de prolonger sa dur\u00e9e de vie.<\/p>\n<\/li>\n<li>\n<h3>Fonctionnement hydraulique efficace<\/h3>\n<p>En utilisant la pression de l'huile hydraulique pour obtenir un mouvement t\u00e9lescopique fluide, le v\u00e9rin du godet peut r\u00e9pondre rapidement aux commandes et fournir une pouss\u00e9e et une traction puissantes, ce qui le rend adapt\u00e9 \u00e0 la manutention de charges lourdes et \u00e0 des t\u00e2ches op\u00e9rationnelles complexes.<\/p>\n<\/li>\n<li>\n<h3>Divers types<\/h3>\n<p>Le v\u00e9rin du godet peut \u00eatre \u00e0 simple effet (fonctionnant dans un seul sens) ou \u00e0 double effet (fonctionnant dans les deux sens), selon les besoins. Certains mod\u00e8les sont t\u00e9lescopiques, ce qui permet une plus grande extension sans augmenter les dimensions ext\u00e9rieures et convient aux applications o\u00f9 l'espace est limit\u00e9.<\/p>\n<\/li>\n<li>\n<h3>Remplacement parfait<\/h3>\n<p>Notre v\u00e9rin de godet peut parfaitement remplacer ces v\u00e9rins hydrauliques et nous proposons une vari\u00e9t\u00e9 de produits pour r\u00e9pondre aux diff\u00e9rents besoins de nos clients. <\/p>\n<\/li>\n<li>\n<h3>Applications<\/h3>\n<p>Le v\u00e9rin de godet est largement utilis\u00e9 dans divers secteurs industriels tels que les engins de construction, les machines agricoles, les excavatrices et les chargeuses. Ses applications comprennent\u00a0:<\/p>\n<ul>\n<li>Mat\u00e9riel de construction\u00a0: Il est essentiel aux excavatrices pour creuser, charger et d\u00e9placer la terre ou les d\u00e9bris. Sur les chargeuses-pelleteuses, le v\u00e9rin du godet contribue \u00e0 la fois au creusement et au levage.<\/li>\n<li>Machines agricoles : Utilis\u00e9es dans les chargeuses frontales pour ramasser, soulever et transporter la terre, le foin et autres mat\u00e9riaux.<\/li>\n<li>Excavatrices : Le v\u00e9rin du godet permet l'excavation en permettant au godet de p\u00e9n\u00e9trer dans le sol.<\/li>\n<li>Chargeuses : Sur les chargeuses frontales, cela permet de lever et de d\u00e9charger efficacement les marchandises.<\/li>\n<\/ul>\n<\/li>\n<\/ul>\n<h2>Consid\u00e9rations de conception et crit\u00e8res de s\u00e9lection<\/h2>\n<p>La conception et les crit\u00e8res de s\u00e9lection du v\u00e9rin de godet sont essentiels \u00e0 ses performances. Les facteurs cl\u00e9s sont les suivants\u00a0:<\/p>\n<ul>\n<li>\n<h3>Capacit\u00e9 de charge<\/h3>\n<p>Les v\u00e9rins des godets doivent \u00eatre con\u00e7us pour r\u00e9sister aux charges maximales qu'ils rencontreront dans leur environnement op\u00e9rationnel.<\/p>\n<\/li>\n<li>\n<h3>Scellage<\/h3>\n<p>Le v\u00e9rin du godet doit \u00eatre correctement \u00e9tanche afin d'\u00e9viter les fuites d'huile hydraulique et d'assurer un fonctionnement efficace.<\/p>\n<\/li>\n<li>\n<h3>Durabilit\u00e9<\/h3>\n<p>Le cylindre du godet doit \u00eatre fabriqu\u00e9 \u00e0 partir de mat\u00e9riaux durables capables de r\u00e9sister aux rigueurs des op\u00e9rations de machines lourdes et aux conditions environnementales difficiles.<\/p>\n<\/li>\n<li>\n<h3>S\u00e9curit\u00e9<\/h3>\n<p>Le v\u00e9rin du godet doit \u00eatre con\u00e7u en tenant compte de la s\u00e9curit\u00e9 afin de pr\u00e9venir les accidents et de minimiser les risques pour les op\u00e9rateurs et les autres membres du personnel.<\/p>\n<\/li>\n<li>\n<h3>Entretien<\/h3>\n<p>Le v\u00e9rin du godet doit \u00eatre facile \u00e0 entretenir, avec des pi\u00e8ces de rechange et des services de r\u00e9paration facilement disponibles.<\/p>\n<\/li>\n<\/ul>\n<p><img decoding=\"async\" src=\"https:\/\/www.hydraulic-cylinders.net\/wp-content\/uploads\/2025\/01\/songte-oil-pipes-and-spare-parts.webp\" alt=\"Pi\u00e8ces de v\u00e9rin hydraulique\"><\/p>\n<h2>\u00c9tanch\u00e9it\u00e9 et lubrification<\/h2>\n<p>Le v\u00e9rin de godet utilise divers joints d'\u00e9tanch\u00e9it\u00e9, tels que des joints de piston et de tige, fabriqu\u00e9s en mat\u00e9riaux r\u00e9sistants \u00e0 l'usure comme le polyur\u00e9thane et le caoutchouc nitrile, afin de garantir une \u00e9tanch\u00e9it\u00e9 optimale et d'allonger sa dur\u00e9e de vie. Le corps du v\u00e9rin et les surfaces filet\u00e9es sont usin\u00e9s avec pr\u00e9cision pour une meilleure r\u00e9sistance \u00e0 l'usure. Un graissage r\u00e9gulier avec la quantit\u00e9 appropri\u00e9e d'huile hydraulique est n\u00e9cessaire pour assurer le bon fonctionnement du v\u00e9rin.<\/p>\n<h2>Entretien et r\u00e9paration<\/h2>\n<p>L'inspection r\u00e9guli\u00e8re, la lubrification ad\u00e9quate, le remplacement des joints et la v\u00e9rification de l'\u00e9talonnage sont des op\u00e9rations d'entretien courantes pour les v\u00e9rins de godet. Une installation, une lubrification et un r\u00e9glage corrects sont essentiels au bon fonctionnement du v\u00e9rin. Lors de l'installation, il convient de respecter scrupuleusement les instructions d'alignement et de fixer le v\u00e9rin \u00e0 l'aide des supports de montage appropri\u00e9s. Nous recommandons des proc\u00e9dures d'inspection, de r\u00e9paration et de remplacement planifi\u00e9es afin de prolonger la dur\u00e9e de vie du v\u00e9rin.<\/p>\n<p><img decoding=\"async\" src=\"https:\/\/www.hydraulic-cylinders.net\/wp-content\/uploads\/2025\/01\/songte-chushion-collar.webp\" alt=\"Pi\u00e8ces de v\u00e9rin hydraulique\"><\/p>\n<h2>Consid\u00e9rations de s\u00e9curit\u00e9 et facteurs environnementaux<\/h2>\n<p>Le bon fonctionnement du v\u00e9rin de godet est essentiel pour pr\u00e9venir les accidents. Les op\u00e9rateurs doivent respecter les consignes de s\u00e9curit\u00e9 et les proc\u00e9dures d'entretien afin de garantir une utilisation en toute s\u00e9curit\u00e9. De plus, la r\u00e9glementation environnementale doit \u00eatre prise en compte lors du choix et de l'\u00e9limination des huiles hydrauliques et autres produits utilis\u00e9s dans les v\u00e9rins de godet.<\/p>\n<h2>Diagnostic et d\u00e9pannage<\/h2>\n<p>Le v\u00e9rin du godet peut pr\u00e9senter divers probl\u00e8mes de fonctionnement, tels que des fuites, un fonctionnement lent ou des bruits anormaux. Le d\u00e9pannage et le diagnostic permettent d'identifier la cause premi\u00e8re de ces probl\u00e8mes et d'apporter des solutions appropri\u00e9es. Des mesures pr\u00e9ventives peuvent \u00e9galement \u00eatre prises afin de minimiser les risques de dysfonctionnement.<\/p>\n<p><img decoding=\"async\" src=\"https:\/\/www.hydraulic-cylinders.net\/wp-content\/uploads\/2025\/01\/songte-bushings-with-all-kinds-of-excavator-models.webp\" alt=\"Pi\u00e8ces de v\u00e9rin hydraulique\"><\/p>\n<h2>\u00c0 propos de notre entreprise<\/h2>\n<p>Nous sommes un fabricant et distributeur de v\u00e9rins hydrauliques de premier plan sur les march\u00e9s nationaux et internationaux. Notre entreprise propose une gamme compl\u00e8te de produits r\u00e9pondant aux besoins vari\u00e9s de nos clients. Nous nous engageons \u00e0 fournir une qualit\u00e9 irr\u00e9prochable et nous appuyons sur une strat\u00e9gie de gestion de production industrialis\u00e9e au sein d'un atelier de fabrication moderne. Notre entreprise am\u00e9liore constamment sa plateforme de production, optimise sa ligne de production et dispose d'une capacit\u00e9 de production importante. Nos produits r\u00e9pondent aux exigences de nos clients en termes d'efficacit\u00e9, de pr\u00e9cision et de qualit\u00e9.<\/p>\n<ul>\n<li>\n<h3>Professionnalisme<\/h3>\n<p>Notre entreprise dispose d'une \u00e9quipe de professionnels hautement qualifi\u00e9s, forts de nombreuses ann\u00e9es d'exp\u00e9rience dans la conception, la production et la vente de v\u00e9rins hydrauliques.<\/p>\n<\/li>\n<li>\n<h3>Certification internationale<\/h3>\n<p>Nos produits ont obtenu des certifications de qualit\u00e9 internationales, telles que l'ISO 9001, garantissant ainsi les normes de qualit\u00e9 les plus \u00e9lev\u00e9es.<\/p>\n<\/li>\n<li>\n<h3>Services personnalis\u00e9s<\/h3>\n<p>Notre entreprise propose des services de conception et de production de v\u00e9rins hydrauliques sur mesure afin de r\u00e9pondre aux exigences sp\u00e9cifiques de chaque client.<\/p>\n<\/li>\n<li>\n<h3>\u00c9quipements de production avanc\u00e9s<\/h3>\n<p>Notre entreprise utilise des \u00e9quipements de production de pointe pour la fabrication de v\u00e9rins hydrauliques afin de garantir une haute pr\u00e9cision et une excellente qualit\u00e9.<\/p>\n<\/li>\n<li>\n<h3>Service apr\u00e8s-vente<\/h3>\n<p>Notre entreprise propose un service apr\u00e8s-vente complet, incluant des services de r\u00e9paration, de remplacement et de remise \u00e0 neuf, afin de garantir la satisfaction de nos clients.<\/p>\n<\/li>\n<\/ul>\n<p><img decoding=\"async\" src=\"https:\/\/hzpt.com\/wp-content\/uploads\/2024\/11\/songte-company-1.webp\" alt=\"Production de v\u00e9rins hydrauliques\"><\/p>\n<p>Auteur : lyl.<\/p>","protected":false},"excerpt":{"rendered":"<p>Bucket Cylinder For Liugong Small Excavator CLG916D\/918E Introduction The bucket cylinder for Liugong small excavator CLG916D\/918E is a specialized hydraulic cylinder designed to control the movement of the bucket in heavy machinery such as excavators, backhoe loaders, and front-end loaders. Its main function is to enable the bucket to lift, lower, and tilt, thereby facilitating [&hellip;]<\/p>","protected":false},"featured_media":14778,"comment_status":"open","ping_status":"closed","template":"","meta":{"_et_pb_use_builder":"","_et_pb_old_content":"","_et_gb_content_width":""},"product_brand":[],"product_cat":[1494],"product_tag":[1495,1496],"class_list":{"0":"post-15574","1":"product","2":"type-product","3":"status-publish","4":"has-post-thumbnail","6":"product_cat-bucket-cylinders","7":"product_tag-bucket-cylinders","8":"product_tag-hydraulic-cylinders","10":"first","11":"instock","12":"shipping-taxable","13":"product-type-simple"},"amp_enabled":true,"_links":{"self":[{"href":"https:\/\/www.hydraulic-cylinders.net\/fr\/wp-json\/wp\/v2\/product\/15574","targetHints":{"allow":["GET"]}}],"collection":[{"href":"https:\/\/www.hydraulic-cylinders.net\/fr\/wp-json\/wp\/v2\/product"}],"about":[{"href":"https:\/\/www.hydraulic-cylinders.net\/fr\/wp-json\/wp\/v2\/types\/product"}],"replies":[{"embeddable":true,"href":"https:\/\/www.hydraulic-cylinders.net\/fr\/wp-json\/wp\/v2\/comments?post=15574"}],"wp:featuredmedia":[{"embeddable":true,"href":"https:\/\/www.hydraulic-cylinders.net\/fr\/wp-json\/wp\/v2\/media\/14778"}],"wp:attachment":[{"href":"https:\/\/www.hydraulic-cylinders.net\/fr\/wp-json\/wp\/v2\/media?parent=15574"}],"wp:term":[{"taxonomy":"product_brand","embeddable":true,"href":"https:\/\/www.hydraulic-cylinders.net\/fr\/wp-json\/wp\/v2\/product_brand?post=15574"},{"taxonomy":"product_cat","embeddable":true,"href":"https:\/\/www.hydraulic-cylinders.net\/fr\/wp-json\/wp\/v2\/product_cat?post=15574"},{"taxonomy":"product_tag","embeddable":true,"href":"https:\/\/www.hydraulic-cylinders.net\/fr\/wp-json\/wp\/v2\/product_tag?post=15574"}],"curies":[{"name":"wp","href":"https:\/\/api.w.org\/{rel}","templated":true}]}}