{"id":15576,"date":"2025-01-19T14:42:15","date_gmt":"2025-01-19T14:42:15","guid":{"rendered":"https:\/\/www.hydraulic-cylinders.net\/product\/bucket-cylinder-for-liugong-middle-excavator-clg225c\/"},"modified":"2025-01-19T14:42:17","modified_gmt":"2025-01-19T14:42:17","slug":"bucket-cylinder-for-liugong-middle-excavator-clg225c","status":"publish","type":"product","link":"https:\/\/www.hydraulic-cylinders.net\/fr\/produit\/bucket-cylinder-for-liugong-middle-excavator-clg225c\/","title":{"rendered":"Cylindre de godet pour pelle moyenne Liugong CLG225C"},"content":{"rendered":"<h1>Cylindre de godet pour pelle moyenne Liugong CLG225C<\/h1>\n<h2>Introduction<\/h2>\n<p>Le v\u00e9rin de godet, \u00e9galement appel\u00e9 v\u00e9rin de bras d'excavatrice, est un v\u00e9rin hydraulique sp\u00e9cialement con\u00e7u pour contr\u00f4ler les mouvements du godet sur les engins de chantier tels que les excavatrices, les pelles r\u00e9tro et les chargeuses frontales. Sa fonction principale est de permettre la lev\u00e9e, l'abaissement et l'inclinaison du godet, facilitant ainsi diverses op\u00e9rations de manutention. Au sein du syst\u00e8me hydraulique, le v\u00e9rin de godet assure un contr\u00f4le pr\u00e9cis des mouvements du godet en modulant la pression de l'huile hydraulique, permettant aux op\u00e9rateurs de manipuler efficacement des charges lourdes et de s'adapter \u00e0 des environnements de travail complexes et \u00e0 des besoins op\u00e9rationnels vari\u00e9s.<\/p>\n<p><img decoding=\"async\" src=\"https:\/\/www.hydraulic-cylinders.net\/wp-content\/uploads\/2025\/01\/songte-company-2.webp\" alt=\"Cylindre de godet pour pelle moyenne Liugong CLG225C\"><\/p>\n<h2>Caract\u00e9ristiques<\/h2>\n<ul>\n<li>\n<h3>Haute r\u00e9sistance et durabilit\u00e9<\/h3>\n<p>Le v\u00e9rin du godet est g\u00e9n\u00e9ralement fabriqu\u00e9 en acier haute r\u00e9sistance ou en aluminium et peut supporter des pressions et des charges \u00e9lev\u00e9es, ce qui le rend adapt\u00e9 aux environnements de travail difficiles. Sa conception prend en compte la r\u00e9sistance \u00e0 l'usure et \u00e0 la corrosion, ce qui prolonge sa dur\u00e9e de vie.<\/p>\n<\/li>\n<li>\n<h3>Fonctionnement hydraulique efficace<\/h3>\n<p>Le v\u00e9rin du godet utilise la pression de l'huile hydraulique pour assurer des mouvements d'extension et de r\u00e9traction fluides, fournissant des forces de pouss\u00e9e et de traction puissantes et convenant \u00e0 la manutention de charges lourdes et \u00e0 des t\u00e2ches op\u00e9rationnelles complexes.<\/p>\n<\/li>\n<li>\n<h3>Diff\u00e9rents types<\/h3>\n<p>Le v\u00e9rin du godet peut \u00eatre \u00e0 simple effet (actionnement hydraulique dans un seul sens) ou \u00e0 double effet (actionnement hydraulique dans les deux sens), selon les besoins op\u00e9rationnels. Certains mod\u00e8les sont t\u00e9lescopiques, ce qui permet une plus grande extension sans augmenter les dimensions ext\u00e9rieures et les rend adapt\u00e9s aux applications dans des espaces restreints.<\/p>\n<\/li>\n<li>\n<h3>Remplacement parfait<\/h3>\n<p>Notre produit remplace parfaitement ces v\u00e9rins hydrauliques. Nous le fabriquons avec une excellente qualit\u00e9 et \u00e0 un prix abordable.<\/p>\n<\/li>\n<\/ul>\n<p><img decoding=\"async\" src=\"https:\/\/www.hydraulic-cylinders.net\/wp-content\/uploads\/2025\/01\/songte-cylinder-head-with-all-kinds-excavator-models.webp\" alt=\"Cylindre de godet pour pelle moyenne Liugong CLG225C\"><\/p>\n<h2>Applications<\/h2>\n<p>Le v\u00e9rin \u00e0 godet trouve diverses applications dans diff\u00e9rents secteurs d'activit\u00e9, tels que\u00a0:<\/p>\n<ul>\n<li>\n<h3>\u00c9quipement de construction<\/h3>\n<p>Sur les excavatrices, le v\u00e9rin du godet est indispensable pour creuser, charger et d\u00e9placer la terre ou les d\u00e9bris. Sur les pelles r\u00e9tro, il sert au creusement et au levage. Sur les chargeuses frontales, il permet de lever et de d\u00e9charger efficacement les mat\u00e9riaux.<\/p>\n<\/li>\n<li>\n<h3>machines agricoles<\/h3>\n<p>Le v\u00e9rin du godet est utilis\u00e9 dans les chargeuses frontales pour creuser, soulever et transporter de la terre, du foin et d'autres mat\u00e9riaux.<\/p>\n<\/li>\n<li>\n<h3>Excavateurs<\/h3>\n<p>Le v\u00e9rin du godet permet \u00e0 celui-ci de p\u00e9n\u00e9trer dans le sol et d'effectuer des travaux d'excavation.<\/p>\n<\/li>\n<li>\n<h3>Chargeurs<\/h3>\n<p>Sur les chargeuses frontales, le v\u00e9rin du godet contribue \u00e0 soulever et \u00e0 incliner efficacement les marchandises.<\/p>\n<\/li>\n<\/ul>\n<h2>Consid\u00e9rations de conception et crit\u00e8res de s\u00e9lection<\/h2>\n<p>La conception du v\u00e9rin de godet doit prendre en compte sa capacit\u00e9 de charge, ses performances d'\u00e9tanch\u00e9it\u00e9, sa durabilit\u00e9, sa s\u00e9curit\u00e9 et sa facilit\u00e9 d'entretien. <\/p>\n<ul>\n<li>\n<h3>Capacit\u00e9 de charge<\/h3>\n<p>Le calcul de la capacit\u00e9 de charge est essentiel pour choisir le v\u00e9rin de godet adapt\u00e9. Ce dernier doit pouvoir supporter une charge importante\u00a0; il est donc primordial d'opter pour un v\u00e9rin \u00e0 capacit\u00e9 de charge \u00e9lev\u00e9e.<\/p>\n<\/li>\n<li>\n<h3>Performances d'\u00e9tanch\u00e9it\u00e9<\/h3>\n<p>Le v\u00e9rin de godet utilise diff\u00e9rents composants d'\u00e9tanch\u00e9it\u00e9, tels que des joints de piston et des joints de tige. Choisir un v\u00e9rin dot\u00e9 de joints de haute qualit\u00e9 garantit un fonctionnement optimal et pr\u00e9vient les fuites.<\/p>\n<\/li>\n<li>\n<h3>Durabilit\u00e9<\/h3>\n<p>Le v\u00e9rin du godet est soumis \u00e0 des conditions de travail difficiles et doit avoir une longue dur\u00e9e de vie. Le mat\u00e9riau, l'usinage et le traitement thermique du v\u00e9rin influent sur sa durabilit\u00e9.<\/p>\n<\/li>\n<li>\n<h3>S\u00e9curit\u00e9<\/h3>\n<p>Les v\u00e9rins de godet doivent \u00eatre conformes aux normes de s\u00e9curit\u00e9 afin de pr\u00e9venir les accidents et les blessures. Le choix de v\u00e9rins dot\u00e9s de dispositifs de s\u00e9curit\u00e9 tels que la protection contre les surcharges et les soupapes de d\u00e9charge de pression est essentiel pour garantir une utilisation en toute s\u00e9curit\u00e9.<\/p>\n<\/li>\n<li>\n<h3>Maintenabilit\u00e9<\/h3>\n<p>Le v\u00e9rin du godet n\u00e9cessite un entretien r\u00e9gulier pour garantir son bon fonctionnement. Une conception de v\u00e9rin facilitant l'entretien et la r\u00e9paration permet de r\u00e9duire les temps d'arr\u00eat et d'accro\u00eetre l'efficacit\u00e9.<\/p>\n<\/li>\n<\/ul>\n<p><img decoding=\"async\" src=\"https:\/\/www.hydraulic-cylinders.net\/wp-content\/uploads\/2025\/01\/songte-oil-pipes-and-spare-parts.webp\" alt=\"Cylindre de godet pour pelle moyenne Liugong CLG225C\"><\/p>\n<h2>\u00c9tanch\u00e9it\u00e9 et lubrification<\/h2>\n<p>Le v\u00e9rin du godet comporte divers \u00e9l\u00e9ments d'\u00e9tanch\u00e9it\u00e9, tels que des joints de piston et des joints de tige. Le choix du mat\u00e9riau d'\u00e9tanch\u00e9it\u00e9 appropri\u00e9 et une lubrification ad\u00e9quate sont essentiels pour des performances optimales et une dur\u00e9e de vie maximale. Un ajout r\u00e9gulier de la quantit\u00e9 appropri\u00e9e d'huile hydraulique est n\u00e9cessaire pour une lubrification optimale.<\/p>\n<h2>Entretien et r\u00e9paration<\/h2>\n<p>Le v\u00e9rin du godet n\u00e9cessite un entretien et des r\u00e9parations r\u00e9guliers afin de prolonger sa dur\u00e9e de vie, de r\u00e9duire les temps d'arr\u00eat et d'am\u00e9liorer son efficacit\u00e9. Les t\u00e2ches d'entretien r\u00e9gulier comprennent\u00a0:<\/p>\n<ul>\n<li>\n<h3>Inspection p\u00e9riodique<\/h3>\n<p>Inspecter le v\u00e9rin du godet pour d\u00e9tecter toute usure, tout dommage et toute fuite, et remplacer les joints ou pi\u00e8ces us\u00e9s.<\/p>\n<\/li>\n<li>\n<h3>Lubrification<\/h3>\n<p>Lubrifier r\u00e9guli\u00e8rement le cylindre et s'assurer que le niveau d'huile hydraulique reste ad\u00e9quat.<\/p>\n<\/li>\n<li>\n<h3>Remplacement des joints et v\u00e9rification de l'\u00e9talonnage<\/h3>\n<p>Remplacer le joint lorsque cela est n\u00e9cessaire et v\u00e9rifier le calibrage du cylindre pour assurer son bon fonctionnement.<\/p>\n<\/li>\n<\/ul>\n<p>Une installation correcte est essentielle au bon fonctionnement du v\u00e9rin. Il est n\u00e9cessaire d'aligner correctement le v\u00e9rin et d'utiliser les supports de fixation appropri\u00e9s. Le respect des proc\u00e9dures d'inspection, d'entretien et de remplacement recommand\u00e9es est \u00e9galement primordial pour prolonger la dur\u00e9e de vie du v\u00e9rin de godet.<\/p>\n<p><img decoding=\"async\" src=\"https:\/\/www.hydraulic-cylinders.net\/wp-content\/uploads\/2025\/01\/songte-chushion-collar.webp\" alt=\"Cylindre de godet pour pelle moyenne Liugong CLG225C\"><\/p>\n<h2>Consid\u00e9rations relatives \u00e0 la s\u00e9curit\u00e9 et \u00e0 l'environnement<\/h2>\n<p>Lors de l'utilisation du v\u00e9rin de godet, il est essentiel de respecter les consignes de s\u00e9curit\u00e9 afin de pr\u00e9venir les accidents et les blessures. L'\u00e9limination appropri\u00e9e de l'huile hydraulique et des autres mati\u00e8res dangereuses est \u00e9galement n\u00e9cessaire pour \u00e9viter toute contamination de l'environnement.<\/p>\n<h2>D\u00e9pannage<\/h2>\n<p>Les probl\u00e8mes courants li\u00e9s au v\u00e9rin du godet incluent les fuites, les dysfonctionnements et l'endommagement des joints. Un entretien et des r\u00e9parations appropri\u00e9s permettent de pr\u00e9venir ces probl\u00e8mes. Si les probl\u00e8mes persistent, v\u00e9rifiez les points suivants\u00a0: <\/p>\n<ul>\n<li>\n<h3>Niveau d'huile hydraulique bas<\/h3>\n<p>V\u00e9rifiez le niveau d'huile hydraulique et ajoutez-en si n\u00e9cessaire.<\/p>\n<\/li>\n<li>\n<h3>Sceaux us\u00e9s<\/h3>\n<p>V\u00e9rifiez l'\u00e9tat des joints du v\u00e9rin du godet et remplacez-les si n\u00e9cessaire.<\/p>\n<\/li>\n<li>\n<h3>Dommage<\/h3>\n<p>V\u00e9rifiez l'absence de dommages, tels que des pi\u00e8ces tordues ou cass\u00e9es, et remplacez-les rapidement.<\/p>\n<\/li>\n<\/ul>\n<h2>Pr\u00e9sentation de l'entreprise<\/h2>\n<p>Nous sommes un fabricant et distributeur de premier plan de v\u00e9rins hydrauliques sur les march\u00e9s nationaux et internationaux. Nous proposons une gamme compl\u00e8te de produits et nous engageons \u00e0 fournir une qualit\u00e9 irr\u00e9prochable gr\u00e2ce \u00e0 des strat\u00e9gies de production industrialis\u00e9es. Notre atelier de fabrication de pr\u00e9cision, l'application de technologies de pointe et nos syst\u00e8mes de contr\u00f4le qualit\u00e9 professionnels garantissent des produits de haute qualit\u00e9 r\u00e9pondant aux besoins vari\u00e9s de nos clients. <\/p>\n<p><img decoding=\"async\" src=\"https:\/\/hzpt.com\/wp-content\/uploads\/2024\/11\/songte-company-1.webp\" alt=\"Cylindre de godet pour pelle moyenne Liugong CLG225C\"><\/p>\n<h3>Points forts de notre entreprise\u00a0:<\/h3>\n<ul>\n<li>Professionnalisme<\/li>\n<li>Certification internationale<\/li>\n<li>Services personnalis\u00e9s<\/li>\n<li>\u00c9quipements de production avanc\u00e9s<\/li>\n<li>Excellent service apr\u00e8s-vente<\/li>\n<\/ul>\n<p>Nous nous engageons \u00e0 fournir des v\u00e9rins hydrauliques de haute qualit\u00e9 qui r\u00e9pondent aux exigences des clients et d\u00e9passent leurs attentes. <\/p>\n<p><img decoding=\"async\" src=\"https:\/\/www.hydraulic-cylinders.net\/wp-content\/uploads\/2025\/01\/songte-company-3.webp\" alt=\"Cylindre de godet pour pelle moyenne Liugong CLG225C\"><\/p>\n<p>Auteur : lyl<\/p>","protected":false},"excerpt":{"rendered":"<p>Bucket Cylinder For Liugong Middle Excavator CLG225C Introduction The bucket cylinder, also known as the excavator arm cylinder, is a specially designed hydraulic cylinder primarily used to control the motion of the bucket in heavy machinery such as excavators, backhoes, and front-end loaders. Its main function is to enable the bucket to lift, lower, and [&hellip;]<\/p>","protected":false},"featured_media":14773,"comment_status":"open","ping_status":"closed","template":"","meta":{"_et_pb_use_builder":"","_et_pb_old_content":"","_et_gb_content_width":""},"product_brand":[],"product_cat":[1494],"product_tag":[1495,1496],"class_list":{"0":"post-15576","1":"product","2":"type-product","3":"status-publish","4":"has-post-thumbnail","6":"product_cat-bucket-cylinders","7":"product_tag-bucket-cylinders","8":"product_tag-hydraulic-cylinders","10":"first","11":"instock","12":"shipping-taxable","13":"product-type-simple"},"amp_enabled":true,"_links":{"self":[{"href":"https:\/\/www.hydraulic-cylinders.net\/fr\/wp-json\/wp\/v2\/product\/15576","targetHints":{"allow":["GET"]}}],"collection":[{"href":"https:\/\/www.hydraulic-cylinders.net\/fr\/wp-json\/wp\/v2\/product"}],"about":[{"href":"https:\/\/www.hydraulic-cylinders.net\/fr\/wp-json\/wp\/v2\/types\/product"}],"replies":[{"embeddable":true,"href":"https:\/\/www.hydraulic-cylinders.net\/fr\/wp-json\/wp\/v2\/comments?post=15576"}],"wp:featuredmedia":[{"embeddable":true,"href":"https:\/\/www.hydraulic-cylinders.net\/fr\/wp-json\/wp\/v2\/media\/14773"}],"wp:attachment":[{"href":"https:\/\/www.hydraulic-cylinders.net\/fr\/wp-json\/wp\/v2\/media?parent=15576"}],"wp:term":[{"taxonomy":"product_brand","embeddable":true,"href":"https:\/\/www.hydraulic-cylinders.net\/fr\/wp-json\/wp\/v2\/product_brand?post=15576"},{"taxonomy":"product_cat","embeddable":true,"href":"https:\/\/www.hydraulic-cylinders.net\/fr\/wp-json\/wp\/v2\/product_cat?post=15576"},{"taxonomy":"product_tag","embeddable":true,"href":"https:\/\/www.hydraulic-cylinders.net\/fr\/wp-json\/wp\/v2\/product_tag?post=15576"}],"curies":[{"name":"wp","href":"https:\/\/api.w.org\/{rel}","templated":true}]}}