{"id":15598,"date":"2025-01-19T14:43:48","date_gmt":"2025-01-19T14:43:48","guid":{"rendered":"https:\/\/www.hydraulic-cylinders.net\/product\/bucket-cylinder-for-xgma-middle-excavator-xg822el\/"},"modified":"2025-01-19T14:43:56","modified_gmt":"2025-01-19T14:43:56","slug":"bucket-cylinder-for-xgma-middle-excavator-xg822el","status":"publish","type":"product","link":"https:\/\/www.hydraulic-cylinders.net\/fr\/produit\/bucket-cylinder-for-xgma-middle-excavator-xg822el\/","title":{"rendered":"V\u00e9rin de godet pour pelle centrale XGMA XG822EL"},"content":{"rendered":"<h1>V\u00e9rin de godet pour pelle centrale XGMA XG822EL<\/h1>\n<h2>Introduction<\/h2>\n<p>Le v\u00e9rin de godet pour pelle moyenne XGMA XG822EL est un v\u00e9rin hydraulique sp\u00e9cialement con\u00e7u pour contr\u00f4ler les mouvements du godet sur les engins de chantier tels que les pelles hydrauliques, les pelles r\u00e9tro et les chargeuses frontales. Sa fonction principale est de permettre la lev\u00e9e, l'abaissement et l'inclinaison du godet, facilitant ainsi diverses op\u00e9rations de manutention. Dans un syst\u00e8me hydraulique, le v\u00e9rin de godet utilise la variation de pression de l'huile hydraulique pour contr\u00f4ler pr\u00e9cis\u00e9ment les mouvements du godet, permettant \u00e0 l'op\u00e9rateur de manipuler efficacement des mat\u00e9riaux lourds et de s'adapter \u00e0 des conditions de travail complexes et \u00e0 des exigences vari\u00e9es.<\/p>\n<p><img decoding=\"async\" src=\"https:\/\/www.hydraulic-cylinders.net\/wp-content\/uploads\/2025\/01\/songte-company-2.webp\"><\/p>\n<h2>Caract\u00e9ristiques<\/h2>\n<ul>\n<li>Haute r\u00e9sistance et durabilit\u00e9\u00a0: g\u00e9n\u00e9ralement fabriqu\u00e9 en acier ou en aluminium haute r\u00e9sistance, il supporte les hautes pressions et les charges importantes, s\u2019adaptant ainsi aux environnements de travail difficiles. Sa conception assure une r\u00e9sistance \u00e0 l\u2019usure et \u00e0 la corrosion, prolongeant sa dur\u00e9e de vie.<\/li>\n<li>Fonctionnement hydraulique efficace : Utilisant la pression de l'huile hydraulique pour obtenir une extension et une r\u00e9traction en douceur, il peut r\u00e9pondre rapidement aux commandes, fournissant une force de pouss\u00e9e et de traction puissante adapt\u00e9e \u00e0 la manutention de mat\u00e9riaux lourds et aux t\u00e2ches complexes.<\/li>\n<li>Diff\u00e9rents types sont disponibles\u00a0: des v\u00e9rins simple effet (fonctionnant dans un seul sens) ou double effet (fonctionnant dans les deux sens) peuvent \u00eatre s\u00e9lectionn\u00e9s en fonction des besoins pour r\u00e9pondre \u00e0 diff\u00e9rentes applications. Certains mod\u00e8les sont t\u00e9lescopiques, permettant une plus grande extension sans augmenter les dimensions ext\u00e9rieures, ce qui les rend adapt\u00e9s aux applications o\u00f9 l\u2019espace est limit\u00e9.<\/li>\n<li>Facile \u00e0 installer et \u00e0 entretenir : notre entreprise peut fabriquer ce produit, et nos produits peuvent parfaitement remplacer ces v\u00e9rins hydrauliques.<\/li>\n<\/ul>\n<p><img decoding=\"async\" src=\"https:\/\/www.hydraulic-cylinders.net\/wp-content\/uploads\/2025\/01\/songte-cylinder-head-with-all-kinds-excavator-models.webp\"><\/p>\n<h2>Applications<\/h2>\n<p>Ce v\u00e9rin de godet est largement utilis\u00e9 dans diverses machines lourdes, notamment\u00a0:<\/p>\n<ul>\n<li>Mat\u00e9riel de construction\u00a0: Sur les excavatrices, les v\u00e9rins sont indispensables pour creuser, charger et d\u00e9placer la terre ou les d\u00e9bris. Sur les pelles r\u00e9tro, le v\u00e9rin du godet sert \u00e0 la fois au creusement et au levage. <\/li>\n<li>Machines agricoles : utilis\u00e9es pour les chargeuses frontales, le ramassage, le levage et le transport de terre, de foin et d'autres mat\u00e9riaux. <\/li>\n<li>Excavatrices : Le v\u00e9rin du godet permet \u00e0 celui-ci de p\u00e9n\u00e9trer dans le sol pour effectuer le creusement. <\/li>\n<li>Chargeurs : Sur les chargeurs frontaux, ils permettent de soulever et de basculer efficacement les marchandises.<\/li>\n<\/ul>\n<h2>Consid\u00e9rations de conception et crit\u00e8res de s\u00e9lection<\/h2>\n<p>Les caract\u00e9ristiques de conception du v\u00e9rin de godet de la pelle hydraulique XGMA XG822EL sont essentielles \u00e0 ses performances. Voici les principaux facteurs\u00a0:<\/p>\n<h3>Capacit\u00e9 de charge<\/h3>\n<p>Le cylindre doit pr\u00e9senter une capacit\u00e9 portante suffisante pour supporter la charge pr\u00e9vue. La taille et le nombre de surfaces d'appui, la r\u00e9sistance des mat\u00e9riaux et la g\u00e9om\u00e9trie du cylindre sont autant de param\u00e8tres de conception essentiels.<\/p>\n<h3>Scellage<\/h3>\n<p>Le v\u00e9rin doit \u00eatre parfaitement \u00e9tanche pour \u00e9viter toute fuite d'huile hydraulique. Son joint est g\u00e9n\u00e9ralement en polyur\u00e9thane, en caoutchouc nitrile ou en d'autres mat\u00e9riaux r\u00e9sistants \u00e0 l'usure. Le corps du v\u00e9rin et les surfaces filet\u00e9es sont usin\u00e9s avec pr\u00e9cision pour une meilleure r\u00e9sistance \u00e0 l'usure et une \u00e9tanch\u00e9it\u00e9 optimale.<\/p>\n<h3>Durabilit\u00e9 et entretien<\/h3>\n<p>Le v\u00e9rin doit \u00eatre robuste et n\u00e9cessiter un entretien minimal. Il doit \u00eatre con\u00e7u pour une utilisation prolong\u00e9e, avec une usure minimale et un entretien facile. L'entretien du v\u00e9rin comprend des contr\u00f4les r\u00e9guliers du niveau d'huile, le remplacement des joints et des bagues, ainsi que des inspections et des contr\u00f4les d'\u00e9talonnage.<\/p>\n<h3>S\u00e9curit\u00e9 et environnement<\/h3>\n<p>Le v\u00e9rin de godet de la pelle hydraulique XGMA XG822EL doit \u00eatre con\u00e7u dans le respect des normes de s\u00e9curit\u00e9 et de l'environnement. Le syst\u00e8me hydraulique doit \u00eatre \u00e9tanche et dot\u00e9 de dispositifs de s\u00e9curit\u00e9 appropri\u00e9s afin de pr\u00e9venir tout accident. Les mat\u00e9riaux utilis\u00e9s doivent \u00eatre adapt\u00e9s \u00e0 l'environnement de travail et sans impact environnemental.<\/p>\n<p><img decoding=\"async\" src=\"https:\/\/www.hydraulic-cylinders.net\/wp-content\/uploads\/2025\/01\/songte-oil-pipes-and-spare-parts.webp\"><\/p>\n<h2>\u00c9tanch\u00e9it\u00e9 et lubrification<\/h2>\n<p>Le v\u00e9rin de godet pour pelle hydraulique XGMA XG822EL utilise divers joints d'\u00e9tanch\u00e9it\u00e9 (joints de piston, joints de tige et joints racleurs) pour maintenir une pression hydraulique optimale et pr\u00e9venir les fuites. L'utilisation de mat\u00e9riaux r\u00e9sistants \u00e0 l'usure et l'usinage de pr\u00e9cision des surfaces du v\u00e9rin renforcent sa r\u00e9sistance \u00e0 l'usure. La lubrification r\u00e9guli\u00e8re des pi\u00e8ces mobiles du v\u00e9rin r\u00e9duit davantage les frottements et am\u00e9liore ses performances.<\/p>\n<h2>Maintenance pr\u00e9ventive<\/h2>\n<p>L'entretien r\u00e9gulier du v\u00e9rin de godet de la pelle XGMA XG822EL est essentiel pour prolonger sa dur\u00e9e de vie. Cet entretien comprend l'inspection r\u00e9guli\u00e8re, la lubrification et le remplacement des joints. Il est \u00e9galement crucial de v\u00e9rifier et de maintenir l'alignement du v\u00e9rin et d'utiliser les supports de fixation appropri\u00e9s afin de pr\u00e9venir d'\u00e9ventuels probl\u00e8mes. Notre entreprise fournit des pi\u00e8ces de rechange et des services de remise \u00e0 neuf pour optimiser la dur\u00e9e de vie du v\u00e9rin.<\/p>\n<p><img decoding=\"async\" src=\"https:\/\/www.hydraulic-cylinders.net\/wp-content\/uploads\/2025\/01\/songte-chushion-collar.webp\"><\/p>\n<h2>S\u00e9curit\u00e9 et d\u00e9pannage<\/h2>\n<p>Le v\u00e9rin de godet de la pelle hydraulique XGMA XG822EL doit \u00eatre utilis\u00e9 en toute s\u00e9curit\u00e9 et inspect\u00e9 r\u00e9guli\u00e8rement afin de d\u00e9tecter d'\u00e9ventuels probl\u00e8mes. Le manuel d'entretien et d'utilisation fournit les instructions pour une utilisation et un entretien corrects. Les probl\u00e8mes courants incluent les fuites, les pertes de pression et les bruits anormaux. Les m\u00e9thodes de d\u00e9pannage comprennent l'inspection visuelle, les tests de pression et le remplacement des composants. Des mesures pr\u00e9ventives, telles que l'inspection et l'entretien r\u00e9guliers, r\u00e9duisent la probabilit\u00e9 de probl\u00e8mes.<\/p>\n<p><img decoding=\"async\" src=\"https:\/\/www.hydraulic-cylinders.net\/wp-content\/uploads\/2025\/01\/songte-bushings-with-all-kinds-of-excavator-models.webp\"><\/p>\n<h2>Pr\u00e9sentation de l'entreprise<\/h2>\n<p>Notre entreprise est sp\u00e9cialis\u00e9e dans la fabrication de v\u00e9rins hydrauliques de remplacement et propose une gamme compl\u00e8te de produits. Nous figurons parmi les principaux fabricants et distributeurs de v\u00e9rins hydrauliques sur les march\u00e9s nationaux et internationaux. Attach\u00e9s \u00e0 l'excellence, nous nous appuyons sur des strat\u00e9gies de gestion de production industrialis\u00e9es au sein d'ateliers de fabrication de pointe. Nous optimisons constamment nos plateformes de production, perfectionnons nos lignes de production et disposons d'une forte capacit\u00e9 d'innovation. Nos principes de haute efficacit\u00e9, de haute pr\u00e9cision et de haute qualit\u00e9 r\u00e9pondent aux besoins vari\u00e9s de nos clients. <\/p>\n<p>Notre entreprise propose des services de personnalisation, des certifications internationales, des \u00e9quipements professionnels et un service apr\u00e8s-vente. Nous utilisons des technologies et des \u00e9quipements de pointe, ainsi que des syst\u00e8mes de test professionnels, afin d'am\u00e9liorer constamment la production de nos produits et la qualit\u00e9 de nos services.<\/p>\n<p><img decoding=\"async\" src=\"https:\/\/hzpt.com\/wp-content\/uploads\/2024\/11\/songte-company-1.webp\"><\/p>\n<h3>Auteur : lyl<\/h3>","protected":false},"excerpt":{"rendered":"<p>Bucket Cylinder For XGMA Middle Excavator XG822EL Introduction The Bucket Cylinder for XGMA Middle Excavator XG822EL is a specially designed hydraulic cylinder primarily used for controlling the movement of the bucket in heavy machinery such as excavators, backhoe excavators, and front loaders. Its main function is to allow the bucket to lift, lower, and tilt, [&hellip;]<\/p>","protected":false},"featured_media":14788,"comment_status":"open","ping_status":"closed","template":"","meta":{"_et_pb_use_builder":"","_et_pb_old_content":"","_et_gb_content_width":""},"product_brand":[],"product_cat":[1494],"product_tag":[1495,1496],"class_list":{"0":"post-15598","1":"product","2":"type-product","3":"status-publish","4":"has-post-thumbnail","6":"product_cat-bucket-cylinders","7":"product_tag-bucket-cylinders","8":"product_tag-hydraulic-cylinders","10":"first","11":"instock","12":"shipping-taxable","13":"product-type-simple"},"amp_enabled":true,"_links":{"self":[{"href":"https:\/\/www.hydraulic-cylinders.net\/fr\/wp-json\/wp\/v2\/product\/15598","targetHints":{"allow":["GET"]}}],"collection":[{"href":"https:\/\/www.hydraulic-cylinders.net\/fr\/wp-json\/wp\/v2\/product"}],"about":[{"href":"https:\/\/www.hydraulic-cylinders.net\/fr\/wp-json\/wp\/v2\/types\/product"}],"replies":[{"embeddable":true,"href":"https:\/\/www.hydraulic-cylinders.net\/fr\/wp-json\/wp\/v2\/comments?post=15598"}],"wp:featuredmedia":[{"embeddable":true,"href":"https:\/\/www.hydraulic-cylinders.net\/fr\/wp-json\/wp\/v2\/media\/14788"}],"wp:attachment":[{"href":"https:\/\/www.hydraulic-cylinders.net\/fr\/wp-json\/wp\/v2\/media?parent=15598"}],"wp:term":[{"taxonomy":"product_brand","embeddable":true,"href":"https:\/\/www.hydraulic-cylinders.net\/fr\/wp-json\/wp\/v2\/product_brand?post=15598"},{"taxonomy":"product_cat","embeddable":true,"href":"https:\/\/www.hydraulic-cylinders.net\/fr\/wp-json\/wp\/v2\/product_cat?post=15598"},{"taxonomy":"product_tag","embeddable":true,"href":"https:\/\/www.hydraulic-cylinders.net\/fr\/wp-json\/wp\/v2\/product_tag?post=15598"}],"curies":[{"name":"wp","href":"https:\/\/api.w.org\/{rel}","templated":true}]}}