{"id":15599,"date":"2025-01-19T14:43:59","date_gmt":"2025-01-19T14:43:59","guid":{"rendered":"https:\/\/www.hydraulic-cylinders.net\/product\/bucket-cylinder-for-xgma-middle-excavator-xg825el\/"},"modified":"2025-01-19T14:44:01","modified_gmt":"2025-01-19T14:44:01","slug":"bucket-cylinder-for-xgma-middle-excavator-xg825el","status":"publish","type":"product","link":"https:\/\/www.hydraulic-cylinders.net\/fr\/produit\/bucket-cylinder-for-xgma-middle-excavator-xg825el\/","title":{"rendered":"V\u00e9rin de godet pour pelle centrale XGMA XG825EL"},"content":{"rendered":"<h2>Introduction<\/h2>\n<h3>V\u00e9rin de godet pour pelle centrale XGMA XG825EL<\/h3>\n<p>Le v\u00e9rin de godet pour pelle moyenne XGMA XG825EL est un v\u00e9rin hydraulique sp\u00e9cialis\u00e9 con\u00e7u pour contr\u00f4ler les mouvements de godet sur les engins de chantier tels que les pelles hydrauliques, les pelles r\u00e9tro et les chargeuses frontales. Sa fonction principale est de faciliter la lev\u00e9e, l'abaissement et l'inclinaison du godet, simplifiant ainsi les op\u00e9rations de manutention. Au sein du syst\u00e8me hydraulique, le v\u00e9rin de godet exploite les variations de pression d'huile pour un contr\u00f4le pr\u00e9cis du godet, permettant aux op\u00e9rateurs de manipuler efficacement des charges lourdes, de s'adapter \u00e0 des environnements de travail complexes et de r\u00e9pondre \u00e0 des exigences vari\u00e9es.<\/p>\n<p><img decoding=\"async\" src=\"https:\/\/www.hydraulic-cylinders.net\/wp-content\/uploads\/2025\/01\/songte-company-2.webp\" alt=\"V\u00e9rin de godet\"><\/p>\n<h2>Caract\u00e9ristiques<\/h2>\n<ul>\n<li><strong>Haute r\u00e9sistance et durabilit\u00e9 :<\/strong> G\u00e9n\u00e9ralement fabriqu\u00e9 en acier \u00e0 haute r\u00e9sistance ou en aluminium, il peut r\u00e9sister \u00e0 une pression \u00e9lev\u00e9e et \u00e0 des charges importantes, s'adapter aux environnements de travail difficiles et est con\u00e7u pour r\u00e9sister \u00e0 l'usure et \u00e0 la corrosion, prolongeant ainsi sa dur\u00e9e de vie.<\/li>\n<li><strong>Fonctionnement hydraulique efficace :<\/strong> Utilisant la pression de l'huile hydraulique pour assurer une expansion et une contraction en douceur, il peut r\u00e9pondre rapidement aux commandes, fournir une force de pouss\u00e9e et de traction puissante et convient \u00e0 la manutention de charges lourdes et \u00e0 des t\u00e2ches complexes.<\/li>\n<li><strong>Diff\u00e9rents types :<\/strong> Les v\u00e9rins \u00e0 simple effet (fonctionnant dans un seul sens) ou \u00e0 double effet (fonctionnant dans les deux sens) peuvent \u00eatre s\u00e9lectionn\u00e9s en fonction des besoins pour r\u00e9pondre aux diff\u00e9rentes exigences op\u00e9rationnelles. Certains mod\u00e8les sont t\u00e9lescopiques, ce qui permet une plus grande extension sans augmenter l'encombrement ext\u00e9rieur et convient aux applications o\u00f9 l'espace est limit\u00e9.<\/li>\n<li><strong>Remplacement facile\u00a0:<\/strong> Nos produits peuvent parfaitement remplacer ces v\u00e9rins hydrauliques.<\/li>\n<\/ul>\n<p><img decoding=\"async\" src=\"https:\/\/www.hydraulic-cylinders.net\/wp-content\/uploads\/2025\/01\/songte-cylinder-head-with-all-kinds-excavator-models.webp\" alt=\"V\u00e9rin de godet\"><\/p>\n<h2>Applications<\/h2>\n<p>Le v\u00e9rin \u00e0 godet a une large gamme d'applications, notamment\u00a0:<\/p>\n<ul>\n<li><strong>\u00c9quipement de construction :<\/strong> Sur les excavatrices, les v\u00e9rins sont indispensables pour creuser, charger et d\u00e9placer la terre ou les d\u00e9bris. Sur les pelles r\u00e9tro, les v\u00e9rins du godet facilitent le creusement et le levage. <\/li>\n<li><strong>Machines agricoles :<\/strong> Utilis\u00e9 pour les chargeuses frontales, pour le pelletage, le levage et le transport de terre, de foin et d'autres mat\u00e9riaux. <\/li>\n<li><strong>Excavateurs:<\/strong> Le v\u00e9rin du godet permet l'excavation en laissant le godet p\u00e9n\u00e9trer dans le sol. <\/li>\n<li><strong>Chargeurs:<\/strong> Sur les chargeuses frontales, elles facilitent le levage et le basculement efficaces des marchandises.<\/li>\n<\/ul>\n<p>Chaque application du v\u00e9rin \u00e0 godet est d\u00e9crite ci-dessous\u00a0:<\/p>\n<ul>\n<li><strong>\u00c9quipement de construction :<\/strong> Sur les excavatrices, les v\u00e9rins de godet sont indispensables pour creuser, charger et d\u00e9placer la terre ou les d\u00e9bris. Ils assurent les m\u00e9canismes de levage et d'inclinaison n\u00e9cessaires \u00e0 l'excavation. Sur les pelles r\u00e9tro, les v\u00e9rins de godet facilitent le creusement et le levage, ce qui les rend id\u00e9ales pour les chantiers en terrain accident\u00e9. <\/li>\n<li><strong>Machines agricoles :<\/strong> Les v\u00e9rins de godet sont utilis\u00e9s dans les chargeuses frontales, qui servent \u00e0 ramasser, soulever et transporter de la terre, du foin et d'autres mat\u00e9riaux. Ils assurent les m\u00e9canismes de levage et d'inclinaison n\u00e9cessaires au d\u00e9placement de charges lourdes dans l'exploitation agricole. <\/li>\n<li><strong>Excavateurs:<\/strong> Les v\u00e9rins \u00e0 godet permettent l'excavation en laissant le godet p\u00e9n\u00e9trer dans le sol. Ils sont indispensables pour creuser des tranch\u00e9es ou des fondations, et pour d\u00e9molir des b\u00e2timents ou autres structures.<\/li>\n<li><strong>Chargeurs:<\/strong> Sur les chargeuses frontales, les v\u00e9rins du godet permettent de lever et d'incliner efficacement les marchandises, ce qui les rend id\u00e9ales pour le chargement et le d\u00e9chargement de charges lourdes. <\/li>\n<\/ul>\n<h2>Consid\u00e9rations de conception et crit\u00e8res de s\u00e9lection<\/h2>\n<p>Le v\u00e9rin du godet pr\u00e9sente plusieurs consid\u00e9rations de conception et crit\u00e8res de s\u00e9lection, qui sont expliqu\u00e9s ci-dessous\u00a0:<\/p>\n<ul>\n<li><strong>Capacit\u00e9 portante :<\/strong> Le v\u00e9rin du godet doit pouvoir supporter le poids et la pression de la charge qu'il soul\u00e8ve ou incline.<\/li>\n<li><strong>Scellage:<\/strong> Le v\u00e9rin du godet doit \u00eatre con\u00e7u avec des joints de haute qualit\u00e9 afin d'\u00e9viter les fuites et la contamination du fluide hydraulique. <\/li>\n<li><strong>Durabilit\u00e9:<\/strong> Le v\u00e9rin du godet doit \u00eatre con\u00e7u pour r\u00e9sister aux conditions difficiles du chantier, notamment \u00e0 l'usure et \u00e0 la corrosion. <\/li>\n<li><strong>S\u00e9curit\u00e9:<\/strong> Le v\u00e9rin du godet doit \u00eatre con\u00e7u en tenant compte de la s\u00e9curit\u00e9, notamment en int\u00e9grant des dispositifs tels que des soupapes de verrouillage et des syst\u00e8mes de protection contre les surcharges. <\/li>\n<li><strong>Entretien:<\/strong> Le v\u00e9rin du godet doit \u00eatre con\u00e7u pour faciliter l'entretien, notamment en permettant un acc\u00e8s ais\u00e9 aux composants pour l'inspection et la r\u00e9paration. <\/li>\n<\/ul>\n<p><img decoding=\"async\" src=\"https:\/\/www.hydraulic-cylinders.net\/wp-content\/uploads\/2025\/01\/songte-oil-pipes-and-spare-parts.webp\" alt=\"V\u00e9rin de godet\"><\/p>\n<h2>\u00c9tanch\u00e9it\u00e9 et lubrification<\/h2>\n<p>Le v\u00e9rin du godet utilise diff\u00e9rents joints, tels que des joints de piston et des joints de tige, fabriqu\u00e9s en mat\u00e9riaux r\u00e9sistants \u00e0 l'usure comme le polyur\u00e9thane et le caoutchouc nitrile, afin d'emp\u00eacher les fuites d'huile hydraulique. Le corps du v\u00e9rin et la surface d'extr\u00e9mit\u00e9 filet\u00e9e sont usin\u00e9s avec pr\u00e9cision pour accro\u00eetre leur r\u00e9sistance \u00e0 l'usure. Une lubrification r\u00e9guli\u00e8re \u00e0 l'huile hydraulique est n\u00e9cessaire pour assurer le bon fonctionnement du v\u00e9rin du godet.<\/p>\n<p><img decoding=\"async\" src=\"https:\/\/www.hydraulic-cylinders.net\/wp-content\/uploads\/2025\/01\/songte-chushion-collar.webp\" alt=\"V\u00e9rin de godet\"><\/p>\n<h2>Inspection et maintenance pr\u00e9ventive<\/h2>\n<p>L'inspection r\u00e9guli\u00e8re et la maintenance pr\u00e9ventive sont essentielles au bon fonctionnement du v\u00e9rin du godet. Voici les t\u00e2ches de maintenance courantes\u00a0:<\/p>\n<ul>\n<li><strong>Inspection r\u00e9guli\u00e8re :<\/strong> Inspectez le corps du cylindre, le piston et les joints pour d\u00e9tecter toute usure ou tout dommage. <\/li>\n<li><strong>Lubrification:<\/strong> Lubrifiez le cylindre avec de l'huile hydraulique \u00e0 intervalles r\u00e9guliers pour assurer un bon fonctionnement. <\/li>\n<li><strong>Remplacement du joint :<\/strong> Remplacez rapidement les joints endommag\u00e9s ou us\u00e9s afin d'\u00e9viter les fuites de fluide hydraulique. <\/li>\n<li><strong>V\u00e9rification de l'\u00e9talonnage\u00a0:<\/strong> Check the cylinder&#8217;s calibration regularly to ensure it is operating within specifications. <\/li>\n<\/ul>\n<p>Une installation correcte est essentielle au bon fonctionnement du v\u00e9rin de godet. Il est important d'aligner correctement le v\u00e9rin et d'utiliser les supports de fixation appropri\u00e9s pour le maintenir en place. Les proc\u00e9dures d'inspection, de r\u00e9paration et de remplacement recommand\u00e9es doivent \u00eatre suivies afin de prolonger la dur\u00e9e de vie du v\u00e9rin.<\/p>\n<p><img decoding=\"async\" src=\"https:\/\/hzpt.com\/wp-content\/uploads\/2024\/11\/songte-company-1.webp\" alt=\"V\u00e9rin de godet\"><\/p>\n<h2>Consid\u00e9rations relatives \u00e0 la s\u00e9curit\u00e9 et \u00e0 l'environnement<\/h2>\n<p>Lors de l'utilisation du v\u00e9rin de godet, des pr\u00e9cautions de s\u00e9curit\u00e9 doivent \u00eatre prises afin de pr\u00e9venir les accidents. Les dispositifs de s\u00e9curit\u00e9, tels que les vannes de verrouillage et les syst\u00e8mes de protection contre les surcharges, doivent \u00eatre utilis\u00e9s pour \u00e9viter les situations dangereuses. Les consid\u00e9rations environnementales doivent \u00e9galement \u00eatre prises en compte, notamment l'\u00e9limination appropri\u00e9e du fluide hydraulique et l'utilisation de mat\u00e9riaux respectueux de l'environnement.<\/p>\n<p><img decoding=\"async\" src=\"https:\/\/www.hydraulic-cylinders.net\/wp-content\/uploads\/2025\/01\/songte-bushings-with-all-kinds-of-excavator-models.webp\" alt=\"V\u00e9rin de godet\"><\/p>\n<h2>D\u00e9pannage et probl\u00e8mes courants<\/h2>\n<p>Le v\u00e9rin du godet peut pr\u00e9senter des dysfonctionnements dus \u00e0 l'usure, \u00e0 des dommages ou \u00e0 une utilisation inappropri\u00e9e. Les probl\u00e8mes courants incluent les fuites d'huile hydraulique, un fonctionnement lent et une force de levage ou d'inclinaison insuffisante. Des conseils et des solutions de d\u00e9pannage doivent \u00eatre fournis pour aider les utilisateurs \u00e0 diagnostiquer et \u00e0 r\u00e9soudre ces probl\u00e8mes. Des mesures pr\u00e9ventives doivent \u00e9galement \u00eatre pr\u00e9sent\u00e9es afin de minimiser les risques de dysfonctionnement.<\/p>\n<h2>\u00c0 propos de notre entreprise<\/h2>\n<p>Nous sommes un fabricant de v\u00e9rins hydrauliques de remplacement offrant une gamme compl\u00e8te de produits, ce qui fait de nous l'un des principaux fabricants et distributeurs de v\u00e9rins hydrauliques sur les march\u00e9s nationaux et internationaux. Notre priorit\u00e9 est l'excellence, et nous nous appuyons sur une strat\u00e9gie de gestion de production industrialis\u00e9e au sein d'ateliers de fabrication modernes. Notre entreprise am\u00e9liore constamment ses installations, optimise sa ligne de production et fait preuve d'une grande cr\u00e9ativit\u00e9. Nous nous engageons \u00e0 satisfaire les besoins vari\u00e9s de nos clients avec efficacit\u00e9, pr\u00e9cision et qualit\u00e9.<\/p>\n<p><img decoding=\"async\" src=\"https:\/\/www.hydraulic-cylinders.net\/wp-content\/uploads\/2025\/01\/songte-company-3.webp\" alt=\"V\u00e9rin de godet\"><\/p>\n<p>Nous sommes fiers de notre professionnalisme, de notre certification internationale, de nos services personnalis\u00e9s, de nos \u00e9quipements de production et de notre service apr\u00e8s-vente. Nos produits sont de haute qualit\u00e9 et offrent des performances fiables. Nous fournissons \u00e9galement \u00e0 nos clients une assistance technique rapide et professionnelle. <\/p>\n<h2>Auteur<\/h2>\n<p>lyl<\/p>","protected":false},"excerpt":{"rendered":"<p>Introduction Bucket Cylinder For XGMA Middle Excavator XG825EL The Bucket Cylinder for XGMA Middle Excavator XG825EL is a specialized hydraulic cylinder designed to control the movement of buckets in heavy machinery such as excavators, backhoe excavators, and front-end loaders. Its main function is to facilitate the lifting, lowering, and tilting of buckets, making it easier [&hellip;]<\/p>","protected":false},"featured_media":14787,"comment_status":"open","ping_status":"closed","template":"","meta":{"_et_pb_use_builder":"","_et_pb_old_content":"","_et_gb_content_width":""},"product_brand":[],"product_cat":[1494],"product_tag":[1495,1496],"class_list":{"0":"post-15599","1":"product","2":"type-product","3":"status-publish","4":"has-post-thumbnail","6":"product_cat-bucket-cylinders","7":"product_tag-bucket-cylinders","8":"product_tag-hydraulic-cylinders","10":"first","11":"instock","12":"shipping-taxable","13":"product-type-simple"},"amp_enabled":true,"_links":{"self":[{"href":"https:\/\/www.hydraulic-cylinders.net\/fr\/wp-json\/wp\/v2\/product\/15599","targetHints":{"allow":["GET"]}}],"collection":[{"href":"https:\/\/www.hydraulic-cylinders.net\/fr\/wp-json\/wp\/v2\/product"}],"about":[{"href":"https:\/\/www.hydraulic-cylinders.net\/fr\/wp-json\/wp\/v2\/types\/product"}],"replies":[{"embeddable":true,"href":"https:\/\/www.hydraulic-cylinders.net\/fr\/wp-json\/wp\/v2\/comments?post=15599"}],"wp:featuredmedia":[{"embeddable":true,"href":"https:\/\/www.hydraulic-cylinders.net\/fr\/wp-json\/wp\/v2\/media\/14787"}],"wp:attachment":[{"href":"https:\/\/www.hydraulic-cylinders.net\/fr\/wp-json\/wp\/v2\/media?parent=15599"}],"wp:term":[{"taxonomy":"product_brand","embeddable":true,"href":"https:\/\/www.hydraulic-cylinders.net\/fr\/wp-json\/wp\/v2\/product_brand?post=15599"},{"taxonomy":"product_cat","embeddable":true,"href":"https:\/\/www.hydraulic-cylinders.net\/fr\/wp-json\/wp\/v2\/product_cat?post=15599"},{"taxonomy":"product_tag","embeddable":true,"href":"https:\/\/www.hydraulic-cylinders.net\/fr\/wp-json\/wp\/v2\/product_tag?post=15599"}],"curies":[{"name":"wp","href":"https:\/\/api.w.org\/{rel}","templated":true}]}}