{"id":15604,"date":"2025-01-19T14:44:19","date_gmt":"2025-01-19T14:44:19","guid":{"rendered":"https:\/\/www.hydraulic-cylinders.net\/product\/bucket-cylinder-for-xgma-wheel-excavator-xg807w\/"},"modified":"2025-01-19T14:44:20","modified_gmt":"2025-01-19T14:44:20","slug":"bucket-cylinder-for-xgma-wheel-excavator-xg807w","status":"publish","type":"product","link":"https:\/\/www.hydraulic-cylinders.net\/fr\/produit\/bucket-cylinder-for-xgma-wheel-excavator-xg807w\/","title":{"rendered":"V\u00e9rin de godet pour pelle sur pneus XGMA XG807W"},"content":{"rendered":"<h1>V\u00e9rin de godet pour pelle sur pneus XGMA XG807W<\/h1>\n<h2>Introduction<\/h2>\n<p>Un v\u00e9rin de godet est un v\u00e9rin hydraulique sp\u00e9cialis\u00e9 con\u00e7u pour contr\u00f4ler les mouvements du godet sur les engins de chantier tels que les pelles hydrauliques, les chargeuses-pelleteuses et les chargeuses sur pneus. Sa fonction principale est de permettre le levage, l'abaissement et l'inclinaison du godet, facilitant ainsi la manutention de divers mat\u00e9riaux. Dans un syst\u00e8me hydraulique, le v\u00e9rin de godet assure un contr\u00f4le pr\u00e9cis du godet en modulant la pression de l'huile hydraulique, permettant aux op\u00e9rateurs de manipuler efficacement des charges lourdes et de s'adapter \u00e0 des environnements de travail complexes et \u00e0 des exigences vari\u00e9es.<\/p>\n<p><img decoding=\"async\" src=\"https:\/\/www.hydraulic-cylinders.net\/wp-content\/uploads\/2025\/01\/songte-company-2.webp\"><\/p>\n<h2>Caract\u00e9ristiques du v\u00e9rin de godet pour pelle sur pneus XGMA XG807W<\/h2>\n<ul>\n<li>Haute r\u00e9sistance et durabilit\u00e9 : g\u00e9n\u00e9ralement fabriqu\u00e9 en acier ou en aluminium \u00e0 haute r\u00e9sistance, capable de r\u00e9sister \u00e0 une pression \u00e9lev\u00e9e et \u00e0 des charges importantes, de s'adapter aux environnements de travail difficiles et con\u00e7u en tenant compte de la r\u00e9sistance \u00e0 l'usure et \u00e0 la corrosion afin d'allonger sa dur\u00e9e de vie.<\/li>\n<li>Fonctionnement hydraulique efficace : utilise la pression de l'huile hydraulique pour obtenir des mouvements d'extension et de r\u00e9traction fluides, capable de r\u00e9pondre rapidement aux commandes, de fournir des forces de pouss\u00e9e et de traction puissantes et adapt\u00e9 \u00e0 la manutention de charges lourdes et \u00e0 des t\u00e2ches complexes.<\/li>\n<li>Diff\u00e9rents types\u00a0: peuvent \u00eatre s\u00e9lectionn\u00e9s en v\u00e9rins \u00e0 simple effet (hydrauliques utilis\u00e9s dans un seul sens) ou \u00e0 double effet (hydrauliques utilis\u00e9s dans les deux sens) selon les besoins\u00a0; certains mod\u00e8les sont t\u00e9lescopiques, permettant une plus grande extension sans augmenter les dimensions ext\u00e9rieures, adapt\u00e9s aux applications \u00e0 espace limit\u00e9.<\/li>\n<li>Remplacement id\u00e9al : Le produit que nous proposons peut parfaitement remplacer les v\u00e9rins hydrauliques existants.<\/li>\n<\/ul>\n<p><img decoding=\"async\" src=\"https:\/\/www.hydraulic-cylinders.net\/wp-content\/uploads\/2025\/01\/songte-cylinder-head-with-all-kinds-excavator-models.webp\"><\/p>\n<h2>Applications<\/h2>\n<h3>\u00c9quipement de construction<\/h3>\n<p>Sur les excavatrices, ils sont essentiels pour l'excavation, le chargement et le d\u00e9placement de la terre ou des d\u00e9bris. Sur les chargeuses-pelleteuses, le v\u00e9rin du godet participe \u00e0 la fois au creusement et au levage.<\/p>\n<h3>machines agricoles<\/h3>\n<p>Utilis\u00e9 dans les chargeurs frontaux pour ramasser, soulever et transporter de la terre, du foin et d'autres mat\u00e9riaux.<\/p>\n<h3>Excavateurs<\/h3>\n<p>Le v\u00e9rin du godet permet l'action de creuser en permettant au godet de p\u00e9n\u00e9trer dans le sol.<\/p>\n<h3>Chargeuses sur pneus<\/h3>\n<p>Sur les chargeuses sur pneus, ils permettent de lever et de d\u00e9charger efficacement les marchandises.<\/p>\n<p><img decoding=\"async\" src=\"https:\/\/www.hydraulic-cylinders.net\/wp-content\/uploads\/2025\/01\/songte-oil-pipes-and-spare-parts.webp\"><\/p>\n<h2>Consid\u00e9rations de conception et crit\u00e8res de s\u00e9lection<\/h2>\n<ul>\n<li>Capacit\u00e9 de charge : Le cylindre doit \u00eatre con\u00e7u pour supporter la charge maximale qu'il rencontrera en fonctionnement.<\/li>\n<li>\u00c9tanch\u00e9it\u00e9 : Diff\u00e9rents joints, tels que les joints de piston, les joints de tige, etc., fabriqu\u00e9s \u00e0 partir de mat\u00e9riaux r\u00e9sistants \u00e0 l'usure comme le polyur\u00e9thane et le caoutchouc nitrile, sont utilis\u00e9s pour assurer une \u00e9tanch\u00e9it\u00e9 correcte et \u00e9viter les fuites.<\/li>\n<li>Durabilit\u00e9 : Le cylindre doit \u00eatre con\u00e7u pour r\u00e9sister aux rigueurs de l'environnement d'exploitation et avoir une longue dur\u00e9e de vie.<\/li>\n<li>S\u00e9curit\u00e9 : Des dispositifs de s\u00e9curit\u00e9, tels que des soupapes de d\u00e9charge de pression, doivent \u00eatre int\u00e9gr\u00e9s afin d'\u00e9viter les surcharges et de garantir un fonctionnement s\u00fbr.<\/li>\n<li>Facilit\u00e9 d'entretien : La conception doit permettre un entretien et une r\u00e9paration faciles, avec des pi\u00e8ces de rechange facilement disponibles.<\/li>\n<\/ul>\n<p><img decoding=\"async\" src=\"https:\/\/www.hydraulic-cylinders.net\/wp-content\/uploads\/2025\/01\/songte-chushion-collar.webp\"><\/p>\n<h2>\u00c9tanch\u00e9it\u00e9 et lubrification<\/h2>\n<p>Le v\u00e9rin du godet utilise divers joints d'\u00e9tanch\u00e9it\u00e9, tels que des joints de piston et des joints de tige, fabriqu\u00e9s \u00e0 partir de mat\u00e9riaux r\u00e9sistants \u00e0 l'usure comme le polyur\u00e9thane et le caoutchouc nitrile. Le corps du v\u00e9rin et ses extr\u00e9mit\u00e9s filet\u00e9es b\u00e9n\u00e9ficient d'un traitement de surface optimis\u00e9 pour une meilleure r\u00e9sistance \u00e0 l'usure. Une lubrification r\u00e9guli\u00e8re avec la quantit\u00e9 appropri\u00e9e d'huile hydraulique est indispensable pour garantir un fonctionnement fluide et une longue dur\u00e9e de vie.<\/p>\n<h2>Inspection r\u00e9guli\u00e8re et maintenance pr\u00e9ventive<\/h2>\n<ul>\n<li>Inspectez r\u00e9guli\u00e8rement tous les composants afin de d\u00e9tecter tout signe d'usure, de dommage ou de fuite.<\/li>\n<li>Assurer une lubrification ad\u00e9quate de toutes les pi\u00e8ces mobiles.<\/li>\n<li>Remplacez p\u00e9riodiquement les joints et effectuez des contr\u00f4les d'\u00e9talonnage.<\/li>\n<\/ul>\n<h2>Guide d'installation correcte du produit<\/h2>\n<p>Lors de l'installation du v\u00e9rin de godet, il est important de l'aligner correctement avec l'\u00e9quipement. Un alignement correct peut \u00eatre obtenu \u00e0 l'aide de supports de fixation appropri\u00e9s. Suivez les proc\u00e9dures recommand\u00e9es pour l'inspection, la r\u00e9paration et le remplacement. Nous proposons \u00e9galement des services de remplacement et de remise \u00e0 neuf des composants afin de prolonger la dur\u00e9e de vie du v\u00e9rin de godet.<\/p>\n<p><img decoding=\"async\" src=\"https:\/\/www.hydraulic-cylinders.net\/wp-content\/uploads\/2025\/01\/songte-bushings-with-all-kinds-of-excavator-models.webp\"><\/p>\n<h2>Consid\u00e9rations de s\u00e9curit\u00e9 et facteurs environnementaux<\/h2>\n<p>Lors de l'utilisation du v\u00e9rin de godet, il est important de respecter les consignes de s\u00e9curit\u00e9 afin de pr\u00e9venir les accidents et de garantir un fonctionnement s\u00fbr. Cela inclut une formation ad\u00e9quate, le respect des sp\u00e9cifications de l'\u00e9quipement et l'utilisation des mesures de s\u00e9curit\u00e9 appropri\u00e9es.<\/p>\n<h2>Diagnostic des pannes et probl\u00e8mes courants<\/h2>\n<p>Les pannes courantes du v\u00e9rin de godet incluent les fuites, la baisse de performance et les mouvements anormaux. Pour diagnostiquer et r\u00e9soudre efficacement ces probl\u00e8mes, il est recommand\u00e9 de consulter les instructions du fabricant et de faire appel \u00e0 un professionnel si n\u00e9cessaire.<\/p>\n<p><img decoding=\"async\" src=\"https:\/\/hzpt.com\/wp-content\/uploads\/2024\/11\/songte-company-1.webp\"><\/p>\n<h2>Conseils d'entretien et de d\u00e9pannage<\/h2>\n<ul>\n<li>Contr\u00f4lez et entretenez r\u00e9guli\u00e8rement le v\u00e9rin du godet.<\/li>\n<li>Assurez une lubrification ad\u00e9quate et remplacez les joints si n\u00e9cessaire.<\/li>\n<li>Effectuez des contr\u00f4les d'\u00e9talonnage pour maintenir des performances optimales.<\/li>\n<li>Une installation, une lubrification et un r\u00e9glage corrects sont essentiels \u00e0 la long\u00e9vit\u00e9 du v\u00e9rin de godet.<\/li>\n<\/ul>\n<h2>\u00c0 propos de notre entreprise<\/h2>\n<p>Nous sommes un fabricant et distributeur de premier plan de v\u00e9rins hydrauliques de rechange sur les march\u00e9s nationaux et internationaux. Notre entreprise propose une vaste gamme de produits et applique une strat\u00e9gie de production industrialis\u00e9e au sein d'ateliers de fabrication ultramodernes. Nous am\u00e9liorons constamment notre plateforme de production, renfor\u00e7ons la qualit\u00e9 de nos produits et sommes en mesure de r\u00e9pondre efficacement, avec pr\u00e9cision et qualit\u00e9 aux besoins vari\u00e9s de nos clients. Notre entreprise est reconnue pour son professionnalisme, ses certifications internationales, ses services personnalis\u00e9s, ses \u00e9quipements de production de pointe et son excellent service apr\u00e8s-vente.<\/p>\n<p><img decoding=\"async\" src=\"https:\/\/www.hydraulic-cylinders.net\/wp-content\/uploads\/2025\/01\/songte-company-3.webp\"><\/p>\n<p>Auteur : lyl<\/p>","protected":false},"excerpt":{"rendered":"<p>Bucket Cylinder For XGMA Wheel Excavator XG807W Introduction A bucket cylinder is a specialized hydraulic cylinder designed to control the movement of the bucket in heavy machinery such as excavators, backhoe loaders, and wheel loaders. Its main function is to enable the lifting, lowering, and tilting of the bucket, making it easier to handle various [&hellip;]<\/p>","protected":false},"featured_media":14778,"comment_status":"open","ping_status":"closed","template":"","meta":{"_et_pb_use_builder":"","_et_pb_old_content":"","_et_gb_content_width":""},"product_brand":[],"product_cat":[1494],"product_tag":[1495,1496],"class_list":{"0":"post-15604","1":"product","2":"type-product","3":"status-publish","4":"has-post-thumbnail","6":"product_cat-bucket-cylinders","7":"product_tag-bucket-cylinders","8":"product_tag-hydraulic-cylinders","10":"first","11":"instock","12":"shipping-taxable","13":"product-type-simple"},"amp_enabled":true,"_links":{"self":[{"href":"https:\/\/www.hydraulic-cylinders.net\/fr\/wp-json\/wp\/v2\/product\/15604","targetHints":{"allow":["GET"]}}],"collection":[{"href":"https:\/\/www.hydraulic-cylinders.net\/fr\/wp-json\/wp\/v2\/product"}],"about":[{"href":"https:\/\/www.hydraulic-cylinders.net\/fr\/wp-json\/wp\/v2\/types\/product"}],"replies":[{"embeddable":true,"href":"https:\/\/www.hydraulic-cylinders.net\/fr\/wp-json\/wp\/v2\/comments?post=15604"}],"wp:featuredmedia":[{"embeddable":true,"href":"https:\/\/www.hydraulic-cylinders.net\/fr\/wp-json\/wp\/v2\/media\/14778"}],"wp:attachment":[{"href":"https:\/\/www.hydraulic-cylinders.net\/fr\/wp-json\/wp\/v2\/media?parent=15604"}],"wp:term":[{"taxonomy":"product_brand","embeddable":true,"href":"https:\/\/www.hydraulic-cylinders.net\/fr\/wp-json\/wp\/v2\/product_brand?post=15604"},{"taxonomy":"product_cat","embeddable":true,"href":"https:\/\/www.hydraulic-cylinders.net\/fr\/wp-json\/wp\/v2\/product_cat?post=15604"},{"taxonomy":"product_tag","embeddable":true,"href":"https:\/\/www.hydraulic-cylinders.net\/fr\/wp-json\/wp\/v2\/product_tag?post=15604"}],"curies":[{"name":"wp","href":"https:\/\/api.w.org\/{rel}","templated":true}]}}