{"id":15616,"date":"2025-01-19T14:45:17","date_gmt":"2025-01-19T14:45:17","guid":{"rendered":"https:\/\/www.hydraulic-cylinders.net\/product\/bucket-cylinder-for-lonking-middle-excavator-lg6235\/"},"modified":"2025-01-19T14:45:19","modified_gmt":"2025-01-19T14:45:19","slug":"bucket-cylinder-for-lonking-middle-excavator-lg6235","status":"publish","type":"product","link":"https:\/\/www.hydraulic-cylinders.net\/fr\/produit\/bucket-cylinder-for-lonking-middle-excavator-lg6235\/","title":{"rendered":"Cylindre de godet pour pelle hydraulique Lonking Middle LG6235"},"content":{"rendered":"<h1>Cylindre de godet pour pelle hydraulique Lonking Middle LG6235<\/h1>\n<h2>Introduction<\/h2>\n<p>Le v\u00e9rin de godet de la pelle hydraulique Lonking LG6235 est un v\u00e9rin sp\u00e9cialement con\u00e7u pour contr\u00f4ler les mouvements du godet sur les engins de chantier tels que les pelles hydrauliques, les pelles r\u00e9tro et les chargeuses frontales. Sa fonction principale est de lever, d'abaisser et d'incliner le godet, facilitant ainsi la manutention de divers mat\u00e9riaux. Au sein du syst\u00e8me hydraulique, le v\u00e9rin de godet assure un contr\u00f4le pr\u00e9cis du godet gr\u00e2ce \u00e0 la variation de la pression d'huile hydraulique, permettant aux op\u00e9rateurs de manipuler efficacement des charges lourdes et de s'adapter \u00e0 des environnements de travail complexes et \u00e0 des exigences vari\u00e9es.<\/p>\n<p><img decoding=\"async\" src=\"https:\/\/www.hydraulic-cylinders.net\/wp-content\/uploads\/2025\/01\/songte-company-2.webp\" alt=\"Cylindre de godet pour pelle hydraulique Lonking Middle LG6235\"><\/p>\n<h2>Caract\u00e9ristiques<\/h2>\n<ul>\n<li>Haute r\u00e9sistance et durabilit\u00e9 : g\u00e9n\u00e9ralement fabriqu\u00e9s en acier ou en aluminium \u00e0 haute r\u00e9sistance, capables de supporter une pression \u00e9lev\u00e9e et des charges importantes, adapt\u00e9s aux environnements de travail difficiles, con\u00e7us pour r\u00e9sister \u00e0 l'usure et \u00e0 la corrosion afin de prolonger leur dur\u00e9e de vie.<\/li>\n<li>Fonctionnement hydraulique efficace\u00a0: extension et r\u00e9traction fluides gr\u00e2ce \u00e0 la pression de l\u2019huile hydraulique, capable de r\u00e9pondre rapidement aux commandes op\u00e9rationnelles, fournissant une force de pouss\u00e9e et de traction puissante, adapt\u00e9e \u00e0 la manutention de charges lourdes et \u00e0 des t\u00e2ches complexes.<\/li>\n<li>Diff\u00e9rents types de v\u00e9rins hydrauliques peuvent \u00eatre s\u00e9lectionn\u00e9s en fonction des besoins pour r\u00e9pondre \u00e0 diff\u00e9rentes exigences op\u00e9rationnelles\u00a0: \u00e0 simple effet (utilisant l\u2019hydraulique dans une seule direction) ou \u00e0 double effet (utilisant l\u2019hydraulique dans les deux directions). Certains mod\u00e8les sont t\u00e9lescopiques, permettant une plus grande extension sans augmenter les dimensions ext\u00e9rieures, et conviennent aux applications \u00e0 espace limit\u00e9.<\/li>\n<li>Rempla\u00e7able : notre produit peut remplacer d'autres v\u00e9rins hydrauliques.<\/li>\n<\/ul>\n<p><img decoding=\"async\" src=\"https:\/\/www.hydraulic-cylinders.net\/wp-content\/uploads\/2025\/01\/songte-cylinder-head-with-all-kinds-excavator-models.webp\" alt=\"Cylindre de godet pour pelle hydraulique Lonking Middle LG6235\"><\/p>\n<h2>Applications<\/h2>\n<p>Le v\u00e9rin de godet est largement utilis\u00e9 dans divers engins de chantier tels que\u00a0:<\/p>\n<ul>\n<li>Excavatrices : le cylindre du godet permet d'excaver et de p\u00e9n\u00e9trer le sol en permettant au godet de s'y enfoncer.<\/li>\n<li>Chargeurs : sur les chargeurs frontaux, ils permettent de soulever et d'incliner efficacement les marchandises.<\/li>\n<li>Pelles r\u00e9trocaveuses\u00a0: le v\u00e9rin du godet facilite \u00e0 la fois les t\u00e2ches d\u2019excavation et de levage.<\/li>\n<li>Machines agricoles\u00a0: utilis\u00e9es dans les chargeuses frontales pour creuser, soulever et transporter la terre, le foin et autres mat\u00e9riaux.<\/li>\n<\/ul>\n<h2>Consid\u00e9rations de conception et crit\u00e8res de s\u00e9lection<\/h2>\n<p>Le v\u00e9rin du godet doit pr\u00e9senter une capacit\u00e9 de charge \u00e9lev\u00e9e, une bonne \u00e9tanch\u00e9it\u00e9, une grande durabilit\u00e9, une s\u00e9curit\u00e9 optimale et une facilit\u00e9 d'entretien. Les points suivants doivent \u00eatre pris en compte\u00a0:<\/p>\n<ul>\n<li>Capacit\u00e9 de charge : le cylindre doit r\u00e9sister \u00e0 une pression \u00e9lev\u00e9e et \u00e0 des charges importantes.<\/li>\n<li>Performances d'\u00e9tanch\u00e9it\u00e9 : utiliser diff\u00e9rents types de joints, tels que des joints de piston et des joints de tige, fabriqu\u00e9s \u00e0 partir de mat\u00e9riaux r\u00e9sistants \u00e0 l'usure comme le polyur\u00e9thane et le caoutchouc nitrile.<\/li>\n<li>Durabilit\u00e9 : le corps du cylindre et la surface d'extr\u00e9mit\u00e9 filet\u00e9e doivent \u00eatre finement usin\u00e9s pour am\u00e9liorer la r\u00e9sistance \u00e0 l'usure, et l'huile hydraulique doit \u00eatre r\u00e9guli\u00e8rement remplie pour assurer la lubrification.<\/li>\n<li>S\u00e9curit\u00e9 : le cylindre doit \u00eatre correctement align\u00e9 lors de l'installation et fix\u00e9 \u00e0 l'aide de supports de montage appropri\u00e9s.<\/li>\n<li>Maintenance : une inspection r\u00e9guli\u00e8re, une lubrification et un remplacement des joints doivent \u00eatre effectu\u00e9s pour prolonger la dur\u00e9e de vie du cylindre.<\/li>\n<\/ul>\n<p><img decoding=\"async\" src=\"https:\/\/www.hydraulic-cylinders.net\/wp-content\/uploads\/2025\/01\/songte-oil-pipes-and-spare-parts.webp\" alt=\"Cylindre de godet pour pelle hydraulique Lonking Middle LG6235\"><\/p>\n<h2>\u00c9tanch\u00e9it\u00e9 et lubrification<\/h2>\n<p>Le v\u00e9rin utilise diff\u00e9rents joints, notamment des joints de piston et de tige, fabriqu\u00e9s en mat\u00e9riaux r\u00e9sistants \u00e0 l'usure tels que le polyur\u00e9thane et le caoutchouc nitrile. Le corps du v\u00e9rin et la surface d'extr\u00e9mit\u00e9 filet\u00e9e sont usin\u00e9s avec pr\u00e9cision pour une meilleure r\u00e9sistance \u00e0 l'usure. Un remplissage r\u00e9gulier avec la quantit\u00e9 appropri\u00e9e d'huile hydraulique est n\u00e9cessaire pour assurer une lubrification optimale.<\/p>\n<h2>Entretien et r\u00e9paration<\/h2>\n<p>L'inspection r\u00e9guli\u00e8re, la lubrification, le remplacement des joints et les contr\u00f4les d'\u00e9talonnage constituent des op\u00e9rations d'entretien courantes pour le v\u00e9rin de godet. Un alignement correct lors de l'installation et l'utilisation de supports de fixation appropri\u00e9s sont essentiels. Des proc\u00e9dures recommand\u00e9es d'inspection, de r\u00e9paration et de remplacement sont fournies afin d'optimiser la dur\u00e9e de vie et les performances du v\u00e9rin.<\/p>\n<p><img decoding=\"async\" src=\"https:\/\/www.hydraulic-cylinders.net\/wp-content\/uploads\/2025\/01\/songte-chushion-collar.webp\" alt=\"Cylindre de godet pour pelle hydraulique Lonking Middle LG6235\"><\/p>\n<h2>Consid\u00e9rations relatives \u00e0 la s\u00e9curit\u00e9 et \u00e0 l'environnement<\/h2>\n<p>Des mesures de s\u00e9curit\u00e9 sont essentielles lors de l'utilisation du v\u00e9rin de godet, telles qu'un alignement correct lors de l'installation et une inspection r\u00e9guli\u00e8re du v\u00e9rin, afin de garantir la s\u00e9curit\u00e9 de l'op\u00e9rateur et de l'environnement.<\/p>\n<h2>Diagnostic et d\u00e9pannage des pannes<\/h2>\n<p>Les probl\u00e8mes courants li\u00e9s au v\u00e9rin du godet incluent les fuites d'huile, une pression insuffisante et des bruits anormaux. Des conseils et des solutions de d\u00e9pannage sont fournis pour vous aider \u00e0 diagnostiquer et \u00e0 r\u00e9soudre ces probl\u00e8mes, ainsi que des mesures pr\u00e9ventives pour minimiser les risques.<\/p>\n<p><img decoding=\"async\" src=\"https:\/\/www.hydraulic-cylinders.net\/wp-content\/uploads\/2025\/01\/songte-bushings-with-all-kinds-of-excavator-models.webp\" alt=\"Cylindre de godet pour pelle hydraulique Lonking Middle LG6235\"><\/p>\n<h2>\u00c0 propos de notre entreprise<\/h2>\n<p>Notre entreprise fabrique une gamme vari\u00e9e de v\u00e9rins hydrauliques, notamment des v\u00e9rins de godet pour diff\u00e9rentes pelles hydrauliques. Comptant parmi les principaux fabricants et grossistes de v\u00e9rins hydrauliques sur les march\u00e9s nationaux et internationaux, nous appliquons les principes d'excellence et de gestion rigoureuse de la production afin d'optimiser la qualit\u00e9 de nos produits et de r\u00e9pondre aux besoins diversifi\u00e9s de nos clients. Forts de capacit\u00e9s de production importantes, nous privil\u00e9gions une philosophie de fabrication ax\u00e9e sur l'efficacit\u00e9, la pr\u00e9cision et la qualit\u00e9.<\/p>\n<ul>\n<li>Professionnalisme : notre entreprise dispose d'une \u00e9quipe de techniciens qualifi\u00e9s pour fournir des services et des solutions professionnels.<\/li>\n<li>Certification internationale : nos produits ont obtenu des certifications de qualit\u00e9 internationales, telles que l'ISO9001 et le CE.<\/li>\n<li>Services de personnalisation\u00a0: nous pouvons personnaliser les v\u00e9rins hydrauliques en fonction des besoins du client afin de r\u00e9pondre \u00e0 ses exigences sp\u00e9cifiques.<\/li>\n<li>\u00c9quipements de production : nous disposons d'\u00e9quipements de fabrication num\u00e9rique de pointe, tels que des tours et des fraiseuses CNC, afin de garantir une production de haute qualit\u00e9.<\/li>\n<li>Service apr\u00e8s-vente\u00a0: nous assurons un excellent service apr\u00e8s-vente, comprenant des pi\u00e8ces de rechange et des services de remise \u00e0 neuf, afin d\u2019am\u00e9liorer la dur\u00e9e de vie de nos produits.<\/li>\n<\/ul>\n<p><img decoding=\"async\" src=\"https:\/\/hzpt.com\/wp-content\/uploads\/2024\/11\/songte-company-1.webp\" alt=\"Cylindre de godet pour pelle hydraulique Lonking Middle LG6235\"><\/p>\n<p>Auteur : lyl<\/p>","protected":false},"excerpt":{"rendered":"<p>Bucket Cylinder For Lonking Middle Excavator LG6235 Introduction The bucket cylinder for Lonking middle excavator LG6235 is a hydraulic cylinder specially designed to control the movement of the bucket in heavy machinery such as excavators, backhoe excavators, and front loaders. Its main function is to lift, lower, and tilt the bucket, making it easier to [&hellip;]<\/p>","protected":false},"featured_media":14784,"comment_status":"open","ping_status":"closed","template":"","meta":{"_et_pb_use_builder":"","_et_pb_old_content":"","_et_gb_content_width":""},"product_brand":[],"product_cat":[1494],"product_tag":[1495,1496],"class_list":{"0":"post-15616","1":"product","2":"type-product","3":"status-publish","4":"has-post-thumbnail","6":"product_cat-bucket-cylinders","7":"product_tag-bucket-cylinders","8":"product_tag-hydraulic-cylinders","10":"first","11":"instock","12":"shipping-taxable","13":"product-type-simple"},"amp_enabled":true,"_links":{"self":[{"href":"https:\/\/www.hydraulic-cylinders.net\/fr\/wp-json\/wp\/v2\/product\/15616","targetHints":{"allow":["GET"]}}],"collection":[{"href":"https:\/\/www.hydraulic-cylinders.net\/fr\/wp-json\/wp\/v2\/product"}],"about":[{"href":"https:\/\/www.hydraulic-cylinders.net\/fr\/wp-json\/wp\/v2\/types\/product"}],"replies":[{"embeddable":true,"href":"https:\/\/www.hydraulic-cylinders.net\/fr\/wp-json\/wp\/v2\/comments?post=15616"}],"wp:featuredmedia":[{"embeddable":true,"href":"https:\/\/www.hydraulic-cylinders.net\/fr\/wp-json\/wp\/v2\/media\/14784"}],"wp:attachment":[{"href":"https:\/\/www.hydraulic-cylinders.net\/fr\/wp-json\/wp\/v2\/media?parent=15616"}],"wp:term":[{"taxonomy":"product_brand","embeddable":true,"href":"https:\/\/www.hydraulic-cylinders.net\/fr\/wp-json\/wp\/v2\/product_brand?post=15616"},{"taxonomy":"product_cat","embeddable":true,"href":"https:\/\/www.hydraulic-cylinders.net\/fr\/wp-json\/wp\/v2\/product_cat?post=15616"},{"taxonomy":"product_tag","embeddable":true,"href":"https:\/\/www.hydraulic-cylinders.net\/fr\/wp-json\/wp\/v2\/product_tag?post=15616"}],"curies":[{"name":"wp","href":"https:\/\/api.w.org\/{rel}","templated":true}]}}