{"id":15627,"date":"2025-01-19T14:46:07","date_gmt":"2025-01-19T14:46:07","guid":{"rendered":"https:\/\/www.hydraulic-cylinders.net\/product\/bucket-cylinder-for-liebherr-small-excavator-r906l\/"},"modified":"2025-01-19T14:46:09","modified_gmt":"2025-01-19T14:46:09","slug":"bucket-cylinder-for-liebherr-small-excavator-r906l","status":"publish","type":"product","link":"https:\/\/www.hydraulic-cylinders.net\/fr\/produit\/bucket-cylinder-for-liebherr-small-excavator-r906l\/","title":{"rendered":"V\u00e9rin de godet pour mini-pelle Liebherr R906L"},"content":{"rendered":"<h1>V\u00e9rin de godet pour mini-pelle Liebherr R906L<\/h1>\n<h2>Introduction<\/h2>\n<p>Un v\u00e9rin de godet, \u00e9galement appel\u00e9 v\u00e9rin hydraulique, est sp\u00e9cialement con\u00e7u pour contr\u00f4ler les mouvements du godet sur les engins de chantier tels que les pelles hydrauliques, les chargeuses-pelleteuses et les chargeuses frontales. Sa fonction principale est de permettre la lev\u00e9e, l'abaissement et l'inclinaison du godet, facilitant ainsi la manutention de divers mat\u00e9riaux. Dans le syst\u00e8me hydraulique, le v\u00e9rin de godet utilise la variation de pression de l'huile hydraulique pour un contr\u00f4le pr\u00e9cis du godet, permettant aux op\u00e9rateurs de manipuler efficacement des charges lourdes et de s'adapter \u00e0 des environnements de travail complexes et \u00e0 des exigences vari\u00e9es.<\/p>\n<p><img decoding=\"async\" src=\"https:\/\/www.hydraulic-cylinders.net\/wp-content\/uploads\/2025\/01\/songte-company-2.webp\" alt=\"Image du cylindre du godet\"><\/p>\n<h2>Caract\u00e9ristiques<\/h2>\n<ul>\n<li>Haute r\u00e9sistance et durabilit\u00e9 : G\u00e9n\u00e9ralement fabriqu\u00e9 en acier ou en aluminium \u00e0 haute r\u00e9sistance, il peut supporter une pression \u00e9lev\u00e9e et des charges importantes, s'adapter aux environnements de travail difficiles, et sa conception prend en compte la r\u00e9sistance \u00e0 l'usure et \u00e0 la corrosion afin de prolonger sa dur\u00e9e de vie.<\/li>\n<li>Fonctionnement hydraulique efficace : Utilisant la pression de l'huile hydraulique pour obtenir une action d'extension et de contraction fluide, il peut r\u00e9pondre rapidement aux commandes, fournir une force de pouss\u00e9e et de traction puissante et convient \u00e0 la manutention de charges lourdes et \u00e0 des t\u00e2ches complexes.<\/li>\n<li>Diff\u00e9rents types sont disponibles\u00a0: des v\u00e9rins simple effet (fonctionnant dans un seul sens) ou double effet (fonctionnant dans les deux sens) peuvent \u00eatre s\u00e9lectionn\u00e9s en fonction des besoins pour r\u00e9pondre aux diff\u00e9rentes exigences d\u2019utilisation. Certains mod\u00e8les sont t\u00e9lescopiques, ce qui permet une plus grande extension sans augmenter les dimensions ext\u00e9rieures et convient aux applications o\u00f9 l\u2019espace est limit\u00e9.<\/li>\n<li>Remplacement : Nos produits peuvent parfaitement remplacer ces v\u00e9rins hydrauliques.<\/li>\n<\/ul>\n<p><img decoding=\"async\" src=\"https:\/\/www.hydraulic-cylinders.net\/wp-content\/uploads\/2025\/01\/songte-cylinder-head-with-all-kinds-excavator-models.webp\" alt=\"Image du cylindre du godet\"><\/p>\n<h2>Applications<\/h2>\n<p>Les v\u00e9rins \u00e0 godet sont largement utilis\u00e9s dans diverses industries, notamment\u00a0:<\/p>\n<ul>\n<li>Engins de chantier\u00a0: Sur les excavatrices, les v\u00e9rins sont essentiels pour creuser, charger et d\u00e9placer la terre ou les d\u00e9bris. Sur les chargeuses-pelleteuses, le v\u00e9rin du godet contribue \u00e0 la fois au creusement et au levage. <\/li>\n<li>Machines agricoles : Utilis\u00e9es dans les chargeuses frontales pour ramasser, soulever et transporter la terre, le foin et autres mat\u00e9riaux. <\/li>\n<li>Excavatrices : Le v\u00e9rin du godet permet de creuser en permettant au godet de p\u00e9n\u00e9trer dans le sol. <\/li>\n<li>Chargeuses : Sur les chargeuses frontales, elles permettent de lever et de d\u00e9charger efficacement la cargaison.<\/li>\n<\/ul>\n<p>Examinons plus en d\u00e9tail certaines de ces applications\u00a0:<\/p>\n<h3>\u00c9quipement de construction<\/h3>\n<p>Les v\u00e9rins du godet actionnent la fl\u00e8che, le godet et le bras de la pelle hydraulique, permettant ainsi un d\u00e9placement pr\u00e9cis de l'accessoire. Ils permettent \u00e0 la pelle hydraulique de creuser plus profond\u00e9ment, de charger davantage et de se d\u00e9placer plus rapidement que par d'autres moyens, ce qui en fait l'engin de pr\u00e9dilection pour de nombreux chantiers de construction.<\/p>\n<h3>machines agricoles<\/h3>\n<p>Les v\u00e9rins de godet sont utilis\u00e9s dans une grande vari\u00e9t\u00e9 de machines agricoles, des tracteurs aux moissonneuses-batteuses. Capables de ramasser, de soulever et de transporter des mat\u00e9riaux, ils sont indispensables pour des t\u00e2ches telles que le chargement et le d\u00e9chargement de balles de foin et le d\u00e9placement de terre.<\/p>\n<h2>Consid\u00e9rations de conception et crit\u00e8res de s\u00e9lection<\/h2>\n<p>Lors de la conception et de la s\u00e9lection des v\u00e9rins de godet, plusieurs facteurs sont pris en compte\u00a0:<\/p>\n<ul>\n<li>Capacit\u00e9 de charge : Le v\u00e9rin hydraulique doit pouvoir supporter la charge de la machine et des mat\u00e9riaux qu'il manipule, et rester stable pendant son fonctionnement.<\/li>\n<li>\u00c9tanch\u00e9it\u00e9\u00a0: Le v\u00e9rin hydraulique doit \u00eatre parfaitement \u00e9tanche pour \u00e9viter les fuites et garantir un fonctionnement optimal. Diff\u00e9rents types de joints sont utilis\u00e9s, notamment les joints de piston, les joints de tige et les joints racleurs.<\/li>\n<li>Durabilit\u00e9\u00a0: Le v\u00e9rin hydraulique doit \u00eatre fabriqu\u00e9 \u00e0 partir de mat\u00e9riaux capables de r\u00e9sister \u00e0 l\u2019usure li\u00e9e \u00e0 une utilisation intensive et \u00e0 des environnements difficiles. Parmi les mat\u00e9riaux utilis\u00e9s figurent l\u2019acier tremp\u00e9, les alliages d\u2019aluminium et les polym\u00e8res haute performance.<\/li>\n<li>S\u00e9curit\u00e9 : Le v\u00e9rin hydraulique doit \u00eatre con\u00e7u en tenant compte de la s\u00e9curit\u00e9, avec des dispositifs tels que des soupapes de d\u00e9charge de pression et des m\u00e9canismes de s\u00e9curit\u00e9 int\u00e9gr\u00e9s afin de pr\u00e9venir les accidents et de minimiser les dommages en cas de d\u00e9faillance.<\/li>\n<li>Facilit\u00e9 d'entretien\u00a0: Le v\u00e9rin hydraulique doit \u00eatre con\u00e7u pour faciliter l'entretien et la r\u00e9paration, avec des composants accessibles et des instructions de maintenance claires.<\/li>\n<\/ul>\n<p><img decoding=\"async\" src=\"https:\/\/www.hydraulic-cylinders.net\/wp-content\/uploads\/2025\/01\/songte-oil-pipes-and-spare-parts.webp\" alt=\"Image du cylindre du godet\"><\/p>\n<h2>\u00c9tanch\u00e9it\u00e9 et lubrification<\/h2>\n<p>Le bon fonctionnement des v\u00e9rins de godet repose sur une \u00e9tanch\u00e9it\u00e9 et une lubrification optimales. Diff\u00e9rents types de joints sont utilis\u00e9s, notamment en polyur\u00e9thane, en caoutchouc nitrile et autres mat\u00e9riaux r\u00e9sistants \u00e0 l'usure. Le corps du v\u00e9rin et la surface d'extr\u00e9mit\u00e9 du filetage sont usin\u00e9s avec pr\u00e9cision pour une meilleure r\u00e9sistance \u00e0 l'usure, et une lubrification r\u00e9guli\u00e8re \u00e0 l'huile hydraulique est indispensable \u00e0 leur bon fonctionnement.<\/p>\n<h2>Entretien et r\u00e9paration<\/h2>\n<p>Un entretien et des r\u00e9parations appropri\u00e9s sont essentiels pour garantir la long\u00e9vit\u00e9 et les performances des v\u00e9rins hydrauliques. Voici quelques t\u00e2ches d'entretien courantes\u00a0:<\/p>\n<ul>\n<li>Inspection r\u00e9guli\u00e8re du cylindre et de ses composants afin de d\u00e9tecter tout signe d'usure ou de dommage.<\/li>\n<li>Lubrification appropri\u00e9e, avec le type et la quantit\u00e9 d'huile hydraulique corrects.<\/li>\n<li>Remplacement r\u00e9gulier des joints et autres composants selon les besoins.<\/li>\n<\/ul>\n<p>Une installation correcte est \u00e9galement essentielle, avec un alignement pr\u00e9cis et l'utilisation de supports de fixation appropri\u00e9s pour maintenir le cylindre en place. En cas de dommage ou de panne, une r\u00e9paration ou un remplacement peut s'av\u00e9rer n\u00e9cessaire. Il est recommand\u00e9 de suivre les proc\u00e9dures appropri\u00e9es et d'utiliser des pi\u00e8ces de rechange d'origine pour garantir des performances optimales.<\/p>\n<p><img decoding=\"async\" src=\"https:\/\/www.hydraulic-cylinders.net\/wp-content\/uploads\/2025\/01\/songte-chushion-collar.webp\" alt=\"Image du cylindre du godet\"><\/p>\n<h2>Consid\u00e9rations relatives \u00e0 la s\u00e9curit\u00e9 et \u00e0 l'environnement<\/h2>\n<p>Les v\u00e9rins de godet peuvent \u00eatre dangereux en cas de mauvaise utilisation\u00a0; des mesures de s\u00e9curit\u00e9 doivent donc \u00eatre prises pour pr\u00e9venir les accidents. Cela inclut une formation ad\u00e9quate des op\u00e9rateurs, des inspections r\u00e9guli\u00e8res du mat\u00e9riel et l\u2019utilisation de dispositifs de s\u00e9curit\u00e9 tels que les soupapes de d\u00e9charge de pression. De plus, il convient de tenir compte des facteurs environnementaux, notamment par l\u2019\u00e9limination appropri\u00e9e de l\u2019huile hydraulique et des autres mat\u00e9riaux afin de pr\u00e9venir la pollution et de minimiser l\u2019impact environnemental.<\/p>\n<p><img decoding=\"async\" src=\"https:\/\/www.hydraulic-cylinders.net\/wp-content\/uploads\/2025\/01\/songte-bushings-with-all-kinds-of-excavator-models.webp\" alt=\"Image du cylindre du godet\"><\/p>\n<h2>D\u00e9pannage et probl\u00e8mes courants<\/h2>\n<p>Parmi les probl\u00e8mes courants pouvant affecter les v\u00e9rins de godet, on retrouve les fuites, la baisse de performance et l'impossibilit\u00e9 de d\u00e9ployer ou de r\u00e9tracter le godet. Ces probl\u00e8mes peuvent souvent \u00eatre r\u00e9solus par un entretien et des r\u00e9parations appropri\u00e9s, comme le remplacement des joints ou d'autres composants, ou le r\u00e9glage de la pression hydraulique. Il est recommand\u00e9 de consulter un professionnel si les probl\u00e8mes persistent ou en cas de doute sur la marche \u00e0 suivre.<\/p>\n<h2>\u00c0 propos de notre entreprise<\/h2>\n<p><img decoding=\"async\" src=\"https:\/\/hzpt.com\/wp-content\/uploads\/2024\/11\/songte-company-1.webp\" alt=\"Image du cylindre du godet\"><\/p>\n<p>Nous sommes un fabricant de v\u00e9rins hydrauliques de remplacement, proposant une gamme compl\u00e8te de produits qui fait de nous l'un des principaux fabricants et grossistes de v\u00e9rins hydrauliques sur les march\u00e9s nationaux et internationaux. Attach\u00e9s \u00e0 l'excellence, nous nous appuyons sur une strat\u00e9gie de gestion de la production industrielle au sein d'un atelier de fabrication moderne afin d'am\u00e9liorer constamment nos processus, la qualit\u00e9 de nos produits et de d\u00e9velopper une forte capacit\u00e9 d'innovation. Nous r\u00e9pondons ainsi aux besoins vari\u00e9s de nos clients avec efficacit\u00e9, pr\u00e9cision et qualit\u00e9. <\/p>\n<p>Nous proposons une gamme de services, incluant la conception sur mesure, la certification internationale et le service apr\u00e8s-vente. Gr\u00e2ce \u00e0 des \u00e9quipements de fabrication de pointe et \u00e0 des techniciens qualifi\u00e9s, nos produits r\u00e9pondent aux normes de qualit\u00e9 et de durabilit\u00e9 les plus exigeantes. Nous assurons \u00e9galement la maintenance, la r\u00e9paration et la remise \u00e0 neuf de nos produits afin d'en prolonger la dur\u00e9e de vie et d'optimiser leurs performances.<\/p>\n<p><img decoding=\"async\" src=\"https:\/\/www.hydraulic-cylinders.net\/wp-content\/uploads\/2025\/01\/songte-company-3.webp\" alt=\"Image du cylindre du godet\"><\/p>\n<p>Auteur : lyl.<\/p>","protected":false},"excerpt":{"rendered":"<p>Bucket Cylinder For Liebherr Small Excavator R906L Introduction A bucket cylinder, also known as a hydraulic cylinder, is specifically designed to control the movement of the bucket in heavy machinery such as excavators, backhoe loaders, and front-end loaders. Its primary function is to enable the bucket to lift, lower, and tilt, making it easier to [&hellip;]<\/p>","protected":false},"featured_media":14789,"comment_status":"open","ping_status":"closed","template":"","meta":{"_et_pb_use_builder":"","_et_pb_old_content":"","_et_gb_content_width":""},"product_brand":[],"product_cat":[1494],"product_tag":[1495,1496],"class_list":{"0":"post-15627","1":"product","2":"type-product","3":"status-publish","4":"has-post-thumbnail","6":"product_cat-bucket-cylinders","7":"product_tag-bucket-cylinders","8":"product_tag-hydraulic-cylinders","10":"first","11":"instock","12":"shipping-taxable","13":"product-type-simple"},"amp_enabled":true,"_links":{"self":[{"href":"https:\/\/www.hydraulic-cylinders.net\/fr\/wp-json\/wp\/v2\/product\/15627","targetHints":{"allow":["GET"]}}],"collection":[{"href":"https:\/\/www.hydraulic-cylinders.net\/fr\/wp-json\/wp\/v2\/product"}],"about":[{"href":"https:\/\/www.hydraulic-cylinders.net\/fr\/wp-json\/wp\/v2\/types\/product"}],"replies":[{"embeddable":true,"href":"https:\/\/www.hydraulic-cylinders.net\/fr\/wp-json\/wp\/v2\/comments?post=15627"}],"wp:featuredmedia":[{"embeddable":true,"href":"https:\/\/www.hydraulic-cylinders.net\/fr\/wp-json\/wp\/v2\/media\/14789"}],"wp:attachment":[{"href":"https:\/\/www.hydraulic-cylinders.net\/fr\/wp-json\/wp\/v2\/media?parent=15627"}],"wp:term":[{"taxonomy":"product_brand","embeddable":true,"href":"https:\/\/www.hydraulic-cylinders.net\/fr\/wp-json\/wp\/v2\/product_brand?post=15627"},{"taxonomy":"product_cat","embeddable":true,"href":"https:\/\/www.hydraulic-cylinders.net\/fr\/wp-json\/wp\/v2\/product_cat?post=15627"},{"taxonomy":"product_tag","embeddable":true,"href":"https:\/\/www.hydraulic-cylinders.net\/fr\/wp-json\/wp\/v2\/product_tag?post=15627"}],"curies":[{"name":"wp","href":"https:\/\/api.w.org\/{rel}","templated":true}]}}