{"id":15628,"date":"2025-01-19T14:46:11","date_gmt":"2025-01-19T14:46:11","guid":{"rendered":"https:\/\/www.hydraulic-cylinders.net\/product\/bucket-cylinder-for-liebherr-small-excavator-r916l\/"},"modified":"2025-01-19T14:46:13","modified_gmt":"2025-01-19T14:46:13","slug":"bucket-cylinder-for-liebherr-small-excavator-r916l","status":"publish","type":"product","link":"https:\/\/www.hydraulic-cylinders.net\/fr\/produit\/bucket-cylinder-for-liebherr-small-excavator-r916l\/","title":{"rendered":"Cylindre de godet pour mini-pelle Liebherr R916L"},"content":{"rendered":"<h1>Cylindre de godet pour mini-pelle Liebherr R916L<\/h1>\n<h2>Introduction<\/h2>\n<p>Un v\u00e9rin de godet est un v\u00e9rin hydraulique sp\u00e9cialement con\u00e7u pour contr\u00f4ler les mouvements du godet sur les engins de chantier tels que les pelles hydrauliques, les chargeuses-pelleteuses et les chargeuses frontales. Sa fonction principale est de permettre au godet d'effectuer des mouvements de levage, d'abaissement et d'inclinaison, facilitant ainsi diverses op\u00e9rations de manutention. Dans un syst\u00e8me hydraulique, le v\u00e9rin de godet assure un contr\u00f4le pr\u00e9cis du godet gr\u00e2ce aux variations de pression de l'huile hydraulique, permettant aux op\u00e9rateurs de manipuler efficacement des charges lourdes et de s'adapter \u00e0 des environnements de travail complexes et \u00e0 des besoins op\u00e9rationnels vari\u00e9s.<\/p>\n<p><img decoding=\"async\" src=\"https:\/\/www.hydraulic-cylinders.net\/wp-content\/uploads\/2025\/01\/songte-company-2.webp\" alt=\"V\u00e9rin de godet\" \/><\/p>\n<h2>Caract\u00e9ristiques<\/h2>\n<ul>\n<li>Haute r\u00e9sistance et durabilit\u00e9\u00a0: g\u00e9n\u00e9ralement fabriqu\u00e9 en acier ou en aluminium haute r\u00e9sistance, il supporte les hautes pressions et les charges importantes, s\u2019adaptant ainsi aux environnements de travail difficiles. Sa conception assure une r\u00e9sistance \u00e0 l\u2019usure et \u00e0 la corrosion, prolongeant sa dur\u00e9e de vie.<\/li>\n<li>Fonctionnement hydraulique efficace : Utilise la pression de l'huile hydraulique pour r\u00e9aliser des mouvements t\u00e9lescopiques fluides et peut r\u00e9pondre rapidement aux commandes, fournissant une force de pouss\u00e9e et de traction puissante, adapt\u00e9e \u00e0 la manutention de charges lourdes et aux t\u00e2ches op\u00e9rationnelles complexes.<\/li>\n<li>Diff\u00e9rents types sont disponibles\u00a0: il est possible de choisir des v\u00e9rins simple effet (actionnement hydraulique dans un seul sens) ou double effet (actionnement hydraulique dans les deux sens) selon les besoins, afin de r\u00e9pondre \u00e0 diff\u00e9rentes exigences op\u00e9rationnelles. Certains mod\u00e8les sont t\u00e9lescopiques, ce qui permet une plus grande extension sans augmenter l\u2019encombrement ext\u00e9rieur et convient aux applications n\u00e9cessitant un espace restreint.<\/li>\n<li>Peuvent remplacer d'autres v\u00e9rins hydrauliques\u00a0: Nos produits peuvent parfaitement remplacer ces v\u00e9rins hydrauliques.<\/li>\n<\/ul>\n<p><img decoding=\"async\" src=\"https:\/\/www.hydraulic-cylinders.net\/wp-content\/uploads\/2025\/01\/songte-cylinder-head-with-all-kinds-excavator-models.webp\" alt=\"Mod\u00e8les de v\u00e9rins de godet\" \/><\/p>\n<h2>Applications<\/h2>\n<p>Le v\u00e9rin \u00e0 godet est largement utilis\u00e9 dans diverses industries, notamment\u00a0:<\/p>\n<h3>\u00c9quipement de construction<\/h3>\n<p>Sur les excavatrices, ils sont indispensables pour creuser, charger et d\u00e9placer la terre ou les d\u00e9bris. Sur les chargeuses-pelleteuses, le v\u00e9rin du godet contribue \u00e0 la fois au creusement et au levage. <\/p>\n<h3>machines agricoles<\/h3>\n<p>Utilis\u00e9s sur les chargeuses frontales pour ramasser, soulever et transporter de la terre, du foin et d'autres mat\u00e9riaux, les v\u00e9rins de godet permettent, sur les pelles hydrauliques, de creuser en faisant p\u00e9n\u00e9trer le godet dans le sol. Sur les chargeuses frontales, ils facilitent le basculement et le d\u00e9chargement des mat\u00e9riaux.<\/p>\n<p><img decoding=\"async\" src=\"https:\/\/www.hydraulic-cylinders.net\/wp-content\/uploads\/2025\/01\/songte-chushion-collar.webp\" alt=\"Collier de coussin de v\u00e9rin de seau\" \/><\/p>\n<h2>Consid\u00e9rations de conception et crit\u00e8res de s\u00e9lection<\/h2>\n<p>La conception du v\u00e9rin de godet prend en compte divers facteurs, notamment la capacit\u00e9 de charge, l'\u00e9tanch\u00e9it\u00e9, la durabilit\u00e9, la s\u00e9curit\u00e9 et la facilit\u00e9 d'entretien.<\/p>\n<h3>Capacit\u00e9 de charge<\/h3>\n<p>La capacit\u00e9 de charge correspond au poids maximal que le v\u00e9rin hydraulique peut supporter sans se rompre. Elle d\u00e9pend de facteurs tels que les dimensions du v\u00e9rin, la pression du syst\u00e8me hydraulique et le mat\u00e9riau utilis\u00e9 pour sa fabrication.<\/p>\n<h3>Scellage<\/h3>\n<p>Le v\u00e9rin hydraulique doit \u00eatre muni d'une \u00e9tanch\u00e9it\u00e9 efficace afin d'emp\u00eacher les fuites d'huile hydraulique et la p\u00e9n\u00e9tration de contaminants. G\u00e9n\u00e9ralement, diff\u00e9rents joints, tels que les joints de piston et les joints de tige, sont utilis\u00e9s pour garantir une \u00e9tanch\u00e9it\u00e9 optimale. Ces joints sont fabriqu\u00e9s dans des mat\u00e9riaux r\u00e9sistants \u00e0 l'usure, comme le polyur\u00e9thane ou le caoutchouc nitrile.<\/p>\n<h3>Durabilit\u00e9<\/h3>\n<p>Le v\u00e9rin doit \u00eatre suffisamment robuste pour r\u00e9sister aux conditions environnementales difficiles et fonctionner de mani\u00e8re fiable pendant une longue p\u00e9riode. Sa durabilit\u00e9 d\u00e9pend de facteurs tels que le type de mat\u00e9riau utilis\u00e9, la qualit\u00e9 de sa fabrication et un entretien appropri\u00e9.<\/p>\n<h3>S\u00e9curit\u00e9<\/h3>\n<p>Le v\u00e9rin du godet doit \u00eatre con\u00e7u en tenant compte de la s\u00e9curit\u00e9. Une installation et un entretien corrects contribuent \u00e0 pr\u00e9venir les accidents et \u00e0 am\u00e9liorer la s\u00e9curit\u00e9.<\/p>\n<h3>Maintenabilit\u00e9<\/h3>\n<p>Le v\u00e9rin du godet doit \u00eatre facile d'entretien, avec des pi\u00e8ces facilement rempla\u00e7ables. Un entretien r\u00e9gulier, comprenant la vidange d'huile, le remplacement des joints et les contr\u00f4les d'\u00e9talonnage, contribue \u00e0 prolonger sa dur\u00e9e de vie.<\/p>\n<p><img decoding=\"async\" src=\"https:\/\/www.hydraulic-cylinders.net\/wp-content\/uploads\/2025\/01\/songte-oil-pipes-and-spare-parts.webp\" alt=\"Pi\u00e8ces de rechange pour v\u00e9rin de godet\" \/><\/p>\n<h2>\u00c9tanch\u00e9it\u00e9 et lubrification<\/h2>\n<p>Divers joints, tels que les joints de piston et les joints de tige, assurent l'\u00e9tanch\u00e9it\u00e9 du v\u00e9rin hydraulique. Ces joints sont fabriqu\u00e9s dans des mat\u00e9riaux r\u00e9sistants \u00e0 l'usure, comme le polyur\u00e9thane ou le caoutchouc nitrile. Pour un fonctionnement optimal, le v\u00e9rin n\u00e9cessite une lubrification r\u00e9guli\u00e8re avec l'huile hydraulique appropri\u00e9e, en quantit\u00e9 et type adapt\u00e9s. Les conduites d'huile et les pi\u00e8ces d\u00e9tach\u00e9es du v\u00e9rin doivent \u00e9galement \u00eatre contr\u00f4l\u00e9es r\u00e9guli\u00e8rement afin de d\u00e9tecter toute usure et remplac\u00e9es si n\u00e9cessaire.<\/p>\n<h2>Entretien et r\u00e9paration<\/h2>\n<p>Pour assurer une longue dur\u00e9e de vie au v\u00e9rin du godet, un entretien et des r\u00e9parations r\u00e9guliers sont indispensables. Voici quelques op\u00e9rations d'entretien courantes\u00a0:<\/p>\n<h3>Inspection r\u00e9guli\u00e8re<\/h3>\n<p>Inspectez r\u00e9guli\u00e8rement le cylindre afin de d\u00e9celer tout signe d'usure ou de dommage. R\u00e9glez rapidement tout probl\u00e8me avant qu'il ne s'aggrave.<\/p>\n<h3>Lubrification<\/h3>\n<p>Une lubrification ad\u00e9quate est essentielle au bon fonctionnement et \u00e0 la long\u00e9vit\u00e9 du v\u00e9rin. Utilisez le type et la quantit\u00e9 d'huile hydraulique appropri\u00e9s. Faites l'appoint d'huile r\u00e9guli\u00e8rement.<\/p>\n<h3>Remplacement du joint<\/h3>\n<p>Selon l'utilisation et l'environnement d'exploitation du cylindre, les joints peuvent n\u00e9cessiter un remplacement. Remplacez-les au besoin pour assurer une \u00e9tanch\u00e9it\u00e9 optimale.<\/p>\n<p><img decoding=\"async\" src=\"https:\/\/www.hydraulic-cylinders.net\/wp-content\/uploads\/2025\/01\/songte-bushings-with-all-kinds-of-excavator-models.webp\" alt=\"Bagues de v\u00e9rin de godet\" \/><\/p>\n<h2>Consid\u00e9rations relatives \u00e0 la s\u00e9curit\u00e9 et \u00e0 l'environnement<\/h2>\n<p>Lors de toute intervention \u00e0 proximit\u00e9 de v\u00e9rins hydrauliques, la s\u00e9curit\u00e9 est primordiale. Une formation ad\u00e9quate, le port d'\u00e9quipements de protection et le respect des consignes de s\u00e9curit\u00e9 contribuent \u00e0 pr\u00e9venir les accidents. Par ailleurs, des facteurs environnementaux tels que la temp\u00e9rature et l'humidit\u00e9 peuvent affecter les performances du v\u00e9rin. Il est donc essentiel d'en tenir compte lors du choix et de l'installation de ce dernier.<\/p>\n<h2>D\u00e9pannage et probl\u00e8mes courants<\/h2>\n<p>Comme tout appareil m\u00e9canique, le v\u00e9rin de godet peut pr\u00e9senter des probl\u00e8mes lors de son utilisation. Parmi les probl\u00e8mes courants, on peut citer les fuites, les performances m\u00e9diocres et les dommages. Pour y rem\u00e9dier, suivez ces conseils\u00a0:<\/p>\n<h3>Conseils de d\u00e9pannage<\/h3>\n<ul>\n<li>V\u00e9rifiez r\u00e9guli\u00e8rement l'absence de fuites et d'usure.<\/li>\n<li>V\u00e9rifiez que le type et la quantit\u00e9 d'huile hydraulique utilis\u00e9s sont corrects.<\/li>\n<li>Assurez-vous que le cylindre est correctement lubrifi\u00e9.<\/li>\n<li>V\u00e9rifiez l'\u00e9tat des joints et remplacez-les si n\u00e9cessaire.<\/li>\n<\/ul>\n<h3>Mesures pr\u00e9ventives<\/h3>\n<ul>\n<li>Installation et entretien corrects<\/li>\n<li>Inspection et lubrification r\u00e9guli\u00e8res<\/li>\n<li>Remplacement des joints si n\u00e9cessaire<\/li>\n<li>Utilisation des \u00e9quipements et pratiques de s\u00e9curit\u00e9 appropri\u00e9s<\/li>\n<\/ul>\n<p><img decoding=\"async\" src=\"https:\/\/hzpt.com\/wp-content\/uploads\/2024\/11\/songte-company-1.webp\" alt=\"Compagnie Songte\" \/><\/p>\n<h2>\u00c0 propos de notre entreprise<\/h2>\n<p>Nous sommes un fabricant de v\u00e9rins hydrauliques de remplacement offrant une gamme compl\u00e8te de produits. Nous figurons parmi les principaux fabricants et distributeurs de v\u00e9rins hydrauliques sur les march\u00e9s nationaux et internationaux. Attach\u00e9s \u00e0 l'excellence, nous nous appuyons sur une strat\u00e9gie de gestion de la production industrielle rigoureuse, des ateliers de fabrication de pointe et am\u00e9liorons constamment nos processus de production. Notre forte capacit\u00e9 d'innovation nous permet de r\u00e9pondre aux besoins vari\u00e9s de nos clients avec efficacit\u00e9, pr\u00e9cision et un souci constant de la qualit\u00e9.<\/p>\n<h3>Professionnalisme<\/h3>\n<p>Notre \u00e9quipe de professionnels poss\u00e8de une vaste exp\u00e9rience dans la conception, la fabrication, les essais et la maintenance des v\u00e9rins hydrauliques. Nous nous engageons \u00e0 fournir \u00e0 nos clients des produits et services de haute qualit\u00e9.<\/p>\n<h3>Certifications internationales<\/h3>\n<p>Nos produits ont obtenu des certifications internationales telles que ISO 9001, CE et TUV, garantissant ainsi qu'ils r\u00e9pondent aux normes de qualit\u00e9 et de s\u00e9curit\u00e9 les plus \u00e9lev\u00e9es.<\/p>\n<h3>Services de personnalisation<\/h3>\n<p>Nous proposons une large gamme de services de personnalisation pour r\u00e9pondre aux divers besoins de nos clients, notamment des tailles, des formes, des mat\u00e9riaux et des designs sur mesure.<\/p>\n<h3>\u00c9quipement de production<\/h3>\n<p>Nous utilisons des \u00e9quipements de fabrication num\u00e9rique de pointe pour garantir la pr\u00e9cision et la qualit\u00e9 de nos produits, notamment des tours CNC, des fraiseuses et des bancs d'essai hydrauliques.<\/p>\n<h3>Service apr\u00e8s-vente<\/h3>\n<p>Nous proposons un service apr\u00e8s-vente complet, incluant le remplacement de pi\u00e8ces et la remise en \u00e9tat, afin d'aider nos clients \u00e0 r\u00e9soudre tout probl\u00e8me pouvant survenir avec leurs v\u00e9rins hydrauliques.<\/p>\n<p><img decoding=\"async\" src=\"https:\/\/www.hydraulic-cylinders.net\/wp-content\/uploads\/2025\/01\/songte-company-3.webp\" alt=\"Compagnie Songte\" \/><\/p>\n<p>Auteur : lyl<\/p>","protected":false},"excerpt":{"rendered":"<p>Bucket Cylinder For Liebherr Small Excavator R916L Introduction A bucket cylinder is a specifically designed hydraulic cylinder mainly used to control the movement of bucket in heavy machinery such as excavators, backhoe loaders, and front-end loaders. Its primary function is to enable the bucket to perform lifting, lowering, and tilting movements, thus facilitating various material [&hellip;]<\/p>","protected":false},"featured_media":14788,"comment_status":"open","ping_status":"closed","template":"","meta":{"_et_pb_use_builder":"","_et_pb_old_content":"","_et_gb_content_width":""},"product_brand":[],"product_cat":[1494],"product_tag":[1495,1496],"class_list":{"0":"post-15628","1":"product","2":"type-product","3":"status-publish","4":"has-post-thumbnail","6":"product_cat-bucket-cylinders","7":"product_tag-bucket-cylinders","8":"product_tag-hydraulic-cylinders","10":"first","11":"instock","12":"shipping-taxable","13":"product-type-simple"},"amp_enabled":true,"_links":{"self":[{"href":"https:\/\/www.hydraulic-cylinders.net\/fr\/wp-json\/wp\/v2\/product\/15628","targetHints":{"allow":["GET"]}}],"collection":[{"href":"https:\/\/www.hydraulic-cylinders.net\/fr\/wp-json\/wp\/v2\/product"}],"about":[{"href":"https:\/\/www.hydraulic-cylinders.net\/fr\/wp-json\/wp\/v2\/types\/product"}],"replies":[{"embeddable":true,"href":"https:\/\/www.hydraulic-cylinders.net\/fr\/wp-json\/wp\/v2\/comments?post=15628"}],"wp:featuredmedia":[{"embeddable":true,"href":"https:\/\/www.hydraulic-cylinders.net\/fr\/wp-json\/wp\/v2\/media\/14788"}],"wp:attachment":[{"href":"https:\/\/www.hydraulic-cylinders.net\/fr\/wp-json\/wp\/v2\/media?parent=15628"}],"wp:term":[{"taxonomy":"product_brand","embeddable":true,"href":"https:\/\/www.hydraulic-cylinders.net\/fr\/wp-json\/wp\/v2\/product_brand?post=15628"},{"taxonomy":"product_cat","embeddable":true,"href":"https:\/\/www.hydraulic-cylinders.net\/fr\/wp-json\/wp\/v2\/product_cat?post=15628"},{"taxonomy":"product_tag","embeddable":true,"href":"https:\/\/www.hydraulic-cylinders.net\/fr\/wp-json\/wp\/v2\/product_tag?post=15628"}],"curies":[{"name":"wp","href":"https:\/\/api.w.org\/{rel}","templated":true}]}}