{"id":15642,"date":"2025-01-19T14:47:13","date_gmt":"2025-01-19T14:47:13","guid":{"rendered":"https:\/\/www.hydraulic-cylinders.net\/product\/bucket-cylinder-for-liebherr-large-excavator-r976\/"},"modified":"2025-01-19T14:47:15","modified_gmt":"2025-01-19T14:47:15","slug":"bucket-cylinder-for-liebherr-large-excavator-r976","status":"publish","type":"product","link":"https:\/\/www.hydraulic-cylinders.net\/fr\/produit\/bucket-cylinder-for-liebherr-large-excavator-r976\/","title":{"rendered":"Cylindre de godet pour pelle Liebherr R976"},"content":{"rendered":"<h1>Cylindre de godet pour pelle Liebherr R976<\/h1>\n<h2>Introduction<\/h2>\n<h3>D\u00e9finition du cylindre \u00e0 godet<\/h3>\n<p>Le v\u00e9rin de godet, \u00e9galement appel\u00e9 v\u00e9rin de fl\u00e8che, est un v\u00e9rin hydraulique sp\u00e9cialement con\u00e7u pour commander les mouvements du godet sur les engins de chantier tels que les pelles hydrauliques, les chargeuses-pelleteuses et les chargeuses frontales. Sa fonction principale est de permettre la lev\u00e9e, l'abaissement et l'inclinaison du godet, facilitant ainsi diverses op\u00e9rations de manutention. Au sein du syst\u00e8me hydraulique, le v\u00e9rin de godet assure un contr\u00f4le pr\u00e9cis du godet gr\u00e2ce \u00e0 la variation de la pression d'huile hydraulique, permettant aux op\u00e9rateurs de manipuler efficacement des charges lourdes et de s'adapter \u00e0 des environnements de travail complexes et \u00e0 des exigences op\u00e9rationnelles vari\u00e9es.<\/p>\n<p><img decoding=\"async\" src=\"https:\/\/www.hydraulic-cylinders.net\/wp-content\/uploads\/2025\/01\/songte-company-2.webp\" alt=\"Image du cylindre du godet\"><\/p>\n<h3>Caract\u00e9ristiques du produit<\/h3>\n<ul>\n<li>Haute r\u00e9sistance et durabilit\u00e9 : g\u00e9n\u00e9ralement fabriqu\u00e9 en acier ou en aluminium \u00e0 haute r\u00e9sistance, capable de supporter une pression \u00e9lev\u00e9e et des charges importantes, adapt\u00e9 aux environnements de travail difficiles, con\u00e7u pour r\u00e9sister \u00e0 l'usure et \u00e0 la corrosion, prolongeant ainsi sa dur\u00e9e de vie.<\/li>\n<li>Fonctionnement hydraulique efficace : Utilisation de la pression de l'huile hydraulique pour une extension et une r\u00e9traction en douceur, capable de r\u00e9pondre rapidement aux commandes, fournissant une force de pouss\u00e9e et de traction puissante, adapt\u00e9e \u00e0 la manutention de charges lourdes et \u00e0 des t\u00e2ches op\u00e9rationnelles complexes.<\/li>\n<li>Diff\u00e9rents types\u00a0: Il est possible de choisir des v\u00e9rins \u00e0 simple effet (hydrauliques utilis\u00e9s dans un seul sens) ou \u00e0 double effet (hydrauliques utilis\u00e9s dans les deux sens) en fonction des besoins op\u00e9rationnels\u00a0; certains mod\u00e8les sont t\u00e9lescopiques, permettant une plus grande extension sans augmenter les dimensions ext\u00e9rieures, et conviennent aux applications \u00e0 espace limit\u00e9.<\/li>\n<li>Compatibilit\u00e9 : Nos produits peuvent parfaitement remplacer ces v\u00e9rins hydrauliques.<\/li>\n<li>Personnalisable : Nous proposons des services personnalis\u00e9s pour r\u00e9pondre \u00e0 diff\u00e9rents besoins op\u00e9rationnels.<\/li>\n<\/ul>\n<p><img decoding=\"async\" src=\"https:\/\/www.hydraulic-cylinders.net\/wp-content\/uploads\/2025\/01\/songte-cylinder-head-with-all-kinds-excavator-models.webp\" alt=\"Image du produit\"><\/p>\n<h3>Applications<\/h3>\n<p>Le v\u00e9rin de godet peut \u00eatre utilis\u00e9 sur une vari\u00e9t\u00e9 de machines lourdes, notamment\u00a0:<\/p>\n<ul>\n<li>Mat\u00e9riel de construction\u00a0: Pr\u00e9sents dans les excavatrices, ils sont indispensables pour l\u2019excavation, le chargement et le d\u00e9placement de terre ou de d\u00e9bris. Dans les chargeuses-pelleteuses, les v\u00e9rins de godet contribuent \u00e0 la fois \u00e0 l\u2019excavation et au levage. <\/li>\n<li>Machines agricoles : Utilis\u00e9es dans les chargeuses frontales pour ramasser, soulever et transporter la terre, le foin et d'autres mat\u00e9riaux. <\/li>\n<li>Excavatrices : Les v\u00e9rins du godet permettent l'excavation en laissant le godet p\u00e9n\u00e9trer dans le sol. <\/li>\n<li>Chargeuses frontales\u00a0: Sur les chargeuses frontales, elles facilitent le levage et l\u2019inclinaison pour une manutention efficace des mat\u00e9riaux. <\/li>\n<\/ul>\n<h3>Consid\u00e9rations de conception et crit\u00e8res de s\u00e9lection<\/h3>\n<p>Lors du choix des v\u00e9rins de godet, divers facteurs doivent \u00eatre pris en compte, notamment\u00a0:<\/p>\n<ul>\n<li>Capacit\u00e9 de charge : Tenez compte du poids de la charge que le cylindre devra supporter et choisissez un cylindre ayant une capacit\u00e9 de charge appropri\u00e9e. <\/li>\n<li>\u00c9tanch\u00e9it\u00e9\u00a0: Utilisation de divers composants d\u2019\u00e9tanch\u00e9it\u00e9, tels que des joints de piston et des joints de tige, fabriqu\u00e9s \u00e0 partir de mat\u00e9riaux r\u00e9sistants \u00e0 l\u2019usure comme le polyur\u00e9thane et le caoutchouc nitrile. Le corps du cylindre et les surfaces d\u2019extr\u00e9mit\u00e9 filet\u00e9es sont usin\u00e9s avec pr\u00e9cision pour am\u00e9liorer la r\u00e9sistance \u00e0 l\u2019usure. <\/li>\n<li>Durabilit\u00e9 : Tenez compte des mat\u00e9riaux utilis\u00e9s pour la construction du cylindre et assurez-vous qu'ils peuvent r\u00e9sister \u00e0 des environnements difficiles. <\/li>\n<li>S\u00e9curit\u00e9 : Assurez-vous que le cylindre est con\u00e7u dans un souci de s\u00e9curit\u00e9 et qu'il respecte toutes les normes de s\u00e9curit\u00e9 applicables. <\/li>\n<li>Facilit\u00e9 d'entretien\u00a0: Choisissez un cylindre facile \u00e0 entretenir et \u00e0 r\u00e9parer, et dont les pi\u00e8ces de rechange sont facilement disponibles.<\/li>\n<\/ul>\n<p><img decoding=\"async\" src=\"https:\/\/www.hydraulic-cylinders.net\/wp-content\/uploads\/2025\/01\/songte-oil-pipes-and-spare-parts.webp\" alt=\"Image de conception\"><\/p>\n<h3>\u00c9tanch\u00e9it\u00e9 et lubrification<\/h3>\n<p>Les v\u00e9rins de godet utilisent divers composants d'\u00e9tanch\u00e9it\u00e9, tels que des joints de piston, des joints de tige et des racleurs, fabriqu\u00e9s en mat\u00e9riaux r\u00e9sistants \u00e0 l'usure comme le polyur\u00e9thane et le caoutchouc nitrile. Le corps du v\u00e9rin et les surfaces d'extr\u00e9mit\u00e9 filet\u00e9es sont usin\u00e9s avec pr\u00e9cision pour une meilleure r\u00e9sistance \u00e0 l'usure. Un appoint r\u00e9gulier d'huile hydraulique appropri\u00e9e est n\u00e9cessaire pour garantir un fonctionnement optimal.<\/p>\n<p><img decoding=\"async\" src=\"https:\/\/www.hydraulic-cylinders.net\/wp-content\/uploads\/2025\/01\/songte-chushion-collar.webp\" alt=\"Image d&#039;\u00e9tanch\u00e9it\u00e9 et de lubrification\"><\/p>\n<h3>Entretien et r\u00e9paration<\/h3>\n<p>Un entretien et des r\u00e9parations r\u00e9guliers sont essentiels pour prolonger la dur\u00e9e de vie des v\u00e9rins de godet. Les t\u00e2ches d'entretien courantes comprennent\u00a0:<\/p>\n<ul>\n<li>Inspection r\u00e9guli\u00e8re <\/li>\n<li>Lubrification ad\u00e9quate<\/li>\n<li>remplacement du joint<\/li>\n<li>V\u00e9rification de l'\u00e9talonnage<\/li>\n<\/ul>\n<p>Lors de l'installation, il est important de bien guider le conducteur pour aligner correctement le v\u00e9rin. L'utilisation de supports de fixation appropri\u00e9s est recommand\u00e9e. Nous proposons \u00e9galement des proc\u00e9dures d'inspection, de r\u00e9paration et de remplacement, ainsi que des pi\u00e8ces de rechange et des services de remise \u00e0 neuf pour prolonger la dur\u00e9e de vie des v\u00e9rins de godet.<\/p>\n<p><img decoding=\"async\" src=\"https:\/\/www.hydraulic-cylinders.net\/wp-content\/uploads\/2025\/01\/songte-bushings-with-all-kinds-of-excavator-models.webp\" alt=\"Image de maintenance et de r\u00e9paration\"><\/p>\n<h3>Consid\u00e9rations de s\u00e9curit\u00e9 et facteurs environnementaux<\/h3>\n<p>Lors de l'utilisation de v\u00e9rins de godet, des mesures de s\u00e9curit\u00e9 doivent \u00eatre prises pour garantir un fonctionnement s\u00fbr. Il est important de suivre les instructions du fabricant et d'utiliser un \u00e9quipement de protection adapt\u00e9 lors de la manutention de charges lourdes. Les consid\u00e9rations environnementales, telles que l'\u00e9limination appropri\u00e9e de l'huile hydraulique et des autres fluides, doivent \u00e9galement \u00eatre prises en compte.<\/p>\n<h3>D\u00e9pannage et probl\u00e8mes courants<\/h3>\n<p>Les probl\u00e8mes courants rencontr\u00e9s avec les v\u00e9rins de godet incluent les fuites et une extension ou une r\u00e9traction insuffisantes. Pour le d\u00e9pannage, il est conseill\u00e9 de v\u00e9rifier l'\u00e9tat des joints (us\u00e9s ou endommag\u00e9s), des tiges de piston (endommag\u00e9es) et du niveau d'huile hydraulique. Il est essentiel de suivre les proc\u00e9dures de diagnostic et de r\u00e9paration appropri\u00e9es pour garantir des r\u00e9parations s\u00fbres et efficaces.<\/p>\n<p><img decoding=\"async\" src=\"https:\/\/hzpt.com\/wp-content\/uploads\/2024\/11\/songte-company-1.webp\" alt=\"Image environnementale\"><\/p>\n<h2>\u00c0 propos de notre entreprise<\/h2>\n<p>Nous sommes fabricants de v\u00e9rins hydrauliques de remplacement. Notre gamme compl\u00e8te de produits fait de nous l'un des principaux fabricants et distributeurs de v\u00e9rins hydrauliques sur les march\u00e9s nationaux et internationaux. Attach\u00e9s \u00e0 l'excellence, nous nous appuyons sur des strat\u00e9gies de gestion de production industrialis\u00e9es au sein d'ateliers de fabrication de pointe. Nous am\u00e9liorons constamment nos processus de production gr\u00e2ce \u00e0 l'expertise de nos techniciens, \u00e0 des \u00e9quipements de fabrication num\u00e9riques haut de gamme et \u00e0 des syst\u00e8mes de contr\u00f4le professionnels. Nous fournissons ainsi des produits performants, pr\u00e9cis et de haute qualit\u00e9, r\u00e9pondant aux besoins vari\u00e9s de nos clients.<\/p>\n<p>Notre entreprise propose des produits professionnels certifi\u00e9s \u00e0 l'international, des services personnalis\u00e9s, des \u00e9quipements de production de pointe et un service apr\u00e8s-vente.<\/p>\n<p><img decoding=\"async\" src=\"https:\/\/www.hydraulic-cylinders.net\/wp-content\/uploads\/2025\/01\/songte-company-3.webp\" alt=\"Image de l&#039;entreprise\"><\/p>\n<p>Auteur : lyl<\/p>","protected":false},"excerpt":{"rendered":"<p>Bucket Cylinder For Liebherr Large Excavator R976 Introduction Definition of Bucket Cylinder The bucket cylinder, also known as the boom cylinder, is a specially designed hydraulic cylinder primarily used to control the movement of the bucket in heavy machinery such as excavators, backhoe loaders, and front-end loaders. Its main function is to enable the bucket [&hellip;]<\/p>","protected":false},"featured_media":14789,"comment_status":"open","ping_status":"closed","template":"","meta":{"_et_pb_use_builder":"","_et_pb_old_content":"","_et_gb_content_width":""},"product_brand":[],"product_cat":[1494],"product_tag":[1495,1496],"class_list":{"0":"post-15642","1":"product","2":"type-product","3":"status-publish","4":"has-post-thumbnail","6":"product_cat-bucket-cylinders","7":"product_tag-bucket-cylinders","8":"product_tag-hydraulic-cylinders","10":"first","11":"instock","12":"shipping-taxable","13":"product-type-simple"},"amp_enabled":true,"_links":{"self":[{"href":"https:\/\/www.hydraulic-cylinders.net\/fr\/wp-json\/wp\/v2\/product\/15642","targetHints":{"allow":["GET"]}}],"collection":[{"href":"https:\/\/www.hydraulic-cylinders.net\/fr\/wp-json\/wp\/v2\/product"}],"about":[{"href":"https:\/\/www.hydraulic-cylinders.net\/fr\/wp-json\/wp\/v2\/types\/product"}],"replies":[{"embeddable":true,"href":"https:\/\/www.hydraulic-cylinders.net\/fr\/wp-json\/wp\/v2\/comments?post=15642"}],"wp:featuredmedia":[{"embeddable":true,"href":"https:\/\/www.hydraulic-cylinders.net\/fr\/wp-json\/wp\/v2\/media\/14789"}],"wp:attachment":[{"href":"https:\/\/www.hydraulic-cylinders.net\/fr\/wp-json\/wp\/v2\/media?parent=15642"}],"wp:term":[{"taxonomy":"product_brand","embeddable":true,"href":"https:\/\/www.hydraulic-cylinders.net\/fr\/wp-json\/wp\/v2\/product_brand?post=15642"},{"taxonomy":"product_cat","embeddable":true,"href":"https:\/\/www.hydraulic-cylinders.net\/fr\/wp-json\/wp\/v2\/product_cat?post=15642"},{"taxonomy":"product_tag","embeddable":true,"href":"https:\/\/www.hydraulic-cylinders.net\/fr\/wp-json\/wp\/v2\/product_tag?post=15642"}],"curies":[{"name":"wp","href":"https:\/\/api.w.org\/{rel}","templated":true}]}}