{"id":15656,"date":"2025-01-19T14:48:17","date_gmt":"2025-01-19T14:48:17","guid":{"rendered":"https:\/\/www.hydraulic-cylinders.net\/product\/bucket-cylinder-for-sdlg-large-excavator-lg6300\/"},"modified":"2025-01-19T14:48:19","modified_gmt":"2025-01-19T14:48:19","slug":"bucket-cylinder-for-sdlg-large-excavator-lg6300","status":"publish","type":"product","link":"https:\/\/www.hydraulic-cylinders.net\/fr\/produit\/bucket-cylinder-for-sdlg-large-excavator-lg6300\/","title":{"rendered":"Cylindre de godet pour pelle hydraulique SDLG LG6300"},"content":{"rendered":"<h1>Cylindre de godet pour pelle hydraulique SDLG LG6300<\/h1>\n<h2>Introduction<\/h2>\n<p>Un v\u00e9rin de godet est un v\u00e9rin hydraulique sp\u00e9cialis\u00e9 con\u00e7u pour contr\u00f4ler les mouvements des godets sur les engins de chantier tels que les pelles hydrauliques, les chargeuses-pelleteuses et les chargeuses frontales. Sa fonction principale est de permettre la lev\u00e9e, l'abaissement et l'inclinaison du godet, facilitant ainsi les op\u00e9rations de transport de mat\u00e9riaux. Dans le syst\u00e8me hydraulique, le v\u00e9rin de godet contr\u00f4le avec pr\u00e9cision les mouvements du godet gr\u00e2ce \u00e0 la variation de la pression d'huile hydraulique, permettant aux op\u00e9rateurs de manipuler efficacement des charges lourdes et de s'adapter \u00e0 des environnements de travail complexes et \u00e0 des exigences vari\u00e9es.<\/p>\n<p><img decoding=\"async\" src=\"https:\/\/www.hydraulic-cylinders.net\/wp-content\/uploads\/2025\/01\/songte-company-2.webp\" alt=\"Image du cylindre du godet\"><\/p>\n<h2>Caract\u00e9ristiques<\/h2>\n<ul>\n<li>Haute r\u00e9sistance et durabilit\u00e9\u00a0: Fabriqu\u00e9 g\u00e9n\u00e9ralement en acier ou en aluminium haute r\u00e9sistance, il supporte les hautes pressions et les charges importantes, s\u2019adaptant ainsi aux conditions de travail difficiles. Sa conception assure une r\u00e9sistance \u00e0 l\u2019usure et \u00e0 la corrosion, prolongeant sa dur\u00e9e de vie.<\/li>\n<li>Fonctionnement hydraulique efficace : utilise la pression de l'huile hydraulique pour obtenir un mouvement t\u00e9lescopique fluide, r\u00e9pond rapidement aux commandes, fournit une force de pouss\u00e9e et de traction puissante, adapt\u00e9e \u00e0 la manutention de charges lourdes et aux t\u00e2ches complexes.<\/li>\n<li>Divers types\u00a0: Il est possible de choisir des v\u00e9rins simple effet (actionnement hydraulique unidirectionnel) ou double effet (actionnement hydraulique bidirectionnel) selon les besoins, afin de r\u00e9pondre \u00e0 diff\u00e9rentes exigences op\u00e9rationnelles. Certains mod\u00e8les sont t\u00e9lescopiques, ce qui permet une plus grande extension sans augmenter les dimensions ext\u00e9rieures et convient aux applications n\u00e9cessitant un espace restreint.<\/li>\n<li>Facile \u00e0 remplacer : Notre produit peut parfaitement remplacer ces v\u00e9rins hydrauliques.<\/li>\n<li>Personnalisable : Nous pouvons fabriquer ce produit selon vos besoins sp\u00e9cifiques.<\/li>\n<\/ul>\n<p><img decoding=\"async\" src=\"https:\/\/www.hydraulic-cylinders.net\/wp-content\/uploads\/2025\/01\/songte-cylinder-head-with-all-kinds-excavator-models.webp\" alt=\"Image du cylindre du godet\"><\/p>\n<h2>Applications<\/h2>\n<p>Le v\u00e9rin de godet est utilis\u00e9 dans diverses machines lourdes, notamment\u00a0:<\/p>\n<ul>\n<li>Mat\u00e9riel de construction\u00a0: Sur les excavatrices, les v\u00e9rins sont indispensables pour creuser, charger et d\u00e9placer la terre ou les d\u00e9bris. Sur les chargeuses-pelleteuses, les v\u00e9rins du godet facilitent \u00e0 la fois l\u2019excavation et le levage. <\/li>\n<li>Machines agricoles : utilis\u00e9es dans les chargeurs frontaux pour ramasser, soulever et transporter de la terre, du foin et d'autres mat\u00e9riaux.<\/li>\n<li>Excavatrices : Le v\u00e9rin du godet permet l'excavation en permettant au godet de p\u00e9n\u00e9trer dans le sol.<\/li>\n<li>Chargeuses frontales : Les chargeuses frontales permettent de soulever et d'incliner efficacement les marchandises.<\/li>\n<\/ul>\n<h2>Consid\u00e9rations de conception et crit\u00e8res de s\u00e9lection<\/h2>\n<p>Lors de la conception et du choix du v\u00e9rin de godet, les consid\u00e9rations suivantes doivent \u00eatre prises en compte\u00a0:<\/p>\n<ul>\n<li>Capacit\u00e9 de charge : Le v\u00e9rin du godet doit pouvoir supporter la charge pr\u00e9vue.<\/li>\n<li>\u00c9tanch\u00e9it\u00e9 : Le v\u00e9rin du godet doit \u00eatre con\u00e7u avec des joints appropri\u00e9s afin d'\u00e9viter les fuites de fluide et la contamination.<\/li>\n<li>Durabilit\u00e9 : Les mat\u00e9riaux et la construction du cylindre du godet doivent pouvoir r\u00e9sister \u00e0 l'usure pr\u00e9vue lors de son utilisation.<\/li>\n<li>S\u00e9curit\u00e9 : Le v\u00e9rin du godet doit \u00eatre con\u00e7u pour pr\u00e9venir les accidents en int\u00e9grant des dispositifs de s\u00e9curit\u00e9.<\/li>\n<li>Maintenance : Le v\u00e9rin du godet doit \u00eatre con\u00e7u pour faciliter la maintenance et la r\u00e9paration, avec des composants accessibles et un temps d'arr\u00eat minimal.<\/li>\n<\/ul>\n<p><img decoding=\"async\" src=\"https:\/\/www.hydraulic-cylinders.net\/wp-content\/uploads\/2025\/01\/songte-oil-pipes-and-spare-parts.webp\" alt=\"Image du cylindre du godet\"><\/p>\n<h2>\u00c9tanch\u00e9it\u00e9 et lubrification<\/h2>\n<p>Le v\u00e9rin du godet utilise divers \u00e9l\u00e9ments d'\u00e9tanch\u00e9it\u00e9, tels que des joints de piston et des joints de tige, fabriqu\u00e9s en mat\u00e9riaux r\u00e9sistants \u00e0 l'usure comme le polyur\u00e9thane et le caoutchouc nitrile. Le corps du v\u00e9rin et les surfaces d'extr\u00e9mit\u00e9 filet\u00e9es sont usin\u00e9s avec pr\u00e9cision pour une meilleure r\u00e9sistance \u00e0 l'usure. Un ajout r\u00e9gulier d'huile hydraulique adapt\u00e9e est n\u00e9cessaire pour assurer une lubrification optimale. <\/p>\n<h2>Entretien et r\u00e9paration<\/h2>\n<p>Des inspections r\u00e9guli\u00e8res et des mesures de maintenance pr\u00e9ventive doivent \u00eatre mises en \u0153uvre pour prolonger la dur\u00e9e de vie du v\u00e9rin de godet. La maintenance peut comprendre une lubrification r\u00e9guli\u00e8re, le remplacement p\u00e9riodique des joints et des contr\u00f4les d'\u00e9talonnage. Une installation correcte est essentielle pour minimiser l'usure et garantir la s\u00e9curit\u00e9. Il est recommand\u00e9 d'utiliser des supports de fixation appropri\u00e9s pour maintenir le v\u00e9rin en place. Des proc\u00e9dures d'inspection, de r\u00e9paration et de remplacement recommand\u00e9es sont fournies, incluant le remplacement de pi\u00e8ces et les services de remise en \u00e9tat, afin d'optimiser la dur\u00e9e de vie du v\u00e9rin.<\/p>\n<p><img decoding=\"async\" src=\"https:\/\/www.hydraulic-cylinders.net\/wp-content\/uploads\/2025\/01\/songte-chushion-collar.webp\" alt=\"Image du cylindre du godet\"><\/p>\n<h2>Consid\u00e9rations relatives \u00e0 la s\u00e9curit\u00e9 et \u00e0 l'environnement<\/h2>\n<p>Lors de l'utilisation du v\u00e9rin \u00e0 godet, des mesures de s\u00e9curit\u00e9 doivent \u00eatre prises pour pr\u00e9venir les accidents. Les facteurs environnementaux tels que la temp\u00e9rature et l'humidit\u00e9 doivent \u00e9galement \u00eatre pris en compte lors du choix du v\u00e9rin.<\/p>\n<h2>D\u00e9pannage et probl\u00e8mes courants<\/h2>\n<p>Les probl\u00e8mes courants affectant le v\u00e9rin du godet peuvent inclure des fuites de fluide, des pistons d\u00e9fectueux, des bielles tordues et des joints endommag\u00e9s. Des conseils et des solutions de d\u00e9pannage sont fournis pour aider les lecteurs \u00e0 diagnostiquer et \u00e0 r\u00e9soudre efficacement ces probl\u00e8mes. Des mesures pr\u00e9ventives sont \u00e9galement propos\u00e9es afin de minimiser les risques.<\/p>\n<p><img decoding=\"async\" src=\"https:\/\/www.hydraulic-cylinders.net\/wp-content\/uploads\/2025\/01\/songte-bushings-with-all-kinds-of-excavator-models.webp\" alt=\"Image du cylindre du godet\"><\/p>\n<h2>\u00c0 propos de notre entreprise<\/h2>\n<p>Nous sommes un fabricant de v\u00e9rins hydrauliques et l'un des principaux fabricants et grossistes de v\u00e9rins hydrauliques sur les march\u00e9s nationaux et internationaux. Notre priorit\u00e9 est l'excellence, et nous nous appuyons sur une strat\u00e9gie de gestion de production au sein d'un atelier de fabrication de pointe. Nous am\u00e9liorons constamment notre plateforme de production gr\u00e2ce \u00e0 l'utilisation de talents techniques, d'\u00e9quipements de fabrication num\u00e9riques haut de gamme et de syst\u00e8mes de contr\u00f4le professionnels, ce qui nous permet de perfectionner notre processus de production et de garantir la qualit\u00e9 de nos produits. Forts de notre capacit\u00e9 d'innovation, nous r\u00e9pondons aux besoins vari\u00e9s de nos clients avec efficacit\u00e9, pr\u00e9cision et une qualit\u00e9 irr\u00e9prochable.<\/p>\n<ul>\n<li>Professionnalisme : Notre \u00e9quipe d'experts poss\u00e8de une vaste exp\u00e9rience dans la conception, la fabrication et la maintenance des v\u00e9rins hydrauliques.<\/li>\n<li>Certification internationale\u00a0: Nos produits sont certifi\u00e9s conformes aux normes internationales et \u00e0 la norme ISO 9001 relative aux syst\u00e8mes de gestion de la qualit\u00e9.<\/li>\n<li>Services personnalis\u00e9s\u00a0: Nous proposons des solutions personnalis\u00e9es pour r\u00e9pondre aux besoins sp\u00e9cifiques de nos clients.<\/li>\n<li>\u00c9quipements de production de pointe : Nos \u00e9quipements de fabrication ultramodernes garantissent une qualit\u00e9 constante et une production efficace.<\/li>\n<li>Service apr\u00e8s-vente : Nous assurons un service apr\u00e8s-vente rapide et efficace afin de garantir la satisfaction de nos clients.<\/li>\n<\/ul>\n<p><img decoding=\"async\" src=\"https:\/\/hzpt.com\/wp-content\/uploads\/2024\/11\/songte-company-1.webp\" alt=\"Image du cylindre du godet\"><\/p>\n<p>Auteur : lyl.<\/p>","protected":false},"excerpt":{"rendered":"<p>Bucket Cylinder For SDLG Large Excavator LG6300 Introduction A bucket cylinder is a specialized hydraulic cylinder designed to control the movement of buckets in heavy machinery such as excavators, backhoe loaders, and front-end loaders. Its main function is to allow the bucket to lift, lower, and tilt, making it easier to handle various material transport [&hellip;]<\/p>","protected":false},"featured_media":14761,"comment_status":"open","ping_status":"closed","template":"","meta":{"_et_pb_use_builder":"","_et_pb_old_content":"","_et_gb_content_width":""},"product_brand":[],"product_cat":[1494],"product_tag":[1495,1496],"class_list":{"0":"post-15656","1":"product","2":"type-product","3":"status-publish","4":"has-post-thumbnail","6":"product_cat-bucket-cylinders","7":"product_tag-bucket-cylinders","8":"product_tag-hydraulic-cylinders","10":"first","11":"instock","12":"shipping-taxable","13":"product-type-simple"},"amp_enabled":true,"_links":{"self":[{"href":"https:\/\/www.hydraulic-cylinders.net\/fr\/wp-json\/wp\/v2\/product\/15656","targetHints":{"allow":["GET"]}}],"collection":[{"href":"https:\/\/www.hydraulic-cylinders.net\/fr\/wp-json\/wp\/v2\/product"}],"about":[{"href":"https:\/\/www.hydraulic-cylinders.net\/fr\/wp-json\/wp\/v2\/types\/product"}],"replies":[{"embeddable":true,"href":"https:\/\/www.hydraulic-cylinders.net\/fr\/wp-json\/wp\/v2\/comments?post=15656"}],"wp:featuredmedia":[{"embeddable":true,"href":"https:\/\/www.hydraulic-cylinders.net\/fr\/wp-json\/wp\/v2\/media\/14761"}],"wp:attachment":[{"href":"https:\/\/www.hydraulic-cylinders.net\/fr\/wp-json\/wp\/v2\/media?parent=15656"}],"wp:term":[{"taxonomy":"product_brand","embeddable":true,"href":"https:\/\/www.hydraulic-cylinders.net\/fr\/wp-json\/wp\/v2\/product_brand?post=15656"},{"taxonomy":"product_cat","embeddable":true,"href":"https:\/\/www.hydraulic-cylinders.net\/fr\/wp-json\/wp\/v2\/product_cat?post=15656"},{"taxonomy":"product_tag","embeddable":true,"href":"https:\/\/www.hydraulic-cylinders.net\/fr\/wp-json\/wp\/v2\/product_tag?post=15656"}],"curies":[{"name":"wp","href":"https:\/\/api.w.org\/{rel}","templated":true}]}}