{"id":15665,"date":"2025-01-19T14:48:52","date_gmt":"2025-01-19T14:48:52","guid":{"rendered":"https:\/\/www.hydraulic-cylinders.net\/product\/bucket-cylinder-for-jcm-small-excavator-906d\/"},"modified":"2025-01-19T14:48:54","modified_gmt":"2025-01-19T14:48:54","slug":"bucket-cylinder-for-jcm-small-excavator-906d","status":"publish","type":"product","link":"https:\/\/www.hydraulic-cylinders.net\/fr\/produit\/bucket-cylinder-for-jcm-small-excavator-906d\/","title":{"rendered":"V\u00e9rin de godet pour mini-pelle JCM 906D"},"content":{"rendered":"<h1>V\u00e9rin de godet pour mini-pelle JCM 906D<\/h1>\n<h2>Introduction<\/h2>\n<p>Le v\u00e9rin de godet pour mini-pelle JCM 906D est un v\u00e9rin hydraulique sp\u00e9cialement con\u00e7u pour contr\u00f4ler les mouvements du godet sur les engins de chantier tels que les pelles hydrauliques, les pelles r\u00e9tro et les chargeuses frontales. Sa fonction principale est de permettre la lev\u00e9e, l'abaissement et l'inclinaison du godet, facilitant ainsi la manutention de tous types de mat\u00e9riaux. Au sein du syst\u00e8me hydraulique, le v\u00e9rin de godet contr\u00f4le avec pr\u00e9cision les mouvements du godet en modulant la pression de l'huile hydraulique, permettant aux op\u00e9rateurs de manipuler efficacement des charges lourdes et de s'adapter \u00e0 des environnements de travail complexes et \u00e0 des exigences op\u00e9rationnelles vari\u00e9es.<\/p>\n<p><img decoding=\"async\" src=\"https:\/\/www.hydraulic-cylinders.net\/wp-content\/uploads\/2025\/01\/songte-company-2.webp\" alt=\"Image du cylindre du godet\"><\/p>\n<h2>Caract\u00e9ristiques<\/h2>\n<ul>\n<li>Haute r\u00e9sistance et durabilit\u00e9 : G\u00e9n\u00e9ralement fabriqu\u00e9 en acier ou en aluminium \u00e0 haute r\u00e9sistance, le cylindre peut supporter une pression \u00e9lev\u00e9e et des charges importantes, s'adapter aux environnements de travail difficiles, et sa conception prend en compte la r\u00e9sistance \u00e0 l'usure et \u00e0 la corrosion, prolongeant ainsi sa dur\u00e9e de vie.<\/li>\n<li>Fonctionnement hydraulique efficace : gr\u00e2ce \u00e0 la pression de l'huile hydraulique, le v\u00e9rin peut s'\u00e9tendre et se r\u00e9tracter en douceur, r\u00e9pondre rapidement aux commandes, fournir des forces de pouss\u00e9e et de traction puissantes, adapt\u00e9es \u00e0 la manutention de charges lourdes et \u00e0 des t\u00e2ches op\u00e9rationnelles complexes.<\/li>\n<li>Diff\u00e9rents types\u00a0: Le v\u00e9rin peut \u00eatre \u00e0 simple effet (actionnement hydraulique dans un seul sens) ou \u00e0 double effet (actionnement hydraulique dans les deux sens), selon les besoins. Certains mod\u00e8les sont t\u00e9lescopiques, ce qui permet une plus grande extension sans augmenter les dimensions ext\u00e9rieures et les rend adapt\u00e9s aux applications \u00e0 espace restreint.<\/li>\n<li>Notre produit peut parfaitement remplacer ces v\u00e9rins hydrauliques.<\/li>\n<\/ul>\n<p><img decoding=\"async\" src=\"https:\/\/www.hydraulic-cylinders.net\/wp-content\/uploads\/2025\/01\/songte-cylinder-head-with-all-kinds-excavator-models.webp\" alt=\"Image de remplacement du v\u00e9rin de godet\"><\/p>\n<h2>Applications<\/h2>\n<p>Le v\u00e9rin de godet pour mini-pelle JCM 906D est largement utilis\u00e9 dans divers secteurs industriels pour diff\u00e9rentes applications. En voici quelques exemples\u00a0:<\/p>\n<h3>\u00c9quipement de construction<\/h3>\n<p>Sur les excavatrices, les v\u00e9rins sont indispensables pour l'excavation, le chargement et le d\u00e9placement de la terre ou des d\u00e9bris. Sur une pelle r\u00e9tro, le v\u00e9rin du godet contribue \u00e0 l'excavation et au levage. Sur les chargeuses frontales, ils permettent de lever et de d\u00e9charger efficacement les mat\u00e9riaux.<\/p>\n<h3>machines agricoles<\/h3>\n<p>Utilis\u00e9 sur les chargeuses frontales pour ramasser, soulever et transporter la terre, le foin et autres mat\u00e9riaux. Sur les pelles hydrauliques, le v\u00e9rin du godet permet l'excavation en autorisant la p\u00e9n\u00e9tration du godet dans le sol.<\/p>\n<h3>fabrication industrielle<\/h3>\n<p>Ils sont utilis\u00e9s dans divers proc\u00e9d\u00e9s de fabrication, tels que le moulage sous pression, le forgeage et le moulage par injection plastique, pour supporter des charges lourdes et effectuer des t\u00e2ches op\u00e9rationnelles complexes.<\/p>\n<h3>Marine et offshore<\/h3>\n<p>Les v\u00e9rins \u00e0 godet sont utilis\u00e9s sur les plateformes de forage p\u00e9trolier en mer, les porte-conteneurs et autres \u00e9quipements marins, o\u00f9 ils peuvent r\u00e9sister \u00e0 des conditions environnementales difficiles et effectuer des t\u00e2ches exigeantes.<\/p>\n<p><img decoding=\"async\" src=\"https:\/\/www.hydraulic-cylinders.net\/wp-content\/uploads\/2025\/01\/songte-bushings-with-all-kinds-of-excavator-models.webp\" alt=\"Applications des v\u00e9rins de godet\"><\/p>\n<h2>Consid\u00e9rations de conception et crit\u00e8res de s\u00e9lection<\/h2>\n<p>Les v\u00e9rins de godet doivent r\u00e9pondre \u00e0 plusieurs crit\u00e8res de conception et de s\u00e9lection pour garantir des performances optimales. En voici quelques-uns\u00a0:<\/p>\n<h3>capacit\u00e9 de charge<\/h3>\n<p>Le cylindre doit pouvoir supporter le poids de la charge qu'il supporte et la pression exerc\u00e9e sur lui pendant son fonctionnement.<\/p>\n<h3>Scellage<\/h3>\n<p>Le cylindre doit \u00eatre correctement \u00e9tanche afin d'\u00e9viter les fuites d'huile et la contamination, qui peuvent endommager le syst\u00e8me et r\u00e9duire ses performances.<\/p>\n<h3>Durabilit\u00e9<\/h3>\n<p>Le cylindre doit \u00eatre suffisamment r\u00e9sistant pour supporter des conditions de travail difficiles et une utilisation fr\u00e9quente sans n\u00e9cessiter de r\u00e9parations ou de remplacements fr\u00e9quents.<\/p>\n<h3>S\u00e9curit\u00e9<\/h3>\n<p>Le cylindre doit \u00eatre con\u00e7u en tenant compte des aspects de s\u00e9curit\u00e9, tels que l'installation de soupapes de s\u00e9curit\u00e9 pour pr\u00e9venir les accidents et la fourniture d'instructions claires pour l'installation et le fonctionnement.<\/p>\n<h3>Entretien<\/h3>\n<p>Le cylindre doit \u00eatre facile \u00e0 entretenir, avec des points d'acc\u00e8s appropri\u00e9s pour l'inspection, le nettoyage et le remplacement des pi\u00e8ces.<\/p>\n<p><img decoding=\"async\" src=\"https:\/\/www.hydraulic-cylinders.net\/wp-content\/uploads\/2025\/01\/songte-oil-pipes-and-spare-parts.webp\" alt=\"Conception du v\u00e9rin de godet\"><\/p>\n<h2>\u00c9tanch\u00e9it\u00e9 et lubrification<\/h2>\n<p>Le v\u00e9rin du godet utilise divers joints d'\u00e9tanch\u00e9it\u00e9, tels que des joints de piston, des joints de tige et des racleurs, pour pr\u00e9venir les fuites d'huile et la contamination. Ces joints sont fabriqu\u00e9s \u00e0 partir de mat\u00e9riaux r\u00e9sistants \u00e0 l'usure, comme le polyur\u00e9thane et le caoutchouc nitrile, afin de garantir une longue dur\u00e9e de vie. De plus, le corps du v\u00e9rin et la surface filet\u00e9e sont usin\u00e9s avec pr\u00e9cision pour am\u00e9liorer leur r\u00e9sistance \u00e0 l'usure. Pour un fonctionnement optimal, une lubrification r\u00e9guli\u00e8re avec la quantit\u00e9 appropri\u00e9e d'huile hydraulique est indispensable.<\/p>\n<h2>Entretien et r\u00e9paration<\/h2>\n<p>Un entretien et des r\u00e9parations r\u00e9guliers sont essentiels pour garantir le fonctionnement optimal du v\u00e9rin du godet et prolonger sa dur\u00e9e de vie. Voici quelques t\u00e2ches essentielles\u00a0:<\/p>\n<h3>Inspection r\u00e9guli\u00e8re<\/h3>\n<p>Inspectez r\u00e9guli\u00e8rement le cylindre et recherchez des signes d'usure et de dommages, tels que des fuites, des bosses et de la rouille.<\/p>\n<h3>Lubrification<\/h3>\n<p>Une lubrification ad\u00e9quate \u00e0 l'huile hydraulique est n\u00e9cessaire pour garantir des performances optimales.<\/p>\n<h3>Remplacement du joint<\/h3>\n<p>Remplacez rapidement les joints us\u00e9s ou endommag\u00e9s afin de pr\u00e9venir les fuites d'huile et la contamination et de garantir des performances optimales.<\/p>\n<h3>V\u00e9rification de l'\u00e9talonnage<\/h3>\n<p>V\u00e9rifiez r\u00e9guli\u00e8rement le calibrage du cylindre pour vous assurer qu'il r\u00e9pond aux sp\u00e9cifications requises.<\/p>\n<h2>Consid\u00e9rations de s\u00e9curit\u00e9 et facteurs environnementaux<\/h2>\n<p>Les v\u00e9rins de godet peuvent \u00eatre dangereux en cas de mauvaise utilisation ou d'installation incorrecte. Il est imp\u00e9ratif de respecter les consignes de s\u00e9curit\u00e9, notamment en fournissant des instructions claires pour l'installation, le fonctionnement et l'entretien. De plus, il convient de tenir compte des facteurs environnementaux, tels que la temp\u00e9rature, l'humidit\u00e9 et l'exposition \u00e0 des substances corrosives, afin de garantir des performances optimales et de prolonger la dur\u00e9e de vie du v\u00e9rin.<\/p>\n<h2>Probl\u00e8mes courants et d\u00e9pannage<\/h2>\n<p>Les probl\u00e8mes courants rencontr\u00e9s avec les v\u00e9rins de godet incluent les fuites, une pression insuffisante et l'usure. Le d\u00e9pannage de ces probl\u00e8mes consiste \u00e0 identifier la cause et \u00e0 prendre les mesures correctives appropri\u00e9es, telles que le r\u00e9-\u00e9tanch\u00e9ification, le remplacement des pi\u00e8ces endommag\u00e9es et le recalibrage du v\u00e9rin. Un entretien et des r\u00e9parations r\u00e9guliers permettent de pr\u00e9venir bon nombre de ces probl\u00e8mes.<\/p>\n<p><img decoding=\"async\" src=\"https:\/\/www.hydraulic-cylinders.net\/wp-content\/uploads\/2025\/01\/songte-chushion-collar.webp\" alt=\"Entretien du v\u00e9rin de godet\"><\/p>\n<h2>\u00c0 propos de notre entreprise<\/h2>\n<p>Nous sommes un fabricant de v\u00e9rins hydrauliques de remplacement offrant une gamme compl\u00e8te de produits et figurant parmi les principaux fabricants et distributeurs de v\u00e9rins hydrauliques sur les march\u00e9s nationaux et internationaux. Notre engagement envers l'excellence repose sur des strat\u00e9gies de gestion de production industrialis\u00e9es, mises en \u0153uvre dans des ateliers de fabrication de haute pr\u00e9cision. Nous am\u00e9liorons constamment nos installations de production, perfectionnons notre ligne de production et sommes en mesure de garantir une efficacit\u00e9, une pr\u00e9cision et une qualit\u00e9 optimales pour r\u00e9pondre aux besoins vari\u00e9s de nos clients. <\/p>\n<h3>Professionnalisme<\/h3>\n<p>Notre entreprise est compos\u00e9e d'une \u00e9quipe de professionnels exp\u00e9riment\u00e9s qui s'engagent \u00e0 fournir des produits et des services de haute qualit\u00e9 \u00e0 nos clients.<\/p>\n<h3>Certification internationale<\/h3>\n<p>Nos produits sont certifi\u00e9s conformes aux normes internationales, telles que l'ISO 9001 et le CE, garantissant ainsi qu'ils r\u00e9pondent aux normes de qualit\u00e9 les plus \u00e9lev\u00e9es.<\/p>\n<h3>Services de personnalisation<\/h3>\n<p>Nous proposons des services de personnalisation pour r\u00e9pondre aux exigences sp\u00e9cifiques de nos clients, notamment en mati\u00e8re de taille, de forme et de fonctionnalit\u00e9s.<\/p>\n<h3>\u00c9quipement de production<\/h3>\n<p>Notre atelier est \u00e9quip\u00e9 de machines de fabrication num\u00e9rique haut de gamme, notamment des machines CNC, des tours et des rectifieuses, afin de garantir des sp\u00e9cifications de produit pr\u00e9cises.<\/p>\n<h3>Service apr\u00e8s-vente<\/h3>\n<p>Nous proposons des services apr\u00e8s-vente complets, incluant l'installation, la r\u00e9paration et la maintenance, afin de garantir la satisfaction de nos clients vis-\u00e0-vis de nos produits.<\/p>\n<p><img decoding=\"async\" src=\"https:\/\/hzpt.com\/wp-content\/uploads\/2024\/11\/songte-company-1.webp\" alt=\"Image de l&#039;entreprise\"><\/p>\n<p>Auteur : lyl.<\/p>","protected":false},"excerpt":{"rendered":"<p>Bucket Cylinder For JCM Small Excavator 906D Introduction The Bucket Cylinder for JCM Small Excavator 906D is a specially designed hydraulic cylinder used primarily to control the movement of the bucket in heavy machinery such as excavators, backhoe excavators, and front-end loaders. Its main function is to enable the bucket to lift, lower, and tilt, [&hellip;]<\/p>","protected":false},"featured_media":14776,"comment_status":"open","ping_status":"closed","template":"","meta":{"_et_pb_use_builder":"","_et_pb_old_content":"","_et_gb_content_width":""},"product_brand":[],"product_cat":[1494],"product_tag":[1495,1496],"class_list":{"0":"post-15665","1":"product","2":"type-product","3":"status-publish","4":"has-post-thumbnail","6":"product_cat-bucket-cylinders","7":"product_tag-bucket-cylinders","8":"product_tag-hydraulic-cylinders","10":"first","11":"instock","12":"shipping-taxable","13":"product-type-simple"},"amp_enabled":true,"_links":{"self":[{"href":"https:\/\/www.hydraulic-cylinders.net\/fr\/wp-json\/wp\/v2\/product\/15665","targetHints":{"allow":["GET"]}}],"collection":[{"href":"https:\/\/www.hydraulic-cylinders.net\/fr\/wp-json\/wp\/v2\/product"}],"about":[{"href":"https:\/\/www.hydraulic-cylinders.net\/fr\/wp-json\/wp\/v2\/types\/product"}],"replies":[{"embeddable":true,"href":"https:\/\/www.hydraulic-cylinders.net\/fr\/wp-json\/wp\/v2\/comments?post=15665"}],"wp:featuredmedia":[{"embeddable":true,"href":"https:\/\/www.hydraulic-cylinders.net\/fr\/wp-json\/wp\/v2\/media\/14776"}],"wp:attachment":[{"href":"https:\/\/www.hydraulic-cylinders.net\/fr\/wp-json\/wp\/v2\/media?parent=15665"}],"wp:term":[{"taxonomy":"product_brand","embeddable":true,"href":"https:\/\/www.hydraulic-cylinders.net\/fr\/wp-json\/wp\/v2\/product_brand?post=15665"},{"taxonomy":"product_cat","embeddable":true,"href":"https:\/\/www.hydraulic-cylinders.net\/fr\/wp-json\/wp\/v2\/product_cat?post=15665"},{"taxonomy":"product_tag","embeddable":true,"href":"https:\/\/www.hydraulic-cylinders.net\/fr\/wp-json\/wp\/v2\/product_tag?post=15665"}],"curies":[{"name":"wp","href":"https:\/\/api.w.org\/{rel}","templated":true}]}}