{"id":15666,"date":"2025-01-19T14:48:56","date_gmt":"2025-01-19T14:48:56","guid":{"rendered":"https:\/\/www.hydraulic-cylinders.net\/product\/bucket-cylinder-for-jcm-small-excavator-908c\/"},"modified":"2025-01-19T14:49:04","modified_gmt":"2025-01-19T14:49:04","slug":"bucket-cylinder-for-jcm-small-excavator-908c","status":"publish","type":"product","link":"https:\/\/www.hydraulic-cylinders.net\/fr\/produit\/bucket-cylinder-for-jcm-small-excavator-908c\/","title":{"rendered":"V\u00e9rin de godet pour mini-pelle JCM 908C"},"content":{"rendered":"<p><!DOCTYPE html><br \/>\n<html><br \/>\n<head><br \/>\n<title>V\u00e9rin de godet pour mini-pelle JCM 908C<\/title><br \/>\n<\/head><br \/>\n<body><\/p>\n<h1>V\u00e9rin de godet pour mini-pelle JCM 908C<\/h1>\n<h2>Introduction<\/h2>\n<p>Le v\u00e9rin de godet pour mini-pelle JCM 908C est un v\u00e9rin hydraulique sp\u00e9cialement con\u00e7u pour contr\u00f4ler les mouvements du godet sur les engins de chantier tels que les pelles hydrauliques, les pelles r\u00e9tro et les chargeuses frontales. Sa fonction principale est de permettre la lev\u00e9e, l'abaissement et l'inclinaison du godet, facilitant ainsi diverses op\u00e9rations de manutention. Au sein du syst\u00e8me hydraulique, le v\u00e9rin de godet assure un contr\u00f4le pr\u00e9cis du godet gr\u00e2ce aux variations de pression de l'huile hydraulique, permettant aux op\u00e9rateurs de manipuler efficacement des charges lourdes et de s'adapter \u00e0 des environnements de travail complexes et \u00e0 des besoins op\u00e9rationnels vari\u00e9s.<\/p>\n<p><img decoding=\"async\" src=\"https:\/\/www.hydraulic-cylinders.net\/wp-content\/uploads\/2025\/01\/songte-company-2.webp\" alt=\"V\u00e9rin de godet\" \/><\/p>\n<h2>Caract\u00e9ristiques<\/h2>\n<ul>\n<li>Haute r\u00e9sistance et durabilit\u00e9 : g\u00e9n\u00e9ralement fabriqu\u00e9 en acier ou en aluminium \u00e0 haute r\u00e9sistance, capable de r\u00e9sister \u00e0 une pression \u00e9lev\u00e9e et \u00e0 des charges importantes, s'adaptant aux environnements de travail difficiles, con\u00e7u en tenant compte de la r\u00e9sistance \u00e0 l'usure et \u00e0 la corrosion, prolongeant ainsi sa dur\u00e9e de vie.<\/li>\n<li>Fonctionnement hydraulique efficace : Utilisant la pression de l'huile hydraulique pour obtenir des mouvements d'extension et de r\u00e9traction fluides, capable de r\u00e9pondre rapidement aux commandes, fournissant des forces de pouss\u00e9e et de traction puissantes, adapt\u00e9 \u00e0 la manutention de charges lourdes et \u00e0 des t\u00e2ches op\u00e9rationnelles complexes.<\/li>\n<li>Plusieurs types disponibles\u00a0: Ces v\u00e9rins sont propos\u00e9s en version simple effet (fonctionnement hydraulique dans un seul sens) ou double effet (fonctionnement hydraulique dans les deux sens), r\u00e9pondant ainsi \u00e0 diff\u00e9rents besoins op\u00e9rationnels. Certains mod\u00e8les sont t\u00e9lescopiques, permettant une plus grande extension sans augmentation des dimensions ext\u00e9rieures, ce qui les rend particuli\u00e8rement adapt\u00e9s aux applications o\u00f9 l\u2019espace est limit\u00e9.<\/li>\n<li>Remplacement id\u00e9al\u00a0: Notre produit remplace parfaitement les v\u00e9rins hydrauliques existants. Nous le fabriquons avec pr\u00e9cision et fiabilit\u00e9.<\/li>\n<\/ul>\n<p><img decoding=\"async\" src=\"https:\/\/www.hydraulic-cylinders.net\/wp-content\/uploads\/2025\/01\/songte-cylinder-head-with-all-kinds-excavator-models.webp\" alt=\"Remplacement du v\u00e9rin de godet\" \/><\/p>\n<h2>Applications<\/h2>\n<ul>\n<li>Mat\u00e9riel de construction\u00a0: Pr\u00e9sents dans les excavatrices, ils sont essentiels pour creuser, charger et d\u00e9placer la terre ou les d\u00e9bris. Dans les pelles r\u00e9trocaveuses, le v\u00e9rin du godet contribue \u00e0 la fois au creusement et au levage.<\/li>\n<li>Machines agricoles : Utilis\u00e9es dans les chargeuses frontales pour ramasser, soulever et transporter la terre, le foin et autres mat\u00e9riaux.<\/li>\n<li>Excavateurs : Le v\u00e9rin de godet permet les actions de creusement en permettant au godet de p\u00e9n\u00e9trer le sol.<\/li>\n<li>Chargeuses : Sur les chargeuses frontales, elles permettent de lever et de d\u00e9charger efficacement les marchandises.<\/li>\n<\/ul>\n<h2>Consid\u00e9rations de conception et crit\u00e8res de s\u00e9lection<\/h2>\n<ul>\n<li>Capacit\u00e9 de charge : Discutez de la capacit\u00e9 du cylindre \u00e0 supporter diff\u00e9rentes charges.<\/li>\n<li>\u00c9tanch\u00e9it\u00e9\u00a0: Expliquez l\u2019importance de l\u2019utilisation de diff\u00e9rents types de joints, tels que les joints de piston et les joints de tige, fabriqu\u00e9s dans des mat\u00e9riaux r\u00e9sistants \u00e0 l\u2019usure comme le polyur\u00e9thane et le caoutchouc nitrile. Soulignez le traitement de surface pr\u00e9cis du corps du cylindre et de l\u2019extr\u00e9mit\u00e9 filet\u00e9e afin d\u2019am\u00e9liorer la r\u00e9sistance \u00e0 l\u2019usure.<\/li>\n<li>Durabilit\u00e9 : D\u00e9crivez les mesures prises pour assurer la long\u00e9vit\u00e9 du cylindre.<\/li>\n<li>S\u00e9curit\u00e9 : Discuter des consid\u00e9rations de s\u00e9curit\u00e9 prises en compte lors du processus de conception.<\/li>\n<li>Maintenance : Expliquez comment le cylindre peut \u00eatre facilement entretenu et r\u00e9par\u00e9.<\/li>\n<\/ul>\n<p><img decoding=\"async\" src=\"https:\/\/www.hydraulic-cylinders.net\/wp-content\/uploads\/2025\/01\/songte-oil-pipes-and-spare-parts.webp\" alt=\"Composants du cylindre\" \/><\/p>\n<h2>\u00c9tanch\u00e9it\u00e9 et lubrification<\/h2>\n<p>Le v\u00e9rin du godet utilise divers composants d'\u00e9tanch\u00e9it\u00e9, tels que des joints de piston et des joints de tige. Ces joints sont fabriqu\u00e9s dans des mat\u00e9riaux r\u00e9sistants \u00e0 l'usure comme le polyur\u00e9thane et le caoutchouc nitrile. Le corps du v\u00e9rin et les surfaces d'extr\u00e9mit\u00e9 filet\u00e9es b\u00e9n\u00e9ficient d'un traitement de surface pr\u00e9cis pour une meilleure r\u00e9sistance \u00e0 l'usure. Une lubrification r\u00e9guli\u00e8re avec la quantit\u00e9 appropri\u00e9e d'huile hydraulique est indispensable au bon fonctionnement du v\u00e9rin.<\/p>\n<h2>Mesures d'inspection r\u00e9guli\u00e8re et de maintenance pr\u00e9ventive<\/h2>\n<ul>\n<li>Inspectez r\u00e9guli\u00e8rement le cylindre pour d\u00e9tecter tout signe d'usure ou de dommage.<\/li>\n<li>Assurer une lubrification ad\u00e9quate de toutes les pi\u00e8ces mobiles.<\/li>\n<li>Remplacez p\u00e9riodiquement les joints us\u00e9s pour maintenir des performances optimales.<\/li>\n<li>Effectuez des contr\u00f4les d\u2019\u00e9talonnage pour garantir un fonctionnement pr\u00e9cis.<\/li>\n<\/ul>\n<h2>Guide d'installation correcte du produit<\/h2>\n<p>Une installation correcte est essentielle au bon fonctionnement du v\u00e9rin de godet. Un alignement pr\u00e9cis du v\u00e9rin lors de l'installation est primordial. Il est recommand\u00e9 d'utiliser des supports de fixation adapt\u00e9s pour maintenir le v\u00e9rin en place. Fournissez des instructions d'installation d\u00e9taill\u00e9es, \u00e9tape par \u00e9tape, incluant les techniques d'alignement et de fixation. Il est \u00e9galement conseill\u00e9 d'utiliser les outils appropri\u00e9s pour garantir un ajustement et un alignement corrects.<\/p>\n<p><img decoding=\"async\" src=\"https:\/\/www.hydraulic-cylinders.net\/wp-content\/uploads\/2025\/01\/songte-chushion-collar.webp\" alt=\"Guide d&#039;installation\" \/><\/p>\n<h2>T\u00e2ches de maintenance<\/h2>\n<ul>\n<li>Inspections r\u00e9guli\u00e8res\u00a0: Soulignez l\u2019importance des inspections r\u00e9guli\u00e8res pour identifier tout probl\u00e8me potentiel.<\/li>\n<li>Lubrification ad\u00e9quate\u00a0: Expliquez l\u2019importance d\u2019une lubrification ad\u00e9quate pour maintenir les performances et la long\u00e9vit\u00e9 du cylindre.<\/li>\n<li>Remplacement des joints : Expliquez la n\u00e9cessit\u00e9 de remplacer les joints en temps opportun afin de pr\u00e9venir les fuites et d'assurer un fonctionnement optimal.<\/li>\n<\/ul>\n<h2>Consid\u00e9rations de s\u00e9curit\u00e9 et facteurs environnementaux<\/h2>\n<p>Soulignez l'importance du respect des consignes de s\u00e9curit\u00e9 lors de l'utilisation d'\u00e9quipements \u00e0 v\u00e9rins hydrauliques. Abordez l'impact de l'utilisation de fluides hydrauliques respectueux de l'environnement et les avantages li\u00e9s \u00e0 la r\u00e9duction des risques environnementaux potentiels.<\/p>\n<h2>D\u00e9pannage et probl\u00e8mes courants<\/h2>\n<p>Discuter des probl\u00e8mes courants pouvant survenir avec le v\u00e9rin du godet et fournir des conseils et des solutions de d\u00e9pannage. Proposer des mesures pr\u00e9ventives pour minimiser les probl\u00e8mes potentiels et assurer le bon fonctionnement du v\u00e9rin.<\/p>\n<p><img decoding=\"async\" src=\"https:\/\/www.hydraulic-cylinders.net\/wp-content\/uploads\/2025\/01\/songte-bushings-with-all-kinds-of-excavator-models.webp\" alt=\"Probl\u00e8mes courants\" \/><\/p>\n<h2>\u00c0 propos de notre entreprise<\/h2>\n<p>Nous sommes un fabricant et distributeur de premier plan de v\u00e9rins hydrauliques, offrant une vaste gamme de produits pour les march\u00e9s nationaux et internationaux. Notre entreprise applique une strat\u00e9gie de gestion de la production industrialis\u00e9e, s'appuyant sur un atelier de fabrication sophistiqu\u00e9, des techniciens qualifi\u00e9s, des \u00e9quipements de production num\u00e9riques de pointe et des syst\u00e8mes de contr\u00f4le professionnels. Nous am\u00e9liorons constamment notre plateforme de production et notre processus de fabrication afin de garantir des produits performants, pr\u00e9cis et de haute qualit\u00e9, r\u00e9pondant aux divers besoins de nos clients.<\/p>\n<p><img decoding=\"async\" src=\"https:\/\/www.hydraulic-cylinders.net\/wp-content\/uploads\/2025\/01\/songte-company-3.webp\" alt=\"Pr\u00e9sentation de l&#039;entreprise\" \/><\/p>\n<p>Notre entreprise est reconnue pour son professionnalisme, ses certifications internationales, ses services personnalis\u00e9s, ses \u00e9quipements de production de pointe et son excellent service apr\u00e8s-vente.<\/p>\n<p>Auteur : lyl<\/p>\n<p><\/body><br \/>\n<\/html><\/p>","protected":false},"excerpt":{"rendered":"<p>Bucket Cylinder For JCM Small Excavator 908C Bucket Cylinder For JCM Small Excavator 908C Introduction The Bucket Cylinder for JCM Small Excavator 908C is a specially designed hydraulic cylinder used to control the movement of the bucket in heavy machinery such as excavators, backhoe excavators, and front loaders. Its main function is to enable the [&hellip;]<\/p>","protected":false},"featured_media":14773,"comment_status":"open","ping_status":"closed","template":"","meta":{"_et_pb_use_builder":"","_et_pb_old_content":"","_et_gb_content_width":""},"product_brand":[],"product_cat":[1494],"product_tag":[1495,1496],"class_list":{"0":"post-15666","1":"product","2":"type-product","3":"status-publish","4":"has-post-thumbnail","6":"product_cat-bucket-cylinders","7":"product_tag-bucket-cylinders","8":"product_tag-hydraulic-cylinders","10":"first","11":"instock","12":"shipping-taxable","13":"product-type-simple"},"amp_enabled":true,"_links":{"self":[{"href":"https:\/\/www.hydraulic-cylinders.net\/fr\/wp-json\/wp\/v2\/product\/15666","targetHints":{"allow":["GET"]}}],"collection":[{"href":"https:\/\/www.hydraulic-cylinders.net\/fr\/wp-json\/wp\/v2\/product"}],"about":[{"href":"https:\/\/www.hydraulic-cylinders.net\/fr\/wp-json\/wp\/v2\/types\/product"}],"replies":[{"embeddable":true,"href":"https:\/\/www.hydraulic-cylinders.net\/fr\/wp-json\/wp\/v2\/comments?post=15666"}],"wp:featuredmedia":[{"embeddable":true,"href":"https:\/\/www.hydraulic-cylinders.net\/fr\/wp-json\/wp\/v2\/media\/14773"}],"wp:attachment":[{"href":"https:\/\/www.hydraulic-cylinders.net\/fr\/wp-json\/wp\/v2\/media?parent=15666"}],"wp:term":[{"taxonomy":"product_brand","embeddable":true,"href":"https:\/\/www.hydraulic-cylinders.net\/fr\/wp-json\/wp\/v2\/product_brand?post=15666"},{"taxonomy":"product_cat","embeddable":true,"href":"https:\/\/www.hydraulic-cylinders.net\/fr\/wp-json\/wp\/v2\/product_cat?post=15666"},{"taxonomy":"product_tag","embeddable":true,"href":"https:\/\/www.hydraulic-cylinders.net\/fr\/wp-json\/wp\/v2\/product_tag?post=15666"}],"curies":[{"name":"wp","href":"https:\/\/api.w.org\/{rel}","templated":true}]}}