{"id":15668,"date":"2025-01-19T14:49:11","date_gmt":"2025-01-19T14:49:11","guid":{"rendered":"https:\/\/www.hydraulic-cylinders.net\/product\/bucket-cylinder-for-jcm-small-excavator-907d\/"},"modified":"2025-01-19T14:49:13","modified_gmt":"2025-01-19T14:49:13","slug":"bucket-cylinder-for-jcm-small-excavator-907d","status":"publish","type":"product","link":"https:\/\/www.hydraulic-cylinders.net\/fr\/produit\/bucket-cylinder-for-jcm-small-excavator-907d\/","title":{"rendered":"V\u00e9rin de godet pour mini-pelle JCM 907D"},"content":{"rendered":"<h1>V\u00e9rin de godet pour mini-pelle JCM 907D<\/h1>\n<h2>Introduction<\/h2>\n<p>Le v\u00e9rin de godet est un type de v\u00e9rin hydraulique con\u00e7u sp\u00e9cifiquement pour contr\u00f4ler les mouvements du godet sur les engins de chantier tels que les pelles hydrauliques, les chargeuses-pelleteuses et les chargeuses frontales. Sa fonction principale est de permettre la lev\u00e9e, l'abaissement et l'inclinaison du godet, le rendant ainsi adapt\u00e9 \u00e0 diverses op\u00e9rations de manutention. Dans le syst\u00e8me hydraulique, le v\u00e9rin de godet utilise les variations de pression d'huile hydraulique pour un contr\u00f4le pr\u00e9cis du godet, permettant \u00e0 l'op\u00e9rateur de manipuler efficacement des charges lourdes et de s'adapter \u00e0 des environnements de travail complexes et \u00e0 des besoins op\u00e9rationnels vari\u00e9s.<\/p>\n<p><img decoding=\"async\" src=\"https:\/\/www.hydraulic-cylinders.net\/wp-content\/uploads\/2025\/01\/songte-company-2.webp\"><\/p>\n<h2>Caract\u00e9ristiques<\/h2>\n<ul>\n<li>Haute r\u00e9sistance et durabilit\u00e9 : G\u00e9n\u00e9ralement fabriqu\u00e9 en acier ou en aluminium \u00e0 haute r\u00e9sistance, le v\u00e9rin du godet peut supporter une pression \u00e9lev\u00e9e et des charges importantes, s'adapter aux environnements de travail difficiles et est con\u00e7u pour prendre en compte la r\u00e9sistance \u00e0 l'usure et \u00e0 la corrosion afin de prolonger sa dur\u00e9e de vie.<\/li>\n<li>Fonctionnement hydraulique efficace : gr\u00e2ce \u00e0 la pression de l'huile hydraulique permettant une extension et une contraction fluides, le v\u00e9rin du godet peut r\u00e9pondre rapidement aux commandes, fournir des forces de pouss\u00e9e et de traction puissantes et convient \u00e0 la manutention de charges lourdes et aux op\u00e9rations complexes.<\/li>\n<li>Diff\u00e9rents types\u00a0: Le v\u00e9rin du godet peut \u00eatre choisi en version simple effet (action hydraulique dans un seul sens) ou double effet (action hydraulique dans les deux sens), selon les besoins et les exigences op\u00e9rationnelles. Certains mod\u00e8les sont t\u00e9lescopiques, ce qui permet une plus grande extension sans augmenter les dimensions ext\u00e9rieures et les rend adapt\u00e9s aux applications dans des espaces restreints.<\/li>\n<\/ul>\n<p>Nous pouvons fabriquer ce produit, et nos produits peuvent parfaitement remplacer ces v\u00e9rins hydrauliques.<\/p>\n<p><img decoding=\"async\" src=\"https:\/\/www.hydraulic-cylinders.net\/wp-content\/uploads\/2025\/01\/songte-cylinder-head-with-all-kinds-excavator-models.webp\"><\/p>\n<h2>Applications<\/h2>\n<p>Le v\u00e9rin \u00e0 godet est largement utilis\u00e9 dans divers domaines tels que\u00a0:<\/p>\n<ul>\n<li>Mat\u00e9riel de construction\u00a0: Sur les excavatrices, les v\u00e9rins sont indispensables pour creuser, charger et d\u00e9placer la terre ou les d\u00e9bris. Sur les chargeuses-pelleteuses, le v\u00e9rin du godet contribue \u00e0 la fois au creusement et au levage. <\/li>\n<li>Machines agricoles : Utilis\u00e9es dans les chargeuses frontales, elles servent \u00e0 ramasser, soulever et transporter la terre, le foin et d'autres mat\u00e9riaux. <\/li>\n<li>Excavatrices : Le v\u00e9rin du godet assure l'excavation en permettant au godet de p\u00e9n\u00e9trer dans le sol. <\/li>\n<li>Chargeuses : Sur les chargeuses frontales, elles permettent de lever et de d\u00e9charger efficacement la cargaison. <\/li>\n<\/ul>\n<h2>Consid\u00e9rations de conception et crit\u00e8res de s\u00e9lection<\/h2>\n<p>Les consid\u00e9rations de conception du v\u00e9rin de godet comprennent\u00a0:<\/p>\n<ul>\n<li>Capacit\u00e9 de charge<\/li>\n<li>Scellage<\/li>\n<li>Durabilit\u00e9<\/li>\n<li>S\u00e9curit\u00e9<\/li>\n<li>Maintenabilit\u00e9<\/li>\n<\/ul>\n<p><img decoding=\"async\" src=\"https:\/\/www.hydraulic-cylinders.net\/wp-content\/uploads\/2025\/01\/songte-oil-pipes-and-spare-parts.webp\"><\/p>\n<p>L'\u00e9tanch\u00e9it\u00e9 et la lubrification du v\u00e9rin de godet n\u00e9cessitent l'utilisation de divers composants, tels que des joints de piston et de tige. Ces composants sont fabriqu\u00e9s dans des mat\u00e9riaux r\u00e9sistants \u00e0 l'usure, comme le polyur\u00e9thane et le caoutchouc nitrile. Le corps du v\u00e9rin et la surface d'extr\u00e9mit\u00e9 du filetage font l'objet d'un usinage de pr\u00e9cision afin d'am\u00e9liorer sa r\u00e9sistance \u00e0 l'usure. Un apport r\u00e9gulier d'huile hydraulique, en quantit\u00e9 appropri\u00e9e, est \u00e9galement indispensable.<\/p>\n<p>Pour assurer une longue dur\u00e9e de vie, des inspections r\u00e9guli\u00e8res et des mesures de maintenance pr\u00e9ventive sont n\u00e9cessaires. Ces mesures comprennent\u00a0:<\/p>\n<ul>\n<li>V\u00e9rifier r\u00e9guli\u00e8rement le cylindre<\/li>\n<li>Appliquer une lubrification appropri\u00e9e<\/li>\n<li>Remplacer les joints lorsque cela est n\u00e9cessaire<\/li>\n<li>Contr\u00f4les d'\u00e9talonnage<\/li>\n<\/ul>\n<p><img decoding=\"async\" src=\"https:\/\/www.hydraulic-cylinders.net\/wp-content\/uploads\/2025\/01\/songte-chushion-collar.webp\"><\/p>\n<h2>Consid\u00e9rations de s\u00e9curit\u00e9 et facteurs environnementaux<\/h2>\n<p>Lors de l'utilisation du v\u00e9rin hydraulique, il est essentiel de respecter les consignes de s\u00e9curit\u00e9. Suivez toujours les consignes de s\u00e9curit\u00e9 en vigueur, notamment le port des \u00e9quipements de protection individuelle appropri\u00e9s. Les facteurs environnementaux tels que la temp\u00e9rature et l'humidit\u00e9 peuvent affecter les performances du v\u00e9rin.<\/p>\n<h2>D\u00e9pannage et probl\u00e8mes courants<\/h2>\n<p>Le v\u00e9rin du godet peut pr\u00e9senter certains probl\u00e8mes, tels que des fuites d'huile et des bruits anormaux, en raison d'une installation, d'une utilisation ou d'un entretien incorrects. Pour diagnostiquer et r\u00e9soudre efficacement ces probl\u00e8mes, il convient de suivre les proc\u00e9dures de d\u00e9pannage appropri\u00e9es.<\/p>\n<p><img decoding=\"async\" src=\"https:\/\/www.hydraulic-cylinders.net\/wp-content\/uploads\/2025\/01\/songte-bushings-with-all-kinds-of-excavator-models.webp\"><\/p>\n<h2>\u00c0 propos de notre entreprise<\/h2>\n<p>Nous sommes un fabricant de v\u00e9rins hydrauliques de remplacement offrant une gamme compl\u00e8te de produits et figurant parmi les principaux fabricants et distributeurs de v\u00e9rins hydrauliques sur les march\u00e9s nationaux et internationaux. Notre priorit\u00e9 est l'excellence, et nous nous appuyons sur une strat\u00e9gie de gestion de la production au sein d'ateliers industrialis\u00e9s. Nous am\u00e9liorons constamment nos installations, optimisons nos processus de fabrication et cultivons une grande cr\u00e9ativit\u00e9. Nous r\u00e9pondons aux besoins vari\u00e9s de nos clients avec efficacit\u00e9, pr\u00e9cision et un souci constant de la qualit\u00e9.<\/p>\n<p><img decoding=\"async\" src=\"https:\/\/hzpt.com\/wp-content\/uploads\/2024\/11\/songte-company-1.webp\"><\/p>\n<p>Nous proposons des services professionnels, certifi\u00e9s \u00e0 l'international et personnalis\u00e9s, des \u00e9quipements de production de pointe et un excellent service apr\u00e8s-vente. Nous assurons \u00e9galement le remplacement de pi\u00e8ces et la remise \u00e0 neuf de vos produits afin d'en prolonger la dur\u00e9e de vie.<\/p>\n<h4>Auteur : lyl<\/h4>","protected":false},"excerpt":{"rendered":"<p>Bucket Cylinder For JCM Small Excavator 907D Introduction The bucket cylinder is a type of hydraulic cylinder specially designed to control the movement of the bucket in heavy machinery such as excavators, backhoe loaders, and front loaders. Its primary function is to enable the bucket to lift, lower, and tilt, making it suitable for various [&hellip;]<\/p>","protected":false},"featured_media":14769,"comment_status":"open","ping_status":"closed","template":"","meta":{"_et_pb_use_builder":"","_et_pb_old_content":"","_et_gb_content_width":""},"product_brand":[],"product_cat":[1494],"product_tag":[1495,1496],"class_list":{"0":"post-15668","1":"product","2":"type-product","3":"status-publish","4":"has-post-thumbnail","6":"product_cat-bucket-cylinders","7":"product_tag-bucket-cylinders","8":"product_tag-hydraulic-cylinders","10":"first","11":"instock","12":"shipping-taxable","13":"product-type-simple"},"amp_enabled":true,"_links":{"self":[{"href":"https:\/\/www.hydraulic-cylinders.net\/fr\/wp-json\/wp\/v2\/product\/15668","targetHints":{"allow":["GET"]}}],"collection":[{"href":"https:\/\/www.hydraulic-cylinders.net\/fr\/wp-json\/wp\/v2\/product"}],"about":[{"href":"https:\/\/www.hydraulic-cylinders.net\/fr\/wp-json\/wp\/v2\/types\/product"}],"replies":[{"embeddable":true,"href":"https:\/\/www.hydraulic-cylinders.net\/fr\/wp-json\/wp\/v2\/comments?post=15668"}],"wp:featuredmedia":[{"embeddable":true,"href":"https:\/\/www.hydraulic-cylinders.net\/fr\/wp-json\/wp\/v2\/media\/14769"}],"wp:attachment":[{"href":"https:\/\/www.hydraulic-cylinders.net\/fr\/wp-json\/wp\/v2\/media?parent=15668"}],"wp:term":[{"taxonomy":"product_brand","embeddable":true,"href":"https:\/\/www.hydraulic-cylinders.net\/fr\/wp-json\/wp\/v2\/product_brand?post=15668"},{"taxonomy":"product_cat","embeddable":true,"href":"https:\/\/www.hydraulic-cylinders.net\/fr\/wp-json\/wp\/v2\/product_cat?post=15668"},{"taxonomy":"product_tag","embeddable":true,"href":"https:\/\/www.hydraulic-cylinders.net\/fr\/wp-json\/wp\/v2\/product_tag?post=15668"}],"curies":[{"name":"wp","href":"https:\/\/api.w.org\/{rel}","templated":true}]}}