{"id":15670,"date":"2025-01-19T14:49:19","date_gmt":"2025-01-19T14:49:19","guid":{"rendered":"https:\/\/www.hydraulic-cylinders.net\/product\/bucket-cylinder-for-jcm-small-excavator-916d\/"},"modified":"2025-01-19T14:49:21","modified_gmt":"2025-01-19T14:49:21","slug":"bucket-cylinder-for-jcm-small-excavator-916d","status":"publish","type":"product","link":"https:\/\/www.hydraulic-cylinders.net\/fr\/produit\/bucket-cylinder-for-jcm-small-excavator-916d\/","title":{"rendered":"V\u00e9rin de godet pour mini-pelle JCM 916D"},"content":{"rendered":"<h1>V\u00e9rin de godet pour mini-pelle JCM 916D<\/h1>\n<h2>Introduction<\/h2>\n<p>Le v\u00e9rin de godet de la mini-pelle JCM 916D est un v\u00e9rin hydraulique sp\u00e9cialis\u00e9 servant principalement \u00e0 commander les mouvements du godet sur les engins de chantier tels que les pelles hydrauliques, les chargeuses-pelleteuses et les chargeuses frontales. Sa fonction principale est de permettre la lev\u00e9e, l'abaissement et l'inclinaison du godet, facilitant ainsi la manutention de divers mat\u00e9riaux. Au sein du syst\u00e8me hydraulique, le v\u00e9rin de godet contr\u00f4le avec pr\u00e9cision les mouvements du godet gr\u00e2ce aux variations de pression d'huile hydraulique, permettant aux op\u00e9rateurs de manipuler efficacement des charges lourdes et de s'adapter \u00e0 des environnements de travail complexes et \u00e0 des exigences vari\u00e9es.<\/p>\n<p><img decoding=\"async\" src=\"https:\/\/www.hydraulic-cylinders.net\/wp-content\/uploads\/2025\/01\/songte-company-2.webp\" alt=\"Image du cylindre du godet\"><\/p>\n<h2>Caract\u00e9ristiques<\/h2>\n<ul>\n<li>Haute r\u00e9sistance et durabilit\u00e9\u00a0: g\u00e9n\u00e9ralement fabriqu\u00e9 en acier ou en aluminium haute r\u00e9sistance, le cylindre supporte les hautes pressions et les charges importantes, s\u2019adaptant ainsi aux environnements de travail difficiles. Sa conception robuste le rend r\u00e9sistant \u00e0 l\u2019usure et \u00e0 la corrosion, prolongeant ainsi sa dur\u00e9e de vie.<\/li>\n<li>Fonctionnement hydraulique efficace : Extension et r\u00e9traction fluides gr\u00e2ce \u00e0 la pression de l'huile hydraulique, permettant une r\u00e9ponse rapide aux commandes et une force de pouss\u00e9e et de traction puissante, adapt\u00e9e \u00e0 la manutention de charges lourdes et aux t\u00e2ches complexes.<\/li>\n<li>Divers types de v\u00e9rins sont disponibles\u00a0: \u00e0 simple effet (actionnement hydraulique dans un seul sens) ou \u00e0 double effet (actionnement hydraulique dans les deux sens), ils peuvent \u00eatre s\u00e9lectionn\u00e9s en fonction des besoins pour r\u00e9pondre \u00e0 diff\u00e9rentes applications. Certains mod\u00e8les sont t\u00e9lescopiques, ce qui permet une plus grande extension sans augmenter l\u2019encombrement ext\u00e9rieur et convient aux applications o\u00f9 l\u2019espace est limit\u00e9.<\/li>\n<li>Compatible avec une large gamme de machines et d'\u00e9quipements\u00a0: notre v\u00e9rin peut parfaitement remplacer ces v\u00e9rins hydrauliques dans diff\u00e9rents types de machines et d'\u00e9quipements.<\/li>\n<li>Personnalisable : Nous proposons des produits personnalis\u00e9s en fonction des exigences du client, notamment en termes de taille, de forme et de sp\u00e9cifications techniques.<\/li>\n<\/ul>\n<p><img decoding=\"async\" src=\"https:\/\/www.hydraulic-cylinders.net\/wp-content\/uploads\/2025\/01\/songte-cylinder-head-with-all-kinds-excavator-models.webp\" alt=\"Image cylindrique\"><\/p>\n<h2>Applications<\/h2>\n<p>Le v\u00e9rin \u00e0 godet est largement utilis\u00e9 dans diverses machines et \u00e9quipements lourds, notamment\u00a0:<\/p>\n<ul>\n<li>Mat\u00e9riel de construction\u00a0: Sur les excavatrices, le v\u00e9rin est essentiel pour creuser, charger et d\u00e9placer la terre ou les d\u00e9bris. Sur les chargeuses-pelleteuses, le v\u00e9rin du godet sert \u00e0 la fois au creusement et au levage. <\/li>\n<li>Machines agricoles : Utilis\u00e9es dans les chargeuses frontales, pour ramasser, soulever et transporter la terre, le foin et autres mat\u00e9riaux. <\/li>\n<li>Excavatrices : Le v\u00e9rin du godet permet l'excavation en permettant au godet de p\u00e9n\u00e9trer dans le sol.<\/li>\n<li>Chargeuses frontales : Sur les chargeuses frontales, elles permettent de soulever et d'incliner efficacement la charge. <\/li>\n<\/ul>\n<h2>Consid\u00e9rations de conception et crit\u00e8res de s\u00e9lection<\/h2>\n<p>Lors de la conception du v\u00e9rin du godet, les principaux \u00e9l\u00e9ments \u00e0 prendre en compte sont les suivants\u00a0:<\/p>\n<ul>\n<li>Capacit\u00e9 de charge : Le cylindre doit pouvoir r\u00e9sister \u00e0 une pression \u00e9lev\u00e9e et \u00e0 des charges importantes.<\/li>\n<li>\u00c9tanch\u00e9it\u00e9 : Divers composants d'\u00e9tanch\u00e9it\u00e9, tels que des joints de piston et des joints de tige fabriqu\u00e9s \u00e0 partir de mat\u00e9riaux r\u00e9sistants \u00e0 l'usure comme le polyur\u00e9thane et le caoutchouc nitrile, sont utilis\u00e9s pour garantir performance et durabilit\u00e9.<\/li>\n<li>Durabilit\u00e9 : Le cylindre est con\u00e7u pour r\u00e9sister \u00e0 l'usure et \u00e0 la corrosion, ce qui prolonge sa dur\u00e9e de vie.<\/li>\n<li>Safety: The cylinder&#8217;s design must prioritize the safety of operators and workers, preventing failures or accidents.<\/li>\n<li>Maintenance : Le cylindre doit \u00eatre con\u00e7u pour faciliter la maintenance et la r\u00e9paration, minimisant ainsi les temps d'arr\u00eat et les co\u00fbts.<\/li>\n<\/ul>\n<p><img decoding=\"async\" src=\"https:\/\/www.hydraulic-cylinders.net\/wp-content\/uploads\/2025\/01\/songte-oil-pipes-and-spare-parts.webp\" alt=\"Image des pi\u00e8ces du cylindre\"><\/p>\n<h2>\u00c9tanch\u00e9it\u00e9 et lubrification<\/h2>\n<p>Le v\u00e9rin du godet utilise divers joints d'\u00e9tanch\u00e9it\u00e9, tels que des joints de piston et des joints de tige, fabriqu\u00e9s \u00e0 partir de mat\u00e9riaux r\u00e9sistants \u00e0 l'usure comme le polyur\u00e9thane et le caoutchouc nitrile, afin de garantir performance et durabilit\u00e9. Le corps du v\u00e9rin et ses extr\u00e9mit\u00e9s filet\u00e9es sont usin\u00e9s avec pr\u00e9cision pour une meilleure r\u00e9sistance \u00e0 l'usure. Un appoint r\u00e9gulier d'huile hydraulique est n\u00e9cessaire pour assurer la lubrification du v\u00e9rin.<\/p>\n<h2>Maintenance et mesures pr\u00e9ventives<\/h2>\n<p>Regular inspection and preventive maintenance are critical to ensure the cylinder&#8217;s longevity and reliability. The following are common maintenance tasks:<\/p>\n<ul>\n<li>Inspection r\u00e9guli\u00e8re\u00a0: inspectez r\u00e9guli\u00e8rement le cylindre pour d\u00e9tecter tout dommage, fuite ou autre signe d\u2019usure.<\/li>\n<li>Lubrification : Appliquer les lubrifiants n\u00e9cessaires pour assurer un bon fonctionnement.<\/li>\n<li>Remplacement des joints : Remplacez les joints us\u00e9s pour \u00e9viter les fuites d'huile et garantir des performances optimales.<\/li>\n<li>Calibration check: Check the cylinder&#8217;s calibration to ensure proper performance and safe operation.<\/li>\n<\/ul>\n<h2>Consid\u00e9rations relatives \u00e0 la s\u00e9curit\u00e9 et \u00e0 l'environnement<\/h2>\n<p>Lors de l'utilisation du v\u00e9rin hydraulique, il est essentiel de privil\u00e9gier les mesures de s\u00e9curit\u00e9 afin de pr\u00e9venir les accidents et les blessures. Le port d'\u00e9quipements de protection individuelle adapt\u00e9s, tels que des gants et des lunettes de protection, est obligatoire lors de la manipulation du v\u00e9rin. Il est \u00e9galement primordial de suivre scrupuleusement toutes les consignes et proc\u00e9dures de s\u00e9curit\u00e9 fournies par le fabricant pour une utilisation en toute s\u00e9curit\u00e9.<\/p>\n<h2>D\u00e9pannage et probl\u00e8mes courants<\/h2>\n<p>Les probl\u00e8mes courants pouvant survenir avec les v\u00e9rins de godet incluent les fuites, les dommages aux joints et les probl\u00e8mes de calibrage. Voici quelques conseils pour vous aider \u00e0 diagnostiquer et \u00e0 r\u00e9soudre ces probl\u00e8mes\u00a0:<\/p>\n<ul>\n<li>Fuites : inspectez le cylindre pour d\u00e9tecter tout dommage ou usure, remplacez les joints us\u00e9s et faites l'appoint d'huile hydraulique si n\u00e9cessaire.<\/li>\n<li>Seal damage: Inspect the cylinder&#8217;s seals, replace worn-out seals, and ensure proper lubrication.<\/li>\n<li>Calibration issues: Check the cylinder&#8217;s calibration, and make necessary adjustments or repairs.<\/li>\n<\/ul>\n<p><img decoding=\"async\" src=\"https:\/\/www.hydraulic-cylinders.net\/wp-content\/uploads\/2025\/01\/songte-bushings-with-all-kinds-of-excavator-models.webp\" alt=\"Image des bagues\"><\/p>\n<h2>\u00c0 propos de nous<\/h2>\n<p>Nous sommes un fabricant et grossiste de premier plan de v\u00e9rins hydrauliques sur les march\u00e9s nationaux et internationaux. Nous proposons une gamme compl\u00e8te de produits et nous sp\u00e9cialisons dans la fourniture de solutions de haute qualit\u00e9 r\u00e9pondant aux besoins de nos clients. Notre principe d'excellence repose sur une strat\u00e9gie de gestion de la production optimis\u00e9e, s'appuyant sur des ateliers de fabrication performants, des \u00e9quipes techniques qualifi\u00e9es, des \u00e9quipements de production num\u00e9riques de pointe et des syst\u00e8mes de contr\u00f4le qualit\u00e9 professionnels. Cette strat\u00e9gie nous permet d'am\u00e9liorer en permanence nos plateformes de production et nos lignes de fabrication.<\/p>\n<h3>Notre expertise :<\/h3>\n<ul>\n<li>Certifications internationales\u00a0: Nos produits r\u00e9pondent aux normes de certification internationales, telles que ISO9001, SGS et CE, garantissant ainsi leur qualit\u00e9 et leur fiabilit\u00e9.<\/li>\n<li>Services de personnalisation\u00a0: Nous proposons des solutions sur mesure \u00e0 nos clients en fonction de leurs exigences sp\u00e9cifiques, notamment en mati\u00e8re de dimensions, de forme et de sp\u00e9cifications techniques.<\/li>\n<li>\u00c9quipements de production : Nous utilisons des \u00e9quipements et des technologies de pointe pour garantir des produits de haute qualit\u00e9 et une production efficace.<\/li>\n<li>Service apr\u00e8s-vente : Nous offrons un service apr\u00e8s-vente professionnel et efficace afin de garantir la satisfaction du client et la performance du produit.<\/li>\n<\/ul>\n<p><img decoding=\"async\" src=\"https:\/\/hzpt.com\/wp-content\/uploads\/2024\/11\/songte-company-1.webp\" alt=\"Image de l&#039;entreprise\"><\/p>\n<p>Auteur : lyl<\/p>","protected":false},"excerpt":{"rendered":"<p>Bucket Cylinder For JCM Small Excavator 916D Introduction The bucket cylinder for JCM small excavator 916D is a specialized hydraulic cylinder primarily used to control the movement of the bucket in heavy machinery such as excavators, backhoe loaders, and front-end loaders. Its main function is to enable the bucket to lift, lower, and tilt, making [&hellip;]<\/p>","protected":false},"featured_media":14762,"comment_status":"open","ping_status":"closed","template":"","meta":{"_et_pb_use_builder":"","_et_pb_old_content":"","_et_gb_content_width":""},"product_brand":[],"product_cat":[1494],"product_tag":[1495,1496],"class_list":{"0":"post-15670","1":"product","2":"type-product","3":"status-publish","4":"has-post-thumbnail","6":"product_cat-bucket-cylinders","7":"product_tag-bucket-cylinders","8":"product_tag-hydraulic-cylinders","10":"first","11":"instock","12":"shipping-taxable","13":"product-type-simple"},"amp_enabled":true,"_links":{"self":[{"href":"https:\/\/www.hydraulic-cylinders.net\/fr\/wp-json\/wp\/v2\/product\/15670","targetHints":{"allow":["GET"]}}],"collection":[{"href":"https:\/\/www.hydraulic-cylinders.net\/fr\/wp-json\/wp\/v2\/product"}],"about":[{"href":"https:\/\/www.hydraulic-cylinders.net\/fr\/wp-json\/wp\/v2\/types\/product"}],"replies":[{"embeddable":true,"href":"https:\/\/www.hydraulic-cylinders.net\/fr\/wp-json\/wp\/v2\/comments?post=15670"}],"wp:featuredmedia":[{"embeddable":true,"href":"https:\/\/www.hydraulic-cylinders.net\/fr\/wp-json\/wp\/v2\/media\/14762"}],"wp:attachment":[{"href":"https:\/\/www.hydraulic-cylinders.net\/fr\/wp-json\/wp\/v2\/media?parent=15670"}],"wp:term":[{"taxonomy":"product_brand","embeddable":true,"href":"https:\/\/www.hydraulic-cylinders.net\/fr\/wp-json\/wp\/v2\/product_brand?post=15670"},{"taxonomy":"product_cat","embeddable":true,"href":"https:\/\/www.hydraulic-cylinders.net\/fr\/wp-json\/wp\/v2\/product_cat?post=15670"},{"taxonomy":"product_tag","embeddable":true,"href":"https:\/\/www.hydraulic-cylinders.net\/fr\/wp-json\/wp\/v2\/product_tag?post=15670"}],"curies":[{"name":"wp","href":"https:\/\/api.w.org\/{rel}","templated":true}]}}