{"id":15675,"date":"2025-01-19T14:49:39","date_gmt":"2025-01-19T14:49:39","guid":{"rendered":"https:\/\/www.hydraulic-cylinders.net\/product\/bucket-cylinder-for-jcm-large-excavator-936d\/"},"modified":"2025-01-19T14:49:41","modified_gmt":"2025-01-19T14:49:41","slug":"bucket-cylinder-for-jcm-large-excavator-936d","status":"publish","type":"product","link":"https:\/\/www.hydraulic-cylinders.net\/fr\/produit\/bucket-cylinder-for-jcm-large-excavator-936d\/","title":{"rendered":"V\u00e9rin de godet pour pelle hydraulique JCM 936D"},"content":{"rendered":"<h2>V\u00e9rin de godet pour pelle hydraulique JCM 936D<\/h2>\n<p><img decoding=\"async\" src=\"https:\/\/www.hydraulic-cylinders.net\/wp-content\/uploads\/2025\/01\/songte-company-2.webp\" alt=\"Image du produit\"><\/p>\n<h3>Introduction<\/h3>\n<p>Le v\u00e9rin de godet est un v\u00e9rin hydraulique sp\u00e9cialement con\u00e7u pour contr\u00f4ler les mouvements du godet sur les engins de chantier tels que les pelles hydrauliques, les chargeuses-pelleteuses et les chargeuses frontales. Sa fonction principale est de permettre au godet d'effectuer des op\u00e9rations de levage, d'abaissement et d'inclinaison, facilitant ainsi la manutention de divers mat\u00e9riaux. Au sein du syst\u00e8me hydraulique, le v\u00e9rin de godet assure un contr\u00f4le pr\u00e9cis du godet gr\u00e2ce aux variations de pression de l'huile hydraulique, permettant aux op\u00e9rateurs de manipuler efficacement des charges lourdes et de s'adapter \u00e0 des environnements de travail complexes et \u00e0 des exigences op\u00e9rationnelles vari\u00e9es.<\/p>\n<h3>Caract\u00e9ristiques<\/h3>\n<ul>\n<li>Haute r\u00e9sistance et durabilit\u00e9\u00a0: g\u00e9n\u00e9ralement fabriqu\u00e9 en acier ou en aluminium haute r\u00e9sistance, le v\u00e9rin du godet supporte les hautes pressions et les charges importantes, s\u2019adaptant ainsi aux environnements de travail difficiles. Sa conception prend en compte la r\u00e9sistance \u00e0 l\u2019usure et \u00e0 la corrosion, prolongeant sa dur\u00e9e de vie.<\/li>\n<li>Fonctionnement hydraulique efficace\u00a0: gr\u00e2ce \u00e0 la pression de l\u2019huile hydraulique, le v\u00e9rin du godet assure des mouvements d\u2019extension et de r\u00e9traction fluides, offrant une r\u00e9ponse rapide aux commandes et fournissant des forces de pouss\u00e9e et de traction puissantes, adapt\u00e9es \u00e0 la manutention de charges lourdes et aux t\u00e2ches op\u00e9rationnelles complexes.<\/li>\n<li>Diff\u00e9rents types\u00a0: Le v\u00e9rin du godet peut \u00eatre choisi en version simple effet (force hydraulique dans un seul sens) ou double effet (force hydraulique dans les deux sens), selon les besoins op\u00e9rationnels. Certains mod\u00e8les sont t\u00e9lescopiques, ce qui permet une plus grande extension sans augmenter les dimensions ext\u00e9rieures, id\u00e9al pour les applications dans des espaces restreints.<\/li>\n<\/ul>\n<p><img decoding=\"async\" src=\"https:\/\/www.hydraulic-cylinders.net\/wp-content\/uploads\/2025\/01\/songte-cylinder-head-with-all-kinds-excavator-models.webp\" alt=\"Image du produit\"><\/p>\n<h3>Applications<\/h3>\n<p>Le v\u00e9rin \u00e0 godet trouve des applications dans diverses industries et \u00e9quipements\u00a0:<\/p>\n<ul>\n<li>Mat\u00e9riel de construction\u00a0: Pr\u00e9sents sur les excavatrices, ils sont indispensables pour creuser, charger et d\u00e9placer la terre ou les d\u00e9bris. Sur les chargeuses-pelleteuses, le v\u00e9rin du godet contribue aux op\u00e9rations de creusement et de levage.<\/li>\n<li>Machines agricoles : utilis\u00e9es dans les chargeurs frontaux pour ramasser, soulever et transporter de la terre, du foin et d'autres mat\u00e9riaux.<\/li>\n<li>Excavateurs : Le v\u00e9rin de godet permet les actions de creusement en permettant au godet de p\u00e9n\u00e9trer le sol.<\/li>\n<li>Chargeuses frontales : Sur les chargeuses frontales, elles facilitent le levage et le d\u00e9chargement efficaces des marchandises.<\/li>\n<\/ul>\n<h3>Consid\u00e9rations de conception et crit\u00e8res de s\u00e9lection<\/h3>\n<p>Lors de la conception du v\u00e9rin de godet, plusieurs facteurs sont pris en compte\u00a0:<\/p>\n<ul>\n<li>Capacit\u00e9 de charge : Le cylindre doit \u00eatre con\u00e7u pour supporter la charge maximale pr\u00e9vue.<\/li>\n<li>\u00c9tanch\u00e9it\u00e9 : Diff\u00e9rents composants d'\u00e9tanch\u00e9it\u00e9, tels que des joints de piston et des joints de tige, sont utilis\u00e9s, souvent fabriqu\u00e9s \u00e0 partir de mat\u00e9riaux r\u00e9sistants \u00e0 l'usure comme le polyur\u00e9thane et le caoutchouc nitrile.<\/li>\n<li>Durabilit\u00e9 : Le corps du cylindre et les extr\u00e9mit\u00e9s filet\u00e9es sont soumis \u00e0 un traitement pr\u00e9cis afin d'am\u00e9liorer leur r\u00e9sistance \u00e0 l'usure.<\/li>\n<li>S\u00e9curit\u00e9 : Des dispositifs de s\u00e9curit\u00e9 sont int\u00e9gr\u00e9s \u00e0 la conception afin de garantir un fonctionnement s\u00fbr.<\/li>\n<li>Facilit\u00e9 d'entretien : Une attention particuli\u00e8re est port\u00e9e \u00e0 la facilit\u00e9 d'entretien et de r\u00e9paration.<\/li>\n<\/ul>\n<p><img decoding=\"async\" src=\"https:\/\/www.hydraulic-cylinders.net\/wp-content\/uploads\/2025\/01\/songte-oil-pipes-and-spare-parts.webp\" alt=\"Image du produit\"><\/p>\n<h3>\u00c9tanch\u00e9it\u00e9 et lubrification<\/h3>\n<p>Le v\u00e9rin du godet utilise divers joints d'\u00e9tanch\u00e9it\u00e9 pour garantir son bon fonctionnement et sa long\u00e9vit\u00e9. Ces joints, tels que les joints de piston et de tige, sont fabriqu\u00e9s \u00e0 partir de mat\u00e9riaux r\u00e9sistants \u00e0 l'usure comme le polyur\u00e9thane et le caoutchouc nitrile. Le corps du v\u00e9rin et ses extr\u00e9mit\u00e9s filet\u00e9es subissent un traitement de pr\u00e9cision pour une r\u00e9sistance accrue \u00e0 l'usure. Une lubrification r\u00e9guli\u00e8re avec une huile hydraulique adapt\u00e9e est n\u00e9cessaire pour un fonctionnement optimal.<\/p>\n<h3>Inspection r\u00e9guli\u00e8re et maintenance pr\u00e9ventive<\/h3>\n<p>Une inspection r\u00e9guli\u00e8re et un entretien pr\u00e9ventif sont essentiels au bon fonctionnement et \u00e0 la long\u00e9vit\u00e9 du v\u00e9rin du godet. Voici quelques mesures recommand\u00e9es\u00a0:<\/p>\n<ul>\n<li>Inspection r\u00e9guli\u00e8re des joints et des composants pour d\u00e9tecter toute usure ou tout dommage<\/li>\n<li>Lubrification appropri\u00e9e des pi\u00e8ces mobiles<\/li>\n<li>Remplacement p\u00e9riodique des joints<\/li>\n<li>Contr\u00f4les d'\u00e9talonnage<\/li>\n<\/ul>\n<p><img decoding=\"async\" src=\"https:\/\/www.hydraulic-cylinders.net\/wp-content\/uploads\/2025\/01\/songte-chushion-collar.webp\" alt=\"Image du produit\"><\/p>\n<h3>Consid\u00e9rations de s\u00e9curit\u00e9 et facteurs environnementaux<\/h3>\n<p>Lors de l'utilisation du v\u00e9rin de godet, il est important de respecter les consignes de s\u00e9curit\u00e9 afin de pr\u00e9venir les accidents et de garantir un fonctionnement s\u00fbr. Les facteurs environnementaux, tels que la temp\u00e9rature et l'exposition \u00e0 des substances corrosives, doivent \u00e9galement \u00eatre pris en compte pour pr\u00e9server les performances et la durabilit\u00e9 du v\u00e9rin.<\/p>\n<h3>Diagnostic des pannes et probl\u00e8mes courants<\/h3>\n<p>Voici quelques d\u00e9fauts et probl\u00e8mes courants pouvant survenir avec le v\u00e9rin du godet\u00a0:<\/p>\n<ul>\n<li>Fuite d'huile hydraulique<\/li>\n<li>Extension ou r\u00e9traction insuffisante<\/li>\n<li>Bruit anormal pendant le fonctionnement<\/li>\n<\/ul>\n<p>Des m\u00e9thodes de d\u00e9pannage appropri\u00e9es doivent \u00eatre mises en \u0153uvre pour diagnostiquer et r\u00e9soudre ces probl\u00e8mes. Des mesures pr\u00e9ventives doivent \u00e9galement \u00eatre appliqu\u00e9es afin de minimiser les risques.<\/p>\n<p><img decoding=\"async\" src=\"https:\/\/www.hydraulic-cylinders.net\/wp-content\/uploads\/2025\/01\/songte-bushings-with-all-kinds-of-excavator-models.webp\" alt=\"Image du produit\"><\/p>\n<h3>Conclusion<\/h3>\n<p>Notre entreprise est un fabricant et distributeur de premier plan de v\u00e9rins hydrauliques sur les march\u00e9s nationaux et internationaux. Gr\u00e2ce \u00e0 une gamme compl\u00e8te de produits, nous privil\u00e9gions l'excellence en mati\u00e8re de qualit\u00e9 et mettons en \u0153uvre des strat\u00e9gies de gestion de production industrialis\u00e9es au sein de notre atelier de fabrication ultramoderne. Nous am\u00e9liorons constamment nos plateformes de production, optimisons nos processus de fabrication et disposons d'une forte capacit\u00e9 d'innovation. Nos principes d'efficacit\u00e9, de pr\u00e9cision et de qualit\u00e9 \u00e9lev\u00e9es nous permettent de r\u00e9pondre aux besoins vari\u00e9s de nos clients.<\/p>\n<p><img decoding=\"async\" src=\"https:\/\/www.hydraulic-cylinders.net\/wp-content\/uploads\/2025\/01\/songte-company-3.webp\" alt=\"Image de l&#039;entreprise\"><\/p>\n<h3>\u00c0 propos de notre entreprise<\/h3>\n<ul>\n<li>Professionnalisme : Nous adh\u00e9rons aux normes de professionnalisme les plus \u00e9lev\u00e9es dans tous les aspects de nos op\u00e9rations.<\/li>\n<li>Certifications internationales\u00a0: Nos produits r\u00e9pondent aux certifications internationales, garantissant leur qualit\u00e9 et leurs performances.<\/li>\n<li>Services de personnalisation\u00a0: Nous proposons des solutions personnalis\u00e9es pour r\u00e9pondre aux exigences sp\u00e9cifiques de nos clients.<\/li>\n<li>\u00c9quipements de production : Nous utilisons des \u00e9quipements de fabrication de pointe pour garantir pr\u00e9cision et efficacit\u00e9.<\/li>\n<li>Service apr\u00e8s-vente : Nous offrons un service apr\u00e8s-vente complet pour assister nos clients.<\/li>\n<\/ul>\n<p><img decoding=\"async\" src=\"https:\/\/hzpt.com\/wp-content\/uploads\/2024\/11\/songte-company-1.webp\" alt=\"Image de l&#039;entreprise\"><\/p>\n<p>Auteur : lyl<\/p>","protected":false},"excerpt":{"rendered":"<p>Bucket Cylinder For JCM Large Excavator 936D Introduction The bucket cylinder is a specially designed hydraulic cylinder used to control the movement of the bucket in heavy machinery such as excavators, backhoe loaders, and front-end loaders. Its main function is to enable the bucket to perform lifting, lowering, and tilting actions, making it easier to [&hellip;]<\/p>","protected":false},"featured_media":14785,"comment_status":"open","ping_status":"closed","template":"","meta":{"_et_pb_use_builder":"","_et_pb_old_content":"","_et_gb_content_width":""},"product_brand":[],"product_cat":[1494],"product_tag":[1495,1496],"class_list":{"0":"post-15675","1":"product","2":"type-product","3":"status-publish","4":"has-post-thumbnail","6":"product_cat-bucket-cylinders","7":"product_tag-bucket-cylinders","8":"product_tag-hydraulic-cylinders","10":"first","11":"instock","12":"shipping-taxable","13":"product-type-simple"},"amp_enabled":true,"_links":{"self":[{"href":"https:\/\/www.hydraulic-cylinders.net\/fr\/wp-json\/wp\/v2\/product\/15675","targetHints":{"allow":["GET"]}}],"collection":[{"href":"https:\/\/www.hydraulic-cylinders.net\/fr\/wp-json\/wp\/v2\/product"}],"about":[{"href":"https:\/\/www.hydraulic-cylinders.net\/fr\/wp-json\/wp\/v2\/types\/product"}],"replies":[{"embeddable":true,"href":"https:\/\/www.hydraulic-cylinders.net\/fr\/wp-json\/wp\/v2\/comments?post=15675"}],"wp:featuredmedia":[{"embeddable":true,"href":"https:\/\/www.hydraulic-cylinders.net\/fr\/wp-json\/wp\/v2\/media\/14785"}],"wp:attachment":[{"href":"https:\/\/www.hydraulic-cylinders.net\/fr\/wp-json\/wp\/v2\/media?parent=15675"}],"wp:term":[{"taxonomy":"product_brand","embeddable":true,"href":"https:\/\/www.hydraulic-cylinders.net\/fr\/wp-json\/wp\/v2\/product_brand?post=15675"},{"taxonomy":"product_cat","embeddable":true,"href":"https:\/\/www.hydraulic-cylinders.net\/fr\/wp-json\/wp\/v2\/product_cat?post=15675"},{"taxonomy":"product_tag","embeddable":true,"href":"https:\/\/www.hydraulic-cylinders.net\/fr\/wp-json\/wp\/v2\/product_tag?post=15675"}],"curies":[{"name":"wp","href":"https:\/\/api.w.org\/{rel}","templated":true}]}}