{"id":15682,"date":"2025-01-19T14:50:23","date_gmt":"2025-01-19T14:50:23","guid":{"rendered":"https:\/\/www.hydraulic-cylinders.net\/product\/bucket-cylinder-for-ihi-small-excavator-ihi55nsl\/"},"modified":"2025-01-19T14:50:25","modified_gmt":"2025-01-19T14:50:25","slug":"bucket-cylinder-for-ihi-small-excavator-ihi55nsl","status":"publish","type":"product","link":"https:\/\/www.hydraulic-cylinders.net\/fr\/produit\/bucket-cylinder-for-ihi-small-excavator-ihi55nsl\/","title":{"rendered":"V\u00e9rin de godet pour mini-pelle IHI IHI55NSL"},"content":{"rendered":"<p><!DOCTYPE html><br \/>\n<html><br \/>\n<head><br \/>\n    <title>V\u00e9rin de godet pour mini-pelle IHI IHI55NSL<\/title><br \/>\n<\/head><br \/>\n<body><\/p>\n<h1>V\u00e9rin de godet pour mini-pelle IHI IHI55NSL<\/h1>\n<h2>Introduction<\/h2>\n<p>Le v\u00e9rin de godet est un v\u00e9rin hydraulique sp\u00e9cialement con\u00e7u pour contr\u00f4ler les mouvements du godet sur les engins de chantier tels que les pelles hydrauliques, les chargeuses-pelleteuses et les chargeuses frontales. Sa fonction principale est de permettre la lev\u00e9e, l'abaissement et l'inclinaison du godet, facilitant ainsi diverses op\u00e9rations de manutention. Au sein du syst\u00e8me hydraulique, le v\u00e9rin de godet assure un contr\u00f4le pr\u00e9cis du godet gr\u00e2ce aux variations de pression de l'huile hydraulique, permettant aux op\u00e9rateurs de manipuler efficacement des charges lourdes et de s'adapter \u00e0 des environnements de travail complexes et \u00e0 des exigences vari\u00e9es.<\/p>\n<p>    <img decoding=\"async\" src=\"https:\/\/www.hydraulic-cylinders.net\/wp-content\/uploads\/2025\/01\/songte-company-2.webp\" alt=\"Image du cylindre du godet\"><\/p>\n<h2>Caract\u00e9ristiques<\/h2>\n<ul>\n<li>Haute r\u00e9sistance et durabilit\u00e9\u00a0: Fabriqu\u00e9 g\u00e9n\u00e9ralement en acier ou en aluminium haute r\u00e9sistance, ce produit supporte les hautes pressions et les charges importantes, s\u2019adaptant ainsi aux conditions de travail difficiles. Sa conception prend en compte la r\u00e9sistance \u00e0 l\u2019usure et \u00e0 la corrosion, prolongeant ainsi sa dur\u00e9e de vie.<\/li>\n<li>Fonctionnement hydraulique efficace\u00a0: L\u2019utilisation de la pression de l\u2019huile hydraulique permet des mouvements d\u2019extension et de r\u00e9traction fluides. Le syst\u00e8me r\u00e9pond rapidement aux commandes et fournit une force de pouss\u00e9e et de traction importante, adapt\u00e9e \u00e0 la manutention de charges lourdes et aux t\u00e2ches complexes.<\/li>\n<li>Diff\u00e9rents types sont disponibles\u00a0: les v\u00e9rins \u00e0 simple effet (fonctionnant dans un seul sens) ou \u00e0 double effet (fonctionnant dans les deux sens) peuvent \u00eatre choisis en fonction des besoins op\u00e9rationnels. Certains mod\u00e8les sont t\u00e9lescopiques, ce qui permet une plus grande extension sans augmenter les dimensions ext\u00e9rieures et convient aux applications o\u00f9 l\u2019espace est limit\u00e9.<\/li>\n<li>Remplacement id\u00e9al : Nos produits peuvent parfaitement remplacer ces v\u00e9rins hydrauliques.<\/li>\n<\/ul>\n<p>    <img decoding=\"async\" src=\"https:\/\/www.hydraulic-cylinders.net\/wp-content\/uploads\/2025\/01\/songte-cylinder-head-with-all-kinds-excavator-models.webp\" alt=\"Image du cylindre de remplacement\"><\/p>\n<h2>Applications<\/h2>\n<ul>\n<li>Mat\u00e9riel de construction\u00a0: Pr\u00e9sents sur les excavatrices, ils sont indispensables pour creuser, charger et d\u00e9placer la terre ou les d\u00e9bris. Sur les chargeuses-pelleteuses, le v\u00e9rin du godet contribue \u00e0 la fois \u00e0 l\u2019excavation et au levage.<\/li>\n<li>Machines agricoles : utilis\u00e9es dans les chargeurs frontaux pour ramasser, soulever et transporter de la terre, du foin et d'autres mat\u00e9riaux.<\/li>\n<li>Excavateurs : Le v\u00e9rin de godet permet les actions de creusement en permettant au godet de p\u00e9n\u00e9trer le sol.<\/li>\n<li>Chargeuses : Sur les chargeuses frontales, elles permettent de lever et de d\u00e9charger efficacement les marchandises.<\/li>\n<\/ul>\n<h2>Consid\u00e9rations de conception et crit\u00e8res de s\u00e9lection<\/h2>\n<ul>\n<li>Capacit\u00e9 de charge : Discuter de la capacit\u00e9 du cylindre \u00e0 supporter des charges importantes.<\/li>\n<li>\u00c9tanch\u00e9it\u00e9 : Expliquez l'importance d'une \u00e9tanch\u00e9it\u00e9 correcte et de la durabilit\u00e9.<\/li>\n<li>Durabilit\u00e9 : Discuter des consid\u00e9rations de conception pour assurer la long\u00e9vit\u00e9.<\/li>\n<li>S\u00e9curit\u00e9 : Mettre en \u00e9vidence les dispositifs et les points \u00e0 prendre en compte en mati\u00e8re de s\u00e9curit\u00e9.<\/li>\n<li>Facilit\u00e9 d'entretien : Discuter de la facilit\u00e9 d'entretien et de r\u00e9paration.<\/li>\n<\/ul>\n<p>    <img decoding=\"async\" src=\"https:\/\/www.hydraulic-cylinders.net\/wp-content\/uploads\/2025\/01\/songte-oil-pipes-and-spare-parts.webp\" alt=\"Image de maintenance\"><\/p>\n<h2>\u00c9tanch\u00e9it\u00e9 et lubrification<\/h2>\n<p>Le v\u00e9rin du godet utilise diff\u00e9rents joints, tels que des joints de piston et des joints de tige, fabriqu\u00e9s en mat\u00e9riaux r\u00e9sistants \u00e0 l'usure comme le polyur\u00e9thane et le caoutchouc nitrile. Le corps du v\u00e9rin et les surfaces d'extr\u00e9mit\u00e9 filet\u00e9es sont usin\u00e9s avec pr\u00e9cision pour une meilleure r\u00e9sistance \u00e0 l'usure. Une lubrification r\u00e9guli\u00e8re avec la quantit\u00e9 appropri\u00e9e d'huile hydraulique est indispensable \u00e0 un fonctionnement optimal.<\/p>\n<h2>Mesures d'inspection r\u00e9guli\u00e8re et de maintenance pr\u00e9ventive<\/h2>\n<ul>\n<li>Inspectez r\u00e9guli\u00e8rement le cylindre pour d\u00e9tecter tout signe d'usure ou de dommage.<\/li>\n<li>Veillez \u00e0 assurer une lubrification ad\u00e9quate pour \u00e9viter les frottements et garantir un fonctionnement fluide.<\/li>\n<li>Remplacez p\u00e9riodiquement les joints et effectuez des contr\u00f4les d'\u00e9talonnage.<\/li>\n<\/ul>\n<h2>Guide d'installation du produit<\/h2>\n<p>Une installation correcte est essentielle pour un fonctionnement optimal du v\u00e9rin de godet. Veuillez suivre les \u00e9tapes suivantes\u00a0:<\/p>\n<ol>\n<li>Lors de l'installation, veillez \u00e0 ce que le cylindre soit correctement align\u00e9.<\/li>\n<li>Utilisez les supports de fixation appropri\u00e9s pour fixer le cylindre.<\/li>\n<\/ol>\n<p>    <img decoding=\"async\" src=\"https:\/\/www.hydraulic-cylinders.net\/wp-content\/uploads\/2025\/01\/songte-chushion-collar.webp\" alt=\"Image du guide d&#039;installation\"><\/p>\n<h2>T\u00e2ches de maintenance<\/h2>\n<p>Les t\u00e2ches d'entretien courantes comprennent\u00a0:<\/p>\n<ul>\n<li>inspections r\u00e9guli\u00e8res<\/li>\n<li>Lubrification ad\u00e9quate<\/li>\n<li>remplacement du joint<\/li>\n<li>Contr\u00f4les d'\u00e9talonnage<\/li>\n<\/ul>\n<p>Soulignez l'importance d'une installation, d'une lubrification et d'un r\u00e9glage corrects. Fournissez des instructions pour aligner correctement le v\u00e9rin lors de l'installation. Recommandez l'utilisation de supports de fixation appropri\u00e9s pour maintenir le v\u00e9rin en place. Sugg\u00e9rez des proc\u00e9dures d'inspection, de r\u00e9paration et de remplacement. Donnez des conseils pour prolonger la dur\u00e9e de vie du v\u00e9rin.<\/p>\n<p>    <img decoding=\"async\" src=\"https:\/\/www.hydraulic-cylinders.net\/wp-content\/uploads\/2025\/01\/songte-bushings-with-all-kinds-of-excavator-models.webp\" alt=\"Image des t\u00e2ches de maintenance\"><\/p>\n<h2>Consid\u00e9rations de s\u00e9curit\u00e9 et facteurs environnementaux<\/h2>\n<p>Soulignez l'importance des mesures de s\u00e9curit\u00e9 lors de la manipulation du v\u00e9rin du godet et tenez compte des facteurs environnementaux.<\/p>\n<h2>D\u00e9pannage et probl\u00e8mes courants<\/h2>\n<p>Abordez les probl\u00e8mes potentiels et proposez des conseils et des solutions de d\u00e9pannage pour aider les lecteurs \u00e0 diagnostiquer et \u00e0 r\u00e9soudre efficacement les probl\u00e8mes. Sugg\u00e9rez des mesures pr\u00e9ventives pour minimiser les risques de probl\u00e8mes.<\/p>\n<p>    <img decoding=\"async\" src=\"https:\/\/hzpt.com\/wp-content\/uploads\/2024\/11\/songte-company-1.webp\" alt=\"Image de d\u00e9pannage\"><\/p>\n<h2>\u00c0 propos de notre entreprise<\/h2>\n<p>Nous sommes un fabricant de v\u00e9rins hydrauliques de remplacement et proposons une gamme compl\u00e8te de produits. Comptant parmi les principaux fabricants et distributeurs de v\u00e9rins hydrauliques sur les march\u00e9s nationaux et internationaux, nous nous engageons \u00e0 fournir une qualit\u00e9 irr\u00e9prochable et \u00e0 mettre en \u0153uvre des strat\u00e9gies de gestion de la production industrielle au sein de notre atelier de fabrication ultramoderne. Gr\u00e2ce \u00e0 nos \u00e9quipes techniques comp\u00e9tentes, \u00e0 nos \u00e9quipements de fabrication num\u00e9rique de pointe et \u00e0 nos syst\u00e8mes de contr\u00f4le qualit\u00e9 professionnels, nous am\u00e9liorons constamment notre plateforme de production et optimisons notre processus de fabrication afin de garantir la qualit\u00e9 de nos produits. Notre forte capacit\u00e9 d'innovation nous permet de fournir des produits performants, pr\u00e9cis et de haute qualit\u00e9, r\u00e9pondant ainsi aux besoins vari\u00e9s de nos clients.<\/p>\n<p>    <img decoding=\"async\" src=\"https:\/\/www.hydraulic-cylinders.net\/wp-content\/uploads\/2025\/01\/songte-company-3.webp\" alt=\"Image de l&#039;entreprise\"><\/p>\n<h3>Notre entreprise en bref\u00a0:<\/h3>\n<ul>\n<li>Professionnalisme<\/li>\n<li>Certifications internationales<\/li>\n<li>Services de personnalisation<\/li>\n<li>\u00c9quipement de production<\/li>\n<li>Services apr\u00e8s-vente<\/li>\n<\/ul>\n<p>Auteur : lyl<\/p>\n<p><\/body><br \/>\n<\/html><\/p>","protected":false},"excerpt":{"rendered":"<p>Bucket Cylinder For IHI Small Excavator IHI55NSL Bucket Cylinder For IHI Small Excavator IHI55NSL Introduction The bucket cylinder is a specially designed hydraulic cylinder used to control the movement of the bucket in heavy machinery such as excavators, backhoe loaders, and front loaders. Its main function is to enable the bucket to lift, lower, and [&hellip;]<\/p>","protected":false},"featured_media":14771,"comment_status":"open","ping_status":"closed","template":"","meta":{"_et_pb_use_builder":"","_et_pb_old_content":"","_et_gb_content_width":""},"product_brand":[],"product_cat":[1494],"product_tag":[1495,1496],"class_list":{"0":"post-15682","1":"product","2":"type-product","3":"status-publish","4":"has-post-thumbnail","6":"product_cat-bucket-cylinders","7":"product_tag-bucket-cylinders","8":"product_tag-hydraulic-cylinders","10":"first","11":"instock","12":"shipping-taxable","13":"product-type-simple"},"amp_enabled":true,"_links":{"self":[{"href":"https:\/\/www.hydraulic-cylinders.net\/fr\/wp-json\/wp\/v2\/product\/15682","targetHints":{"allow":["GET"]}}],"collection":[{"href":"https:\/\/www.hydraulic-cylinders.net\/fr\/wp-json\/wp\/v2\/product"}],"about":[{"href":"https:\/\/www.hydraulic-cylinders.net\/fr\/wp-json\/wp\/v2\/types\/product"}],"replies":[{"embeddable":true,"href":"https:\/\/www.hydraulic-cylinders.net\/fr\/wp-json\/wp\/v2\/comments?post=15682"}],"wp:featuredmedia":[{"embeddable":true,"href":"https:\/\/www.hydraulic-cylinders.net\/fr\/wp-json\/wp\/v2\/media\/14771"}],"wp:attachment":[{"href":"https:\/\/www.hydraulic-cylinders.net\/fr\/wp-json\/wp\/v2\/media?parent=15682"}],"wp:term":[{"taxonomy":"product_brand","embeddable":true,"href":"https:\/\/www.hydraulic-cylinders.net\/fr\/wp-json\/wp\/v2\/product_brand?post=15682"},{"taxonomy":"product_cat","embeddable":true,"href":"https:\/\/www.hydraulic-cylinders.net\/fr\/wp-json\/wp\/v2\/product_cat?post=15682"},{"taxonomy":"product_tag","embeddable":true,"href":"https:\/\/www.hydraulic-cylinders.net\/fr\/wp-json\/wp\/v2\/product_tag?post=15682"}],"curies":[{"name":"wp","href":"https:\/\/api.w.org\/{rel}","templated":true}]}}