{"id":15684,"date":"2025-01-19T14:50:31","date_gmt":"2025-01-19T14:50:31","guid":{"rendered":"https:\/\/www.hydraulic-cylinders.net\/product\/bucket-cylinder-for-ihi-small-excavator-ihi100ns\/"},"modified":"2025-01-19T14:50:33","modified_gmt":"2025-01-19T14:50:33","slug":"bucket-cylinder-for-ihi-small-excavator-ihi100ns","status":"publish","type":"product","link":"https:\/\/www.hydraulic-cylinders.net\/fr\/produit\/bucket-cylinder-for-ihi-small-excavator-ihi100ns\/","title":{"rendered":"Cylindre de godet pour mini-pelle IHI IHI100NS"},"content":{"rendered":"<h1>Cylindre de godet pour mini-pelle IHI IHI100NS<\/h1>\n<h2>Introduction<\/h2>\n<p>Le v\u00e9rin de godet est un v\u00e9rin hydraulique sp\u00e9cialement con\u00e7u pour contr\u00f4ler les mouvements du godet sur les engins de chantier tels que les pelles hydrauliques, les chargeuses-pelleteuses et les chargeuses frontales. Sa fonction principale est de permettre la lev\u00e9e, l'abaissement et l'inclinaison du godet, facilitant ainsi la manutention de divers mat\u00e9riaux. Au sein du syst\u00e8me hydraulique, le v\u00e9rin de godet assure un contr\u00f4le pr\u00e9cis des mouvements du godet en modulant la pression de l'huile hydraulique, permettant aux op\u00e9rateurs de manipuler efficacement des charges lourdes, de s'adapter \u00e0 des environnements de travail complexes et \u00e0 des exigences d'utilisation vari\u00e9es.<\/p>\n<p><img decoding=\"async\" src=\"https:\/\/www.hydraulic-cylinders.net\/wp-content\/uploads\/2025\/01\/songte-company-2.webp\" alt=\"Cylindre de godet pour mini-pelle IHI IHI100NS\" \/><\/p>\n<h2>Caract\u00e9ristiques du produit<\/h2>\n<ul>\n<li>Haute r\u00e9sistance et durabilit\u00e9 : G\u00e9n\u00e9ralement fabriqu\u00e9 en acier ou en aluminium \u00e0 haute r\u00e9sistance, il est capable de r\u00e9sister \u00e0 une pression \u00e9lev\u00e9e et \u00e0 des charges importantes, s'adapte aux environnements de travail difficiles et est con\u00e7u pour r\u00e9sister \u00e0 l'usure et \u00e0 la corrosion afin de prolonger sa dur\u00e9e de vie.<\/li>\n<li>Fonctionnement hydraulique efficace : L'extension et la contraction en douceur sont obtenues gr\u00e2ce \u00e0 la pression de l'huile hydraulique, permettant une r\u00e9ponse rapide aux commandes de fonctionnement, fournissant une force de traction et de pouss\u00e9e puissante, et convenant \u00e0 la manutention d'objets lourds et \u00e0 des t\u00e2ches complexes.<\/li>\n<li>Diff\u00e9rents types sont disponibles\u00a0: des v\u00e9rins simple effet (fonctionnant dans un seul sens) ou double effet (fonctionnant dans les deux sens) peuvent \u00eatre s\u00e9lectionn\u00e9s en fonction des besoins pour r\u00e9pondre \u00e0 diff\u00e9rentes exigences de fonctionnement. Certains mod\u00e8les sont t\u00e9lescopiques, permettant une plus grande extension sans augmenter les dimensions ext\u00e9rieures, ce qui les rend adapt\u00e9s aux espaces restreints.<\/li>\n<li>Peut remplacer d'autres v\u00e9rins hydrauliques\u00a0: Notre produit peut parfaitement remplacer ces v\u00e9rins hydrauliques.<\/li>\n<\/ul>\n<p><img decoding=\"async\" src=\"https:\/\/www.hydraulic-cylinders.net\/wp-content\/uploads\/2025\/01\/songte-cylinder-head-with-all-kinds-excavator-models.webp\" alt=\"Cylindre de godet pour mini-pelle IHI IHI100NS\" \/><\/p>\n<h2>Applications<\/h2>\n<p>Le v\u00e9rin de godet est largement utilis\u00e9 dans diverses machines lourdes. Voici quelques-unes de ses applications courantes\u00a0:<\/p>\n<ul>\n<li>Engins de chantier\u00a0: Sur les excavatrices, les v\u00e9rins sont indispensables pour creuser, charger et d\u00e9placer la terre ou les d\u00e9bris. Sur les chargeuses-pelleteuses, les v\u00e9rins du godet servent \u00e0 la fois au creusement et au levage. <\/li>\n<li>Machines agricoles : Utilis\u00e9es pour les chargeuses frontales, pour ramasser, soulever et transporter de la terre, du foin et d'autres mat\u00e9riaux. <\/li>\n<li>Excavatrices : Le v\u00e9rin du godet permet le creusement en permettant au godet de p\u00e9n\u00e9trer dans le sol. <\/li>\n<li>Chargeuses : Sur les chargeuses frontales, les v\u00e9rins du godet permettent de lever et de d\u00e9charger efficacement les marchandises. <\/li>\n<\/ul>\n<p>Chaque application est d\u00e9crite ci-dessous\u00a0:<\/p>\n<ul>\n<li>Mat\u00e9riel de construction\u00a0: Les v\u00e9rins de godet servent \u00e0 creuser, charger et d\u00e9placer la terre ou les d\u00e9bris, ce qui les rend indispensables aux engins lourds. <\/li>\n<li>Machines agricoles\u00a0: Les v\u00e9rins de godet servent \u00e0 ramasser, soulever et transporter la terre, le foin et autres mat\u00e9riaux. Ils sont indispensables aux chargeuses frontales. <\/li>\n<li>Pelles m\u00e9caniques\u00a0: Le v\u00e9rin du godet permet \u00e0 celui-ci de p\u00e9n\u00e9trer dans le sol, ce qui le rend indispensable aux excavatrices. <\/li>\n<li>Chargeuses : Les v\u00e9rins de godet assurent les fonctions de levage et de d\u00e9versement, ce qui les rend essentiels aux chargeuses. <\/li>\n<\/ul>\n<h2>Consid\u00e9rations de conception et crit\u00e8res de s\u00e9lection<\/h2>\n<p>Lors de la conception des v\u00e9rins de godet, les facteurs suivants sont pris en compte\u00a0:<\/p>\n<ul>\n<li>Capacit\u00e9 de charge : Le v\u00e9rin du godet doit pouvoir supporter des charges importantes. <\/li>\n<li>\u00c9tanch\u00e9it\u00e9 : Diff\u00e9rents \u00e9l\u00e9ments d'\u00e9tanch\u00e9it\u00e9, tels que les joints de piston et les joints de tige, sont utilis\u00e9s pour \u00e9viter les fuites. <\/li>\n<li>Durabilit\u00e9 : Le cylindre doit \u00eatre con\u00e7u pour durer longtemps et r\u00e9sister \u00e0 l'usure et \u00e0 la corrosion. <\/li>\n<li>S\u00e9curit\u00e9 : Le cylindre doit \u00eatre con\u00e7u pour fonctionner en toute s\u00e9curit\u00e9. <\/li>\n<li>Facilit\u00e9 d'entretien : La conception doit simplifier la maintenance et la r\u00e9paration. <\/li>\n<\/ul>\n<p><img decoding=\"async\" src=\"https:\/\/www.hydraulic-cylinders.net\/wp-content\/uploads\/2025\/01\/songte-oil-pipes-and-spare-parts.webp\" alt=\"Cylindre de godet pour mini-pelle IHI IHI100NS\" \/><\/p>\n<h2>\u00c9tanch\u00e9it\u00e9 et lubrification<\/h2>\n<p>Les v\u00e9rins de godet utilisent divers \u00e9l\u00e9ments d'\u00e9tanch\u00e9it\u00e9, tels que des joints de piston et des joints de tige, pour pr\u00e9venir les fuites. Ces joints sont fabriqu\u00e9s dans des mat\u00e9riaux r\u00e9sistants \u00e0 l'usure, comme le polyur\u00e9thane et le caoutchouc nitrile. Le corps du v\u00e9rin et la surface d'extr\u00e9mit\u00e9 filet\u00e9e sont usin\u00e9s avec pr\u00e9cision pour une meilleure r\u00e9sistance \u00e0 l'usure. Une lubrification r\u00e9guli\u00e8re \u00e0 l'huile hydraulique est indispensable \u00e0 un fonctionnement optimal.<\/p>\n<h2>Entretien et r\u00e9paration<\/h2>\n<p>Des inspections r\u00e9guli\u00e8res et un entretien pr\u00e9ventif sont essentiels pour prolonger la dur\u00e9e de vie du v\u00e9rin du godet. Voici quelques t\u00e2ches d'entretien courantes\u00a0:<\/p>\n<ul>\n<li>Contr\u00f4les r\u00e9guliers\u00a0: V\u00e9rifiez que le cylindre ne pr\u00e9sente pas de fuites, de dommages ou d\u2019autres probl\u00e8mes susceptibles d\u2019affecter son fonctionnement. <\/li>\n<li>Lubrification : Appliquer le lubrifiant recommand\u00e9 aux intervalles recommand\u00e9s. <\/li>\n<li>Remplacement des joints : Remplacez les joints lorsqu'ils pr\u00e9sentent des signes d'usure ou de dommages. <\/li>\n<li>Contr\u00f4le d'\u00e9talonnage : V\u00e9rifiez p\u00e9riodiquement l'\u00e9talonnage du cylindre. <\/li>\n<\/ul>\n<p>Une installation correcte est essentielle au bon fonctionnement du v\u00e9rin de godet. Voici quelques conseils d'installation importants\u00a0:<\/p>\n<ul>\n<li>Alignement : Alignez correctement le cylindre avec l'\u00e9quipement pour assurer un fonctionnement fluide. <\/li>\n<li>Montage : Utilisez les supports de montage appropri\u00e9s pour fixer le cylindre en place. <\/li>\n<li>Inspection et r\u00e9paration : Suivez les proc\u00e9dures d'inspection, de r\u00e9paration et de remplacement recommand\u00e9es. <\/li>\n<\/ul>\n<p><img decoding=\"async\" src=\"https:\/\/www.hydraulic-cylinders.net\/wp-content\/uploads\/2025\/01\/songte-chushion-collar.webp\" alt=\"Cylindre de godet pour mini-pelle IHI IHI100NS\" \/><\/p>\n<h2>Consid\u00e9rations de s\u00e9curit\u00e9 et facteurs environnementaux<\/h2>\n<p>Le respect des consignes de s\u00e9curit\u00e9 est essentiel lors de l'utilisation du v\u00e9rin de godet. Les mesures suivantes doivent \u00eatre prises\u00a0:<\/p>\n<ul>\n<li>Suivez les proc\u00e9dures d'utilisation recommand\u00e9es. <\/li>\n<li>Utilisez l'\u00e9quipement de s\u00e9curit\u00e9 appropri\u00e9. <\/li>\n<li>Gardez votre espace de travail propre et d\u00e9gag\u00e9. <\/li>\n<\/ul>\n<p>Les facteurs environnementaux tels que les conditions m\u00e9t\u00e9orologiques et la temp\u00e9rature peuvent affecter les performances du v\u00e9rin de godet. Son utilisation dans des conditions extr\u00eames peut l'endommager et r\u00e9duire sa dur\u00e9e de vie.<\/p>\n<p><img decoding=\"async\" src=\"https:\/\/www.hydraulic-cylinders.net\/wp-content\/uploads\/2025\/01\/songte-bushings-with-all-kinds-of-excavator-models.webp\" alt=\"Cylindre de godet pour mini-pelle IHI IHI100NS\" \/><\/p>\n<h2>Probl\u00e8mes courants et d\u00e9pannage<\/h2>\n<p>Voici quelques probl\u00e8mes courants qui peuvent survenir lors de l'utilisation du v\u00e9rin de godet\u00a0:<\/p>\n<ul>\n<li>Fuites : Des fuites peuvent survenir en raison de joints endommag\u00e9s ou d'autres probl\u00e8mes. <\/li>\n<li>Blocage : Le cylindre peut se bloquer en raison d'une contamination ou d'autres causes. <\/li>\n<li>Performances m\u00e9diocres\u00a0: Le cylindre peut ne pas fonctionner correctement en raison de divers probl\u00e8mes. <\/li>\n<\/ul>\n<p>Pour r\u00e9soudre ces probl\u00e8mes, il convient de suivre les proc\u00e9dures d'inspection, de diagnostic et de r\u00e9paration appropri\u00e9es. Un entretien pr\u00e9ventif r\u00e9gulier permet d'\u00e9viter leur apparition.<\/p>\n<h2>\u00c0 propos de notre entreprise<\/h2>\n<p>Nous sommes un fabricant de v\u00e9rins hydrauliques de remplacement. Notre entreprise propose une gamme compl\u00e8te de v\u00e9rins hydrauliques et figure parmi les principaux fabricants et distributeurs de v\u00e9rins hydrauliques sur les march\u00e9s nationaux et internationaux. Notre entreprise s'engage pour l'excellence et s'appuie sur une strat\u00e9gie de gestion de la production industrielle rigoureuse, au sein d'ateliers de fabrication de pointe. Nous optimisons constamment nos processus de production gr\u00e2ce \u00e0 une \u00e9quipe de techniciens qualifi\u00e9s, des \u00e9quipements de fabrication num\u00e9rique haut de gamme et des syst\u00e8mes de contr\u00f4le qualit\u00e9 professionnels. Notre forte capacit\u00e9 d'innovation nous permet de r\u00e9pondre aux besoins vari\u00e9s de nos clients avec efficacit\u00e9, pr\u00e9cision et qualit\u00e9. Nous proposons \u00e9galement des services personnalis\u00e9s et b\u00e9n\u00e9ficions de certifications internationales. Nos \u00e9quipements de production et notre service apr\u00e8s-vente sont d'une qualit\u00e9 irr\u00e9prochable. <\/p>\n<p><img decoding=\"async\" src=\"https:\/\/hzpt.com\/wp-content\/uploads\/2024\/11\/songte-company-1.webp\" alt=\"Cylindre de godet pour mini-pelle IHI IHI100NS\" \/><\/p>\n<p>Auteur : lyl<\/p>","protected":false},"excerpt":{"rendered":"<p>Bucket Cylinder For IHI Small Excavator IHI100NS Introduction The bucket cylinder is a specially designed hydraulic cylinder mainly used for controlling the movement of the bucket in heavy machinery such as excavators, backhoe loaders, and front-end loaders. Its primary function is to enable the bucket to lift, lower, and tilt, making it easier to handle [&hellip;]<\/p>","protected":false},"featured_media":14765,"comment_status":"open","ping_status":"closed","template":"","meta":{"_et_pb_use_builder":"","_et_pb_old_content":"","_et_gb_content_width":""},"product_brand":[],"product_cat":[1494],"product_tag":[1495,1496],"class_list":{"0":"post-15684","1":"product","2":"type-product","3":"status-publish","4":"has-post-thumbnail","6":"product_cat-bucket-cylinders","7":"product_tag-bucket-cylinders","8":"product_tag-hydraulic-cylinders","10":"first","11":"instock","12":"shipping-taxable","13":"product-type-simple"},"amp_enabled":true,"_links":{"self":[{"href":"https:\/\/www.hydraulic-cylinders.net\/fr\/wp-json\/wp\/v2\/product\/15684","targetHints":{"allow":["GET"]}}],"collection":[{"href":"https:\/\/www.hydraulic-cylinders.net\/fr\/wp-json\/wp\/v2\/product"}],"about":[{"href":"https:\/\/www.hydraulic-cylinders.net\/fr\/wp-json\/wp\/v2\/types\/product"}],"replies":[{"embeddable":true,"href":"https:\/\/www.hydraulic-cylinders.net\/fr\/wp-json\/wp\/v2\/comments?post=15684"}],"wp:featuredmedia":[{"embeddable":true,"href":"https:\/\/www.hydraulic-cylinders.net\/fr\/wp-json\/wp\/v2\/media\/14765"}],"wp:attachment":[{"href":"https:\/\/www.hydraulic-cylinders.net\/fr\/wp-json\/wp\/v2\/media?parent=15684"}],"wp:term":[{"taxonomy":"product_brand","embeddable":true,"href":"https:\/\/www.hydraulic-cylinders.net\/fr\/wp-json\/wp\/v2\/product_brand?post=15684"},{"taxonomy":"product_cat","embeddable":true,"href":"https:\/\/www.hydraulic-cylinders.net\/fr\/wp-json\/wp\/v2\/product_cat?post=15684"},{"taxonomy":"product_tag","embeddable":true,"href":"https:\/\/www.hydraulic-cylinders.net\/fr\/wp-json\/wp\/v2\/product_tag?post=15684"}],"curies":[{"name":"wp","href":"https:\/\/api.w.org\/{rel}","templated":true}]}}