{"id":15689,"date":"2025-01-19T14:50:51","date_gmt":"2025-01-19T14:50:51","guid":{"rendered":"https:\/\/www.hydraulic-cylinders.net\/product\/bucket-cylinder-for-bobcat-small-excavator-e63\/"},"modified":"2025-01-19T14:50:53","modified_gmt":"2025-01-19T14:50:53","slug":"bucket-cylinder-for-bobcat-small-excavator-e63","status":"publish","type":"product","link":"https:\/\/www.hydraulic-cylinders.net\/fr\/produit\/bucket-cylinder-for-bobcat-small-excavator-e63\/","title":{"rendered":"V\u00e9rin de godet pour mini-pelle Bobcat E63"},"content":{"rendered":"<h1>V\u00e9rin de godet pour mini-pelle Bobcat E63<\/h1>\n<h2>Introduction<\/h2>\n<p>Le v\u00e9rin de godet pour mini-pelle Bobcat E63 est un v\u00e9rin hydraulique sp\u00e9cialis\u00e9 con\u00e7u pour contr\u00f4ler les mouvements du godet sur les engins de chantier tels que les pelles hydrauliques, les tractopelles et les chargeuses. Sa fonction principale est de permettre la lev\u00e9e, l'abaissement et l'inclinaison du godet, facilitant ainsi la manutention de divers mat\u00e9riaux. Dans les syst\u00e8mes hydrauliques, le v\u00e9rin de godet utilise la variation de pression de l'huile hydraulique pour un contr\u00f4le pr\u00e9cis du godet, permettant aux op\u00e9rateurs de manipuler efficacement des charges lourdes et de s'adapter \u00e0 des environnements de travail complexes et \u00e0 des exigences vari\u00e9es.<\/p>\n<p><img decoding=\"async\" src=\"https:\/\/www.hydraulic-cylinders.net\/wp-content\/uploads\/2025\/01\/songte-company-2.webp\" alt=\"Image du cylindre du godet\"><\/p>\n<h2>Caract\u00e9ristiques<\/h2>\n<ul>\n<li>\n<h3>Haute r\u00e9sistance et durabilit\u00e9<\/h3>\n<p>G\u00e9n\u00e9ralement fabriqu\u00e9 en acier ou en aluminium \u00e0 haute r\u00e9sistance, il peut supporter une pression \u00e9lev\u00e9e et des charges importantes, s'adapter aux environnements de travail difficiles et est con\u00e7u en tenant compte de la r\u00e9sistance \u00e0 l'usure et \u00e0 la corrosion afin de prolonger la dur\u00e9e de vie du v\u00e9rin du godet.<\/p>\n<\/li>\n<li>\n<h3>Fonctionnement hydraulique efficace<\/h3>\n<p>Utilisant la pression de l'huile hydraulique pour assurer une extension et une contraction fluides, il peut r\u00e9pondre rapidement aux commandes, fournir une force de pouss\u00e9e et de traction puissante et convient \u00e0 la manutention de charges lourdes et \u00e0 des t\u00e2ches complexes.<\/p>\n<\/li>\n<li>\n<h3>Divers types<\/h3>\n<p>Les v\u00e9rins \u00e0 simple effet (actionnement hydraulique dans un seul sens) ou \u00e0 double effet (actionnement hydraulique dans les deux sens) peuvent \u00eatre s\u00e9lectionn\u00e9s en fonction des besoins afin de r\u00e9pondre aux diff\u00e9rentes exigences op\u00e9rationnelles. Certains mod\u00e8les sont t\u00e9lescopiques, ce qui permet une plus grande extension sans augmenter les dimensions ext\u00e9rieures et les rend particuli\u00e8rement adapt\u00e9s aux applications o\u00f9 l'espace est limit\u00e9.<\/p>\n<\/li>\n<li>\n<h3>Peut \u00eatre remplac\u00e9<\/h3>\n<p>Nos produits peuvent parfaitement remplacer ces v\u00e9rins hydrauliques. <\/p>\n<\/li>\n<\/ul>\n<p><img decoding=\"async\" src=\"https:\/\/www.hydraulic-cylinders.net\/wp-content\/uploads\/2025\/01\/songte-cylinder-head-with-all-kinds-excavator-models.webp\" alt=\"Image de remplacement du v\u00e9rin de godet\"><\/p>\n<h2>Applications<\/h2>\n<p>Le v\u00e9rin de godet pour mini-pelle Bobcat E63 est largement utilis\u00e9 dans diverses industries, notamment\u00a0:<\/p>\n<ul>\n<li>\n<h3>\u00c9quipement de construction<\/h3>\n<p>Sur les excavatrices, ils sont indispensables pour l'excavation, le chargement et le d\u00e9placement de la terre ou des d\u00e9bris. Sur les chargeuses-pelleteuses, les v\u00e9rins du godet participent \u00e0 l'excavation et au levage.<\/p>\n<\/li>\n<li>\n<h3>machines agricoles<\/h3>\n<p>Utilis\u00e9 sur les chargeuses frontales, il sert \u00e0 ramasser, soulever et transporter de la terre, du foin et d'autres mat\u00e9riaux. Sur les pelles hydrauliques, le v\u00e9rin du godet permet de creuser en autorisant la p\u00e9n\u00e9tration du godet dans le sol.<\/p>\n<\/li>\n<li>\n<h3>Chargeur<\/h3>\n<p>Dans les chargeuses frontales, elles contribuent \u00e0 lever et \u00e0 d\u00e9charger efficacement les marchandises.<\/p>\n<\/li>\n<\/ul>\n<h2>Consid\u00e9rations de conception et normes de s\u00e9lection<\/h2>\n<p>Lors de la conception du v\u00e9rin de godet pour la mini-pelle Bobcat E63, divers facteurs sont pris en compte, tels que la capacit\u00e9 de charge, l'\u00e9tanch\u00e9it\u00e9, la durabilit\u00e9, la s\u00e9curit\u00e9 et la facilit\u00e9 d'entretien. Voici quelques points \u00e0 aborder\u00a0:<\/p>\n<ul>\n<li>\n<h3>Capacit\u00e9 de charge<\/h3>\n<p>La capacit\u00e9 du v\u00e9rin du godet \u00e0 r\u00e9sister \u00e0 une pression \u00e9lev\u00e9e et \u00e0 des charges importantes est essentielle \u00e0 la performance et \u00e0 la long\u00e9vit\u00e9 du produit.<\/p>\n<\/li>\n<li>\n<h3>Scellage<\/h3>\n<p>Le syst\u00e8me d'\u00e9tanch\u00e9it\u00e9 du v\u00e9rin du godet est essentiel pour pr\u00e9venir les fuites et assurer un fonctionnement fluide\u00a0; l'utilisation de mat\u00e9riaux d'\u00e9tanch\u00e9it\u00e9 de haute qualit\u00e9 et de proc\u00e9d\u00e9s d'usinage pr\u00e9cis permet d'am\u00e9liorer les performances d'\u00e9tanch\u00e9it\u00e9 et de prolonger la dur\u00e9e de vie du v\u00e9rin.<\/p>\n<\/li>\n<li>\n<h3>Durabilit\u00e9<\/h3>\n<p>Le v\u00e9rin du godet est expos\u00e9 \u00e0 des environnements de travail difficiles et peut subir une usure importante en cours d'utilisation. Par cons\u00e9quent, le choix des mat\u00e9riaux, le traitement de surface et d'autres facteurs doivent \u00eatre pris en compte afin d'am\u00e9liorer la durabilit\u00e9 du v\u00e9rin et sa r\u00e9sistance \u00e0 la corrosion et \u00e0 l'usure.<\/p>\n<\/li>\n<li>\n<h3>S\u00e9curit\u00e9<\/h3>\n<p>Les dispositifs de s\u00e9curit\u00e9 du v\u00e9rin du godet, tels que la protection contre les surcharges et l'arr\u00eat d'urgence, sont essentiels pour garantir la s\u00e9curit\u00e9 de l'op\u00e9rateur et pr\u00e9venir les accidents.<\/p>\n<\/li>\n<li>\n<h3>Maintenabilit\u00e9<\/h3>\n<p>La facilit\u00e9 d'entretien du v\u00e9rin de godet, notamment son acc\u00e8s ais\u00e9 pour la maintenance et le remplacement, peut r\u00e9duire les temps d'arr\u00eat et augmenter la productivit\u00e9.<\/p>\n<\/li>\n<\/ul>\n<p><img decoding=\"async\" src=\"https:\/\/www.hydraulic-cylinders.net\/wp-content\/uploads\/2025\/01\/songte-oil-pipes-and-spare-parts.webp\" alt=\"Image de conception du cylindre de godet\"><\/p>\n<h2>\u00c9tanch\u00e9it\u00e9 et lubrification<\/h2>\n<p>Le v\u00e9rin du godet utilise diff\u00e9rents types de joints, tels que des joints de piston et de tige, pour pr\u00e9venir les fuites et garantir un fonctionnement fluide. Ces joints sont fabriqu\u00e9s \u00e0 partir de mat\u00e9riaux r\u00e9sistants \u00e0 l'usure, comme le polyur\u00e9thane et le caoutchouc nitrile, afin d'optimiser l'\u00e9tanch\u00e9it\u00e9 et de prolonger la dur\u00e9e de vie du v\u00e9rin. Un remplissage r\u00e9gulier et appropri\u00e9 d'huile hydraulique permet de lubrifier le v\u00e9rin et de r\u00e9duire son usure.<\/p>\n<h2>Inspection et maintenance pr\u00e9ventive<\/h2>\n<p>Des inspections r\u00e9guli\u00e8res et une maintenance pr\u00e9ventive sont essentielles pour garantir un fonctionnement optimal du v\u00e9rin de godet et prolonger sa dur\u00e9e de vie. Voici les principales op\u00e9rations de maintenance\u00a0:<\/p>\n<ul>\n<li>\n<h3>Inspection r\u00e9guli\u00e8re<\/h3>\n<p>Des contr\u00f4les r\u00e9guliers de l'\u00e9tat du cylindre, tels que la recherche de signes de fissures ou d'usure, sont n\u00e9cessaires pour d\u00e9tecter tout probl\u00e8me potentiel et y rem\u00e9dier rapidement.<\/p>\n<\/li>\n<li>\n<h3>Lubrification<\/h3>\n<p>Une lubrification r\u00e9guli\u00e8re du cylindre permet de r\u00e9duire l'usure et d'assurer un bon fonctionnement. <\/p>\n<\/li>\n<li>\n<h3>Remplacement des joints et v\u00e9rification de l'\u00e9talonnage<\/h3>\n<p>Le remplacement des joints us\u00e9s et la v\u00e9rification du calibrage du cylindre peuvent contribuer \u00e0 maintenir les performances de ce dernier.<\/p>\n<\/li>\n<\/ul>\n<p><img decoding=\"async\" src=\"https:\/\/www.hydraulic-cylinders.net\/wp-content\/uploads\/2025\/01\/songte-chushion-collar.webp\" alt=\"Image d&#039;entretien du v\u00e9rin de godet\"><\/p>\n<h2>Consid\u00e9rations de s\u00e9curit\u00e9 et facteurs environnementaux<\/h2>\n<p>Lors de l'utilisation du v\u00e9rin de godet pour la mini-pelle Bobcat E63, il est essentiel de respecter les consignes de s\u00e9curit\u00e9, notamment le port d'\u00e9quipements de protection individuelle adapt\u00e9s et la v\u00e9rification du bon \u00e9tat de fonctionnement de l'appareil. L'\u00e9limination correcte de l'huile hydraulique usag\u00e9e et des autres d\u00e9chets dangereux est \u00e9galement cruciale pour la protection de l'environnement.<\/p>\n<h2>Probl\u00e8mes courants et d\u00e9pannage<\/h2>\n<p>Les probl\u00e8mes courants pouvant affecter le v\u00e9rin du godet incluent les fuites d'huile, les dysfonctionnements du syst\u00e8me hydraulique et l'usure des joints. Le d\u00e9pannage de ces probl\u00e8mes n\u00e9cessite un diagnostic et une r\u00e9paration appropri\u00e9s, pouvant impliquer le remplacement des pi\u00e8ces us\u00e9es ou le recalibrage du v\u00e9rin.<\/p>\n<h2>Informations sur l'entreprise<\/h2>\n<p>Nous sommes un fabricant de v\u00e9rins hydrauliques compatibles avec diff\u00e9rents types de mod\u00e8les. Notre entreprise propose une gamme compl\u00e8te de produits et s'est impos\u00e9e comme l'un des principaux fabricants et distributeurs de v\u00e9rins hydrauliques sur les march\u00e9s nationaux et internationaux. Notre priorit\u00e9 est l'excellence, et nous nous appuyons sur une gestion de production industrielle rigoureuse au sein d'ateliers de fabrication de pointe. Nous optimisons constamment nos processus de fabrication gr\u00e2ce \u00e0 une \u00e9quipe de techniciens qualifi\u00e9s, des \u00e9quipements num\u00e9riques haut de gamme et des syst\u00e8mes de contr\u00f4le qualit\u00e9 performants. Notre forte capacit\u00e9 d'innovation nous permet de r\u00e9pondre aux besoins vari\u00e9s de nos clients avec efficacit\u00e9, pr\u00e9cision et une qualit\u00e9 irr\u00e9prochable.<\/p>\n<p><img decoding=\"async\" src=\"https:\/\/hzpt.com\/wp-content\/uploads\/2024\/11\/songte-company-1.webp\" alt=\"Image de l&#039;entreprise\"><\/p>\n<h3>Professionnalisme<\/h3>\n<p>Notre entreprise dispose d'une \u00e9quipe d'ing\u00e9nieurs exp\u00e9riment\u00e9s et professionnels qui d\u00e9veloppent, con\u00e7oivent et fabriquent des v\u00e9rins hydrauliques en fonction des besoins et des sp\u00e9cifications des clients.<\/p>\n<h3>Certification internationale<\/h3>\n<p>Nos produits ont obtenu des certifications internationales telles que ISO9001, CE et SGS, attestant qu'ils r\u00e9pondent aux normes et exigences de l'industrie.<\/p>\n<h3>Services de personnalisation<\/h3>\n<p>Nous proposons des services de personnalisation pour r\u00e9pondre aux besoins sp\u00e9cifiques de nos clients et garantir leur satisfaction.<\/p>\n<h3>\u00c9quipement de production<\/h3>\n<p>Notre entreprise utilise des \u00e9quipements de production de pointe, tels que des centres d'usinage CNC, afin de garantir la qualit\u00e9 et l'efficacit\u00e9 de ses produits.<\/p>\n<h3>Service apr\u00e8s-vente<\/h3>\n<p>Nous offrons \u00e0 nos clients un excellent service apr\u00e8s-vente, comprenant notamment une assistance technique, des services de r\u00e9paration et de maintenance, afin de garantir le bon fonctionnement de nos produits.<\/p>\n<p><img decoding=\"async\" src=\"https:\/\/www.hydraulic-cylinders.net\/wp-content\/uploads\/2025\/01\/songte-company-3.webp\" alt=\"Image de l&#039;entreprise\"><\/p>\n<p>Auteur : lyl<\/p>","protected":false},"excerpt":{"rendered":"<p>Bucket Cylinder For Bobcat Small Excavator E63 Introduction The Bucket Cylinder for Bobcat Small Excavator E63 is a specialized hydraulic cylinder designed to control the movement of the bucket in heavy machinery such as excavators, backhoes, and loaders. Its main function is to allow the bucket to lift, lower, and tilt, making it easier to [&hellip;]<\/p>","protected":false},"featured_media":14787,"comment_status":"open","ping_status":"closed","template":"","meta":{"_et_pb_use_builder":"","_et_pb_old_content":"","_et_gb_content_width":""},"product_brand":[],"product_cat":[1494],"product_tag":[1495,1496],"class_list":{"0":"post-15689","1":"product","2":"type-product","3":"status-publish","4":"has-post-thumbnail","6":"product_cat-bucket-cylinders","7":"product_tag-bucket-cylinders","8":"product_tag-hydraulic-cylinders","10":"first","11":"instock","12":"shipping-taxable","13":"product-type-simple"},"amp_enabled":true,"_links":{"self":[{"href":"https:\/\/www.hydraulic-cylinders.net\/fr\/wp-json\/wp\/v2\/product\/15689","targetHints":{"allow":["GET"]}}],"collection":[{"href":"https:\/\/www.hydraulic-cylinders.net\/fr\/wp-json\/wp\/v2\/product"}],"about":[{"href":"https:\/\/www.hydraulic-cylinders.net\/fr\/wp-json\/wp\/v2\/types\/product"}],"replies":[{"embeddable":true,"href":"https:\/\/www.hydraulic-cylinders.net\/fr\/wp-json\/wp\/v2\/comments?post=15689"}],"wp:featuredmedia":[{"embeddable":true,"href":"https:\/\/www.hydraulic-cylinders.net\/fr\/wp-json\/wp\/v2\/media\/14787"}],"wp:attachment":[{"href":"https:\/\/www.hydraulic-cylinders.net\/fr\/wp-json\/wp\/v2\/media?parent=15689"}],"wp:term":[{"taxonomy":"product_brand","embeddable":true,"href":"https:\/\/www.hydraulic-cylinders.net\/fr\/wp-json\/wp\/v2\/product_brand?post=15689"},{"taxonomy":"product_cat","embeddable":true,"href":"https:\/\/www.hydraulic-cylinders.net\/fr\/wp-json\/wp\/v2\/product_cat?post=15689"},{"taxonomy":"product_tag","embeddable":true,"href":"https:\/\/www.hydraulic-cylinders.net\/fr\/wp-json\/wp\/v2\/product_tag?post=15689"}],"curies":[{"name":"wp","href":"https:\/\/api.w.org\/{rel}","templated":true}]}}