{"id":15693,"date":"2025-01-19T14:51:10","date_gmt":"2025-01-19T14:51:10","guid":{"rendered":"https:\/\/www.hydraulic-cylinders.net\/product\/bucket-cylinder-for-bobcat-small-excavator-e45\/"},"modified":"2025-01-19T14:51:14","modified_gmt":"2025-01-19T14:51:14","slug":"bucket-cylinder-for-bobcat-small-excavator-e45","status":"publish","type":"product","link":"https:\/\/www.hydraulic-cylinders.net\/fr\/produit\/bucket-cylinder-for-bobcat-small-excavator-e45\/","title":{"rendered":"V\u00e9rin de godet pour mini-pelle Bobcat E45"},"content":{"rendered":"<h2>Introduction<\/h2>\n<h3>V\u00e9rin de godet pour mini-pelle Bobcat E45<\/h3>\n<p>Un v\u00e9rin de godet est un v\u00e9rin hydraulique sp\u00e9cialis\u00e9 servant principalement \u00e0 commander les mouvements du godet sur les engins de chantier tels que les pelles hydrauliques, les chargeuses-pelleteuses et les chargeuses frontales. Sa fonction principale est de permettre la lev\u00e9e, l'abaissement et l'inclinaison du godet, facilitant ainsi la manutention des mat\u00e9riaux. Dans le syst\u00e8me hydraulique, le v\u00e9rin de godet utilise la variation de pression de l'huile hydraulique pour contr\u00f4ler pr\u00e9cis\u00e9ment le godet, permettant aux op\u00e9rateurs de manipuler efficacement des charges lourdes et de s'adapter \u00e0 des environnements de travail complexes et \u00e0 des besoins op\u00e9rationnels vari\u00e9s.<\/p>\n<p><img decoding=\"async\" src=\"https:\/\/www.hydraulic-cylinders.net\/wp-content\/uploads\/2025\/01\/songte-company-2.webp\"\/><\/p>\n<h2>Caract\u00e9ristiques<\/h2>\n<ul>\n<li>Haute r\u00e9sistance et durabilit\u00e9 : G\u00e9n\u00e9ralement fabriqu\u00e9 en acier ou en aluminium \u00e0 haute r\u00e9sistance, il peut supporter une pression \u00e9lev\u00e9e et des charges importantes, s'adapter aux environnements de travail difficiles et est con\u00e7u pour r\u00e9sister \u00e0 l'usure et \u00e0 la corrosion afin de prolonger sa dur\u00e9e de vie.<\/li>\n<li>Fonctionnement hydraulique efficace : Un mouvement d'extension et de r\u00e9traction fluide est obtenu gr\u00e2ce \u00e0 la pression de l'huile hydraulique, permettant une r\u00e9ponse rapide aux commandes et fournissant une force de pouss\u00e9e\/traction puissante, adapt\u00e9e \u00e0 la manutention d'objets lourds et \u00e0 des t\u00e2ches op\u00e9rationnelles complexes.<\/li>\n<li>Diff\u00e9rents types de v\u00e9rins sont disponibles\u00a0: \u00e0 simple effet (fonctionnant dans un seul sens) ou \u00e0 double effet (fonctionnant dans les deux sens), ils peuvent \u00eatre s\u00e9lectionn\u00e9s en fonction des besoins op\u00e9rationnels. Certains mod\u00e8les sont t\u00e9lescopiques, permettant une plus grande extension sans augmentation des dimensions ext\u00e9rieures, ce qui les rend particuli\u00e8rement adapt\u00e9s aux espaces restreints.<\/li>\n<li>Remplacement direct : Notre produit peut parfaitement remplacer ces v\u00e9rins hydrauliques.<\/li>\n<\/ul>\n<p><img decoding=\"async\" src=\"https:\/\/www.hydraulic-cylinders.net\/wp-content\/uploads\/2025\/01\/songte-cylinder-head-with-all-kinds-excavator-models.webp\"\/><\/p>\n<h2>Applications<\/h2>\n<p>Le v\u00e9rin \u00e0 godet est principalement utilis\u00e9 dans les applications suivantes\u00a0:<\/p>\n<ul>\n<li>Mat\u00e9riel de construction\u00a0: Sur les excavatrices, les v\u00e9rins sont indispensables pour creuser, charger et d\u00e9placer la terre ou les d\u00e9bris. Sur les pelles r\u00e9tro, le v\u00e9rin du godet sert \u00e0 la fois au creusement et au levage. Sur les chargeuses frontales, ils facilitent le levage et le basculement des mat\u00e9riaux.<\/li>\n<li>Machines agricoles\u00a0: Utilis\u00e9 dans les chargeuses frontales, pour ramasser, soulever et transporter de la terre, du foin et d\u2019autres mat\u00e9riaux, excavatrices\u00a0: Le v\u00e9rin du godet permet l\u2019action de creuser en permettant au godet de p\u00e9n\u00e9trer dans le sol. <\/li>\n<\/ul>\n<p>Vous trouverez ci-dessous quelques exemples pr\u00e9cis de l'utilisation des v\u00e9rins de godet dans ces applications\u00a0:<\/p>\n<ul>\n<li>Engins de chantier\u00a0: Sur les pelles hydrauliques, le v\u00e9rin de godet permet de lever et d\u2019incliner le godet, assurant ainsi une meilleure pr\u00e9cision et un contr\u00f4le accru lors de la manutention des mat\u00e9riaux. Sur les pelles r\u00e9tro, le v\u00e9rin de godet participe aux op\u00e9rations de creusement et de levage. Sur les chargeuses frontales, il contribue \u00e0 lever et \u00e0 incliner efficacement les charges.<\/li>\n<li>Machines agricoles\u00a0: Sur les chargeuses frontales, le v\u00e9rin du godet permet de ramasser, de soulever et de transporter la terre, le foin et autres mat\u00e9riaux. Sur les pelles hydrauliques, le v\u00e9rin du godet assure le creusement en permettant au godet de p\u00e9n\u00e9trer dans le sol.<\/li>\n<\/ul>\n<h2>Consid\u00e9rations de conception et crit\u00e8res de s\u00e9lection<\/h2>\n<p>Lors du choix des v\u00e9rins de godet, il est essentiel de pr\u00eater attention aux consid\u00e9rations de conception et aux crit\u00e8res de s\u00e9lection suivants\u00a0:<\/p>\n<ul>\n<li>Capacit\u00e9 de charge : Le cylindre doit pouvoir supporter les charges et les forces sp\u00e9cifi\u00e9es.<\/li>\n<li>Propri\u00e9t\u00e9s d'\u00e9tanch\u00e9it\u00e9 : Une bonne \u00e9tanch\u00e9it\u00e9 est essentielle pour \u00e9viter les fuites d'huile et les dommages aux cylindres.<\/li>\n<li>Durabilit\u00e9 : Le cylindre doit pouvoir r\u00e9sister aux rigueurs d'une utilisation intensive et aux environnements difficiles.<\/li>\n<li>S\u00e9curit\u00e9 : Des dispositifs de s\u00e9curit\u00e9 doivent \u00eatre mis en place pour pr\u00e9venir les accidents ou les blessures pendant le fonctionnement.<\/li>\n<li>Facilit\u00e9 d'entretien\u00a0: Le cylindre doit \u00eatre facile \u00e0 entretenir et \u00e0 r\u00e9parer afin de minimiser les temps d'arr\u00eat et de r\u00e9duire les co\u00fbts.<\/li>\n<\/ul>\n<p><img decoding=\"async\" src=\"https:\/\/www.hydraulic-cylinders.net\/wp-content\/uploads\/2025\/01\/songte-oil-pipes-and-spare-parts.webp\"\/><\/p>\n<h2>\u00c9tanch\u00e9it\u00e9 et lubrification<\/h2>\n<p>Le v\u00e9rin du godet utilise diff\u00e9rents joints, tels que des joints de piston et des joints de tige, fabriqu\u00e9s en mat\u00e9riaux r\u00e9sistants \u00e0 l'usure comme le polyur\u00e9thane et le caoutchouc nitrile, afin de garantir une \u00e9tanch\u00e9it\u00e9 optimale. Le corps du v\u00e9rin et le filetage sont usin\u00e9s avec pr\u00e9cision pour une meilleure r\u00e9sistance \u00e0 l'usure. Un graissage r\u00e9gulier, avec ajout d'une quantit\u00e9 appropri\u00e9e d'huile hydraulique, permet de prolonger la dur\u00e9e de vie du v\u00e9rin.<\/p>\n<h2>Maintenance et d\u00e9pannage<\/h2>\n<p>Un entretien r\u00e9gulier est indispensable au bon fonctionnement des v\u00e9rins de godet. Les t\u00e2ches d'entretien courantes comprennent les inspections r\u00e9guli\u00e8res, la lubrification, le remplacement des joints et les contr\u00f4les d'\u00e9talonnage. Une installation, une lubrification et un r\u00e9glage corrects sont essentiels pour garantir le fonctionnement s\u00fbr et efficace du v\u00e9rin. Il est recommand\u00e9 d'utiliser des supports de fixation appropri\u00e9s pour maintenir le v\u00e9rin en place. Des proc\u00e9dures recommand\u00e9es pour l'inspection, la r\u00e9paration et le remplacement des composants sont \u00e9galement fournies afin d'optimiser la dur\u00e9e de vie du v\u00e9rin. <\/p>\n<p><img decoding=\"async\" src=\"https:\/\/www.hydraulic-cylinders.net\/wp-content\/uploads\/2025\/01\/songte-chushion-collar.webp\"\/><\/p>\n<h2>Consid\u00e9rations de s\u00e9curit\u00e9 et facteurs environnementaux<\/h2>\n<p>Lors de l'utilisation de v\u00e9rins pour godets, il est essentiel de respecter les consignes de s\u00e9curit\u00e9 afin de pr\u00e9venir les accidents et les blessures. Des dispositifs de s\u00e9curit\u00e9, tels que des soupapes de d\u00e9charge de pression, doivent \u00eatre install\u00e9s pour \u00e9viter les surcharges et r\u00e9duire les risques de d\u00e9faillance du v\u00e9rin. Les facteurs environnementaux, comme la temp\u00e9rature et l'humidit\u00e9, doivent \u00e9galement \u00eatre pris en compte, et des mesures appropri\u00e9es doivent \u00eatre mises en \u0153uvre pour garantir le bon fonctionnement du v\u00e9rin dans ces conditions.<\/p>\n<p><img decoding=\"async\" src=\"https:\/\/hzpt.com\/wp-content\/uploads\/2024\/11\/songte-company-1.webp\"\/><\/p>\n<h2>\u00c0 propos de nous<\/h2>\n<p>Nous sommes un fabricant de v\u00e9rins hydrauliques de remplacement offrant une gamme compl\u00e8te de produits. Nous figurons parmi les principaux fabricants et distributeurs de v\u00e9rins hydrauliques sur les march\u00e9s nationaux et internationaux. Notre entreprise s'engage \u00e0 fournir une qualit\u00e9 irr\u00e9prochable et s'appuie sur une strat\u00e9gie de production industrialis\u00e9e au sein d'un atelier de fabrication moderne. Nous optimisons constamment notre plateforme de production gr\u00e2ce \u00e0 l'expertise de nos techniciens, \u00e0 l'utilisation d'\u00e9quipements num\u00e9riques de pointe et \u00e0 des syst\u00e8mes de contr\u00f4le qualit\u00e9 professionnels, afin de garantir une qualit\u00e9 optimale de nos produits. Notre forte capacit\u00e9 de production nous permet de r\u00e9pondre aux besoins vari\u00e9s de nos clients en alliant efficacit\u00e9, pr\u00e9cision et qualit\u00e9.<\/p>\n<p>Notre entreprise propose des services professionnels, des certifications internationales, des services de production personnalis\u00e9s, des \u00e9quipements de production de pointe et un service apr\u00e8s-vente. <\/p>\n<p><img decoding=\"async\" src=\"https:\/\/www.hydraulic-cylinders.net\/wp-content\/uploads\/2025\/01\/songte-company-3.webp\"\/><\/p>\n<p>Auteur : lyl.<\/p>","protected":false},"excerpt":{"rendered":"<p>Introduction Bucket Cylinder For Bobcat Small Excavator E45 A bucket cylinder is a specialized hydraulic cylinder primarily used to control the movement of buckets in heavy machinery such as excavators, backhoe excavators, and front loaders. Its main function is to enable the bucket to be lifted, lowered, and tilted, making material handling tasks easier. In [&hellip;]<\/p>","protected":false},"featured_media":14780,"comment_status":"open","ping_status":"closed","template":"","meta":{"_et_pb_use_builder":"","_et_pb_old_content":"","_et_gb_content_width":""},"product_brand":[],"product_cat":[1494],"product_tag":[1495,1496],"class_list":{"0":"post-15693","1":"product","2":"type-product","3":"status-publish","4":"has-post-thumbnail","6":"product_cat-bucket-cylinders","7":"product_tag-bucket-cylinders","8":"product_tag-hydraulic-cylinders","10":"first","11":"instock","12":"shipping-taxable","13":"product-type-simple"},"amp_enabled":true,"_links":{"self":[{"href":"https:\/\/www.hydraulic-cylinders.net\/fr\/wp-json\/wp\/v2\/product\/15693","targetHints":{"allow":["GET"]}}],"collection":[{"href":"https:\/\/www.hydraulic-cylinders.net\/fr\/wp-json\/wp\/v2\/product"}],"about":[{"href":"https:\/\/www.hydraulic-cylinders.net\/fr\/wp-json\/wp\/v2\/types\/product"}],"replies":[{"embeddable":true,"href":"https:\/\/www.hydraulic-cylinders.net\/fr\/wp-json\/wp\/v2\/comments?post=15693"}],"wp:featuredmedia":[{"embeddable":true,"href":"https:\/\/www.hydraulic-cylinders.net\/fr\/wp-json\/wp\/v2\/media\/14780"}],"wp:attachment":[{"href":"https:\/\/www.hydraulic-cylinders.net\/fr\/wp-json\/wp\/v2\/media?parent=15693"}],"wp:term":[{"taxonomy":"product_brand","embeddable":true,"href":"https:\/\/www.hydraulic-cylinders.net\/fr\/wp-json\/wp\/v2\/product_brand?post=15693"},{"taxonomy":"product_cat","embeddable":true,"href":"https:\/\/www.hydraulic-cylinders.net\/fr\/wp-json\/wp\/v2\/product_cat?post=15693"},{"taxonomy":"product_tag","embeddable":true,"href":"https:\/\/www.hydraulic-cylinders.net\/fr\/wp-json\/wp\/v2\/product_tag?post=15693"}],"curies":[{"name":"wp","href":"https:\/\/api.w.org\/{rel}","templated":true}]}}