{"id":15695,"date":"2025-01-19T14:51:21","date_gmt":"2025-01-19T14:51:21","guid":{"rendered":"https:\/\/www.hydraulic-cylinders.net\/product\/bucket-cylinder-for-bobcat-small-excavator-e85\/"},"modified":"2025-01-19T14:51:23","modified_gmt":"2025-01-19T14:51:23","slug":"bucket-cylinder-for-bobcat-small-excavator-e85","status":"publish","type":"product","link":"https:\/\/www.hydraulic-cylinders.net\/fr\/produit\/bucket-cylinder-for-bobcat-small-excavator-e85\/","title":{"rendered":"V\u00e9rin de godet pour mini-pelle Bobcat E85"},"content":{"rendered":"<h1>V\u00e9rin de godet pour mini-pelle Bobcat E85<\/h1>\n<h2>Introduction<\/h2>\n<p>Le v\u00e9rin de godet de la mini-pelle Bobcat E85 est un v\u00e9rin hydraulique sp\u00e9cialement con\u00e7u pour contr\u00f4ler les mouvements du godet sur les engins de chantier tels que les pelles hydrauliques, les pelles r\u00e9tro et les chargeuses frontales. Sa fonction principale est de permettre la lev\u00e9e, l'abaissement et l'inclinaison du godet, facilitant ainsi diverses op\u00e9rations de manutention. Au sein du syst\u00e8me hydraulique, le v\u00e9rin de godet assure un contr\u00f4le pr\u00e9cis des mouvements du godet gr\u00e2ce \u00e0 la variation de pression de l'huile hydraulique, permettant aux op\u00e9rateurs de manipuler efficacement des charges lourdes et de s'adapter \u00e0 des environnements de travail complexes et \u00e0 des besoins op\u00e9rationnels vari\u00e9s.<\/p>\n<p><img decoding=\"async\" src=\"https:\/\/www.hydraulic-cylinders.net\/wp-content\/uploads\/2025\/01\/songte-company-2.webp\" alt=\"Image du cylindre du godet\"><\/p>\n<h2>Caract\u00e9ristiques<\/h2>\n<ul>\n<li>Haute r\u00e9sistance et durabilit\u00e9 : g\u00e9n\u00e9ralement fabriqu\u00e9 en acier ou en aluminium \u00e0 haute r\u00e9sistance, il peut supporter une pression \u00e9lev\u00e9e et des charges importantes, s'adapter aux environnements de travail difficiles et est con\u00e7u pour r\u00e9sister \u00e0 l'usure et \u00e0 la corrosion, prolongeant ainsi sa dur\u00e9e de vie.<\/li>\n<li>Fonctionnement hydraulique efficace\u00a0: des mouvements d\u2019extension et de contraction fluides sont obtenus gr\u00e2ce \u00e0 la pression de l\u2019huile hydraulique, fournissant une force de pouss\u00e9e et de traction puissante, adapt\u00e9e \u00e0 la manutention de charges lourdes et \u00e0 des t\u00e2ches de travail complexes.<\/li>\n<li>Diff\u00e9rents types\u00a0: des v\u00e9rins \u00e0 simple effet (fonctionnement hydraulique dans un seul sens) ou \u00e0 double effet (fonctionnement hydraulique dans les deux sens) peuvent \u00eatre s\u00e9lectionn\u00e9s en fonction des besoins op\u00e9rationnels. Certains mod\u00e8les sont t\u00e9lescopiques, ce qui permet une plus grande extension sans augmenter l\u2019encombrement ext\u00e9rieur et convient aux applications o\u00f9 l\u2019espace est limit\u00e9.<\/li>\n<li>Peut \u00eatre utilis\u00e9 comme remplacement id\u00e9al pour d'autres v\u00e9rins hydrauliques.<\/li>\n<\/ul>\n<p><img decoding=\"async\" src=\"https:\/\/www.hydraulic-cylinders.net\/wp-content\/uploads\/2025\/01\/songte-cylinder-head-with-all-kinds-excavator-models.webp\" alt=\"Image de remplacement du v\u00e9rin hydraulique\"><\/p>\n<h2>Applications<\/h2>\n<p>Le v\u00e9rin de godet pour la petite pelle Bobcat E85 est largement utilis\u00e9 dans divers secteurs industriels, notamment\u00a0:<\/p>\n<ul>\n<li>Mat\u00e9riel de construction\u00a0: Sur les excavatrices, les v\u00e9rins sont essentiels pour creuser, charger et d\u00e9placer la terre ou les d\u00e9bris. Sur les pelles r\u00e9trocaveuses, le v\u00e9rin du godet contribue \u00e0 la fois au creusement et au levage. <\/li>\n<li>Machines agricoles : Utilis\u00e9es pour les chargeuses frontales, pour creuser, soulever et transporter la terre, le foin et autres mat\u00e9riaux. <\/li>\n<li>Excavatrices : Le v\u00e9rin du godet assure l'action de creusement en permettant au godet de p\u00e9n\u00e9trer dans le sol. <\/li>\n<li>Chargeurs : Ils permettent de lever et de d\u00e9charger efficacement les marchandises dans les chargeuses frontales. <\/li>\n<\/ul>\n<h2>Consid\u00e9rations de conception et crit\u00e8res de s\u00e9lection<\/h2>\n<p>Le v\u00e9rin de godet pour la petite pelle Bobcat E85 est con\u00e7u en tenant compte de consid\u00e9rations cl\u00e9s telles que la capacit\u00e9 de charge, l'\u00e9tanch\u00e9it\u00e9, la durabilit\u00e9, la s\u00e9curit\u00e9 et la facilit\u00e9 d'entretien. <\/p>\n<ul>\n<li>Capacit\u00e9 de charge : Le cylindre doit pouvoir r\u00e9sister \u00e0 une pression \u00e9lev\u00e9e et \u00e0 des charges importantes, ce qui rend imp\u00e9ratif qu'il soit fabriqu\u00e9 \u00e0 partir de mat\u00e9riaux \u00e0 haute r\u00e9sistance.<\/li>\n<li>\u00c9tanch\u00e9it\u00e9 : Diverses pi\u00e8ces d'\u00e9tanch\u00e9it\u00e9, telles que les bagues d'\u00e9tanch\u00e9it\u00e9 de piston et les bagues d'\u00e9tanch\u00e9it\u00e9 de tige, doivent \u00eatre fabriqu\u00e9es dans des mat\u00e9riaux r\u00e9sistants \u00e0 l'usure comme le polyur\u00e9thane et le caoutchouc nitrile pour garantir leur long\u00e9vit\u00e9.<\/li>\n<li>Durabilit\u00e9 : Le corps du cylindre et les surfaces d'extr\u00e9mit\u00e9 filet\u00e9es doivent subir un traitement de pr\u00e9cision afin d'am\u00e9liorer la r\u00e9sistance \u00e0 l'usure et de limiter la corrosion. <\/li>\n<li>S\u00e9curit\u00e9 : Les consignes de s\u00e9curit\u00e9 relatives \u00e0 l'installation et \u00e0 l'utilisation doivent \u00eatre respect\u00e9es afin de r\u00e9duire les risques et de pr\u00e9venir les accidents. <\/li>\n<li>Maintenance : L'inspection r\u00e9guli\u00e8re, la lubrification et le remplacement des pi\u00e8ces us\u00e9es sont essentiels pour maintenir les performances optimales du cylindre et prolonger sa dur\u00e9e de vie. <\/li>\n<\/ul>\n<p><img decoding=\"async\" src=\"https:\/\/www.hydraulic-cylinders.net\/wp-content\/uploads\/2025\/01\/songte-oil-pipes-and-spare-parts.webp\" alt=\"Pi\u00e8ces de rechange pour v\u00e9rins hydrauliques\"><\/p>\n<h2>\u00c9tanch\u00e9it\u00e9 et lubrification<\/h2>\n<p>Le v\u00e9rin de godet de la mini-pelle Bobcat E85 est \u00e9quip\u00e9 de divers joints d'\u00e9tanch\u00e9it\u00e9, tels que des bagues d'\u00e9tanch\u00e9it\u00e9 de piston et de tige, fabriqu\u00e9s en mat\u00e9riaux r\u00e9sistants \u00e0 l'usure comme le polyur\u00e9thane et le caoutchouc nitrile. Le corps du v\u00e9rin et les surfaces filet\u00e9es sont usin\u00e9s avec pr\u00e9cision pour une meilleure r\u00e9sistance \u00e0 l'usure et une protection accrue contre la corrosion. Une lubrification r\u00e9guli\u00e8re avec une huile hydraulique adapt\u00e9e est indispensable pour garantir des performances optimales et prolonger la dur\u00e9e de vie du v\u00e9rin. <\/p>\n<h2>Entretien et r\u00e9paration<\/h2>\n<p>L'inspection r\u00e9guli\u00e8re, la lubrification et le remplacement des pi\u00e8ces us\u00e9es sont essentiels pour maintenir les performances optimales du v\u00e9rin et prolonger sa dur\u00e9e de vie. Les t\u00e2ches d'entretien courantes comprennent une installation correcte, une lubrification r\u00e9guli\u00e8re, le remplacement des joints et des contr\u00f4les d'\u00e9talonnage. Une installation, une lubrification et un r\u00e9glage corrects sont indispensables pour r\u00e9duire les risques de probl\u00e8mes. L'utilisation de supports de fixation appropri\u00e9s est recommand\u00e9e pour maintenir le v\u00e9rin en place.<\/p>\n<p><img decoding=\"async\" src=\"https:\/\/www.hydraulic-cylinders.net\/wp-content\/uploads\/2025\/01\/songte-chushion-collar.webp\" alt=\"Collier d&#039;amortisseur pour v\u00e9rin hydraulique\"><\/p>\n<h2>Consid\u00e9rations de s\u00e9curit\u00e9 et facteurs environnementaux<\/h2>\n<p>Lors de l'utilisation du v\u00e9rin de godet, il est imp\u00e9ratif de respecter les consignes de s\u00e9curit\u00e9, notamment les instructions d'installation et d'utilisation, afin de r\u00e9duire les risques et de pr\u00e9venir les accidents. Les facteurs environnementaux, tels que la temp\u00e9rature, l'humidit\u00e9 et la poussi\u00e8re, doivent \u00eatre pris en compte pour garantir un fonctionnement optimal. <\/p>\n<h2>D\u00e9pannage et probl\u00e8mes connus<\/h2>\n<p>Les probl\u00e8mes courants pouvant survenir incluent les fuites, les joints us\u00e9s ou endommag\u00e9s, la d\u00e9formation des cylindres et les boulons cass\u00e9s. Des conseils et des solutions de d\u00e9pannage sont disponibles pour vous aider \u00e0 diagnostiquer et \u00e0 r\u00e9soudre efficacement ces probl\u00e8mes. Des mesures pr\u00e9ventives, telles que l'inspection et l'entretien r\u00e9guliers, peuvent contribuer \u00e0 r\u00e9duire les risques de probl\u00e8mes. <\/p>\n<p><img decoding=\"async\" src=\"https:\/\/www.hydraulic-cylinders.net\/wp-content\/uploads\/2025\/01\/songte-bushings-with-all-kinds-of-excavator-models.webp\" alt=\"Douilles de v\u00e9rin hydraulique\"><\/p>\n<h2>\u00c0 propos de notre entreprise<\/h2>\n<p>Nous sommes un fabricant et distributeur de premier plan de v\u00e9rins hydrauliques, offrant une gamme compl\u00e8te de produits pour les march\u00e9s nationaux et internationaux. Nous respectons les normes de qualit\u00e9 les plus strictes et nous appuyons sur des strat\u00e9gies de gestion de la production industrialis\u00e9e, soutenues par une \u00e9quipe technique comp\u00e9tente, des \u00e9quipements de fabrication num\u00e9riques de pointe et des syst\u00e8mes de test professionnels. Nous am\u00e9liorons constamment nos plateformes de production afin d'atteindre un haut niveau d'efficacit\u00e9, de pr\u00e9cision et de qualit\u00e9, et de r\u00e9pondre aux besoins vari\u00e9s de nos clients. <\/p>\n<ul>\n<li>Professionnalisme : Nous disposons d'une \u00e9quipe de professionnels exp\u00e9riment\u00e9s et d\u00e9vou\u00e9s, engag\u00e9s \u00e0 fournir des v\u00e9rins hydrauliques de haute qualit\u00e9. <\/li>\n<li>Certifications internationales\u00a0: Nos produits ont obtenu les certifications ISO, CE et autres certifications internationales, garantissant leur qualit\u00e9 et leur fiabilit\u00e9. <\/li>\n<li>Personnalisation : Nous proposons des services personnalis\u00e9s pour r\u00e9pondre aux besoins sp\u00e9cifiques de nos clients, notamment la conception sur mesure, la s\u00e9lection des mat\u00e9riaux et les tests de produits. <\/li>\n<li>\u00c9quipements de production : Nous utilisons des \u00e9quipements de fabrication de pointe pour produire efficacement des v\u00e9rins hydrauliques de haute qualit\u00e9. <\/li>\n<li>Service apr\u00e8s-vente\u00a0: Nous proposons des services apr\u00e8s-vente complets, incluant le remplacement de pi\u00e8ces et la remise en \u00e9tat, afin de prolonger la dur\u00e9e de vie et d\u2019am\u00e9liorer les performances de nos produits. <\/li>\n<\/ul>\n<p><img decoding=\"async\" src=\"https:\/\/hzpt.com\/wp-content\/uploads\/2024\/11\/songte-company-1.webp\" alt=\"Image d&#039;usine de v\u00e9rins hydrauliques\"><\/p>\n<p>Auteur : lyl<\/p>","protected":false},"excerpt":{"rendered":"<p>Bucket Cylinder For Bobcat Small Excavator E85 Introduction The bucket cylinder for Bobcat small excavator E85 is a specially designed hydraulic cylinder used to control bucket movement in heavy machinery, such as excavators, backhoe excavators, and front-end loaders. Its main function is to enable the bucket to lift, lower, and tilt, making it easier for [&hellip;]<\/p>","protected":false},"featured_media":14776,"comment_status":"open","ping_status":"closed","template":"","meta":{"_et_pb_use_builder":"","_et_pb_old_content":"","_et_gb_content_width":""},"product_brand":[],"product_cat":[1494],"product_tag":[1495,1496],"class_list":{"0":"post-15695","1":"product","2":"type-product","3":"status-publish","4":"has-post-thumbnail","6":"product_cat-bucket-cylinders","7":"product_tag-bucket-cylinders","8":"product_tag-hydraulic-cylinders","10":"first","11":"instock","12":"shipping-taxable","13":"product-type-simple"},"amp_enabled":true,"_links":{"self":[{"href":"https:\/\/www.hydraulic-cylinders.net\/fr\/wp-json\/wp\/v2\/product\/15695","targetHints":{"allow":["GET"]}}],"collection":[{"href":"https:\/\/www.hydraulic-cylinders.net\/fr\/wp-json\/wp\/v2\/product"}],"about":[{"href":"https:\/\/www.hydraulic-cylinders.net\/fr\/wp-json\/wp\/v2\/types\/product"}],"replies":[{"embeddable":true,"href":"https:\/\/www.hydraulic-cylinders.net\/fr\/wp-json\/wp\/v2\/comments?post=15695"}],"wp:featuredmedia":[{"embeddable":true,"href":"https:\/\/www.hydraulic-cylinders.net\/fr\/wp-json\/wp\/v2\/media\/14776"}],"wp:attachment":[{"href":"https:\/\/www.hydraulic-cylinders.net\/fr\/wp-json\/wp\/v2\/media?parent=15695"}],"wp:term":[{"taxonomy":"product_brand","embeddable":true,"href":"https:\/\/www.hydraulic-cylinders.net\/fr\/wp-json\/wp\/v2\/product_brand?post=15695"},{"taxonomy":"product_cat","embeddable":true,"href":"https:\/\/www.hydraulic-cylinders.net\/fr\/wp-json\/wp\/v2\/product_cat?post=15695"},{"taxonomy":"product_tag","embeddable":true,"href":"https:\/\/www.hydraulic-cylinders.net\/fr\/wp-json\/wp\/v2\/product_tag?post=15695"}],"curies":[{"name":"wp","href":"https:\/\/api.w.org\/{rel}","templated":true}]}}