{"id":15698,"date":"2025-01-19T14:51:33","date_gmt":"2025-01-19T14:51:33","guid":{"rendered":"https:\/\/www.hydraulic-cylinders.net\/product\/bucket-cylinder-for-der-der323-8h\/"},"modified":"2025-01-19T14:51:35","modified_gmt":"2025-01-19T14:51:35","slug":"bucket-cylinder-for-der-der323-8h","status":"publish","type":"product","link":"https:\/\/www.hydraulic-cylinders.net\/fr\/produit\/bucket-cylinder-for-der-der323-8h\/","title":{"rendered":"Cylindre de godet pour DER DER323-8H"},"content":{"rendered":"<h2>Introduction<\/h2>\n<p>Le v\u00e9rin de godet DER323-8H est un v\u00e9rin hydraulique sp\u00e9cialis\u00e9 con\u00e7u pour la commande des godets d'engins de chantier tels que les pelles hydrauliques, les chargeuses-pelleteuses et les chargeuses frontales. Sa fonction principale est de permettre la lev\u00e9e, l'abaissement et l'inclinaison du godet, facilitant ainsi diverses op\u00e9rations de manutention. Au sein du syst\u00e8me hydraulique, le v\u00e9rin de godet assure un contr\u00f4le pr\u00e9cis du godet gr\u00e2ce \u00e0 la variation de la pression d'huile hydraulique, permettant aux op\u00e9rateurs de manipuler efficacement des charges lourdes et de s'adapter \u00e0 des environnements de travail complexes et \u00e0 des exigences vari\u00e9es.<\/p>\n<p><img decoding=\"async\" src=\"https:\/\/www.hydraulic-cylinders.net\/wp-content\/uploads\/2025\/01\/songte-company-2.webp\" alt=\"Image du cylindre du godet\"><\/p>\n<h2>Caract\u00e9ristiques<\/h2>\n<ul>\n<li><strong>Haute r\u00e9sistance et durabilit\u00e9 :<\/strong> Fabriqu\u00e9 g\u00e9n\u00e9ralement en acier haute r\u00e9sistance ou en aluminium, le v\u00e9rin du godet supporte les hautes pressions et les charges importantes, s'adaptant ainsi aux environnements de travail difficiles. Sa conception assure une r\u00e9sistance \u00e0 l'usure et \u00e0 la corrosion, prolongeant sa dur\u00e9e de vie.<\/li>\n<li><strong>Fonctionnement hydraulique efficace :<\/strong> Gr\u00e2ce \u00e0 la pression de l'huile hydraulique, le v\u00e9rin du godet assure une extension et une r\u00e9traction fluides, permettant une r\u00e9ponse rapide aux commandes et fournissant une force de pouss\u00e9e et de traction importante. Il est adapt\u00e9 \u00e0 la manutention de charges lourdes et aux t\u00e2ches complexes.<\/li>\n<li><strong>Diff\u00e9rents types :<\/strong> Le v\u00e9rin du godet peut \u00eatre choisi en version simple effet (force hydraulique appliqu\u00e9e dans un seul sens) ou double effet (force hydraulique appliqu\u00e9e dans les deux sens), selon les besoins. Certains mod\u00e8les sont t\u00e9lescopiques, ce qui permet une plus grande extension sans augmenter les dimensions ext\u00e9rieures et les rend id\u00e9aux pour les applications dans des espaces restreints.<\/li>\n<li><strong>Remplacement du produit\u00a0:<\/strong> Nos produits peuvent parfaitement remplacer ces v\u00e9rins hydrauliques.<\/li>\n<\/ul>\n<p><img decoding=\"async\" src=\"https:\/\/www.hydraulic-cylinders.net\/wp-content\/uploads\/2025\/01\/songte-cylinder-head-with-all-kinds-excavator-models.webp\" alt=\"Image de remplacement du produit\"><\/p>\n<h2>Applications<\/h2>\n<ul>\n<li><strong>\u00c9quipement de construction :<\/strong> Pr\u00e9sents sur les excavatrices, ils sont indispensables pour l'excavation, le chargement et le d\u00e9placement de terre ou de d\u00e9bris. Sur les chargeuses-pelleteuses, le v\u00e9rin du godet contribue \u00e0 la fois au creusement et au levage.<\/li>\n<li><strong>Machines agricoles :<\/strong> Utilis\u00e9 sur les chargeuses frontales pour creuser, soulever et transporter de la terre, du foin et d'autres mat\u00e9riaux.<\/li>\n<li><strong>Excavateurs:<\/strong> Le v\u00e9rin du godet permet des actions de creusement en permettant au godet de p\u00e9n\u00e9trer le sol.<\/li>\n<li><strong>Chargeuses frontales :<\/strong> Dans les chargeuses frontales, elles contribuent \u00e0 lever et \u00e0 d\u00e9charger efficacement les marchandises.<\/li>\n<\/ul>\n<h2>Consid\u00e9rations de conception et crit\u00e8res de s\u00e9lection<\/h2>\n<ul>\n<li><strong>Capacit\u00e9 portante :<\/strong> Discutez de la capacit\u00e9 du cylindre \u00e0 supporter des charges et de l'importance de choisir la capacit\u00e9 de charge appropri\u00e9e pour l'application.<\/li>\n<li><strong>Scellage:<\/strong> \u00c9tudiez l'utilisation de divers composants d'\u00e9tanch\u00e9it\u00e9, tels que les joints de piston et les joints de tige, fabriqu\u00e9s \u00e0 partir de mat\u00e9riaux r\u00e9sistants \u00e0 l'usure comme le polyur\u00e9thane et le caoutchouc nitrile. Discutez de l'importance d'un traitement de surface pr\u00e9cis du corps du cylindre et des extr\u00e9mit\u00e9s filet\u00e9es pour am\u00e9liorer la r\u00e9sistance \u00e0 l'usure.<\/li>\n<li><strong>Durabilit\u00e9:<\/strong> Mettez en avant la durabilit\u00e9 du produit, en soulignant sa capacit\u00e9 \u00e0 r\u00e9sister \u00e0 des conditions de travail exigeantes.<\/li>\n<li><strong>S\u00e9curit\u00e9:<\/strong> Discuter des aspects de s\u00e9curit\u00e9 li\u00e9s \u00e0 la conception, en veillant \u00e0 ce que le cylindre r\u00e9ponde aux normes et directives de s\u00e9curit\u00e9 pertinentes.<\/li>\n<li><strong>Maintenabilit\u00e9 :<\/strong> Discuter de la facilit\u00e9 d'entretien et de la disponibilit\u00e9 des pi\u00e8ces de rechange et des services de remise en \u00e9tat.<\/li>\n<\/ul>\n<p><img decoding=\"async\" src=\"https:\/\/www.hydraulic-cylinders.net\/wp-content\/uploads\/2025\/01\/songte-oil-pipes-and-spare-parts.webp\" alt=\"Consid\u00e9rations de conception Image\"><\/p>\n<h2>\u00c9tanch\u00e9it\u00e9 et lubrification<\/h2>\n<p>Le v\u00e9rin du godet utilise divers joints d'\u00e9tanch\u00e9it\u00e9, tels que des joints de piston et des joints de tige, fabriqu\u00e9s en mat\u00e9riaux r\u00e9sistants \u00e0 l'usure comme le polyur\u00e9thane et le caoutchouc nitrile. Le corps du v\u00e9rin et les surfaces d'extr\u00e9mit\u00e9 filet\u00e9es b\u00e9n\u00e9ficient d'un traitement de surface optimis\u00e9 pour une meilleure r\u00e9sistance \u00e0 l'usure. Une lubrification r\u00e9guli\u00e8re avec une huile hydraulique adapt\u00e9e est indispensable pour garantir un fonctionnement fluide et prolonger la dur\u00e9e de vie du v\u00e9rin.<\/p>\n<h2>Inspection r\u00e9guli\u00e8re et maintenance pr\u00e9ventive<\/h2>\n<ul>\n<li>Inspectez r\u00e9guli\u00e8rement le cylindre afin de d\u00e9tecter toute fuite, tout dommage ou toute usure. Remplacez rapidement toute pi\u00e8ce d\u00e9fectueuse.<\/li>\n<li>Assurez-vous de la bonne lubrification de toutes les pi\u00e8ces mobiles et des joints.<\/li>\n<li>Contr\u00f4lez et remplacez p\u00e9riodiquement les joints d'\u00e9tanch\u00e9it\u00e9 afin de maintenir des performances optimales et d'\u00e9viter les fuites d'huile.<\/li>\n<li>Effectuez des contr\u00f4les d\u2019\u00e9talonnage pour garantir un fonctionnement pr\u00e9cis.<\/li>\n<\/ul>\n<p><img decoding=\"async\" src=\"https:\/\/www.hydraulic-cylinders.net\/wp-content\/uploads\/2025\/01\/songte-chushion-collar.webp\" alt=\"Image d&#039;inspection r\u00e9guli\u00e8re\"><\/p>\n<h2>Consid\u00e9rations de s\u00e9curit\u00e9 et facteurs environnementaux<\/h2>\n<p>Lors de l'utilisation du v\u00e9rin de godet, il est essentiel de respecter les consignes de s\u00e9curit\u00e9 afin de pr\u00e9venir les accidents. Ces consignes comprennent une formation ad\u00e9quate, le port d'\u00e9quipements de protection individuelle et le respect des consignes de s\u00e9curit\u00e9. De plus, la prise en compte des facteurs environnementaux permet d'optimiser les performances du v\u00e9rin dans des conditions variables.<\/p>\n<h2>Diagnostic des pannes et probl\u00e8mes courants<\/h2>\n<p>Ce document d\u00e9crit les pannes courantes pouvant affecter le v\u00e9rin du godet et propose des conseils et des solutions de d\u00e9pannage pour aider les lecteurs \u00e0 diagnostiquer et r\u00e9soudre efficacement les probl\u00e8mes. Il insiste sur les mesures pr\u00e9ventives permettant de minimiser les risques.<\/p>\n<p><img decoding=\"async\" src=\"https:\/\/www.hydraulic-cylinders.net\/wp-content\/uploads\/2025\/01\/songte-bushings-with-all-kinds-of-excavator-models.webp\" alt=\"Image de diagnostic des pannes\"><\/p>\n<h2>Conclusion<\/h2>\n<p>En conclusion, notre entreprise est un fabricant et distributeur de premier plan de v\u00e9rins hydrauliques sur les march\u00e9s nationaux et internationaux. Nous privil\u00e9gions l'excellence en mati\u00e8re de qualit\u00e9, en utilisant des installations de production de pointe et des syst\u00e8mes de contr\u00f4le professionnels afin de garantir les normes les plus exigeantes. Notre engagement envers l'efficacit\u00e9, la pr\u00e9cision et la qualit\u00e9 nous permet de r\u00e9pondre aux besoins vari\u00e9s de nos clients. Gr\u00e2ce \u00e0 une large gamme de produits, des certifications internationales, des services personnalis\u00e9s, des \u00e9quipements de production performants et un service apr\u00e8s-vente fiable, nous nous engageons \u00e0 fournir les meilleurs v\u00e9rins hydrauliques du march\u00e9.<\/p>\n<p><img decoding=\"async\" src=\"https:\/\/www.hydraulic-cylinders.net\/wp-content\/uploads\/2025\/01\/songte-company-3.webp\" alt=\"Image de l&#039;entreprise\"><\/p>\n<p>Auteur : lyl<\/p>","protected":false},"excerpt":{"rendered":"<p>Introduction The Bucket Cylinder For DER DER323-8H is a specialized hydraulic cylinder designed for controlling the movement of buckets in heavy machinery such as excavators, backhoe loaders, and front-end loaders. Its main function is to enable the lifting, lowering, and tilting of the bucket, making it convenient for various material handling tasks. In the hydraulic [&hellip;]<\/p>","protected":false},"featured_media":14769,"comment_status":"open","ping_status":"closed","template":"","meta":{"_et_pb_use_builder":"","_et_pb_old_content":"","_et_gb_content_width":""},"product_brand":[],"product_cat":[1494],"product_tag":[1495,1496],"class_list":{"0":"post-15698","1":"product","2":"type-product","3":"status-publish","4":"has-post-thumbnail","6":"product_cat-bucket-cylinders","7":"product_tag-bucket-cylinders","8":"product_tag-hydraulic-cylinders","10":"first","11":"instock","12":"shipping-taxable","13":"product-type-simple"},"amp_enabled":true,"_links":{"self":[{"href":"https:\/\/www.hydraulic-cylinders.net\/fr\/wp-json\/wp\/v2\/product\/15698","targetHints":{"allow":["GET"]}}],"collection":[{"href":"https:\/\/www.hydraulic-cylinders.net\/fr\/wp-json\/wp\/v2\/product"}],"about":[{"href":"https:\/\/www.hydraulic-cylinders.net\/fr\/wp-json\/wp\/v2\/types\/product"}],"replies":[{"embeddable":true,"href":"https:\/\/www.hydraulic-cylinders.net\/fr\/wp-json\/wp\/v2\/comments?post=15698"}],"wp:featuredmedia":[{"embeddable":true,"href":"https:\/\/www.hydraulic-cylinders.net\/fr\/wp-json\/wp\/v2\/media\/14769"}],"wp:attachment":[{"href":"https:\/\/www.hydraulic-cylinders.net\/fr\/wp-json\/wp\/v2\/media?parent=15698"}],"wp:term":[{"taxonomy":"product_brand","embeddable":true,"href":"https:\/\/www.hydraulic-cylinders.net\/fr\/wp-json\/wp\/v2\/product_brand?post=15698"},{"taxonomy":"product_cat","embeddable":true,"href":"https:\/\/www.hydraulic-cylinders.net\/fr\/wp-json\/wp\/v2\/product_cat?post=15698"},{"taxonomy":"product_tag","embeddable":true,"href":"https:\/\/www.hydraulic-cylinders.net\/fr\/wp-json\/wp\/v2\/product_tag?post=15698"}],"curies":[{"name":"wp","href":"https:\/\/api.w.org\/{rel}","templated":true}]}}