{"id":15708,"date":"2025-01-19T14:52:31","date_gmt":"2025-01-19T14:52:31","guid":{"rendered":"https:\/\/www.hydraulic-cylinders.net\/product\/bucket-cylinder-for-takeuchi-small-excavator-tb20r\/"},"modified":"2025-01-19T14:52:33","modified_gmt":"2025-01-19T14:52:33","slug":"bucket-cylinder-for-takeuchi-small-excavator-tb20r","status":"publish","type":"product","link":"https:\/\/www.hydraulic-cylinders.net\/fr\/produit\/bucket-cylinder-for-takeuchi-small-excavator-tb20r\/","title":{"rendered":"V\u00e9rin de godet pour mini-pelle Takeuchi TB20R"},"content":{"rendered":"<p><!DOCTYPE html><br \/>\n<html><br \/>\n<head><br \/>\n<title>V\u00e9rin de godet pour mini-pelle Takeuchi TB20R<\/title><br \/>\n<\/head><br \/>\n<body><\/p>\n<h1>V\u00e9rin de godet pour mini-pelle Takeuchi TB20R<\/h1>\n<h2>Introduction au v\u00e9rin de godet<\/h2>\n<p>Le v\u00e9rin de godet de la mini-pelle Takeuchi TB20R est un v\u00e9rin hydraulique sp\u00e9cialement con\u00e7u pour contr\u00f4ler les mouvements du godet sur les engins de chantier tels que les pelles, les chargeuses-pelleteuses et les chargeuses frontales. Sa fonction principale est de permettre la lev\u00e9e, l'abaissement et l'inclinaison du godet, facilitant ainsi diverses op\u00e9rations de manutention. Au sein du syst\u00e8me hydraulique, le v\u00e9rin de godet assure un contr\u00f4le pr\u00e9cis du godet gr\u00e2ce aux variations de pression de l'huile hydraulique, permettant aux op\u00e9rateurs de manipuler efficacement des charges lourdes et de s'adapter \u00e0 des environnements de travail complexes et \u00e0 des exigences op\u00e9rationnelles vari\u00e9es.<\/p>\n<p><img decoding=\"async\" src=\"https:\/\/www.hydraulic-cylinders.net\/wp-content\/uploads\/2025\/01\/songte-company-2.webp\" alt=\"Image du cylindre du godet\"><\/p>\n<h2>Caract\u00e9ristiques du v\u00e9rin de godet<\/h2>\n<ul>\n<li>Haute r\u00e9sistance et durabilit\u00e9\u00a0: g\u00e9n\u00e9ralement fabriqu\u00e9 en acier ou en aluminium haute r\u00e9sistance, il supporte les hautes pressions et les charges importantes, s\u2019adaptant ainsi aux environnements de travail difficiles. Sa conception lui conf\u00e8re une r\u00e9sistance \u00e0 l\u2019usure et \u00e0 la corrosion, prolongeant sa dur\u00e9e de vie.<\/li>\n<li>Fonctionnement hydraulique efficace\u00a0: Utilisant la pression de l\u2019huile hydraulique, il assure des mouvements d\u2019extension et de r\u00e9traction fluides, offrant une r\u00e9ponse rapide aux commandes et fournissant des forces de pouss\u00e9e et de traction puissantes, adapt\u00e9es \u00e0 la manutention de charges lourdes et de t\u00e2ches complexes.<\/li>\n<li>Diff\u00e9rents types\u00a0: Il existe des v\u00e9rins \u00e0 simple effet (fonctionnement hydraulique dans un seul sens) ou \u00e0 double effet (fonctionnement hydraulique dans les deux sens), offrant ainsi une grande flexibilit\u00e9 pour r\u00e9pondre \u00e0 diff\u00e9rents besoins op\u00e9rationnels. Certains mod\u00e8les sont t\u00e9lescopiques, permettant une plus grande extension sans augmenter les dimensions ext\u00e9rieures, ce qui les rend adapt\u00e9s aux applications o\u00f9 l\u2019espace est limit\u00e9.<\/li>\n<li>Remplacement id\u00e9al : Nos produits peuvent parfaitement remplacer ces v\u00e9rins hydrauliques.<\/li>\n<\/ul>\n<p><img decoding=\"async\" src=\"https:\/\/www.hydraulic-cylinders.net\/wp-content\/uploads\/2025\/01\/songte-cylinder-head-with-all-kinds-excavator-models.webp\" alt=\"Image de remplacement du v\u00e9rin de godet\"><\/p>\n<h2>Applications du v\u00e9rin \u00e0 godet<\/h2>\n<p>On trouve des v\u00e9rins de godet dans divers engins de chantier\u00a0:<\/p>\n<ul>\n<li>Les excavatrices sont indispensables pour creuser, charger et d\u00e9placer la terre ou les d\u00e9bris. Le v\u00e9rin du godet permet les op\u00e9rations d'excavation et de levage.<\/li>\n<li>Chargeuses-pelleteuses : Le v\u00e9rin du godet facilite les op\u00e9rations de creusement et de levage.<\/li>\n<li>Machines agricoles : Utilis\u00e9es dans les chargeuses frontales pour creuser, soulever et transporter la terre, le foin et autres mat\u00e9riaux.<\/li>\n<li>Chargeurs frontaux\u00a0: Ils facilitent le levage et le d\u00e9chargement efficaces des marchandises dans les applications de chargeurs frontaux.<\/li>\n<\/ul>\n<h2>Consid\u00e9rations de conception et crit\u00e8res de s\u00e9lection<\/h2>\n<p>Lors de la conception des v\u00e9rins de godet, des consid\u00e9rations cl\u00e9s telles que la capacit\u00e9 de charge, l'\u00e9tanch\u00e9it\u00e9, la durabilit\u00e9, la s\u00e9curit\u00e9 et la facilit\u00e9 d'entretien sont prises en compte\u00a0:<\/p>\n<p><img decoding=\"async\" src=\"https:\/\/www.hydraulic-cylinders.net\/wp-content\/uploads\/2025\/01\/songte-oil-pipes-and-spare-parts.webp\" alt=\"Image de conception du cylindre de godet\"><\/p>\n<h2>\u00c9tanch\u00e9it\u00e9 et lubrification du cylindre<\/h2>\n<p>Divers \u00e9l\u00e9ments d'\u00e9tanch\u00e9it\u00e9, tels que des joints de piston et des joints de tige, sont utilis\u00e9s, avec des mat\u00e9riaux comme le polyur\u00e9thane et le caoutchouc nitrile, reconnus pour leur r\u00e9sistance \u00e0 l'usure. Le corps du cylindre et la surface d'extr\u00e9mit\u00e9 filet\u00e9e font l'objet d'un traitement de pr\u00e9cision afin d'am\u00e9liorer cette r\u00e9sistance. Une lubrification r\u00e9guli\u00e8re avec une huile hydraulique appropri\u00e9e est indispensable au bon fonctionnement du v\u00e9rin.<\/p>\n<h2>Mesures d'inspection r\u00e9guli\u00e8re et de maintenance pr\u00e9ventive<\/h2>\n<p>Des inspections r\u00e9guli\u00e8res et des mesures de maintenance pr\u00e9ventive sont essentielles pour assurer la long\u00e9vit\u00e9 du v\u00e9rin du godet\u00a0:<\/p>\n<h2>Guide d'installation correct<\/h2>\n<p>Une installation correcte est essentielle pour un fonctionnement optimal du v\u00e9rin de godet. Veuillez respecter les consignes suivantes\u00a0:<\/p>\n<h2>T\u00e2ches de maintenance courantes<\/h2>\n<p>L'inspection r\u00e9guli\u00e8re, la lubrification appropri\u00e9e, le remplacement des joints et les contr\u00f4les d'\u00e9talonnage sont des t\u00e2ches d'entretien courantes\u00a0:<\/p>\n<p><img decoding=\"async\" src=\"https:\/\/www.hydraulic-cylinders.net\/wp-content\/uploads\/2025\/01\/songte-chushion-collar.webp\" alt=\"Image d&#039;entretien du v\u00e9rin de godet\"><\/p>\n<h2>Consid\u00e9rations de s\u00e9curit\u00e9 et facteurs environnementaux<\/h2>\n<p>Il est primordial de veiller au respect des mesures de s\u00e9curit\u00e9 lors de la manipulation des v\u00e9rins de godet\u00a0:<\/p>\n<h2>Diagnostic des pannes et probl\u00e8mes courants<\/h2>\n<p>Diagnostic des pannes et probl\u00e8mes courants li\u00e9s aux v\u00e9rins de godet\u00a0:<\/p>\n<p><img decoding=\"async\" src=\"https:\/\/www.hydraulic-cylinders.net\/wp-content\/uploads\/2025\/01\/songte-bushings-with-all-kinds-of-excavator-models.webp\" alt=\"Image de diagnostic de panne du v\u00e9rin de godet\"><\/p>\n<h2>Conseils et solutions de d\u00e9pannage<\/h2>\n<p>Conseils et solutions de d\u00e9pannage pour faciliter un diagnostic et une r\u00e9solution de probl\u00e8mes efficaces\u00a0:<\/p>\n<h2>Pr\u00e9sentation de l'entreprise<\/h2>\n<p>Notre entreprise est un fabricant et distributeur en gros de premier plan de v\u00e9rins hydrauliques de rechange. Nous proposons une vaste gamme de produits et sommes devenus un acteur majeur sur les march\u00e9s nationaux et internationaux. Soucieux de l'excellence, nous appliquons des strat\u00e9gies de gestion de production industrialis\u00e9e au sein de nos ateliers de fabrication modernes. Nous am\u00e9liorons constamment notre plateforme de production en nous appuyant sur des talents techniques exceptionnels, des \u00e9quipements de fabrication num\u00e9rique de pointe et des syst\u00e8mes de contr\u00f4le professionnels. Ceci nous permet de fournir des produits performants, pr\u00e9cis et de haute qualit\u00e9, r\u00e9pondant ainsi aux besoins vari\u00e9s de nos clients.<\/p>\n<p><img decoding=\"async\" src=\"https:\/\/hzpt.com\/wp-content\/uploads\/2024\/11\/songte-company-1.webp\" alt=\"Image de l&#039;entreprise\"><\/p>\n<h2>Le professionnalisme de notre entreprise<\/h2>\n<p>Notre entreprise se distingue par son professionnalisme, ses certifications internationales, ses services personnalis\u00e9s, ses \u00e9quipements de production et son service apr\u00e8s-vente\u00a0:<\/p>\n<p><img decoding=\"async\" src=\"https:\/\/www.hydraulic-cylinders.net\/wp-content\/uploads\/2025\/01\/songte-company-3.webp\" alt=\"Image de professionnalisme de l&#039;entreprise\"><\/p>\n<p>Auteur : lyl<\/p>\n<p><\/body><br \/>\n<\/html><\/p>","protected":false},"excerpt":{"rendered":"<p>Bucket Cylinder For Takeuchi Small Excavator TB20R Bucket Cylinder For Takeuchi Small Excavator TB20R Introduction to Bucket Cylinder The bucket cylinder for Takeuchi small excavator TB20R is a specially designed hydraulic cylinder used to control the movement of the bucket in heavy machinery such as excavators, backhoe loaders, and front loaders. Its main function is [&hellip;]<\/p>","protected":false},"featured_media":14780,"comment_status":"open","ping_status":"closed","template":"","meta":{"_et_pb_use_builder":"","_et_pb_old_content":"","_et_gb_content_width":""},"product_brand":[],"product_cat":[1494],"product_tag":[1495,1496],"class_list":{"0":"post-15708","1":"product","2":"type-product","3":"status-publish","4":"has-post-thumbnail","6":"product_cat-bucket-cylinders","7":"product_tag-bucket-cylinders","8":"product_tag-hydraulic-cylinders","10":"first","11":"instock","12":"shipping-taxable","13":"product-type-simple"},"amp_enabled":true,"_links":{"self":[{"href":"https:\/\/www.hydraulic-cylinders.net\/fr\/wp-json\/wp\/v2\/product\/15708","targetHints":{"allow":["GET"]}}],"collection":[{"href":"https:\/\/www.hydraulic-cylinders.net\/fr\/wp-json\/wp\/v2\/product"}],"about":[{"href":"https:\/\/www.hydraulic-cylinders.net\/fr\/wp-json\/wp\/v2\/types\/product"}],"replies":[{"embeddable":true,"href":"https:\/\/www.hydraulic-cylinders.net\/fr\/wp-json\/wp\/v2\/comments?post=15708"}],"wp:featuredmedia":[{"embeddable":true,"href":"https:\/\/www.hydraulic-cylinders.net\/fr\/wp-json\/wp\/v2\/media\/14780"}],"wp:attachment":[{"href":"https:\/\/www.hydraulic-cylinders.net\/fr\/wp-json\/wp\/v2\/media?parent=15708"}],"wp:term":[{"taxonomy":"product_brand","embeddable":true,"href":"https:\/\/www.hydraulic-cylinders.net\/fr\/wp-json\/wp\/v2\/product_brand?post=15708"},{"taxonomy":"product_cat","embeddable":true,"href":"https:\/\/www.hydraulic-cylinders.net\/fr\/wp-json\/wp\/v2\/product_cat?post=15708"},{"taxonomy":"product_tag","embeddable":true,"href":"https:\/\/www.hydraulic-cylinders.net\/fr\/wp-json\/wp\/v2\/product_tag?post=15708"}],"curies":[{"name":"wp","href":"https:\/\/api.w.org\/{rel}","templated":true}]}}