{"id":15727,"date":"2025-01-19T14:53:58","date_gmt":"2025-01-19T14:53:58","guid":{"rendered":"https:\/\/www.hydraulic-cylinders.net\/product\/bucket-cylinder-for-case-large-excavator-cx360b\/"},"modified":"2025-01-19T14:54:00","modified_gmt":"2025-01-19T14:54:00","slug":"bucket-cylinder-for-case-large-excavator-cx360b","status":"publish","type":"product","link":"https:\/\/www.hydraulic-cylinders.net\/fr\/produit\/bucket-cylinder-for-case-large-excavator-cx360b\/","title":{"rendered":"V\u00e9rin de godet pour pelle hydraulique Case CX360B"},"content":{"rendered":"<h1>V\u00e9rin de godet pour pelle hydraulique Case CX360B<\/h1>\n<h2>Introduction<\/h2>\n<h3>D\u00e9finition<\/h3>\n<p>Un v\u00e9rin de godet est un v\u00e9rin hydraulique sp\u00e9cialis\u00e9, principalement utilis\u00e9 pour commander les mouvements du godet sur les engins de chantier tels que les pelles hydrauliques, les tractopelles et les chargeuses frontales. Sa fonction principale est de permettre la lev\u00e9e, l'abaissement et l'inclinaison du godet, facilitant ainsi diverses op\u00e9rations de manutention. Au sein du syst\u00e8me hydraulique, le v\u00e9rin de godet assure un contr\u00f4le pr\u00e9cis des mouvements du godet gr\u00e2ce \u00e0 la variation de la pression d'huile hydraulique, permettant aux op\u00e9rateurs de manipuler efficacement des charges lourdes et de s'adapter \u00e0 des environnements de travail complexes et \u00e0 des exigences vari\u00e9es.<\/p>\n<p><img decoding=\"async\" src=\"https:\/\/www.hydraulic-cylinders.net\/wp-content\/uploads\/2025\/01\/songte-company-2.webp\" alt=\"Image du cylindre du godet\"><\/p>\n<h3>Caract\u00e9ristiques<\/h3>\n<ul>\n<li>Haute r\u00e9sistance et durabilit\u00e9 : G\u00e9n\u00e9ralement fabriqu\u00e9 en acier ou en aluminium \u00e0 haute r\u00e9sistance, capable de supporter une pression \u00e9lev\u00e9e et des charges importantes, et con\u00e7u pour r\u00e9sister \u00e0 l'usure et \u00e0 la corrosion, prolongeant ainsi sa dur\u00e9e de vie.<\/li>\n<li>Fonctionnement hydraulique efficace : Utilisation de la pression de l'huile hydraulique pour un mouvement d'extension et de r\u00e9traction fluide, capable de r\u00e9pondre rapidement aux commandes, de fournir des forces de pouss\u00e9e et de traction puissantes, adapt\u00e9 \u00e0 la manutention de charges lourdes et aux t\u00e2ches op\u00e9rationnelles complexes.<\/li>\n<li>Diff\u00e9rents types de v\u00e9rins sont disponibles\u00a0: \u00e0 simple effet (circulation du fluide hydraulique dans un seul sens) ou \u00e0 double effet (circulation du fluide hydraulique dans les deux sens), selon les besoins et les exigences de fonctionnement. Certains mod\u00e8les sont t\u00e9lescopiques, ce qui permet une plus grande extension sans augmentation des dimensions ext\u00e9rieures et convient aux applications o\u00f9 l\u2019espace est limit\u00e9.<\/li>\n<li>Nos produits peuvent parfaitement remplacer ces v\u00e9rins hydrauliques.<\/li>\n<li>Con\u00e7u et fabriqu\u00e9 pour respecter ou d\u00e9passer les sp\u00e9cifications du fabricant d'\u00e9quipement d'origine (OEM).<\/li>\n<\/ul>\n<p><img decoding=\"async\" src=\"https:\/\/www.hydraulic-cylinders.net\/wp-content\/uploads\/2025\/01\/songte-cylinder-head-with-all-kinds-excavator-models.webp\" alt=\"Remplacement du v\u00e9rin de godet\"><\/p>\n<h3>Applications<\/h3>\n<h4>Mat\u00e9riel de construction :<\/h4>\n<p>Pr\u00e9sents sur les excavatrices, ils sont indispensables pour creuser, charger et d\u00e9placer la terre ou les d\u00e9bris. Sur les chargeuses-pelleteuses, les v\u00e9rins de godet contribuent \u00e0 la fois au creusement et au levage.<\/p>\n<h4>Machines agricoles :<\/h4>\n<p>Utilis\u00e9 pour les chargeuses frontales, pour le pelletage, le levage et le transport de terre, de foin et d'autres mat\u00e9riaux. <\/p>\n<h4>Excavateurs:<\/h4>\n<p>Le v\u00e9rin du godet permet \u00e0 celui-ci de p\u00e9n\u00e9trer dans le sol pour effectuer des travaux d'excavation.<\/p>\n<h4>Chargeurs:<\/h4>\n<p>Sur les chargeuses frontales, elles facilitent le levage et le basculement efficaces des marchandises.<\/p>\n<h3>Consid\u00e9rations de conception et crit\u00e8res de s\u00e9lection<\/h3>\n<h4>Capacit\u00e9 de charge<\/h4>\n<p>La capacit\u00e9 de charge du v\u00e9rin de godet est essentielle et doit \u00eatre prise en compte lors du choix d'un v\u00e9rin. Ce dernier doit pouvoir supporter la charge pour laquelle il a \u00e9t\u00e9 con\u00e7u.<\/p>\n<h4>Scellage<\/h4>\n<p>L'\u00e9tanch\u00e9it\u00e9 du cylindre est essentielle pour garantir le confinement du fluide hydraulique et \u00e9viter toute fuite. L'utilisation de polyur\u00e9thane et de caoutchouc nitrile comme mat\u00e9riaux r\u00e9sistants \u00e0 l'usure pour les joints de piston et de tige est recommand\u00e9e.<\/p>\n<h4>Durabilit\u00e9<\/h4>\n<p>La durabilit\u00e9 du cylindre est un facteur essentiel de sa conception. Le cylindre doit r\u00e9sister aux conditions de travail difficiles et \u00eatre capable de r\u00e9sister \u00e0 l'usure et \u00e0 la corrosion.<\/p>\n<h4>S\u00e9curit\u00e9<\/h4>\n<p>La s\u00e9curit\u00e9 doit \u00eatre prise en compte avec le plus grand soin lors de la conception d'un v\u00e9rin de godet. Ce dernier doit \u00eatre \u00e9quip\u00e9 de dispositifs de s\u00e9curit\u00e9, tels que des soupapes de d\u00e9charge de pression, afin de pr\u00e9venir les surcharges et les surpressions.<\/p>\n<h4>Maintenabilit\u00e9<\/h4>\n<p>Le v\u00e9rin doit \u00eatre con\u00e7u pour faciliter son entretien. Ses composants doivent \u00eatre facilement accessibles et rempla\u00e7ables, et sa conception doit permettre une inspection et une maintenance ais\u00e9es.<\/p>\n<p><img decoding=\"async\" src=\"https:\/\/www.hydraulic-cylinders.net\/wp-content\/uploads\/2025\/01\/songte-oil-pipes-and-spare-parts.webp\" alt=\"Pi\u00e8ces de rechange pour v\u00e9rin de godet\"><\/p>\n<h3>\u00c9tanch\u00e9it\u00e9 et lubrification<\/h3>\n<p>Le v\u00e9rin du godet utilise divers \u00e9l\u00e9ments d'\u00e9tanch\u00e9it\u00e9, tels que des joints de piston et des joints de tige, afin d'\u00e9viter toute fuite d'huile hydraulique. Le corps du v\u00e9rin et la surface d'extr\u00e9mit\u00e9 du filetage b\u00e9n\u00e9ficient d'un usinage de pr\u00e9cision pour une meilleure r\u00e9sistance \u00e0 l'usure\u00a0; un appoint p\u00e9riodique d'huile hydraulique est n\u00e9cessaire pour assurer la lubrification.<\/p>\n<h3>Entretien et r\u00e9paration<\/h3>\n<p>L'inspection r\u00e9guli\u00e8re, la lubrification ad\u00e9quate, le remplacement des joints et les contr\u00f4les d'\u00e9talonnage sont des op\u00e9rations d'entretien courantes pour garantir des performances optimales et une longue dur\u00e9e de vie. Une installation, une lubrification et un r\u00e9glage corrects sont essentiels, et des instructions d'alignement doivent \u00eatre fournies lors de l'installation. L'utilisation de supports de fixation appropri\u00e9s pour maintenir le cylindre en place est recommand\u00e9e. Les proc\u00e9dures recommand\u00e9es d'inspection, de r\u00e9paration et de remplacement sont fournies, ainsi que les pi\u00e8ces de rechange et les services de remise \u00e0 neuf, afin d'am\u00e9liorer la durabilit\u00e9 et la long\u00e9vit\u00e9.<\/p>\n<p><img decoding=\"async\" src=\"https:\/\/www.hydraulic-cylinders.net\/wp-content\/uploads\/2025\/01\/songte-chushion-collar.webp\" alt=\"Collier de coussin de v\u00e9rin de seau\"><\/p>\n<h3>Consid\u00e9rations relatives \u00e0 la s\u00e9curit\u00e9 et \u00e0 l'environnement<\/h3>\n<p>Le v\u00e9rin du godet doit \u00eatre con\u00e7u et utilis\u00e9 en tenant compte des normes de s\u00e9curit\u00e9. Des mesures de s\u00e9curit\u00e9 appropri\u00e9es, telles que des soupapes de d\u00e9charge de pression et une protection contre les surcharges, doivent \u00eatre mises en \u0153uvre pour garantir un fonctionnement s\u00fbr. Le v\u00e9rin doit \u00eatre utilis\u00e9 conform\u00e9ment \u00e0 la r\u00e9glementation environnementale afin de minimiser son impact sur l'environnement.<\/p>\n<h3>Diagnostic des pannes et probl\u00e8mes courants<\/h3>\n<p>Les probl\u00e8mes courants rencontr\u00e9s avec les v\u00e9rins de godet incluent les fuites, une extension ou une r\u00e9traction insuffisante ou excessive, et un fonctionnement bruyant. Il convient d'utiliser des techniques de d\u00e9pannage et de r\u00e9solution de probl\u00e8mes appropri\u00e9es pour diagnostiquer et r\u00e9soudre tout probl\u00e8me survenant.<\/p>\n<p><img decoding=\"async\" src=\"https:\/\/www.hydraulic-cylinders.net\/wp-content\/uploads\/2025\/01\/songte-bushings-with-all-kinds-of-excavator-models.webp\" alt=\"Bagues de v\u00e9rin de godet\"><\/p>\n<h3>\u00c0 propos de nous<\/h3>\n<p>Nous sommes un fabricant de v\u00e9rins hydrauliques de remplacement offrant une gamme compl\u00e8te de produits et figurant parmi les principaux fabricants et distributeurs de v\u00e9rins hydrauliques sur les march\u00e9s nationaux et internationaux. Attach\u00e9s \u00e0 l'excellence, nous nous appuyons sur des strat\u00e9gies de gestion de la production industrialis\u00e9e au sein d'ateliers de fabrication de pointe. Nous am\u00e9liorons constamment notre plateforme de production, perfectionnons notre ligne de production et disposons d'une forte capacit\u00e9 d'innovation pour r\u00e9pondre aux besoins vari\u00e9s de nos clients avec efficacit\u00e9, pr\u00e9cision et qualit\u00e9.<\/p>\n<h4>Sp\u00e9cialit\u00e9s<\/h4>\n<ul>\n<li>Certification internationale<\/li>\n<li>Services personnalis\u00e9s<\/li>\n<li>\u00e9quipement de production avanc\u00e9<\/li>\n<li>Service apr\u00e8s-vente professionnel<\/li>\n<\/ul>\n<p><img decoding=\"async\" src=\"https:\/\/www.hydraulic-cylinders.net\/wp-content\/uploads\/2025\/01\/songte-company-3.webp\" alt=\"Image de l&#039;entreprise\"><\/p>\n<p>Auteur : lyl<\/p>","protected":false},"excerpt":{"rendered":"<p>Bucket Cylinder For Case Large Excavator CX360B Introduction Definition A bucket cylinder is a specialized hydraulic cylinder used primarily for controlling the movement of the bucket in heavy machinery such as excavators, backhoes, and front loaders. Its main function is to allow the bucket to be lifted, lowered, and tilted, thus facilitating various material handling [&hellip;]<\/p>","protected":false},"featured_media":14771,"comment_status":"open","ping_status":"closed","template":"","meta":{"_et_pb_use_builder":"","_et_pb_old_content":"","_et_gb_content_width":""},"product_brand":[],"product_cat":[1494],"product_tag":[1495,1496],"class_list":{"0":"post-15727","1":"product","2":"type-product","3":"status-publish","4":"has-post-thumbnail","6":"product_cat-bucket-cylinders","7":"product_tag-bucket-cylinders","8":"product_tag-hydraulic-cylinders","10":"first","11":"instock","12":"shipping-taxable","13":"product-type-simple"},"amp_enabled":true,"_links":{"self":[{"href":"https:\/\/www.hydraulic-cylinders.net\/fr\/wp-json\/wp\/v2\/product\/15727","targetHints":{"allow":["GET"]}}],"collection":[{"href":"https:\/\/www.hydraulic-cylinders.net\/fr\/wp-json\/wp\/v2\/product"}],"about":[{"href":"https:\/\/www.hydraulic-cylinders.net\/fr\/wp-json\/wp\/v2\/types\/product"}],"replies":[{"embeddable":true,"href":"https:\/\/www.hydraulic-cylinders.net\/fr\/wp-json\/wp\/v2\/comments?post=15727"}],"wp:featuredmedia":[{"embeddable":true,"href":"https:\/\/www.hydraulic-cylinders.net\/fr\/wp-json\/wp\/v2\/media\/14771"}],"wp:attachment":[{"href":"https:\/\/www.hydraulic-cylinders.net\/fr\/wp-json\/wp\/v2\/media?parent=15727"}],"wp:term":[{"taxonomy":"product_brand","embeddable":true,"href":"https:\/\/www.hydraulic-cylinders.net\/fr\/wp-json\/wp\/v2\/product_brand?post=15727"},{"taxonomy":"product_cat","embeddable":true,"href":"https:\/\/www.hydraulic-cylinders.net\/fr\/wp-json\/wp\/v2\/product_cat?post=15727"},{"taxonomy":"product_tag","embeddable":true,"href":"https:\/\/www.hydraulic-cylinders.net\/fr\/wp-json\/wp\/v2\/product_tag?post=15727"}],"curies":[{"name":"wp","href":"https:\/\/api.w.org\/{rel}","templated":true}]}}