{"id":15739,"date":"2025-01-19T14:54:52","date_gmt":"2025-01-19T14:54:52","guid":{"rendered":"https:\/\/www.hydraulic-cylinders.net\/product\/bucket-cylinder-for-world-small-excavator-w265e-8\/"},"modified":"2025-01-19T14:54:54","modified_gmt":"2025-01-19T14:54:54","slug":"bucket-cylinder-for-world-small-excavator-w265e-8","status":"publish","type":"product","link":"https:\/\/www.hydraulic-cylinders.net\/fr\/produit\/bucket-cylinder-for-world-small-excavator-w265e-8\/","title":{"rendered":"Cylindre de godet pour mini-pelle World W265E-8"},"content":{"rendered":"<p><!DOCTYPE html><br \/>\n<html><br \/>\n<head><br \/>\n<title>Cylindre de godet pour mini-pelle World W265E-8<\/title><br \/>\n<\/head><br \/>\n<body><\/p>\n<h1>Cylindre de godet pour mini-pelle World W265E-8<\/h1>\n<h2>Introduction<\/h2>\n<p>Le v\u00e9rin de godet est un v\u00e9rin hydraulique sp\u00e9cialement con\u00e7u pour contr\u00f4ler les mouvements du godet sur les engins de chantier tels que les pelles hydrauliques, les chargeuses-pelleteuses et les chargeuses frontales. Sa fonction principale est de permettre le levage, l'abaissement et l'inclinaison du godet, ce qui le rend adapt\u00e9 \u00e0 diverses op\u00e9rations de manutention. Dans les syst\u00e8mes hydrauliques, le v\u00e9rin de godet assure un contr\u00f4le pr\u00e9cis du godet gr\u00e2ce aux variations de pression de l'huile hydraulique, permettant ainsi aux op\u00e9rateurs de manipuler efficacement des charges lourdes et de s'adapter \u00e0 des environnements de travail complexes et \u00e0 des exigences vari\u00e9es.<\/p>\n<p><img decoding=\"async\" src=\"https:\/\/www.hydraulic-cylinders.net\/wp-content\/uploads\/2025\/01\/songte-company-2.webp\" alt=\"Image du cylindre du godet\"><\/p>\n<h2>Caract\u00e9ristiques<\/h2>\n<ul>\n<li>Haute r\u00e9sistance et durabilit\u00e9 : g\u00e9n\u00e9ralement fabriqu\u00e9 en acier ou en aluminium \u00e0 haute r\u00e9sistance, capable de r\u00e9sister \u00e0 une pression \u00e9lev\u00e9e et \u00e0 des charges importantes, s'adaptant \u00e0 des conditions de travail difficiles et con\u00e7u en tenant compte de la r\u00e9sistance \u00e0 l'usure et \u00e0 la corrosion afin de prolonger sa dur\u00e9e de vie.<\/li>\n<li>Fonctionnement hydraulique efficace : Utilise la pression de l'huile hydraulique pour obtenir une extension et une r\u00e9traction en douceur, permettant une r\u00e9ponse rapide aux commandes, fournissant des forces de pouss\u00e9e et de traction puissantes, adapt\u00e9es \u00e0 la manutention de charges lourdes et \u00e0 des t\u00e2ches complexes.<\/li>\n<li>Diff\u00e9rents types\u00a0: Disponibles en v\u00e9rins simple effet (hydrauliques utilis\u00e9s dans un seul sens) ou double effet (hydrauliques utilis\u00e9s dans les deux sens) selon les besoins, permettant de r\u00e9pondre \u00e0 diff\u00e9rents besoins op\u00e9rationnels, certains mod\u00e8les \u00e9tant t\u00e9lescopiques, permettant une plus grande extension sans augmenter les dimensions ext\u00e9rieures, adapt\u00e9s aux applications \u00e0 espace limit\u00e9.<\/li>\n<li>Remplacement parfait : notre produit peut parfaitement remplacer ces v\u00e9rins hydrauliques.<\/li>\n<\/ul>\n<p><img decoding=\"async\" src=\"https:\/\/www.hydraulic-cylinders.net\/wp-content\/uploads\/2025\/01\/songte-cylinder-head-with-all-kinds-excavator-models.webp\" alt=\"Image de remplacement du v\u00e9rin de godet\"><\/p>\n<h2>Applications<\/h2>\n<h3>\u00c9quipement de construction<\/h3>\n<p>Sur les excavatrices, ils sont indispensables pour creuser, charger et d\u00e9placer la terre ou les d\u00e9bris. Sur les chargeuses-pelleteuses, le v\u00e9rin du godet contribue \u00e0 la fois \u00e0 l'excavation et au levage.<\/p>\n<h3>machines agricoles<\/h3>\n<p>Utilis\u00e9 sur les chargeuses frontales pour ramasser, soulever et transporter la terre, le foin et autres mat\u00e9riaux.<\/p>\n<h3>Excavateurs<\/h3>\n<p>Le v\u00e9rin du godet permet des actions de creusement en permettant au godet de p\u00e9n\u00e9trer le sol.<\/p>\n<h3>Chargeurs<\/h3>\n<p>Sur les chargeuses frontales, elles contribuent \u00e0 lever et \u00e0 d\u00e9charger efficacement les marchandises.<\/p>\n<p><img decoding=\"async\" src=\"https:\/\/www.hydraulic-cylinders.net\/wp-content\/uploads\/2025\/01\/songte-oil-pipes-and-spare-parts.webp\" alt=\"Image d&#039;application du cylindre de godet\"><\/p>\n<h2>Consid\u00e9rations de conception et crit\u00e8res de s\u00e9lection<\/h2>\n<ul>\n<li>Bearing Capacity: Discuss the cylinder&#8217;s ability to handle the specified keywords.<\/li>\n<li>\u00c9tanch\u00e9it\u00e9 : Expliquez l'importance d'une \u00e9tanch\u00e9it\u00e9 correcte pour \u00e9viter les fuites et assurer un fonctionnement efficace du cylindre.<\/li>\n<li>Durability: Discuss the cylinder&#8217;s ability to withstand wear and corrosion for long-term use.<\/li>\n<li>Safety: Highlight the safety features incorporated into the cylinder&#8217;s design to protect operators and prevent accidents.<\/li>\n<li>Maintenance : Aborder la facilit\u00e9 d'entretien et de r\u00e9paration, en fournissant des conseils pour les inspections r\u00e9guli\u00e8res, la lubrification et le remplacement des joints.<\/li>\n<\/ul>\n<p><img decoding=\"async\" src=\"https:\/\/www.hydraulic-cylinders.net\/wp-content\/uploads\/2025\/01\/songte-bushings-with-all-kinds-of-excavator-models.webp\" alt=\"Image de conception du cylindre de godet\"><\/p>\n<h2>\u00c9tanch\u00e9it\u00e9 et lubrification<\/h2>\n<p>Divers composants d'\u00e9tanch\u00e9it\u00e9, tels que les joints de piston et les joints de tige, sont utilis\u00e9s. Ils sont fabriqu\u00e9s \u00e0 partir de mat\u00e9riaux r\u00e9sistants \u00e0 l'usure, comme le polyur\u00e9thane et le caoutchouc nitrile. Le corps du cylindre et les extr\u00e9mit\u00e9s filet\u00e9es subissent des traitements de pr\u00e9cision pour am\u00e9liorer leur r\u00e9sistance \u00e0 l'usure. Une lubrification r\u00e9guli\u00e8re avec la quantit\u00e9 appropri\u00e9e d'huile hydraulique est n\u00e9cessaire pour garantir un fonctionnement optimal.<\/p>\n<h2>Inspection et maintenance pr\u00e9ventive<\/h2>\n<p>Des inspections r\u00e9guli\u00e8res et une maintenance pr\u00e9ventive sont essentielles pour garantir des performances optimales et une longue dur\u00e9e de vie au v\u00e9rin du godet. Voici quelques mesures recommand\u00e9es\u00a0:<\/p>\n<ul>\n<li>V\u00e9rifier r\u00e9guli\u00e8rement l'absence de fuites ou de dommages.<\/li>\n<li>Lubrification ad\u00e9quate \u00e0 intervalles r\u00e9guliers<\/li>\n<li>Remplacer les joints lorsque cela est n\u00e9cessaire<\/li>\n<li>Contr\u00f4les d'\u00e9talonnage pour un fonctionnement pr\u00e9cis<\/li>\n<\/ul>\n<p><img decoding=\"async\" src=\"https:\/\/www.hydraulic-cylinders.net\/wp-content\/uploads\/2025\/01\/songte-chushion-collar.webp\" alt=\"Image d&#039;entretien du v\u00e9rin de godet\"><\/p>\n<h2>Consid\u00e9rations de s\u00e9curit\u00e9 et facteurs environnementaux<\/h2>\n<p>Lors de l'utilisation d'un v\u00e9rin de godet, il est essentiel de privil\u00e9gier les mesures de s\u00e9curit\u00e9 afin de prot\u00e9ger les op\u00e9rateurs et de pr\u00e9venir les accidents. Une formation ad\u00e9quate, le respect des proc\u00e9dures d'utilisation et l'utilisation d'\u00e9quipements de protection appropri\u00e9s sont des facteurs importants \u00e0 prendre en compte. De plus, la prise en compte des facteurs environnementaux, tels que la r\u00e9duction du bruit et l'efficacit\u00e9 \u00e9nerg\u00e9tique, peut contribuer \u00e0 une exploitation plus durable.<\/p>\n<h2>D\u00e9pannage et probl\u00e8mes courants<\/h2>\n<p>Pr\u00e9sentez des conseils de d\u00e9pannage courants et proposez des solutions aux probl\u00e8mes fr\u00e9quemment rencontr\u00e9s lors de l'utilisation du v\u00e9rin de godet. Sugg\u00e9rez des mesures pr\u00e9ventives pour minimiser les risques de dysfonctionnement.<\/p>\n<p><img decoding=\"async\" src=\"https:\/\/www.hydraulic-cylinders.net\/wp-content\/uploads\/2025\/01\/songte-bushings-with-all-kinds-of-excavator-models.webp\" alt=\"Image de d\u00e9pannage du v\u00e9rin de godet\"><\/p>\n<h2>Conclusion<\/h2>\n<p>Notre entreprise est un fabricant et distributeur de premier plan de v\u00e9rins hydrauliques sur les march\u00e9s nationaux et internationaux. Nous privil\u00e9gions l'excellence et mettons en \u0153uvre des strat\u00e9gies de gestion de la production industrielle dans nos ateliers de fabrication de pointe. Gr\u00e2ce \u00e0 notre expertise technique, nos \u00e9quipements de production ultramodernes et nos syst\u00e8mes de contr\u00f4le qualit\u00e9 performants, nous am\u00e9liorons constamment notre plateforme de fabrication et nos processus de production. Nous sommes ainsi en mesure de r\u00e9pondre aux besoins vari\u00e9s de nos clients avec efficacit\u00e9, pr\u00e9cision et qualit\u00e9.<\/p>\n<p><img decoding=\"async\" src=\"https:\/\/www.hydraulic-cylinders.net\/wp-content\/uploads\/2025\/01\/songte-company-3.webp\" alt=\"Image de l&#039;entreprise\"><\/p>\n<h3>Pr\u00e9sentation de l'entreprise<\/h3>\n<ul>\n<li>Professionnalisme<\/li>\n<li>Certifications internationales<\/li>\n<li>Services de personnalisation<\/li>\n<li>\u00c9quipement de production<\/li>\n<li>Service apr\u00e8s-vente<\/li>\n<\/ul>\n<p>Auteur : lyl<\/p>\n<p><\/body><br \/>\n<\/html><\/p>","protected":false},"excerpt":{"rendered":"<p>Bucket Cylinder For World Small Excavator W265E-8 Bucket Cylinder For World Small Excavator W265E-8 Introduction The bucket cylinder is a specially designed hydraulic cylinder used to control the movement of the bucket in heavy machinery such as excavators, backhoe loaders, and front loaders. Its primary function is to enable the lifting, lowering, and tilting of [&hellip;]<\/p>","protected":false},"featured_media":14778,"comment_status":"open","ping_status":"closed","template":"","meta":{"_et_pb_use_builder":"","_et_pb_old_content":"","_et_gb_content_width":""},"product_brand":[],"product_cat":[1494],"product_tag":[1495,1496],"class_list":{"0":"post-15739","1":"product","2":"type-product","3":"status-publish","4":"has-post-thumbnail","6":"product_cat-bucket-cylinders","7":"product_tag-bucket-cylinders","8":"product_tag-hydraulic-cylinders","10":"first","11":"instock","12":"shipping-taxable","13":"product-type-simple"},"amp_enabled":true,"_links":{"self":[{"href":"https:\/\/www.hydraulic-cylinders.net\/fr\/wp-json\/wp\/v2\/product\/15739","targetHints":{"allow":["GET"]}}],"collection":[{"href":"https:\/\/www.hydraulic-cylinders.net\/fr\/wp-json\/wp\/v2\/product"}],"about":[{"href":"https:\/\/www.hydraulic-cylinders.net\/fr\/wp-json\/wp\/v2\/types\/product"}],"replies":[{"embeddable":true,"href":"https:\/\/www.hydraulic-cylinders.net\/fr\/wp-json\/wp\/v2\/comments?post=15739"}],"wp:featuredmedia":[{"embeddable":true,"href":"https:\/\/www.hydraulic-cylinders.net\/fr\/wp-json\/wp\/v2\/media\/14778"}],"wp:attachment":[{"href":"https:\/\/www.hydraulic-cylinders.net\/fr\/wp-json\/wp\/v2\/media?parent=15739"}],"wp:term":[{"taxonomy":"product_brand","embeddable":true,"href":"https:\/\/www.hydraulic-cylinders.net\/fr\/wp-json\/wp\/v2\/product_brand?post=15739"},{"taxonomy":"product_cat","embeddable":true,"href":"https:\/\/www.hydraulic-cylinders.net\/fr\/wp-json\/wp\/v2\/product_cat?post=15739"},{"taxonomy":"product_tag","embeddable":true,"href":"https:\/\/www.hydraulic-cylinders.net\/fr\/wp-json\/wp\/v2\/product_tag?post=15739"}],"curies":[{"name":"wp","href":"https:\/\/api.w.org\/{rel}","templated":true}]}}