{"id":15744,"date":"2025-01-19T14:55:16","date_gmt":"2025-01-19T14:55:16","guid":{"rendered":"https:\/\/www.hydraulic-cylinders.net\/product\/bucket-cylinder-for-world-middle-excavator-w2245dlc-8\/"},"modified":"2025-01-19T14:55:18","modified_gmt":"2025-01-19T14:55:18","slug":"bucket-cylinder-for-world-middle-excavator-w2245dlc-8","status":"publish","type":"product","link":"https:\/\/www.hydraulic-cylinders.net\/fr\/produit\/bucket-cylinder-for-world-middle-excavator-w2245dlc-8\/","title":{"rendered":"Cylindre de godet pour pelle hydraulique World Middle W2245DLC-8"},"content":{"rendered":"<h1>Cylindre de godet pour pelle hydraulique World Middle W2245DLC-8<\/h1>\n<h2>Introduction<\/h2>\n<h3>D\u00e9finition<\/h3>\n<p>Le v\u00e9rin de godet, \u00e9galement appel\u00e9 v\u00e9rin hydraulique, est un actionneur hydraulique con\u00e7u sp\u00e9cifiquement pour contr\u00f4ler les mouvements du godet sur les engins de chantier tels que les pelles hydrauliques, les tractopelles et les chargeuses frontales. Sa fonction principale est de permettre la lev\u00e9e, l'abaissement et l'inclinaison du godet, le rendant ainsi adapt\u00e9 \u00e0 diverses op\u00e9rations de manutention. Au sein du syst\u00e8me hydraulique, le v\u00e9rin de godet contr\u00f4le avec pr\u00e9cision les mouvements du godet gr\u00e2ce aux variations de pression d'huile hydraulique, permettant aux op\u00e9rateurs de manipuler efficacement des charges lourdes et de s'adapter \u00e0 des environnements de travail complexes et \u00e0 des exigences vari\u00e9es.<\/p>\n<p><img decoding=\"async\" src=\"https:\/\/www.hydraulic-cylinders.net\/wp-content\/uploads\/2025\/01\/songte-company-2.webp\"><\/p>\n<h3>Caract\u00e9ristiques<\/h3>\n<ul>\n<li>Haute r\u00e9sistance et durabilit\u00e9 : g\u00e9n\u00e9ralement fabriqu\u00e9 en acier ou en aluminium \u00e0 haute r\u00e9sistance, capable de supporter une pression \u00e9lev\u00e9e et des charges importantes, s'adaptant aux environnements de travail difficiles, con\u00e7u avec une r\u00e9sistance \u00e0 l'usure et \u00e0 la corrosion, prolongeant ainsi sa dur\u00e9e de vie.<\/li>\n<li>Fonctionnement hydraulique efficace : Utilisation de la pression de l'huile hydraulique pour obtenir un mouvement t\u00e9lescopique fluide, capable de r\u00e9pondre rapidement aux commandes, fournissant une force de pouss\u00e9e-traction puissante, adapt\u00e9e \u00e0 la manutention de charges lourdes et aux t\u00e2ches de travail complexes.<\/li>\n<li>Diff\u00e9rents types de v\u00e9rins sont disponibles\u00a0: \u00e0 simple effet (fonctionnement hydraulique dans un seul sens) ou \u00e0 double effet (fonctionnement hydraulique dans les deux sens), selon les besoins et les exigences d\u2019utilisation. Certains mod\u00e8les sont t\u00e9lescopiques, ce qui permet une plus grande extension sans augmenter l\u2019encombrement et convient aux espaces restreints.<\/li>\n<li>Personnalisable : Nous pouvons fabriquer ce produit et notre produit peut parfaitement remplacer ces v\u00e9rins hydrauliques.<\/li>\n<\/ul>\n<p><img decoding=\"async\" src=\"https:\/\/www.hydraulic-cylinders.net\/wp-content\/uploads\/2025\/01\/songte-cylinder-head-with-all-kinds-excavator-models.webp\"><\/p>\n<h2>Applications<\/h2>\n<h3>\u00c9quipement de construction<\/h3>\n<p>Sur les excavatrices, les v\u00e9rins sont indispensables pour creuser, charger et d\u00e9placer la terre ou les d\u00e9bris. Sur les pelles r\u00e9tro, les v\u00e9rins de godet facilitent l'excavation et le levage. Sur les chargeuses frontales, ils permettent de lever et de basculer efficacement les marchandises.<\/p>\n<h3>machines agricoles<\/h3>\n<p>Utilis\u00e9 sur les chargeuses frontales pour ramasser, soulever et transporter la terre, le foin et autres mat\u00e9riaux.<\/p>\n<h3>Excavateurs<\/h3>\n<p>Le v\u00e9rin du godet permet \u00e0 celui-ci de p\u00e9n\u00e9trer dans le sol pour effectuer le creusement.<\/p>\n<h3>Chargeurs<\/h3>\n<p>Sur les chargeuses frontales, les v\u00e9rins du godet permettent de soulever et d'incliner efficacement les marchandises.<\/p>\n<h2>Consid\u00e9rations de conception et crit\u00e8res de s\u00e9lection<\/h2>\n<ul>\n<li>Capacit\u00e9 de charge : Il est important de prendre en compte la capacit\u00e9 de charge du cylindre afin de s'assurer qu'il puisse supporter la charge \u00e0 laquelle il sera soumis.<\/li>\n<li>\u00c9tanch\u00e9it\u00e9\u00a0: Les joints de cylindre doivent \u00eatre efficaces pour pr\u00e9venir les fuites d\u2019huile et garantir un fonctionnement correct. Diff\u00e9rents mat\u00e9riaux d\u2019\u00e9tanch\u00e9it\u00e9 peuvent \u00eatre utilis\u00e9s, tels que le polyur\u00e9thane et le caoutchouc nitrile.<\/li>\n<li>Durabilit\u00e9 : Le cylindre doit \u00eatre durable pour r\u00e9sister aux environnements d'exploitation difficiles et \u00e0 une utilisation prolong\u00e9e.<\/li>\n<li>S\u00e9curit\u00e9 : Il est important de prendre en compte les mesures de s\u00e9curit\u00e9 lors de la conception et de l'utilisation du cylindre, notamment en veillant \u00e0 ce que la tige de piston soit prot\u00e9g\u00e9e afin de pr\u00e9venir les accidents.<\/li>\n<li>Maintenance : Le cylindre doit \u00eatre con\u00e7u pour faciliter la maintenance, avec un acc\u00e8s ais\u00e9 aux composants pour l'inspection et le remplacement.<\/li>\n<\/ul>\n<p><img decoding=\"async\" src=\"https:\/\/www.hydraulic-cylinders.net\/wp-content\/uploads\/2025\/01\/songte-oil-pipes-and-spare-parts.webp\"><\/p>\n<h2>\u00c9tanch\u00e9it\u00e9 et lubrification<\/h2>\n<p>Divers joints, tels que les bagues d'\u00e9tanch\u00e9it\u00e9 de piston et de tige, assurent une \u00e9tanch\u00e9it\u00e9 optimale. Ces joints peuvent \u00eatre fabriqu\u00e9s dans des mat\u00e9riaux r\u00e9sistants \u00e0 l'usure, comme le polyur\u00e9thane et le caoutchouc nitrile. Le corps du cylindre et la surface d'extr\u00e9mit\u00e9 filet\u00e9e sont usin\u00e9s avec pr\u00e9cision pour une meilleure r\u00e9sistance \u00e0 l'usure. Une lubrification r\u00e9guli\u00e8re par ajout d'huile hydraulique appropri\u00e9e est n\u00e9cessaire.<\/p>\n<h2>Entretien et r\u00e9paration<\/h2>\n<ul>\n<li>Inspection r\u00e9guli\u00e8re\u00a0: Une inspection r\u00e9guli\u00e8re est n\u00e9cessaire pour s\u2019assurer du bon fonctionnement du cylindre et identifier tout probl\u00e8me potentiel.<\/li>\n<li>Lubrification\u00a0: Une lubrification ad\u00e9quate est importante pour des performances optimales et pour prolonger la dur\u00e9e de vie du cylindre.<\/li>\n<li>Remplacement des joints : Les joints doivent \u00eatre remplac\u00e9s p\u00e9riodiquement afin d'\u00e9viter les fuites d'huile et d'assurer un bon fonctionnement.<\/li>\n<li>Alignement\u00a0: Lors de l\u2019installation, il est important d\u2019aligner correctement le cylindre afin d\u2019\u00e9viter une usure pr\u00e9matur\u00e9e et des dommages.<\/li>\n<li>Services de remise en \u00e9tat\u00a0: En cas de dommages ou d\u2019usure, il peut \u00eatre n\u00e9cessaire de faire appel \u00e0 des services de remise en \u00e9tat ou \u00e0 des pi\u00e8ces de rechange pour garantir le bon fonctionnement du cylindre.<\/li>\n<\/ul>\n<p><img decoding=\"async\" src=\"https:\/\/www.hydraulic-cylinders.net\/wp-content\/uploads\/2025\/01\/songte-chushion-collar.webp\"><\/p>\n<h2>Consid\u00e9rations de s\u00e9curit\u00e9 et facteurs environnementaux<\/h2>\n<p>Des mesures de s\u00e9curit\u00e9 appropri\u00e9es doivent \u00eatre prises lors de l'utilisation du cylindre afin de pr\u00e9venir les accidents. Les facteurs environnementaux, tels que la temp\u00e9rature et l'humidit\u00e9, doivent \u00e9galement \u00eatre pris en compte pour garantir des performances optimales.<\/p>\n<h2>D\u00e9pannage et probl\u00e8mes courants<\/h2>\n<p>Les probl\u00e8mes courants rencontr\u00e9s avec les v\u00e9rins de godet incluent les fuites d'huile, une r\u00e9sistance insuffisante du v\u00e9rin et un manque de lubrification. Pour r\u00e9soudre ces probl\u00e8mes, il est conseill\u00e9 d'inspecter les joints, de v\u00e9rifier le niveau d'huile hydraulique et de remplacer les pi\u00e8ces us\u00e9es.<\/p>\n<p><img decoding=\"async\" src=\"https:\/\/www.hydraulic-cylinders.net\/wp-content\/uploads\/2025\/01\/songte-bushings-with-all-kinds-of-excavator-models.webp\"><\/p>\n<h2>\u00c0 propos de notre entreprise<\/h2>\n<p>Nous sommes un fabricant de v\u00e9rins hydrauliques de remplacement offrant une gamme compl\u00e8te de produits. Gr\u00e2ce \u00e0 notre engagement envers l'excellence et \u00e0 nos strat\u00e9gies de production industrialis\u00e9e au sein d'ateliers de fabrication de pointe, nous sommes devenus l'un des principaux fabricants et grossistes de v\u00e9rins hydrauliques sur les march\u00e9s nationaux et internationaux. Forts de notre expertise technique, de nos \u00e9quipements de production num\u00e9riques haut de gamme et de nos syst\u00e8mes de contr\u00f4le professionnels, nous optimisons constamment nos processus de fabrication, la qualit\u00e9 de nos produits et notre capacit\u00e9 d'innovation. Nous r\u00e9pondons aux besoins vari\u00e9s de nos clients en nous appuyant sur les principes d'efficacit\u00e9, de pr\u00e9cision et de qualit\u00e9.<\/p>\n<p>De plus, nous fournissons une certification internationale professionnelle, des services personnalis\u00e9s, des \u00e9quipements de production et un service apr\u00e8s-vente.<\/p>\n<p><img decoding=\"async\" src=\"https:\/\/hzpt.com\/wp-content\/uploads\/2024\/11\/songte-company-1.webp\"><\/p>\n<p>Auteur : lyl<\/p>","protected":false},"excerpt":{"rendered":"<p>Bucket Cylinder For World Middle Excavator W2245DLC-8 Introduction Definition The bucket cylinder, also known as a hydraulic cylinder, is a specifically designed hydraulic actuator used to control the movement of the bucket in heavy machinery such as excavators, backhoes, and front loaders. Its main function is to enable the bucket to lift, lower, and tilt, [&hellip;]<\/p>","protected":false},"featured_media":14765,"comment_status":"open","ping_status":"closed","template":"","meta":{"_et_pb_use_builder":"","_et_pb_old_content":"","_et_gb_content_width":""},"product_brand":[],"product_cat":[1494],"product_tag":[1495,1496],"class_list":{"0":"post-15744","1":"product","2":"type-product","3":"status-publish","4":"has-post-thumbnail","6":"product_cat-bucket-cylinders","7":"product_tag-bucket-cylinders","8":"product_tag-hydraulic-cylinders","10":"first","11":"instock","12":"shipping-taxable","13":"product-type-simple"},"amp_enabled":true,"_links":{"self":[{"href":"https:\/\/www.hydraulic-cylinders.net\/fr\/wp-json\/wp\/v2\/product\/15744","targetHints":{"allow":["GET"]}}],"collection":[{"href":"https:\/\/www.hydraulic-cylinders.net\/fr\/wp-json\/wp\/v2\/product"}],"about":[{"href":"https:\/\/www.hydraulic-cylinders.net\/fr\/wp-json\/wp\/v2\/types\/product"}],"replies":[{"embeddable":true,"href":"https:\/\/www.hydraulic-cylinders.net\/fr\/wp-json\/wp\/v2\/comments?post=15744"}],"wp:featuredmedia":[{"embeddable":true,"href":"https:\/\/www.hydraulic-cylinders.net\/fr\/wp-json\/wp\/v2\/media\/14765"}],"wp:attachment":[{"href":"https:\/\/www.hydraulic-cylinders.net\/fr\/wp-json\/wp\/v2\/media?parent=15744"}],"wp:term":[{"taxonomy":"product_brand","embeddable":true,"href":"https:\/\/www.hydraulic-cylinders.net\/fr\/wp-json\/wp\/v2\/product_brand?post=15744"},{"taxonomy":"product_cat","embeddable":true,"href":"https:\/\/www.hydraulic-cylinders.net\/fr\/wp-json\/wp\/v2\/product_cat?post=15744"},{"taxonomy":"product_tag","embeddable":true,"href":"https:\/\/www.hydraulic-cylinders.net\/fr\/wp-json\/wp\/v2\/product_tag?post=15744"}],"curies":[{"name":"wp","href":"https:\/\/api.w.org\/{rel}","templated":true}]}}