{"id":15747,"date":"2025-01-19T14:55:34","date_gmt":"2025-01-19T14:55:34","guid":{"rendered":"https:\/\/www.hydraulic-cylinders.net\/product\/bucket-cylinder-for-world-large-excavator-w2425lc-8\/"},"modified":"2025-01-19T14:55:36","modified_gmt":"2025-01-19T14:55:36","slug":"bucket-cylinder-for-world-large-excavator-w2425lc-8","status":"publish","type":"product","link":"https:\/\/www.hydraulic-cylinders.net\/fr\/produit\/bucket-cylinder-for-world-large-excavator-w2425lc-8\/","title":{"rendered":"Cylindre de godet pour pelle hydraulique de grande taille W2425LC-8"},"content":{"rendered":"<h1>Cylindre de godet pour pelle hydraulique de grande taille W2425LC-8<\/h1>\n<h2>Introduction<\/h2>\n<p>Le v\u00e9rin de godet pour pelle hydraulique de grande taille W2425LC-8 est un v\u00e9rin hydraulique sp\u00e9cialement con\u00e7u pour contr\u00f4ler les mouvements du godet sur les engins de chantier tels que les pelles hydrauliques, les chargeuses-pelleteuses et les chargeuses frontales. Sa fonction principale est de permettre la lev\u00e9e, l'abaissement et l'inclinaison du godet, facilitant ainsi la manutention de divers mat\u00e9riaux. Au sein du syst\u00e8me hydraulique, le v\u00e9rin de godet assure un contr\u00f4le pr\u00e9cis du godet gr\u00e2ce \u00e0 la variation de la pression d'huile hydraulique, permettant aux op\u00e9rateurs de manipuler efficacement des charges lourdes et de s'adapter \u00e0 des environnements de travail complexes et \u00e0 des exigences op\u00e9rationnelles vari\u00e9es.<\/p>\n<p><img decoding=\"async\" src=\"https:\/\/www.hydraulic-cylinders.net\/wp-content\/uploads\/2025\/01\/songte-company-2.webp\" alt=\"Image du cylindre du godet\"><\/p>\n<h2>Caract\u00e9ristiques<\/h2>\n<ul>\n<li>Haute r\u00e9sistance et durabilit\u00e9\u00a0: Fabriqu\u00e9 g\u00e9n\u00e9ralement en acier ou en aluminium haute r\u00e9sistance, ce produit supporte les hautes pressions et les charges importantes et convient aux environnements de travail difficiles. Sa conception prend en compte la r\u00e9sistance \u00e0 l\u2019usure et \u00e0 la corrosion afin d\u2019en prolonger la dur\u00e9e de vie.<\/li>\n<li>Fonctionnement hydraulique efficace : Utilise la pression de l'huile hydraulique pour obtenir des mouvements d'extension et de r\u00e9traction fluides, permettant une r\u00e9ponse rapide aux commandes et fournissant des forces de pouss\u00e9e et de traction puissantes, adapt\u00e9es \u00e0 la manutention de charges lourdes et \u00e0 des t\u00e2ches op\u00e9rationnelles complexes.<\/li>\n<li>Diff\u00e9rents types\u00a0: Il est possible de choisir entre des v\u00e9rins simple effet (fonctionnement hydraulique dans un seul sens) ou double effet (fonctionnement hydraulique dans les deux sens) selon les besoins. Certains mod\u00e8les sont t\u00e9lescopiques, ce qui permet une plus grande extension sans augmenter les dimensions ext\u00e9rieures et convient aux applications o\u00f9 l\u2019espace est limit\u00e9.<\/li>\n<li>Remplacement id\u00e9al\u00a0: Nos produits remplacent parfaitement ces v\u00e9rins hydrauliques. Nous pouvons fabriquer ce produit selon vos besoins sp\u00e9cifiques.<\/li>\n<\/ul>\n<p><img decoding=\"async\" src=\"https:\/\/www.hydraulic-cylinders.net\/wp-content\/uploads\/2025\/01\/songte-cylinder-head-with-all-kinds-excavator-models.webp\" alt=\"Image du cylindre de remplacement\"><\/p>\n<h2>Applications<\/h2>\n<p>Le v\u00e9rin de godet pour la pelle hydraulique de grande taille W2425LC-8 trouve des applications dans diverses industries, notamment\u00a0:<\/p>\n<ul>\n<li>Mat\u00e9riel de construction\u00a0: Indispensable aux excavatrices pour creuser, charger et d\u00e9placer la terre ou les d\u00e9bris. Sur les chargeuses-pelleteuses, le v\u00e9rin du godet contribue \u00e0 la fois \u00e0 l\u2019excavation et au levage.<\/li>\n<li>Machines agricoles : utilis\u00e9es dans les chargeurs frontaux pour ramasser, soulever et transporter de la terre, du foin et d'autres mat\u00e9riaux.<\/li>\n<li>Excavatrices : Le v\u00e9rin du godet permet les op\u00e9rations d'excavation en permettant au godet de p\u00e9n\u00e9trer dans le sol.<\/li>\n<li>Chargeuses : Sur les chargeuses frontales, elles permettent de lever et de d\u00e9charger efficacement les marchandises.<\/li>\n<\/ul>\n<h2>Consid\u00e9rations de conception et crit\u00e8res de s\u00e9lection<\/h2>\n<p>En ce qui concerne les consid\u00e9rations de conception et les crit\u00e8res de s\u00e9lection du v\u00e9rin de godet, plusieurs facteurs cl\u00e9s doivent \u00eatre pris en compte\u00a0:<\/p>\n<ul>\n<li>Capacit\u00e9 de charge<\/li>\n<li>Performances d'\u00e9tanch\u00e9it\u00e9<\/li>\n<li>Durabilit\u00e9<\/li>\n<li>S\u00e9curit\u00e9<\/li>\n<li>Maintenabilit\u00e9<\/li>\n<\/ul>\n<p><img decoding=\"async\" src=\"https:\/\/www.hydraulic-cylinders.net\/wp-content\/uploads\/2025\/01\/songte-oil-pipes-and-spare-parts.webp\" alt=\"Image des pi\u00e8ces du v\u00e9rin hydraulique\"><\/p>\n<h2>\u00c9tanch\u00e9it\u00e9 et lubrification<\/h2>\n<p>Le v\u00e9rin du godet utilise divers joints d'\u00e9tanch\u00e9it\u00e9, tels que des joints de piston et des joints de tige, fabriqu\u00e9s en mat\u00e9riaux r\u00e9sistants \u00e0 l'usure comme le polyur\u00e9thane et le caoutchouc nitrile. Le corps du v\u00e9rin et ses extr\u00e9mit\u00e9s filet\u00e9es b\u00e9n\u00e9ficient d'un traitement de surface rigoureux afin d'optimiser sa r\u00e9sistance \u00e0 l'usure. Une lubrification r\u00e9guli\u00e8re avec la quantit\u00e9 appropri\u00e9e d'huile hydraulique est indispensable \u00e0 son bon fonctionnement.<\/p>\n<h2>Inspection r\u00e9guli\u00e8re et maintenance pr\u00e9ventive<\/h2>\n<p>Les mesures r\u00e9guli\u00e8res d'inspection et de maintenance pr\u00e9ventive comprennent\u00a0:<\/p>\n<ul>\n<li>V\u00e9rifier l'absence de signes de dommages ou d'usure<\/li>\n<li>Lubrification appropri\u00e9e<\/li>\n<li>remplacement du joint<\/li>\n<li>Contr\u00f4les d'\u00e9talonnage<\/li>\n<\/ul>\n<p><img decoding=\"async\" src=\"https:\/\/www.hydraulic-cylinders.net\/wp-content\/uploads\/2025\/01\/songte-chushion-collar.webp\" alt=\"Image d&#039;inspection du v\u00e9rin hydraulique\"><\/p>\n<h2>Consid\u00e9rations de s\u00e9curit\u00e9 et facteurs environnementaux<\/h2>\n<p>Il est primordial de veiller au respect des mesures de s\u00e9curit\u00e9 lors de la manipulation de v\u00e9rins hydrauliques. Les facteurs environnementaux doivent \u00e9galement \u00eatre pris en compte afin de minimiser tout impact n\u00e9gatif.<\/p>\n<h2>D\u00e9pannage et probl\u00e8mes courants<\/h2>\n<p>En cas de probl\u00e8me avec le v\u00e9rin du godet, la connaissance des \u00e9tapes et solutions de d\u00e9pannage courantes peut s'av\u00e9rer utile pour diagnostiquer et r\u00e9soudre les probl\u00e8mes. De plus, des mesures pr\u00e9ventives peuvent \u00eatre mises en \u0153uvre afin de minimiser les risques de dysfonctionnement.<\/p>\n<p><img decoding=\"async\" src=\"https:\/\/www.hydraulic-cylinders.net\/wp-content\/uploads\/2025\/01\/songte-bushings-with-all-kinds-of-excavator-models.webp\" alt=\"Image de d\u00e9pannage du v\u00e9rin hydraulique\"><\/p>\n<p>N'oubliez pas d'organiser l'article de mani\u00e8re logique, d'utiliser des sous-titres pour faciliter la navigation, d'int\u00e9grer des images ou des graphiques pertinents pour une meilleure compr\u00e9hension et de veiller \u00e0 ce que le contenu soit clair, concis et adapt\u00e9 aux lecteurs ayant diff\u00e9rents niveaux de connaissances techniques.<\/p>\n<h2>\u00c0 propos de notre entreprise<\/h2>\n<p>Nous sommes un fabricant de v\u00e9rins hydrauliques de remplacement et proposons une large gamme de produits. Nous figurons parmi les principaux fabricants et distributeurs de v\u00e9rins hydrauliques sur les march\u00e9s nationaux et internationaux. Soucieux de l'excellence, nous nous appuyons sur des strat\u00e9gies de gestion de la production industrialis\u00e9e au sein de nos ateliers de fabrication ultramodernes. Notre entreprise am\u00e9liore constamment sa plateforme de production, perfectionne son processus de fabrication et fait preuve d'une grande cr\u00e9ativit\u00e9. Nous nous effor\u00e7ons de r\u00e9pondre aux besoins vari\u00e9s de nos clients avec efficacit\u00e9, pr\u00e9cision et qualit\u00e9.<\/p>\n<p><img decoding=\"async\" src=\"https:\/\/www.hydraulic-cylinders.net\/wp-content\/uploads\/2025\/01\/songte-company-3.webp\" alt=\"Image de l&#039;entreprise\"><\/p>\n<p>De plus, nous offrons professionnalisme, certifications internationales, services personnalis\u00e9s, \u00e9quipements de production de pointe et services apr\u00e8s-vente complets. <\/p>\n<p>Auteur : lyl<\/p>","protected":false},"excerpt":{"rendered":"<p>Bucket Cylinder For World Large Excavator W2425LC-8 Introduction The bucket cylinder for world large excavator W2425LC-8 is a specially designed hydraulic cylinder used to control the movement of the bucket in heavy machinery such as excavators, backhoe loaders, and front-end loaders. Its main function is to enable the lifting, lowering, and tilting of the bucket, [&hellip;]<\/p>","protected":false},"featured_media":14789,"comment_status":"open","ping_status":"closed","template":"","meta":{"_et_pb_use_builder":"","_et_pb_old_content":"","_et_gb_content_width":""},"product_brand":[],"product_cat":[1494],"product_tag":[1495,1496],"class_list":{"0":"post-15747","1":"product","2":"type-product","3":"status-publish","4":"has-post-thumbnail","6":"product_cat-bucket-cylinders","7":"product_tag-bucket-cylinders","8":"product_tag-hydraulic-cylinders","10":"first","11":"instock","12":"shipping-taxable","13":"product-type-simple"},"amp_enabled":true,"_links":{"self":[{"href":"https:\/\/www.hydraulic-cylinders.net\/fr\/wp-json\/wp\/v2\/product\/15747","targetHints":{"allow":["GET"]}}],"collection":[{"href":"https:\/\/www.hydraulic-cylinders.net\/fr\/wp-json\/wp\/v2\/product"}],"about":[{"href":"https:\/\/www.hydraulic-cylinders.net\/fr\/wp-json\/wp\/v2\/types\/product"}],"replies":[{"embeddable":true,"href":"https:\/\/www.hydraulic-cylinders.net\/fr\/wp-json\/wp\/v2\/comments?post=15747"}],"wp:featuredmedia":[{"embeddable":true,"href":"https:\/\/www.hydraulic-cylinders.net\/fr\/wp-json\/wp\/v2\/media\/14789"}],"wp:attachment":[{"href":"https:\/\/www.hydraulic-cylinders.net\/fr\/wp-json\/wp\/v2\/media?parent=15747"}],"wp:term":[{"taxonomy":"product_brand","embeddable":true,"href":"https:\/\/www.hydraulic-cylinders.net\/fr\/wp-json\/wp\/v2\/product_brand?post=15747"},{"taxonomy":"product_cat","embeddable":true,"href":"https:\/\/www.hydraulic-cylinders.net\/fr\/wp-json\/wp\/v2\/product_cat?post=15747"},{"taxonomy":"product_tag","embeddable":true,"href":"https:\/\/www.hydraulic-cylinders.net\/fr\/wp-json\/wp\/v2\/product_tag?post=15747"}],"curies":[{"name":"wp","href":"https:\/\/api.w.org\/{rel}","templated":true}]}}