{"id":15788,"date":"2025-01-19T14:59:11","date_gmt":"2025-01-19T14:59:11","guid":{"rendered":"https:\/\/www.hydraulic-cylinders.net\/product\/bucket-cylinder-for-sgzg-sd25-9\/"},"modified":"2025-01-19T14:59:13","modified_gmt":"2025-01-19T14:59:13","slug":"bucket-cylinder-for-sgzg-sd25-9","status":"publish","type":"product","link":"https:\/\/www.hydraulic-cylinders.net\/fr\/produit\/bucket-cylinder-for-sgzg-sd25-9\/","title":{"rendered":"Cylindre de godet pour SGZG SD25-9"},"content":{"rendered":"<h1>Cylindre de godet pour SGZG SD25-9<\/h1>\n<h2>Introduction<\/h2>\n<p>Un v\u00e9rin de godet est un v\u00e9rin hydraulique sp\u00e9cialis\u00e9 con\u00e7u pour contr\u00f4ler les mouvements des godets sur les engins de chantier tels que les pelles hydrauliques, les chargeuses-pelleteuses et les chargeuses frontales. Sa fonction principale est de permettre la lev\u00e9e, l'abaissement et l'inclinaison du godet, facilitant ainsi les op\u00e9rations de transport de mat\u00e9riaux. Au sein du syst\u00e8me hydraulique, le v\u00e9rin de godet exploite les variations de pression d'huile hydraulique pour un contr\u00f4le pr\u00e9cis du godet, permettant aux op\u00e9rateurs de manipuler efficacement des charges lourdes, de s'adapter \u00e0 des environnements de travail complexes et \u00e0 des exigences op\u00e9rationnelles vari\u00e9es.<\/p>\n<p><img decoding=\"async\" src=\"https:\/\/www.hydraulic-cylinders.net\/wp-content\/uploads\/2025\/01\/songte-company-2.webp\" alt=\"Cylindre de godet pour SGZG SD25-9\" \/><\/p>\n<h2>Caract\u00e9ristiques<\/h2>\n<ul>\n<li>Haute r\u00e9sistance et durabilit\u00e9 : G\u00e9n\u00e9ralement fabriqu\u00e9s en acier ou en aluminium \u00e0 haute r\u00e9sistance, les v\u00e9rins de godet peuvent supporter une pression \u00e9lev\u00e9e et des charges importantes, s'adapter aux environnements de travail difficiles et sont con\u00e7us pour r\u00e9sister \u00e0 l'usure et \u00e0 la corrosion afin de prolonger leur dur\u00e9e de vie.<\/li>\n<li>Fonctionnement hydraulique efficace\u00a0: les mouvements d\u2019extension et de r\u00e9traction en douceur sont obtenus gr\u00e2ce \u00e0 la pression de l\u2019huile hydraulique, qui fournit des forces de pouss\u00e9e et de traction puissantes et r\u00e9pond rapidement aux commandes, ce qui les rend adapt\u00e9s \u00e0 la manutention d\u2019objets lourds et \u00e0 des t\u00e2ches complexes.<\/li>\n<li>Diff\u00e9rents types sont disponibles\u00a0: des v\u00e9rins simple effet (fonctionnant dans un seul sens) ou double effet (fonctionnant dans les deux sens) peuvent \u00eatre s\u00e9lectionn\u00e9s selon les besoins afin de r\u00e9pondre \u00e0 diff\u00e9rentes exigences op\u00e9rationnelles. Certains mod\u00e8les sont t\u00e9lescopiques, ce qui permet une plus grande extension sans augmenter les dimensions ext\u00e9rieures et les rend adapt\u00e9s aux applications o\u00f9 l\u2019espace est limit\u00e9.<\/li>\n<li>Interchangeables : Nos produits peuvent parfaitement remplacer ces v\u00e9rins hydrauliques.<\/li>\n<\/ul>\n<p><img decoding=\"async\" src=\"https:\/\/www.hydraulic-cylinders.net\/wp-content\/uploads\/2025\/01\/songte-cylinder-head-with-all-kinds-excavator-models.webp\" alt=\"Cylindre de godet pour SGZG SD25-9\" \/><\/p>\n<h2>Applications<\/h2>\n<h3>\u00c9quipement de construction<\/h3>\n<p>Sur les excavatrices, les v\u00e9rins sont indispensables pour creuser, charger et d\u00e9placer la terre ou les d\u00e9bris. Sur les chargeuses-pelleteuses, ils servent \u00e0 la fois au creusement et au levage. On les retrouve \u00e9galement sur les chargeuses frontales pour le pelletage, le levage et le transport de la terre, du foin et d'autres mat\u00e9riaux.<\/p>\n<h3>machines agricoles<\/h3>\n<p>Les v\u00e9rins de godet sont utilis\u00e9s sur les chargeuses frontales pour ramasser, soulever et transporter de la terre, du foin et d'autres mat\u00e9riaux. Sur les pelles hydrauliques, le v\u00e9rin de godet permet de creuser en enfon\u00e7ant le godet dans le sol. Sur les chargeuses frontales, il facilite le d\u00e9chargement et le nivellement du chargement.<\/p>\n<h2>Consid\u00e9rations de conception et crit\u00e8res de s\u00e9lection<\/h2>\n<ul>\n<li>Capacit\u00e9 de charge : Le v\u00e9rin du godet doit \u00eatre con\u00e7u pour r\u00e9sister \u00e0 des charges et \u00e0 une pression \u00e9lev\u00e9es.<\/li>\n<li>\u00c9tanch\u00e9it\u00e9 : Diff\u00e9rents composants d'\u00e9tanch\u00e9it\u00e9, tels que les segments d'\u00e9tanch\u00e9it\u00e9 de piston et de tige, sont utilis\u00e9s pour pr\u00e9venir les fuites d'huile et assurer un fonctionnement efficace.<\/li>\n<li>Durabilit\u00e9 : Le corps du cylindre et la surface d'extr\u00e9mit\u00e9 du filetage sont finement usin\u00e9s pour am\u00e9liorer la r\u00e9sistance \u00e0 l'usure.<\/li>\n<li>S\u00e9curit\u00e9 : Des mesures de s\u00e9curit\u00e9 appropri\u00e9es doivent \u00eatre prises pour pr\u00e9venir les accidents pendant le fonctionnement.<\/li>\n<li>Entretien : Le cylindre doit \u00eatre con\u00e7u pour faciliter l'entretien, avec un acc\u00e8s ais\u00e9 aux composants rempla\u00e7ables et une lubrification r\u00e9guli\u00e8re.<\/li>\n<\/ul>\n<p><img decoding=\"async\" src=\"https:\/\/www.hydraulic-cylinders.net\/wp-content\/uploads\/2025\/01\/songte-oil-pipes-and-spare-parts.webp\" alt=\"Cylindre de godet pour SGZG SD25-9\" \/><\/p>\n<h2>\u00c9tanch\u00e9it\u00e9 et lubrification<\/h2>\n<p>Divers composants d'\u00e9tanch\u00e9it\u00e9 sont utilis\u00e9s pour pr\u00e9venir les fuites d'huile et garantir le bon fonctionnement du v\u00e9rin du godet. Des mat\u00e9riaux tels que le polyur\u00e9thane et le caoutchouc nitrile sont couramment utilis\u00e9s pour les joints toriques. Le corps du v\u00e9rin et la surface d'extr\u00e9mit\u00e9 du filetage sont usin\u00e9s avec pr\u00e9cision afin d'am\u00e9liorer la r\u00e9sistance \u00e0 l'usure. Une lubrification r\u00e9guli\u00e8re est n\u00e9cessaire pour assurer le bon fonctionnement du v\u00e9rin.<\/p>\n<h2>Entretien et r\u00e9paration<\/h2>\n<p>Un entretien r\u00e9gulier et des mesures pr\u00e9ventives sont essentiels pour prolonger la dur\u00e9e de vie du v\u00e9rin de godet. Les t\u00e2ches d'entretien courantes comprennent des contr\u00f4les r\u00e9guliers, une lubrification ad\u00e9quate, le remplacement des joints et la v\u00e9rification de l'\u00e9talonnage. Une installation correcte du v\u00e9rin est \u00e9galement importante\u00a0; des instructions d'alignement pr\u00e9cises sont fournies pour garantir son bon fonctionnement. L'utilisation de supports de fixation appropri\u00e9s est recommand\u00e9e. Les proc\u00e9dures recommand\u00e9es d'inspection, de r\u00e9paration et de remplacement sont fournies, ainsi que des conseils pour optimiser la dur\u00e9e de vie du v\u00e9rin de godet.<\/p>\n<p><img decoding=\"async\" src=\"https:\/\/www.hydraulic-cylinders.net\/wp-content\/uploads\/2025\/01\/songte-chushion-collar.webp\" alt=\"Cylindre de godet pour SGZG SD25-9\" \/><\/p>\n<h2>Consid\u00e9rations relatives \u00e0 la s\u00e9curit\u00e9 et \u00e0 l'environnement<\/h2>\n<p>Des mesures de s\u00e9curit\u00e9 appropri\u00e9es doivent \u00eatre prises lors de l'installation et de l'utilisation du v\u00e9rin de godet afin de pr\u00e9venir les accidents. Les facteurs environnementaux doivent \u00e9galement \u00eatre pris en compte pendant l'utilisation afin de minimiser l'impact sur l'environnement.<\/p>\n<h2>Diagnostic et d\u00e9pannage<\/h2>\n<p>Les probl\u00e8mes courants pouvant survenir avec les v\u00e9rins de godet incluent les fuites d'huile, une pression insuffisante et des bruits anormaux lors du fonctionnement. Des conseils et des solutions de d\u00e9pannage sont fournis pour aider les lecteurs \u00e0 diagnostiquer et \u00e0 r\u00e9soudre efficacement ces probl\u00e8mes.<\/p>\n<p><img decoding=\"async\" src=\"https:\/\/www.hydraulic-cylinders.net\/wp-content\/uploads\/2025\/01\/songte-bushings-with-all-kinds-of-excavator-models.webp\" alt=\"Cylindre de godet pour SGZG SD25-9\" \/><\/p>\n<h2>\u00c0 propos de notre entreprise<\/h2>\n<p>Nous sommes un fabricant de v\u00e9rins hydrauliques et proposons une gamme compl\u00e8te de produits. Comptant parmi les principaux fabricants et distributeurs de v\u00e9rins hydrauliques sur les march\u00e9s nationaux et internationaux, nous privil\u00e9gions l'excellence et nous appuyons sur des strat\u00e9gies de production industrialis\u00e9es au sein d'ateliers de fabrication de pointe. Gr\u00e2ce \u00e0 nos \u00e9quipes techniques qualifi\u00e9es, \u00e0 nos \u00e9quipements de production num\u00e9riques haut de gamme et \u00e0 nos syst\u00e8mes de contr\u00f4le professionnels, nous optimisons constamment nos processus de fabrication, la qualit\u00e9 de nos produits et notre capacit\u00e9 d'innovation. Nous r\u00e9pondons aux besoins vari\u00e9s de nos clients en nous appuyant sur les principes d'efficacit\u00e9, de pr\u00e9cision et de qualit\u00e9.<\/p>\n<p>Nous proposons des services professionnels, certifi\u00e9s \u00e0 l'international et personnalis\u00e9s. Nous disposons d'\u00e9quipements de production de pointe et assurons un service apr\u00e8s-vente de haute qualit\u00e9.<\/p>\n<p><img decoding=\"async\" src=\"https:\/\/www.hydraulic-cylinders.net\/wp-content\/uploads\/2025\/01\/songte-company-3.webp\" alt=\"Cylindre de godet pour SGZG SD25-9\" \/><\/p>\n<p>Auteur : lyl<\/p>","protected":false},"excerpt":{"rendered":"<p>Bucket Cylinder for SGZG SD25-9 Introduction A bucket cylinder is a specialized hydraulic cylinder designed to control the movement of buckets in heavy machinery such as excavators, backhoe loaders, and front loaders. Its main function is to enable the bucket to be lifted, lowered, and tilted, making it easier to handle various material transport tasks. [&hellip;]<\/p>","protected":false},"featured_media":14769,"comment_status":"open","ping_status":"closed","template":"","meta":{"_et_pb_use_builder":"","_et_pb_old_content":"","_et_gb_content_width":""},"product_brand":[],"product_cat":[1494],"product_tag":[1495,1496],"class_list":{"0":"post-15788","1":"product","2":"type-product","3":"status-publish","4":"has-post-thumbnail","6":"product_cat-bucket-cylinders","7":"product_tag-bucket-cylinders","8":"product_tag-hydraulic-cylinders","10":"first","11":"instock","12":"shipping-taxable","13":"product-type-simple"},"amp_enabled":true,"_links":{"self":[{"href":"https:\/\/www.hydraulic-cylinders.net\/fr\/wp-json\/wp\/v2\/product\/15788","targetHints":{"allow":["GET"]}}],"collection":[{"href":"https:\/\/www.hydraulic-cylinders.net\/fr\/wp-json\/wp\/v2\/product"}],"about":[{"href":"https:\/\/www.hydraulic-cylinders.net\/fr\/wp-json\/wp\/v2\/types\/product"}],"replies":[{"embeddable":true,"href":"https:\/\/www.hydraulic-cylinders.net\/fr\/wp-json\/wp\/v2\/comments?post=15788"}],"wp:featuredmedia":[{"embeddable":true,"href":"https:\/\/www.hydraulic-cylinders.net\/fr\/wp-json\/wp\/v2\/media\/14769"}],"wp:attachment":[{"href":"https:\/\/www.hydraulic-cylinders.net\/fr\/wp-json\/wp\/v2\/media?parent=15788"}],"wp:term":[{"taxonomy":"product_brand","embeddable":true,"href":"https:\/\/www.hydraulic-cylinders.net\/fr\/wp-json\/wp\/v2\/product_brand?post=15788"},{"taxonomy":"product_cat","embeddable":true,"href":"https:\/\/www.hydraulic-cylinders.net\/fr\/wp-json\/wp\/v2\/product_cat?post=15788"},{"taxonomy":"product_tag","embeddable":true,"href":"https:\/\/www.hydraulic-cylinders.net\/fr\/wp-json\/wp\/v2\/product_tag?post=15788"}],"curies":[{"name":"wp","href":"https:\/\/api.w.org\/{rel}","templated":true}]}}