{"id":15789,"date":"2025-01-19T14:59:15","date_gmt":"2025-01-19T14:59:15","guid":{"rendered":"https:\/\/www.hydraulic-cylinders.net\/product\/bucket-cylinder-for-sgzg-sd30-9b\/"},"modified":"2025-01-19T14:59:18","modified_gmt":"2025-01-19T14:59:18","slug":"bucket-cylinder-for-sgzg-sd30-9b","status":"publish","type":"product","link":"https:\/\/www.hydraulic-cylinders.net\/fr\/produit\/bucket-cylinder-for-sgzg-sd30-9b\/","title":{"rendered":"Cylindre de godet pour SGZG SD30-9B"},"content":{"rendered":"<p><!DOCTYPE html><br \/>\n<html><br \/>\n<head><br \/>\n<meta charset=\"UTF-8\"><br \/>\n<title>Cylindre de godet pour SGZG SD30-9B<\/title><br \/>\n<\/head><br \/>\n<body><\/p>\n<h1>Cylindre de godet pour SGZG SD30-9B<\/h1>\n<h2>Introduction<\/h2>\n<p>Le v\u00e9rin de godet est un v\u00e9rin hydraulique sp\u00e9cialement con\u00e7u pour contr\u00f4ler les mouvements du godet sur les engins de chantier tels que les pelles hydrauliques, les chargeuses-pelleteuses et les chargeuses frontales. Sa fonction principale est de permettre la lev\u00e9e, l'abaissement et l'inclinaison du godet, facilitant ainsi la manutention de divers mat\u00e9riaux. Dans un syst\u00e8me hydraulique, le v\u00e9rin de godet assure un contr\u00f4le pr\u00e9cis du godet gr\u00e2ce aux variations de pression de l'huile hydraulique, permettant aux op\u00e9rateurs de manipuler efficacement des charges lourdes et de s'adapter \u00e0 des environnements de travail complexes et \u00e0 des exigences vari\u00e9es.<\/p>\n<p><img decoding=\"async\" src=\"https:\/\/www.hydraulic-cylinders.net\/wp-content\/uploads\/2025\/01\/songte-company-2.webp\" alt=\"Image du cylindre du godet\"><\/p>\n<h2>Caract\u00e9ristiques<\/h2>\n<ul>\n<li>Haute r\u00e9sistance et durabilit\u00e9 : g\u00e9n\u00e9ralement fabriqu\u00e9s en acier ou en aluminium \u00e0 haute r\u00e9sistance, capables de supporter une pression \u00e9lev\u00e9e et des charges importantes, s'adaptant aux conditions de travail difficiles et con\u00e7us en tenant compte de la r\u00e9sistance \u00e0 l'usure et \u00e0 la corrosion afin de prolonger leur dur\u00e9e de vie.<\/li>\n<li>Fonctionnement hydraulique efficace : utilise la pression de l'huile hydraulique pour obtenir des mouvements d'extension et de r\u00e9traction fluides, capable de r\u00e9pondre rapidement aux commandes, de fournir des forces de pouss\u00e9e et de traction puissantes, adapt\u00e9 \u00e0 la manutention de charges lourdes et de t\u00e2ches complexes.<\/li>\n<li>Types polyvalents\u00a0: peuvent \u00eatre s\u00e9lectionn\u00e9s en version simple effet (hydraulique utilis\u00e9e dans un seul sens) ou double effet (hydraulique utilis\u00e9e dans les deux sens) selon les besoins\u00a0; certains mod\u00e8les sont t\u00e9lescopiques, permettant une plus grande extension sans augmenter les dimensions ext\u00e9rieures, adapt\u00e9s aux applications \u00e0 espace limit\u00e9.<\/li>\n<li>Remplacement parfait : notre produit peut parfaitement remplacer ces v\u00e9rins hydrauliques.<\/li>\n<\/ul>\n<p><img decoding=\"async\" src=\"https:\/\/www.hydraulic-cylinders.net\/wp-content\/uploads\/2025\/01\/songte-cylinder-head-with-all-kinds-excavator-models.webp\" alt=\"Image de remplacement du produit\"><\/p>\n<h2>Applications<\/h2>\n<p>Les v\u00e9rins \u00e0 godet sont utilis\u00e9s dans divers \u00e9quipements et industries, notamment\u00a0:<\/p>\n<ul>\n<li>Mat\u00e9riel de construction\u00a0: Pr\u00e9sents dans les excavatrices, ils sont indispensables pour l\u2019excavation, le chargement et le d\u00e9placement de terre ou de d\u00e9bris. Dans les chargeuses-pelleteuses, le v\u00e9rin du godet contribue \u00e0 la fois au creusement et au levage.<\/li>\n<li>Machines agricoles : Utilis\u00e9es dans les chargeuses frontales pour ramasser, soulever et transporter la terre, le foin et autres mat\u00e9riaux.<\/li>\n<li>Excavateurs : Le v\u00e9rin de godet permet les actions de creusement en permettant au godet de p\u00e9n\u00e9trer le sol.<\/li>\n<li>Chargeurs : Sur les chargeurs frontaux, ils contribuent \u00e0 un levage et un d\u00e9chargement efficaces des marchandises.<\/li>\n<\/ul>\n<h2>Consid\u00e9rations de conception et crit\u00e8res de s\u00e9lection<\/h2>\n<ul>\n<li>Capacit\u00e9 de charge : Discuter de la capacit\u00e9 du cylindre \u00e0 supporter des charges importantes.<\/li>\n<li>\u00c9tanch\u00e9it\u00e9 : Expliquez l'importance d'une \u00e9tanch\u00e9it\u00e9 efficace pour pr\u00e9venir les fuites.<\/li>\n<li>Durabilit\u00e9 : Expliquez comment le cylindre est con\u00e7u pour une performance durable.<\/li>\n<li>S\u00e9curit\u00e9 : Expliquez les mesures de s\u00e9curit\u00e9 int\u00e9gr\u00e9es \u00e0 la conception du cylindre.<\/li>\n<li>Facilit\u00e9 d'entretien : Expliquez comment le cylindre est con\u00e7u pour faciliter l'entretien et la r\u00e9paration.<\/li>\n<\/ul>\n<p><img decoding=\"async\" src=\"https:\/\/www.hydraulic-cylinders.net\/wp-content\/uploads\/2025\/01\/songte-oil-pipes-and-spare-parts.webp\" alt=\"Image des composants d&#039;un v\u00e9rin hydraulique\"><\/p>\n<h2>\u00c9tanch\u00e9it\u00e9 et lubrification<\/h2>\n<p>Le v\u00e9rin du godet utilise divers joints d'\u00e9tanch\u00e9it\u00e9, tels que des joints de piston et des joints de tige, fabriqu\u00e9s \u00e0 partir de mat\u00e9riaux r\u00e9sistants \u00e0 l'usure comme le polyur\u00e9thane et le caoutchouc nitrile. Le corps du v\u00e9rin et ses extr\u00e9mit\u00e9s filet\u00e9es font l'objet d'un traitement de pr\u00e9cision afin d'am\u00e9liorer sa r\u00e9sistance \u00e0 l'usure. Une lubrification r\u00e9guli\u00e8re avec la quantit\u00e9 appropri\u00e9e d'huile hydraulique est indispensable pour garantir un fonctionnement optimal et une longue dur\u00e9e de vie.<\/p>\n<h2>Inspection r\u00e9guli\u00e8re et maintenance pr\u00e9ventive<\/h2>\n<ul>\n<li>Inspectez r\u00e9guli\u00e8rement le cylindre pour d\u00e9tecter tout signe de dommage ou d\u2019usure.<\/li>\n<li>Assurer une lubrification ad\u00e9quate de toutes les pi\u00e8ces mobiles.<\/li>\n<li>Remplacez p\u00e9riodiquement les joints pour maintenir des performances optimales.<\/li>\n<li>Effectuez des contr\u00f4les d\u2019\u00e9talonnage pour garantir un fonctionnement pr\u00e9cis.<\/li>\n<\/ul>\n<h2>Guide d'installation appropri\u00e9<\/h2>\n<p>Pour une installation correcte, il est important de\u00a0:<\/p>\n<ul>\n<li>Alignez correctement le cylindre lors de l'installation.<\/li>\n<li>Utilisez les supports de fixation appropri\u00e9s pour fixer le cylindre.<\/li>\n<li>Suivez les proc\u00e9dures recommand\u00e9es pour l'inspection, les r\u00e9parations et le remplacement.<\/li>\n<li>Fournir des conseils pour prolonger la dur\u00e9e de vie du v\u00e9rin du godet.<\/li>\n<\/ul>\n<p><img decoding=\"async\" src=\"https:\/\/www.hydraulic-cylinders.net\/wp-content\/uploads\/2025\/01\/songte-chushion-collar.webp\" alt=\"Image du collier coussin\u00e9\"><\/p>\n<h2>Consid\u00e9rations de s\u00e9curit\u00e9 et facteurs environnementaux<\/h2>\n<p>Discuter de l'importance des mesures de s\u00e9curit\u00e9 lors de l'utilisation du v\u00e9rin \u00e0 godet et de tout facteur environnemental pertinent.<\/p>\n<h2>D\u00e9pannage et probl\u00e8mes courants<\/h2>\n<p>Ce document aborde les probl\u00e8mes courants et propose des conseils et des solutions de d\u00e9pannage pour aider les lecteurs \u00e0 diagnostiquer et \u00e0 r\u00e9soudre efficacement les probl\u00e8mes. Il offre \u00e9galement des mesures pr\u00e9ventives pour minimiser les probl\u00e8mes potentiels.<\/p>\n<p><img decoding=\"async\" src=\"https:\/\/www.hydraulic-cylinders.net\/wp-content\/uploads\/2025\/01\/songte-bushings-with-all-kinds-of-excavator-models.webp\" alt=\"Image des bagues\"><\/p>\n<h2>\u00c0 propos de notre entreprise<\/h2>\n<p>Nous sommes un fabricant de v\u00e9rins hydrauliques de remplacement. Gr\u00e2ce \u00e0 notre vaste gamme de produits, nous sommes devenus l'un des principaux fabricants et distributeurs de v\u00e9rins hydrauliques sur les march\u00e9s nationaux et internationaux. Nous nous engageons \u00e0 fournir une qualit\u00e9 irr\u00e9prochable et nous appuyons sur des strat\u00e9gies de gestion de production industrialis\u00e9es dans nos ateliers de fabrication modernes. En mobilisant des techniciens qualifi\u00e9s, des \u00e9quipements de fabrication num\u00e9rique de pointe et des syst\u00e8mes de contr\u00f4le professionnels, nous am\u00e9liorons constamment notre plateforme de production et la qualit\u00e9 de nos produits. Forts d'une grande capacit\u00e9 d'innovation, nous r\u00e9pondons aux besoins vari\u00e9s de nos clients avec efficacit\u00e9, pr\u00e9cision et un haut niveau de qualit\u00e9.<\/p>\n<p><img decoding=\"async\" src=\"https:\/\/www.hydraulic-cylinders.net\/wp-content\/uploads\/2025\/01\/songte-company-3.webp\" alt=\"Image de l&#039;entreprise\"><\/p>\n<h2>Notre expertise<\/h2>\n<ul>\n<li>Professionnalisme : Mettre en avant l'expertise de l'entreprise dans la fabrication de v\u00e9rins hydrauliques.<\/li>\n<li>Certifications internationales : Mentionnez toutes les certifications internationales pertinentes obtenues par l'entreprise.<\/li>\n<li>Services de personnalisation\u00a0: Mettez en avant la capacit\u00e9 de l\u2019entreprise \u00e0 fournir des solutions personnalis\u00e9es.<\/li>\n<li>\u00c9quipements de production : D\u00e9crivez les \u00e9quipements de production de pointe utilis\u00e9s par l'entreprise.<\/li>\n<li>Service apr\u00e8s-vente\u00a0: D\u00e9crivez l\u2019engagement de l\u2019entreprise \u00e0 fournir un excellent service apr\u00e8s-vente.<\/li>\n<\/ul>\n<p>Auteur : lyl<\/p>\n<p><\/body><br \/>\n<\/html><\/p>","protected":false},"excerpt":{"rendered":"<p>Bucket Cylinder For SGZG SD30-9B Bucket Cylinder For SGZG SD30-9B Introduction The bucket cylinder is a specially designed hydraulic cylinder used to control the movement of the bucket in heavy machinery such as excavators, backhoe loaders, and front loaders. Its main function is to allow the bucket to lift, lower, and tilt, making it easier [&hellip;]<\/p>","protected":false},"featured_media":14765,"comment_status":"open","ping_status":"closed","template":"","meta":{"_et_pb_use_builder":"","_et_pb_old_content":"","_et_gb_content_width":""},"product_brand":[],"product_cat":[1494],"product_tag":[1495,1496],"class_list":{"0":"post-15789","1":"product","2":"type-product","3":"status-publish","4":"has-post-thumbnail","6":"product_cat-bucket-cylinders","7":"product_tag-bucket-cylinders","8":"product_tag-hydraulic-cylinders","10":"first","11":"instock","12":"shipping-taxable","13":"product-type-simple"},"amp_enabled":true,"_links":{"self":[{"href":"https:\/\/www.hydraulic-cylinders.net\/fr\/wp-json\/wp\/v2\/product\/15789","targetHints":{"allow":["GET"]}}],"collection":[{"href":"https:\/\/www.hydraulic-cylinders.net\/fr\/wp-json\/wp\/v2\/product"}],"about":[{"href":"https:\/\/www.hydraulic-cylinders.net\/fr\/wp-json\/wp\/v2\/types\/product"}],"replies":[{"embeddable":true,"href":"https:\/\/www.hydraulic-cylinders.net\/fr\/wp-json\/wp\/v2\/comments?post=15789"}],"wp:featuredmedia":[{"embeddable":true,"href":"https:\/\/www.hydraulic-cylinders.net\/fr\/wp-json\/wp\/v2\/media\/14765"}],"wp:attachment":[{"href":"https:\/\/www.hydraulic-cylinders.net\/fr\/wp-json\/wp\/v2\/media?parent=15789"}],"wp:term":[{"taxonomy":"product_brand","embeddable":true,"href":"https:\/\/www.hydraulic-cylinders.net\/fr\/wp-json\/wp\/v2\/product_brand?post=15789"},{"taxonomy":"product_cat","embeddable":true,"href":"https:\/\/www.hydraulic-cylinders.net\/fr\/wp-json\/wp\/v2\/product_cat?post=15789"},{"taxonomy":"product_tag","embeddable":true,"href":"https:\/\/www.hydraulic-cylinders.net\/fr\/wp-json\/wp\/v2\/product_tag?post=15789"}],"curies":[{"name":"wp","href":"https:\/\/api.w.org\/{rel}","templated":true}]}}