{"id":15801,"date":"2025-01-19T15:00:19","date_gmt":"2025-01-19T15:00:19","guid":{"rendered":"https:\/\/www.hydraulic-cylinders.net\/product\/bucket-cylinder-for-carter-ct330-8c\/"},"modified":"2025-01-19T15:00:21","modified_gmt":"2025-01-19T15:00:21","slug":"bucket-cylinder-for-carter-ct330-8c","status":"publish","type":"product","link":"https:\/\/www.hydraulic-cylinders.net\/fr\/produit\/bucket-cylinder-for-carter-ct330-8c\/","title":{"rendered":"Cylindre de godet pour Carter CT330-8C"},"content":{"rendered":"<h1>Cylindre de godet pour Carter CT330-8C<\/h1>\n<h2>Introduction<\/h2>\n<p>The Bucket Cylinder for Carter CT330-8C is a type of specialized hydraulic cylinder designed specifically to control the movement of the bucket in heavy machinery, such as excavators, backhoes, and front loaders. Its primary function is to enable the bucket to be lifted, lowered, and tilted, thereby facilitating various material handling tasks. In hydraulic systems, the bucket cylinder achieves precise control of the bucket&#8217;s movement through changes in hydraulic oil pressure, enabling operators to handle heavy loads efficiently and adapt to complex working environments and diverse job requirements.<\/p>\n<p><img decoding=\"async\" src=\"https:\/\/www.hydraulic-cylinders.net\/wp-content\/uploads\/2025\/01\/songte-company-2.webp\"><\/p>\n<h2>Caract\u00e9ristiques<\/h2>\n<ul>\n<li>\n<h3>Haute r\u00e9sistance et durabilit\u00e9<\/h3>\n<p>Les v\u00e9rins de godet sont g\u00e9n\u00e9ralement fabriqu\u00e9s en acier haute r\u00e9sistance ou en aluminium, ce qui leur permet de supporter des pressions et des charges importantes et de s'adapter aux environnements de travail difficiles. Leur conception prend en compte la r\u00e9sistance \u00e0 l'usure et \u00e0 la corrosion afin d'en prolonger la dur\u00e9e de vie.<\/p>\n<\/li>\n<li>\n<h3>Fonctionnement hydraulique efficace<\/h3>\n<p>Les v\u00e9rins de godet utilisent la pression de l'huile hydraulique pour assurer des mouvements d'extension et de r\u00e9traction fluides, r\u00e9pondre rapidement aux commandes, fournir des forces de pouss\u00e9e et de traction puissantes et sont adapt\u00e9s \u00e0 la manutention de charges lourdes et \u00e0 des t\u00e2ches op\u00e9rationnelles complexes.<\/p>\n<\/li>\n<li>\n<h3>Plusieurs types<\/h3>\n<p>Les v\u00e9rins de godet peuvent \u00eatre \u00e0 simple effet (fonctionnement hydraulique dans un seul sens) ou \u00e0 double effet (fonctionnement hydraulique dans les deux sens), selon les besoins op\u00e9rationnels. Certains mod\u00e8les sont t\u00e9lescopiques, ce qui permet une plus grande extension sans augmenter l'encombrement ext\u00e9rieur et convient aux applications o\u00f9 l'espace est limit\u00e9.<\/p>\n<\/li>\n<li>\n<h3>Compatibilit\u00e9<\/h3>\n<p>Notre produit peut parfaitement remplacer ces v\u00e9rins hydrauliques, et nous proposons une large gamme d'options pour diff\u00e9rents mod\u00e8les d'\u00e9quipements.<\/p>\n<\/li>\n<li>\n<h3>Personnalisation<\/h3>\n<p>Nous proposons des services de personnalisation r\u00e9pondant aux exigences sp\u00e9cifiques de nos clients, garantissant compatibilit\u00e9 et performances optimales.<\/p>\n<\/li>\n<\/ul>\n<p><img decoding=\"async\" src=\"https:\/\/www.hydraulic-cylinders.net\/wp-content\/uploads\/2025\/01\/songte-cylinder-head-with-all-kinds-excavator-models.webp\"><\/p>\n<h2>Applications<\/h2>\n<p>Les v\u00e9rins \u00e0 godets sont utilis\u00e9s dans diverses industries et machines, telles que\u00a0:<\/p>\n<ul>\n<li>Engins de chantier\u00a0: Sur les excavatrices, les v\u00e9rins sont indispensables pour creuser, charger et d\u00e9placer la terre ou les d\u00e9bris. Sur les pelles r\u00e9trocaveuses, les v\u00e9rins du godet participent \u00e0 la fois au creusement et au levage. <\/li>\n<li>Machines agricoles : Utilis\u00e9es dans les chargeuses frontales pour ramasser, soulever et transporter la terre, le foin et autres mat\u00e9riaux. <\/li>\n<li>Excavatrices : Les v\u00e9rins du godet permettent \u00e0 celui-ci de p\u00e9n\u00e9trer dans le sol pour effectuer des travaux d'excavation. <\/li>\n<li>Chargeuses : Sur les chargeuses frontales, elles permettent de lever et de d\u00e9charger efficacement la cargaison.<\/li>\n<\/ul>\n<p>Chaque application est expliqu\u00e9e ci-dessous\u00a0:<\/p>\n<h3>\u00c9quipement de construction<\/h3>\n<p>Les v\u00e9rins de godet jouent un r\u00f4le essentiel dans les excavatrices, car ils permettent de creuser, de charger et de d\u00e9placer la terre ou les d\u00e9bris. Sur les pelles r\u00e9trocaveuses, ils servent non seulement \u00e0 creuser, mais aussi \u00e0 lever le godet. Ces engins sont largement utilis\u00e9s sur les chantiers de construction, les travaux routiers et dans les mines. Les v\u00e9rins de godet sont indispensables \u00e0 leur bon fonctionnement et garantissent un travail efficace et performant.<\/p>\n<h3>machines agricoles<\/h3>\n<p>Les v\u00e9rins de godet sont utilis\u00e9s sur les chargeuses frontales pour ramasser, soulever et transporter la terre, le foin et autres mat\u00e9riaux. Ces machines sont largement utilis\u00e9es dans les secteurs de l'agriculture, de la sylviculture et de l'am\u00e9nagement paysager. Les v\u00e9rins de godet sont essentiels \u00e0 leur bon fonctionnement et garantissent un travail efficace et performant.<\/p>\n<h3>Excavateurs<\/h3>\n<p>Les v\u00e9rins de godet permettent \u00e0 ce dernier de p\u00e9n\u00e9trer dans le sol pour effectuer des travaux d'excavation. Ces engins sont largement utilis\u00e9s sur les chantiers de construction, les travaux routiers et dans les mines. Les v\u00e9rins de godet sont essentiels \u00e0 leur bon fonctionnement et garantissent un travail efficace et performant.<\/p>\n<h3>Chargeurs<\/h3>\n<p>Sur les chargeuses frontales, les v\u00e9rins de godet permettent de lever et de d\u00e9charger efficacement les charges. Ces engins sont largement utilis\u00e9s sur les chantiers de construction, les chantiers routiers et dans les mines. Les v\u00e9rins de godet sont essentiels \u00e0 leur bon fonctionnement et garantissent un travail efficace et performant.<\/p>\n<p><img decoding=\"async\" src=\"https:\/\/www.hydraulic-cylinders.net\/wp-content\/uploads\/2025\/01\/songte-bushings-with-all-kinds-of-excavator-models.webp\"><\/p>\n<h2>Consid\u00e9rations de conception et crit\u00e8res de s\u00e9lection<\/h2>\n<p>Lors du choix d'un v\u00e9rin de godet, plusieurs consid\u00e9rations de conception et crit\u00e8res de s\u00e9lection doivent \u00eatre pris en compte\u00a0:<\/p>\n<ul>\n<li>\n<h3>Capacit\u00e9 de charge<\/h3>\n<p>Le v\u00e9rin du godet doit \u00eatre capable de supporter la charge \u00e0 laquelle il sera soumis.<\/p>\n<\/li>\n<li>\n<h3>Scellage<\/h3>\n<p>Le cylindre doit \u00eatre parfaitement \u00e9tanche afin d'\u00e9viter toute fuite d'huile hydraulique, ce qui pourrait entra\u00eener des dysfonctionnements ou endommager le cylindre.<\/p>\n<\/li>\n<li>\n<h3>Durabilit\u00e9<\/h3>\n<p>Le cylindre doit \u00eatre suffisamment r\u00e9sistant pour supporter les conditions difficiles de son utilisation pr\u00e9vue.<\/p>\n<\/li>\n<li>\n<h3>S\u00e9curit\u00e9<\/h3>\n<p>Le cylindre doit \u00eatre con\u00e7u en tenant compte de la s\u00e9curit\u00e9 et doit respecter toutes les normes de s\u00e9curit\u00e9 applicables.<\/p>\n<\/li>\n<li>\n<h3>Maintenabilit\u00e9<\/h3>\n<p>Le cylindre doit \u00eatre con\u00e7u pour faciliter l'entretien, avec des pi\u00e8ces rempla\u00e7ables et des proc\u00e9dures de r\u00e9paration simples.<\/p>\n<\/li>\n<\/ul>\n<p><img decoding=\"async\" src=\"https:\/\/www.hydraulic-cylinders.net\/wp-content\/uploads\/2025\/01\/songte-oil-pipes-and-spare-parts.webp\"><\/p>\n<h2>\u00c9tanch\u00e9it\u00e9 et lubrification<\/h2>\n<p>Les v\u00e9rins de godet utilisent divers composants d'\u00e9tanch\u00e9it\u00e9, tels que des joints de piston, des joints de tige et des racleurs, pour emp\u00eacher les fuites d'huile hydraulique. Ces joints sont fabriqu\u00e9s \u00e0 partir de mat\u00e9riaux r\u00e9sistants \u00e0 l'usure, comme le polyur\u00e9thane et le caoutchouc nitrile. Le corps du v\u00e9rin et la surface d'extr\u00e9mit\u00e9 du filetage ont fait l'objet d'un traitement de pr\u00e9cision afin d'am\u00e9liorer leur r\u00e9sistance \u00e0 l'usure et de r\u00e9duire la fr\u00e9quence de remplacement. Une lubrification r\u00e9guli\u00e8re \u00e0 l'huile hydraulique est indispensable au bon fonctionnement des v\u00e9rins de godet.<\/p>\n<h2>Inspection et maintenance pr\u00e9ventive<\/h2>\n<p>L'inspection r\u00e9guli\u00e8re et la maintenance pr\u00e9ventive des v\u00e9rins de godet sont essentielles pour garantir leur bon fonctionnement et optimiser leur dur\u00e9e de vie. Ces t\u00e2ches comprennent\u00a0:<\/p>\n<ul>\n<li>\n<h3>Inspection r\u00e9guli\u00e8re<\/h3>\n<p>Inspection r\u00e9guli\u00e8re du cylindre et de ses composants afin de v\u00e9rifier l'usure, les dommages ou tout autre probl\u00e8me susceptible d'affecter ses performances.<\/p>\n<\/li>\n<li>\n<h3>Lubrification<\/h3>\n<p>Lubrification r\u00e9guli\u00e8re \u00e0 l'huile hydraulique pour assurer le bon fonctionnement et l'efficacit\u00e9 du v\u00e9rin.<\/p>\n<\/li>\n<li>\n<h3>Remplacement du joint<\/h3>\n<p>Regular replacement of seals and other wear parts to prevent hydraulic oil leakage and ensure the cylinder&#8217;s proper functioning.<\/p>\n<\/li>\n<li>\n<h3>V\u00e9rification de l'\u00e9talonnage<\/h3>\n<p>Contr\u00f4le r\u00e9gulier de l'\u00e9talonnage pour s'assurer que le cylindre fonctionne dans les param\u00e8tres requis.<\/p>\n<\/li>\n<\/ul>\n<p>Une installation correcte est essentielle au bon fonctionnement des v\u00e9rins de godet. Un alignement pr\u00e9cis et l'utilisation de supports de fixation appropri\u00e9s sont recommand\u00e9s. En cas de probl\u00e8me, un diagnostic pr\u00e9cis et une r\u00e9paration rapide permettent d'\u00e9viter d'autres dommages et d'allonger la dur\u00e9e de vie du v\u00e9rin.<\/p>\n<p><img decoding=\"async\" src=\"https:\/\/www.hydraulic-cylinders.net\/wp-content\/uploads\/2025\/01\/songte-chushion-collar.webp\"><\/p>\n<h2>Consid\u00e9rations de s\u00e9curit\u00e9 et facteurs environnementaux<\/h2>\n<p>La s\u00e9curit\u00e9 des v\u00e9rins de godet et le respect de l'environnement sont essentiels au bon fonctionnement de la machine. Des mesures de s\u00e9curit\u00e9 telles qu'une installation correcte et des inspections r\u00e9guli\u00e8res permettent de pr\u00e9venir les accidents. L'\u00e9limination appropri\u00e9e de l'huile hydraulique et des autres d\u00e9chets permet de pr\u00e9venir la contamination de l'environnement.<\/p>\n<h2>D\u00e9pannage et probl\u00e8mes courants<\/h2>\n<p>Les probl\u00e8mes courants des v\u00e9rins de godet incluent les fuites d'huile, la d\u00e9formation de la tige de piston, l'endommagement des joints et une pression insuffisante. Un diagnostic et une r\u00e9solution rapides des probl\u00e8mes sont essentiels pour pr\u00e9venir d'autres dommages et garantir le bon fonctionnement du v\u00e9rin. Une inspection r\u00e9guli\u00e8re et un entretien pr\u00e9ventif permettent d'\u00e9viter ces probl\u00e8mes.<\/p>\n<p><img decoding=\"async\" src=\"https:\/\/hzpt.com\/wp-content\/uploads\/2024\/11\/songte-company-1.webp\"><\/p>\n<h2>\u00c0 propos de nous<\/h2>\n<p>Nous sommes un fabricant de v\u00e9rins hydrauliques sp\u00e9cialis\u00e9 dans leur remplacement. Nous proposons une large gamme de produits et figurons parmi les principaux fabricants et distributeurs de v\u00e9rins hydrauliques sur les march\u00e9s nationaux et internationaux. Notre engagement : fournir une qualit\u00e9 irr\u00e9prochable gr\u00e2ce \u00e0 des strat\u00e9gies de gestion de la production industrielle mises en \u0153uvre dans des ateliers de fabrication \u00e0 la pointe de la technologie. Nous am\u00e9liorons constamment nos plateformes de production, depuis les talents techniques jusqu'aux \u00e9quipements de fabrication num\u00e9riques haut de gamme, en passant par des syst\u00e8mes de test professionnels. Notre grande cr\u00e9ativit\u00e9 nous permet de r\u00e9pondre aux besoins vari\u00e9s de nos clients avec efficacit\u00e9, pr\u00e9cision et un souci constant de la qualit\u00e9.<\/p>\n<h3>Comp\u00e9tence<\/h3>\n<p>Nous poss\u00e9dons une vaste expertise dans le secteur de la fabrication de v\u00e9rins hydrauliques, ax\u00e9e sur la qualit\u00e9 et l'optimisation des performances.<\/p>\n<h3>Certification internationale<\/h3>\n<p>Nous avons obtenu des certifications de qualit\u00e9 internationales telles que l'ISO9001, le CE et le SGS, qui t\u00e9moignent de notre engagement envers la qualit\u00e9 et l'excellence.<\/p>\n<h3>Services de personnalisation<\/h3>\n<p>Nous proposons des services de personnalisation r\u00e9pondant aux exigences sp\u00e9cifiques de nos clients, garantissant compatibilit\u00e9 et performances optimales.<\/p>\n<h3>\u00c9quipement de production<\/h3>\n<p>Nous utilisons des \u00e9quipements de fabrication de pointe, tels que des machines CNC et des syst\u00e8mes de test automatis\u00e9s, pour garantir la qualit\u00e9 et l'efficacit\u00e9 de nos produits.<\/p>\n<h3>Service apr\u00e8s-vente<\/h3>\n<p>Nous nous engageons \u00e0 fournir un excellent service apr\u00e8s-vente et un soutien complet, incluant la maintenance, la r\u00e9paration et le remplacement des pi\u00e8ces.<\/p>\n<p><img decoding=\"async\" src=\"https:\/\/www.hydraulic-cylinders.net\/wp-content\/uploads\/2025\/01\/songte-company-3.webp\"><\/p>\n<p>Auteur : lyl<\/p>","protected":false},"excerpt":{"rendered":"<p>Bucket Cylinder For Carter CT330-8C Introduction The Bucket Cylinder for Carter CT330-8C is a type of specialized hydraulic cylinder designed specifically to control the movement of the bucket in heavy machinery, such as excavators, backhoes, and front loaders. Its primary function is to enable the bucket to be lifted, lowered, and tilted, thereby facilitating various [&hellip;]<\/p>","protected":false},"featured_media":14773,"comment_status":"open","ping_status":"closed","template":"","meta":{"_et_pb_use_builder":"","_et_pb_old_content":"","_et_gb_content_width":""},"product_brand":[],"product_cat":[1494],"product_tag":[1495,1496],"class_list":{"0":"post-15801","1":"product","2":"type-product","3":"status-publish","4":"has-post-thumbnail","6":"product_cat-bucket-cylinders","7":"product_tag-bucket-cylinders","8":"product_tag-hydraulic-cylinders","10":"first","11":"instock","12":"shipping-taxable","13":"product-type-simple"},"amp_enabled":true,"_links":{"self":[{"href":"https:\/\/www.hydraulic-cylinders.net\/fr\/wp-json\/wp\/v2\/product\/15801","targetHints":{"allow":["GET"]}}],"collection":[{"href":"https:\/\/www.hydraulic-cylinders.net\/fr\/wp-json\/wp\/v2\/product"}],"about":[{"href":"https:\/\/www.hydraulic-cylinders.net\/fr\/wp-json\/wp\/v2\/types\/product"}],"replies":[{"embeddable":true,"href":"https:\/\/www.hydraulic-cylinders.net\/fr\/wp-json\/wp\/v2\/comments?post=15801"}],"wp:featuredmedia":[{"embeddable":true,"href":"https:\/\/www.hydraulic-cylinders.net\/fr\/wp-json\/wp\/v2\/media\/14773"}],"wp:attachment":[{"href":"https:\/\/www.hydraulic-cylinders.net\/fr\/wp-json\/wp\/v2\/media?parent=15801"}],"wp:term":[{"taxonomy":"product_brand","embeddable":true,"href":"https:\/\/www.hydraulic-cylinders.net\/fr\/wp-json\/wp\/v2\/product_brand?post=15801"},{"taxonomy":"product_cat","embeddable":true,"href":"https:\/\/www.hydraulic-cylinders.net\/fr\/wp-json\/wp\/v2\/product_cat?post=15801"},{"taxonomy":"product_tag","embeddable":true,"href":"https:\/\/www.hydraulic-cylinders.net\/fr\/wp-json\/wp\/v2\/product_tag?post=15801"}],"curies":[{"name":"wp","href":"https:\/\/api.w.org\/{rel}","templated":true}]}}