{"id":15807,"date":"2025-01-19T15:00:48","date_gmt":"2025-01-19T15:00:48","guid":{"rendered":"https:\/\/www.hydraulic-cylinders.net\/product\/bucket-cylinder-for-kym-ky50a\/"},"modified":"2025-01-19T15:00:54","modified_gmt":"2025-01-19T15:00:54","slug":"bucket-cylinder-for-kym-ky50a","status":"publish","type":"product","link":"https:\/\/www.hydraulic-cylinders.net\/fr\/produit\/bucket-cylinder-for-kym-ky50a\/","title":{"rendered":"V\u00e9rin de godet pour KYM KY50A"},"content":{"rendered":"<h1>V\u00e9rin de godet pour KYM KY50A<\/h1>\n<h2>Introduction<\/h2>\n<h3>D\u00e9finition du v\u00e9rin \u00e0 godet<\/h3>\n<p>A bucket cylinder is a specially designed hydraulic cylinder mainly used to control the movement of the bucket in heavy machinery such as excavators, backhoe excavators, and front loaders. Its primary function is to enable the bucket to lift, lower, and tilt, making it easier to handle various material transport tasks. In the hydraulic system, the bucket cylinder controls the bucket&#8217;s precise movement through changes in hydraulic oil pressure, allowing operators to efficiently handle heavy loads and adapt to complex working environments and diverse operational requirements.<\/p>\n<p><img decoding=\"async\" src=\"https:\/\/www.hydraulic-cylinders.net\/wp-content\/uploads\/2025\/01\/songte-company-2.webp\" alt=\"Image du cylindre du godet\"><\/p>\n<h3>Caract\u00e9ristiques<\/h3>\n<ul>\n<li>Haute r\u00e9sistance et durabilit\u00e9 : g\u00e9n\u00e9ralement fabriqu\u00e9 en acier ou en aluminium \u00e0 haute r\u00e9sistance, capable de r\u00e9sister \u00e0 une pression \u00e9lev\u00e9e et \u00e0 des charges importantes, de s'adapter aux environnements de travail difficiles, con\u00e7u pour r\u00e9sister \u00e0 l'usure et \u00e0 la corrosion, et de prolonger sa dur\u00e9e de vie.<\/li>\n<li>Fonctionnement hydraulique efficace\u00a0: des mouvements d\u2019extension et de contraction fluides sont obtenus gr\u00e2ce \u00e0 l\u2019utilisation de la pression de l\u2019huile hydraulique, permettant une r\u00e9ponse rapide aux commandes, fournissant une force de pouss\u00e9e et de traction puissante et adapt\u00e9e \u00e0 la manutention de charges lourdes et \u00e0 des t\u00e2ches op\u00e9rationnelles complexes.<\/li>\n<li>Diff\u00e9rents types\u00a0: des v\u00e9rins \u00e0 simple effet (fonctionnant hydrauliquement dans un seul sens) ou \u00e0 double effet (fonctionnant hydrauliquement dans les deux sens) peuvent \u00eatre s\u00e9lectionn\u00e9s en fonction des besoins pour r\u00e9pondre \u00e0 diff\u00e9rentes applications. Certains mod\u00e8les sont t\u00e9lescopiques, permettant une plus grande extension sans augmenter les dimensions ext\u00e9rieures, ce qui les rend adapt\u00e9s aux applications o\u00f9 l\u2019espace est limit\u00e9.<\/li>\n<li>Remplacement parfait : notre produit peut parfaitement remplacer ces v\u00e9rins hydrauliques.<\/li>\n<\/ul>\n<p><img decoding=\"async\" src=\"https:\/\/www.hydraulic-cylinders.net\/wp-content\/uploads\/2025\/01\/songte-cylinder-head-with-all-kinds-excavator-models.webp\" alt=\"Image de remplacement du v\u00e9rin de godet\"><\/p>\n<h3>Applications<\/h3>\n<p>Les v\u00e9rins \u00e0 godet sont largement utilis\u00e9s dans diverses industries. Voici quelques applications courantes\u00a0:<\/p>\n<ul>\n<li>Mat\u00e9riel de construction\u00a0: Sur les excavatrices, les v\u00e9rins sont essentiels pour creuser, charger et d\u00e9placer la terre ou les d\u00e9bris. Sur les pelles r\u00e9tro, le v\u00e9rin du godet contribue \u00e0 la fois au creusement et au levage. <\/li>\n<li>Machines agricoles : utilis\u00e9es dans les chargeurs frontaux pour ramasser, soulever et transporter de la terre, du foin et d'autres mat\u00e9riaux. <\/li>\n<li>Excavatrices : Le v\u00e9rin du godet permet l'excavation en permettant au godet de p\u00e9n\u00e9trer dans le sol. <\/li>\n<li>Chargeuses : Sur les chargeuses frontales, elles permettent de lever et de d\u00e9charger efficacement les marchandises. <\/li>\n<\/ul>\n<h3>Consid\u00e9rations de conception et crit\u00e8res de s\u00e9lection<\/h3>\n<p>Lors de la conception de v\u00e9rins hydrauliques, plusieurs \u00e9l\u00e9ments cl\u00e9s sont \u00e0 prendre en compte, notamment\u00a0:<\/p>\n<ul>\n<li>capacit\u00e9 de charge<\/li>\n<li>Scellage<\/li>\n<li>Durabilit\u00e9<\/li>\n<li>S\u00e9curit\u00e9<\/li>\n<li>Maintenabilit\u00e9<\/li>\n<\/ul>\n<p>Bearing capacity: Hydraulic cylinders are designed to handle a specific load. The cylinder&#8217;s weight, stroke length, and size are all critical factors in determining its load-bearing capacity. <\/p>\n<p>\u00c9tanch\u00e9it\u00e9\u00a0: Les v\u00e9rins hydrauliques n\u00e9cessitent divers joints, tels que des bagues d\u2019\u00e9tanch\u00e9it\u00e9 de piston et de tige, afin d\u2019\u00e9viter les fuites d\u2019huile et de maintenir la pression du v\u00e9rin. Le polyur\u00e9thane et le caoutchouc nitrile sont des mat\u00e9riaux r\u00e9sistants \u00e0 l\u2019usure couramment utilis\u00e9s pour les bagues d\u2019\u00e9tanch\u00e9it\u00e9. Le corps du v\u00e9rin et les surfaces filet\u00e9es sont usin\u00e9s avec pr\u00e9cision, ce qui contribue \u00e0 am\u00e9liorer leur r\u00e9sistance \u00e0 l\u2019usure. Un ajout r\u00e9gulier d\u2019huile hydraulique appropri\u00e9e est n\u00e9cessaire pour lubrifier le v\u00e9rin.<\/p>\n<p>Durabilit\u00e9 : Les v\u00e9rins hydrauliques sont con\u00e7us pour r\u00e9sister aux environnements d'exploitation difficiles, ce qui signifie qu'ils doivent \u00eatre fabriqu\u00e9s avec des mat\u00e9riaux durables capables de r\u00e9sister \u00e0 l'usure et \u00e0 la corrosion.<\/p>\n<p>S\u00e9curit\u00e9 : Les v\u00e9rins hydrauliques doivent \u00eatre conformes aux normes et r\u00e9glementations de s\u00e9curit\u00e9, notamment en ce qui concerne l'utilisation de soupapes de s\u00e9curit\u00e9 pour \u00e9viter toute surpression, l'installation d'une protection suffisante pour pr\u00e9venir les blessures de l'op\u00e9rateur et d'autres dispositifs de s\u00e9curit\u00e9.<\/p>\n<p>Facilit\u00e9 d'entretien\u00a0: Les v\u00e9rins hydrauliques doivent \u00eatre con\u00e7us pour \u00eatre faciles \u00e0 entretenir et \u00e0 r\u00e9parer. Les composants doivent \u00eatre facilement accessibles et rempla\u00e7ables, et la conception doit \u00e9viter le recours \u00e0 des connaissances ou des outils sp\u00e9cialis\u00e9s.<\/p>\n<p><img decoding=\"async\" src=\"https:\/\/www.hydraulic-cylinders.net\/wp-content\/uploads\/2025\/01\/songte-oil-pipes-and-spare-parts.webp\" alt=\"Image des pi\u00e8ces du v\u00e9rin hydraulique\"><\/p>\n<h3>Entretien et r\u00e9paration<\/h3>\n<p>Un entretien et des r\u00e9parations appropri\u00e9s sont essentiels \u00e0 la long\u00e9vit\u00e9 des v\u00e9rins hydrauliques. Les t\u00e2ches d'entretien courantes comprennent\u00a0:<\/p>\n<ul>\n<li>Contr\u00f4les r\u00e9guliers<\/li>\n<li>Lubrification ad\u00e9quate<\/li>\n<li>remplacement du joint<\/li>\n<li>Contr\u00f4les d'\u00e9talonnage<\/li>\n<\/ul>\n<p>When installing a hydraulic cylinder, it is important to align it correctly and use appropriate mounting brackets to secure it in place. Recommended inspection, repair, and replacement procedures should be followed to prolong the cylinder&#8217;s service life.<\/p>\n<p><img decoding=\"async\" src=\"https:\/\/www.hydraulic-cylinders.net\/wp-content\/uploads\/2025\/01\/songte-chushion-collar.webp\" alt=\"Image d&#039;installation du v\u00e9rin hydraulique\"><\/p>\n<h3>Consid\u00e9rations de s\u00e9curit\u00e9 et facteurs environnementaux<\/h3>\n<p>Lors de l'utilisation de v\u00e9rins hydrauliques, il est essentiel de respecter les mesures de s\u00e9curit\u00e9 afin de pr\u00e9venir les accidents. Il convient d'appliquer les bonnes pratiques de travail, notamment le port d'\u00e9quipements de protection individuelle adapt\u00e9s, le maintien d'une zone de travail propre et exempte de d\u00e9bris, et le respect de toutes les consignes de s\u00e9curit\u00e9.<\/p>\n<p>Il convient \u00e9galement de tenir compte des facteurs environnementaux lors de l'utilisation de v\u00e9rins hydrauliques, notamment l'\u00e9limination appropri\u00e9e de l'huile hydraulique usag\u00e9e et des autres mati\u00e8res dangereuses, ainsi que le respect de toutes les r\u00e9glementations et exigences environnementales.<\/p>\n<p><img decoding=\"async\" src=\"https:\/\/hzpt.com\/wp-content\/uploads\/2024\/11\/songte-company-1.webp\" alt=\"Image de l&#039;entreprise\"><\/p>\n<h3>\u00c0 propos de nous<\/h3>\n<p>En tant que fabricant et grossiste leader de v\u00e9rins hydrauliques sur les march\u00e9s nationaux et internationaux, nous sommes sp\u00e9cialis\u00e9s dans la production de v\u00e9rins de remplacement. Nos produits sont con\u00e7us avec une qualit\u00e9 exceptionnelle, gr\u00e2ce \u00e0 des strat\u00e9gies de gestion de production industrialis\u00e9e, des ateliers de fabrication modernes, des \u00e9quipes techniques qualifi\u00e9es, des \u00e9quipements de production num\u00e9riques de pointe et des syst\u00e8mes de contr\u00f4le professionnels. Nous am\u00e9liorons constamment nos plateformes de production, optimisons nos lignes de production et cultivons une grande cr\u00e9ativit\u00e9. Notre objectif est de r\u00e9pondre aux besoins vari\u00e9s de nos clients avec efficacit\u00e9, pr\u00e9cision et qualit\u00e9.<\/p>\n<h3>Nos services<\/h3>\n<p>Nos services comprennent\u00a0:<\/p>\n<ul>\n<li>Professionnalisme<\/li>\n<li>Certification internationale<\/li>\n<li>Services de personnalisation<\/li>\n<li>\u00c9quipement de production<\/li>\n<li>Service apr\u00e8s-vente<\/li>\n<\/ul>\n<p>Nous nous engageons \u00e0 fournir \u00e0 nos clients des produits et services de haute qualit\u00e9 afin de r\u00e9pondre \u00e0 leurs besoins et de d\u00e9passer leurs attentes.<\/p>\n<p><img decoding=\"async\" src=\"https:\/\/www.hydraulic-cylinders.net\/wp-content\/uploads\/2025\/01\/songte-company-3.webp\" alt=\"Image des services de l&#039;entreprise\"><\/p>\n<p>Auteur : lyl<\/p>","protected":false},"excerpt":{"rendered":"<p>Bucket Cylinder For KYM KY50A Introduction Defining Bucket Cylinder A bucket cylinder is a specially designed hydraulic cylinder mainly used to control the movement of the bucket in heavy machinery such as excavators, backhoe excavators, and front loaders. Its primary function is to enable the bucket to lift, lower, and tilt, making it easier to [&hellip;]<\/p>","protected":false},"featured_media":14789,"comment_status":"open","ping_status":"closed","template":"","meta":{"_et_pb_use_builder":"","_et_pb_old_content":"","_et_gb_content_width":""},"product_brand":[],"product_cat":[1494],"product_tag":[1495,1496],"class_list":{"0":"post-15807","1":"product","2":"type-product","3":"status-publish","4":"has-post-thumbnail","6":"product_cat-bucket-cylinders","7":"product_tag-bucket-cylinders","8":"product_tag-hydraulic-cylinders","10":"first","11":"instock","12":"shipping-taxable","13":"product-type-simple"},"amp_enabled":true,"_links":{"self":[{"href":"https:\/\/www.hydraulic-cylinders.net\/fr\/wp-json\/wp\/v2\/product\/15807","targetHints":{"allow":["GET"]}}],"collection":[{"href":"https:\/\/www.hydraulic-cylinders.net\/fr\/wp-json\/wp\/v2\/product"}],"about":[{"href":"https:\/\/www.hydraulic-cylinders.net\/fr\/wp-json\/wp\/v2\/types\/product"}],"replies":[{"embeddable":true,"href":"https:\/\/www.hydraulic-cylinders.net\/fr\/wp-json\/wp\/v2\/comments?post=15807"}],"wp:featuredmedia":[{"embeddable":true,"href":"https:\/\/www.hydraulic-cylinders.net\/fr\/wp-json\/wp\/v2\/media\/14789"}],"wp:attachment":[{"href":"https:\/\/www.hydraulic-cylinders.net\/fr\/wp-json\/wp\/v2\/media?parent=15807"}],"wp:term":[{"taxonomy":"product_brand","embeddable":true,"href":"https:\/\/www.hydraulic-cylinders.net\/fr\/wp-json\/wp\/v2\/product_brand?post=15807"},{"taxonomy":"product_cat","embeddable":true,"href":"https:\/\/www.hydraulic-cylinders.net\/fr\/wp-json\/wp\/v2\/product_cat?post=15807"},{"taxonomy":"product_tag","embeddable":true,"href":"https:\/\/www.hydraulic-cylinders.net\/fr\/wp-json\/wp\/v2\/product_tag?post=15807"}],"curies":[{"name":"wp","href":"https:\/\/api.w.org\/{rel}","templated":true}]}}