{"id":15819,"date":"2025-01-19T15:01:44","date_gmt":"2025-01-19T15:01:44","guid":{"rendered":"https:\/\/www.hydraulic-cylinders.net\/product\/bucket-cylinder-for-pushhm-pz85-7\/"},"modified":"2025-01-19T15:01:46","modified_gmt":"2025-01-19T15:01:46","slug":"bucket-cylinder-for-pushhm-pz85-7","status":"publish","type":"product","link":"https:\/\/www.hydraulic-cylinders.net\/fr\/produit\/bucket-cylinder-for-pushhm-pz85-7\/","title":{"rendered":"Cylindre de godet pour Pushhm PZ85-7"},"content":{"rendered":"<h1>Cylindre de godet pour Pushhm PZ85-7<\/h1>\n<h2>Introduction<\/h2>\n<p>Le v\u00e9rin de godet pour Pushhm PZ85-7 est un v\u00e9rin hydraulique con\u00e7u sp\u00e9cifiquement pour commander les mouvements du godet sur les engins de chantier tels que les pelles hydrauliques, les chargeuses-pelleteuses et les chargeuses frontales. Sa fonction principale est de permettre la lev\u00e9e, l'abaissement et l'inclinaison du godet, facilitant ainsi les op\u00e9rations de manutention. Au sein du syst\u00e8me hydraulique, le v\u00e9rin de godet assure un contr\u00f4le pr\u00e9cis du godet gr\u00e2ce \u00e0 la variation de pression de l'huile hydraulique, permettant aux op\u00e9rateurs de manipuler efficacement des charges lourdes et de s'adapter \u00e0 des environnements de travail complexes et \u00e0 des exigences op\u00e9rationnelles vari\u00e9es.<\/p>\n<p><img decoding=\"async\" src=\"https:\/\/www.hydraulic-cylinders.net\/wp-content\/uploads\/2025\/01\/songte-company-2.webp\" alt=\"Cylindre de godet pour Pushhm PZ85-7\"><\/p>\n<h2>Caract\u00e9ristiques<\/h2>\n<ul>\n<li>Haute r\u00e9sistance et durabilit\u00e9 : g\u00e9n\u00e9ralement fabriqu\u00e9 en acier ou en aluminium \u00e0 haute r\u00e9sistance, il peut supporter une pression \u00e9lev\u00e9e et des charges importantes, s'adapter aux environnements de travail difficiles et est con\u00e7u dans un souci de r\u00e9sistance \u00e0 l'usure et \u00e0 la corrosion afin de prolonger sa dur\u00e9e de vie.<\/li>\n<li>Fonctionnement hydraulique efficace\u00a0: l\u2019extension et la r\u00e9traction en douceur sont assur\u00e9es par la pression de l\u2019huile hydraulique. Le syst\u00e8me r\u00e9pond rapidement aux commandes, fournit une force de pouss\u00e9e et de traction importante et convient \u00e0 la manutention d\u2019objets lourds et aux t\u00e2ches complexes.<\/li>\n<li>Diff\u00e9rents types sont disponibles\u00a0: des v\u00e9rins simple effet (hydrauliques dans un seul sens) ou double effet (hydrauliques dans les deux sens) peuvent \u00eatre s\u00e9lectionn\u00e9s en fonction des besoins op\u00e9rationnels. Certains mod\u00e8les sont t\u00e9lescopiques, ce qui permet une plus grande extension sans augmenter les dimensions ext\u00e9rieures et les rend adapt\u00e9s aux applications o\u00f9 l\u2019espace est limit\u00e9.<\/li>\n<li>Applications vari\u00e9es\u00a0: engins de chantier, machines agricoles, excavatrices et chargeuses<\/li>\n<li>Peut \u00eatre utilis\u00e9 en remplacement d'autres v\u00e9rins hydrauliques.<\/li>\n<\/ul>\n<p><img decoding=\"async\" src=\"https:\/\/www.hydraulic-cylinders.net\/wp-content\/uploads\/2025\/01\/songte-cylinder-head-with-all-kinds-excavator-models.webp\" alt=\"Cylindre de godet pour Pushhm PZ85-7\"><\/p>\n<h2>Applications<\/h2>\n<h3>\u00c9quipement de construction<\/h3>\n<p>Le v\u00e9rin du godet est essentiel au bon fonctionnement des excavatrices pour creuser, charger et d\u00e9placer de la terre ou des d\u00e9bris. Sur une pelle r\u00e9tro, il facilite \u00e0 la fois le creusement et le levage. Sur une chargeuse frontale, il permet de lever et de basculer les mat\u00e9riaux.<\/p>\n<h3>machines agricoles<\/h3>\n<p>Le v\u00e9rin du godet est utilis\u00e9 sur les chargeuses frontales pour ramasser, soulever et transporter de la terre, du foin et d'autres mat\u00e9riaux. Il peut \u00e9galement faciliter les travaux d'excavation sur les excavatrices en permettant au godet de p\u00e9n\u00e9trer dans le sol.<\/p>\n<p><img decoding=\"async\" src=\"https:\/\/hzpt.com\/wp-content\/uploads\/2024\/11\/songte-company-1.webp\" alt=\"Cylindre de godet pour Pushhm PZ85-7\"><\/p>\n<h2>Consid\u00e9rations de conception et crit\u00e8res de s\u00e9lection<\/h2>\n<ul>\n<li>Capacit\u00e9 de charge : Le cylindre doit \u00eatre con\u00e7u pour supporter le poids de la charge.<\/li>\n<li>\u00c9tanch\u00e9it\u00e9\u00a0: Diff\u00e9rents composants d\u2019\u00e9tanch\u00e9it\u00e9, tels que des joints toriques de piston et de tige, sont utilis\u00e9s. Le mat\u00e9riau d\u2019\u00e9tanch\u00e9it\u00e9 est choisi parmi des mat\u00e9riaux r\u00e9sistants \u00e0 l\u2019usure comme le polyur\u00e9thane et le caoutchouc nitrile. Le corps du cylindre et la surface d\u2019extr\u00e9mit\u00e9 filet\u00e9e sont usin\u00e9s avec pr\u00e9cision pour am\u00e9liorer la r\u00e9sistance \u00e0 l\u2019usure. Un ajout r\u00e9gulier d\u2019huile hydraulique est n\u00e9cessaire pour la lubrification.<\/li>\n<li>Durabilit\u00e9 : Les mat\u00e9riaux utilis\u00e9s pour le cylindre doivent \u00eatre r\u00e9sistants \u00e0 l'usure et \u00e0 la corrosion, et la surface doit \u00eatre trait\u00e9e pour accro\u00eetre sa r\u00e9sistance \u00e0 l'usure.<\/li>\n<li>S\u00e9curit\u00e9 : Les facteurs de s\u00e9curit\u00e9 doivent \u00eatre pris en compte lors de la conception afin de garantir le fonctionnement s\u00fbr du v\u00e9rin sous diff\u00e9rentes charges.<\/li>\n<li>Facilit\u00e9 d'entretien\u00a0: Le cylindre doit \u00eatre con\u00e7u pour \u00eatre facile \u00e0 entretenir et ses composants doivent \u00eatre facilement rempla\u00e7ables.<\/li>\n<\/ul>\n<p><img decoding=\"async\" src=\"https:\/\/www.hydraulic-cylinders.net\/wp-content\/uploads\/2025\/01\/songte-oil-pipes-and-spare-parts.webp\" alt=\"Cylindre de godet pour Pushhm PZ85-7\"><\/p>\n<h2>Maintenance et d\u00e9pannage<\/h2>\n<p>Un entretien r\u00e9gulier est essentiel pour assurer la long\u00e9vit\u00e9 du v\u00e9rin du godet. Les op\u00e9rations d'entretien suivantes doivent \u00eatre effectu\u00e9es\u00a0:<\/p>\n<ul>\n<li>Inspection r\u00e9guli\u00e8re<\/li>\n<li>Lubrification ad\u00e9quate<\/li>\n<li>Inspection de remplacement et d'\u00e9talonnage des joints<\/li>\n<\/ul>\n<p>Il est important d'installer correctement le v\u00e9rin du godet, de le lubrifier ad\u00e9quatement et d'effectuer les r\u00e9glages n\u00e9cessaires lors de l'installation. Un alignement pr\u00e9cis du v\u00e9rin est essentiel, et il est recommand\u00e9 d'utiliser des supports de fixation appropri\u00e9s pour le maintenir en place. Nous recommandons des contr\u00f4les, des r\u00e9parations et des remplacements r\u00e9guliers afin d'optimiser la dur\u00e9e de vie du v\u00e9rin.<\/p>\n<p><img decoding=\"async\" src=\"https:\/\/www.hydraulic-cylinders.net\/wp-content\/uploads\/2025\/01\/songte-chushion-collar.webp\" alt=\"Cylindre de godet pour Pushhm PZ85-7\"><\/p>\n<h2>Consid\u00e9rations de s\u00e9curit\u00e9 et facteurs environnementaux<\/h2>\n<p>Des mesures de s\u00e9curit\u00e9 doivent \u00eatre prises pendant le fonctionnement, et des facteurs environnementaux tels que la temp\u00e9rature et l'humidit\u00e9 doivent \u00eatre pris en compte pour garantir un fonctionnement s\u00fbr et efficace.<\/p>\n<h2>Diagnostic des pannes et probl\u00e8mes courants<\/h2>\n<p>Les probl\u00e8mes courants li\u00e9s au v\u00e9rin de godet incluent les fuites, une pression insuffisante et un fonctionnement m\u00e9diocre. Un entretien r\u00e9gulier permet de pr\u00e9venir ces probl\u00e8mes. Nous recommandons des inspections r\u00e9guli\u00e8res pour diagnostiquer et r\u00e9soudre les probl\u00e8mes du v\u00e9rin de godet. Des mesures pr\u00e9ventives peuvent \u00e9galement \u00eatre prises pour minimiser les risques.<\/p>\n<p><img decoding=\"async\" src=\"https:\/\/www.hydraulic-cylinders.net\/wp-content\/uploads\/2025\/01\/songte-bushings-with-all-kinds-of-excavator-models.webp\" alt=\"Cylindre de godet pour Pushhm PZ85-7\"><\/p>\n<h2>\u00c0 propos de nous<\/h2>\n<p>Notre entreprise est sp\u00e9cialis\u00e9e dans la production de v\u00e9rins hydrauliques de remplacement. Forte d'une gamme compl\u00e8te de produits, elle s'est impos\u00e9e comme l'un des principaux fabricants et distributeurs de v\u00e9rins hydrauliques sur les march\u00e9s nationaux et internationaux. Attach\u00e9s \u00e0 l'excellence, nous nous appuyons sur une strat\u00e9gie de gestion de production industrialis\u00e9e et des ateliers de fabrication de pointe. Nous am\u00e9liorons constamment nos installations, perfectionnons nos processus de production et disposons d'une forte capacit\u00e9 de cr\u00e9ation pour r\u00e9pondre aux besoins vari\u00e9s de nos clients. Nous proposons des services professionnels, des certifications internationales, des solutions sur mesure, des \u00e9quipements de production avanc\u00e9s et un service apr\u00e8s-vente performant.<\/p>\n<p><img decoding=\"async\" src=\"https:\/\/www.hydraulic-cylinders.net\/wp-content\/uploads\/2025\/01\/songte-company-3.webp\" alt=\"Cylindre de godet pour Pushhm PZ85-7\"><\/p>\n<p>Auteur : lyl.<\/p>","protected":false},"excerpt":{"rendered":"<p>Bucket Cylinder For Pushhm PZ85-7 Introduction The bucket cylinder for Pushhm PZ85-7 is a type of hydraulic cylinder designed specifically to control the movement of the bucket in heavy machinery such as excavators, backhoe excavators, and front-end loaders. Its main function is to enable the bucket to lift, lower and tilt, making it easier to [&hellip;]<\/p>","protected":false},"featured_media":14765,"comment_status":"open","ping_status":"closed","template":"","meta":{"_et_pb_use_builder":"","_et_pb_old_content":"","_et_gb_content_width":""},"product_brand":[],"product_cat":[1494],"product_tag":[1495,1496],"class_list":{"0":"post-15819","1":"product","2":"type-product","3":"status-publish","4":"has-post-thumbnail","6":"product_cat-bucket-cylinders","7":"product_tag-bucket-cylinders","8":"product_tag-hydraulic-cylinders","10":"first","11":"instock","12":"shipping-taxable","13":"product-type-simple"},"amp_enabled":true,"_links":{"self":[{"href":"https:\/\/www.hydraulic-cylinders.net\/fr\/wp-json\/wp\/v2\/product\/15819","targetHints":{"allow":["GET"]}}],"collection":[{"href":"https:\/\/www.hydraulic-cylinders.net\/fr\/wp-json\/wp\/v2\/product"}],"about":[{"href":"https:\/\/www.hydraulic-cylinders.net\/fr\/wp-json\/wp\/v2\/types\/product"}],"replies":[{"embeddable":true,"href":"https:\/\/www.hydraulic-cylinders.net\/fr\/wp-json\/wp\/v2\/comments?post=15819"}],"wp:featuredmedia":[{"embeddable":true,"href":"https:\/\/www.hydraulic-cylinders.net\/fr\/wp-json\/wp\/v2\/media\/14765"}],"wp:attachment":[{"href":"https:\/\/www.hydraulic-cylinders.net\/fr\/wp-json\/wp\/v2\/media?parent=15819"}],"wp:term":[{"taxonomy":"product_brand","embeddable":true,"href":"https:\/\/www.hydraulic-cylinders.net\/fr\/wp-json\/wp\/v2\/product_brand?post=15819"},{"taxonomy":"product_cat","embeddable":true,"href":"https:\/\/www.hydraulic-cylinders.net\/fr\/wp-json\/wp\/v2\/product_cat?post=15819"},{"taxonomy":"product_tag","embeddable":true,"href":"https:\/\/www.hydraulic-cylinders.net\/fr\/wp-json\/wp\/v2\/product_tag?post=15819"}],"curies":[{"name":"wp","href":"https:\/\/api.w.org\/{rel}","templated":true}]}}