{"id":15830,"date":"2025-01-19T15:02:37","date_gmt":"2025-01-19T15:02:37","guid":{"rendered":"https:\/\/www.hydraulic-cylinders.net\/product\/bucket-cylinder-for-nante-nt130uu\/"},"modified":"2025-01-19T15:02:39","modified_gmt":"2025-01-19T15:02:39","slug":"bucket-cylinder-for-nante-nt130uu","status":"publish","type":"product","link":"https:\/\/www.hydraulic-cylinders.net\/fr\/produit\/bucket-cylinder-for-nante-nt130uu\/","title":{"rendered":"Cylindre de godet pour Nante NT130UU"},"content":{"rendered":"<h1>Cylindre de godet pour Nante NT130UU<\/h1>\n<h2>Introduction<\/h2>\n<p>Le v\u00e9rin de godet de la Nante NT130UU est un v\u00e9rin hydraulique sp\u00e9cialis\u00e9 con\u00e7u pour contr\u00f4ler les mouvements du godet sur les engins de chantier tels que les pelles hydrauliques, les chargeuses-pelleteuses et les chargeuses frontales. Sa fonction principale est de permettre la lev\u00e9e, l'abaissement et l'inclinaison du godet, facilitant ainsi la manutention de divers mat\u00e9riaux. Au sein du syst\u00e8me hydraulique, le v\u00e9rin de godet exploite les variations de pression d'huile hydraulique pour un contr\u00f4le pr\u00e9cis du godet, permettant aux op\u00e9rateurs de manipuler efficacement des charges lourdes et de s'adapter \u00e0 des environnements de travail complexes et \u00e0 des exigences vari\u00e9es.<\/p>\n<p><img decoding=\"async\" src=\"https:\/\/www.hydraulic-cylinders.net\/wp-content\/uploads\/2025\/01\/songte-company-2.webp\" alt=\"Image du cylindre du godet\"><\/p>\n<h2>Caract\u00e9ristiques<\/h2>\n<ul>\n<li>\n<h3>Haute r\u00e9sistance et durabilit\u00e9 :<\/h3>\n<p> G\u00e9n\u00e9ralement fabriqu\u00e9 en acier \u00e0 haute r\u00e9sistance ou en aluminium, il peut r\u00e9sister \u00e0 une pression \u00e9lev\u00e9e et \u00e0 des charges importantes, s'adapter aux environnements de travail difficiles et est con\u00e7u pour r\u00e9sister \u00e0 l'usure et \u00e0 la corrosion afin de prolonger sa dur\u00e9e de vie.<\/li>\n<li>\n<h3>Fonctionnement hydraulique efficace :<\/h3>\n<p> Utilisant la pression de l'huile hydraulique pour assurer une extension et une r\u00e9traction fluides, il peut r\u00e9pondre rapidement aux commandes, fournir des forces de pouss\u00e9e et de traction puissantes et convient \u00e0 la manutention de charges lourdes et \u00e0 des t\u00e2ches complexes.<\/li>\n<li>\n<h3>Diff\u00e9rents types :<\/h3>\n<p> On peut choisir des v\u00e9rins \u00e0 simple effet (fonctionnant dans un seul sens) ou \u00e0 double effet (fonctionnant dans les deux sens) selon les besoins, afin de r\u00e9pondre aux diff\u00e9rentes exigences op\u00e9rationnelles. Certains mod\u00e8les sont t\u00e9lescopiques, ce qui permet une plus grande extension sans augmenter les dimensions ext\u00e9rieures et convient aux applications o\u00f9 l'espace est limit\u00e9.<\/li>\n<li>\n<h3>Remplacement du produit\u00a0:<\/h3>\n<p> Notre produit peut parfaitement remplacer ces v\u00e9rins hydrauliques.<\/li>\n<\/ul>\n<p><img decoding=\"async\" src=\"https:\/\/www.hydraulic-cylinders.net\/wp-content\/uploads\/2025\/01\/songte-cylinder-head-with-all-kinds-excavator-models.webp\" alt=\"Image de remplacement du produit\"><\/p>\n<h2>Applications<\/h2>\n<p>Le v\u00e9rin \u00e0 godet pour Nante NT130UU est largement utilis\u00e9 dans de nombreuses industries, notamment\u00a0:<\/p>\n<ul>\n<li>\n<h3>\u00c9quipement de construction :<\/h3>\n<p> Sur les excavatrices, les v\u00e9rins sont indispensables pour creuser, charger et d\u00e9placer la terre ou les d\u00e9bris. Sur les pelles r\u00e9tro, les v\u00e9rins du godet participent \u00e0 la fois au creusement et au levage. <\/li>\n<li>\n<h3>Machines agricoles :<\/h3>\n<p> Utilis\u00e9 sur les chargeuses frontales pour ramasser, soulever et transporter la terre, le foin et autres mat\u00e9riaux. <\/li>\n<li>\n<h3>Excavateurs:<\/h3>\n<p> Le v\u00e9rin du godet assure l'action de creusement en permettant au godet de p\u00e9n\u00e9trer dans le sol. <\/li>\n<li>\n<h3>Chargeurs:<\/h3>\n<p> Dans les chargeuses frontales, ils contribuent efficacement au levage et \u00e0 l'inclinaison des charges.<\/li>\n<\/ul>\n<h2>Consid\u00e9rations de conception et crit\u00e8res de s\u00e9lection<\/h2>\n<p>Le v\u00e9rin du godet est con\u00e7u pour supporter des charges lourdes et r\u00e9sister aux environnements d'exploitation difficiles, tout en garantissant s\u00e9curit\u00e9, durabilit\u00e9 et facilit\u00e9 d'entretien. Les principaux points \u00e0 prendre en compte lors de sa conception sont les suivants\u00a0:<\/p>\n<ul>\n<li>\n<h3>Capacit\u00e9 de charge :<\/h3>\n<p> Le cylindre doit pouvoir supporter le poids de la charge tout en maintenant sa stabilit\u00e9 et sa s\u00e9curit\u00e9.<\/li>\n<li>\n<h3>Scellage:<\/h3>\n<p> Divers composants d'\u00e9tanch\u00e9it\u00e9, tels que des joints de piston, des joints de tige, etc., sont utilis\u00e9s, et des mat\u00e9riaux d'\u00e9tanch\u00e9it\u00e9 tels que le polyur\u00e9thane, le caoutchouc nitrile et d'autres mat\u00e9riaux r\u00e9sistants \u00e0 l'usure sont s\u00e9lectionn\u00e9s pour assurer un haut degr\u00e9 d'\u00e9tanch\u00e9it\u00e9.<\/li>\n<li>\n<h3>Durabilit\u00e9:<\/h3>\n<p> Le corps du cylindre et les surfaces d'extr\u00e9mit\u00e9 du filetage sont finement usin\u00e9s pour am\u00e9liorer la r\u00e9sistance \u00e0 l'usure. <\/li>\n<li>\n<h3>S\u00e9curit\u00e9:<\/h3>\n<p> Le cylindre doit satisfaire aux normes internationales de certification de s\u00e9curit\u00e9 afin de garantir la s\u00e9curit\u00e9 de l'op\u00e9rateur pendant son utilisation.<\/li>\n<li>\n<h3>Entretien:<\/h3>\n<p> Un entretien et des r\u00e9parations r\u00e9guliers sont n\u00e9cessaires pour maintenir le cylindre en bon \u00e9tat.<\/li>\n<\/ul>\n<p><img decoding=\"async\" src=\"https:\/\/www.hydraulic-cylinders.net\/wp-content\/uploads\/2025\/01\/songte-oil-pipes-and-spare-parts.webp\" alt=\"Consid\u00e9rations de conception Image\"><\/p>\n<h2>\u00c9tanch\u00e9it\u00e9 et lubrification<\/h2>\n<p>Le v\u00e9rin utilise divers composants d'\u00e9tanch\u00e9it\u00e9, tels que des joints de piston et des joints de tige. Des mat\u00e9riaux d'\u00e9tanch\u00e9it\u00e9 comme le polyur\u00e9thane, le caoutchouc nitrile et d'autres mat\u00e9riaux r\u00e9sistants \u00e0 l'usure sont s\u00e9lectionn\u00e9s pour garantir une \u00e9tanch\u00e9it\u00e9 optimale. De plus, le corps du v\u00e9rin et les surfaces d'extr\u00e9mit\u00e9 du filetage sont usin\u00e9s avec pr\u00e9cision pour am\u00e9liorer la r\u00e9sistance \u00e0 l'usure. Un ajout r\u00e9gulier d'une quantit\u00e9 appropri\u00e9e d'huile hydraulique pour lubrifier le v\u00e9rin contribue \u00e0 prolonger sa dur\u00e9e de vie.<\/p>\n<h2>Entretien et r\u00e9paration<\/h2>\n<p>Un entretien et des r\u00e9parations r\u00e9guliers sont essentiels pour garantir le bon fonctionnement du v\u00e9rin du godet. Les t\u00e2ches d'entretien courantes comprennent\u00a0:<\/p>\n<ul>\n<li>\n<h3>Inspection r\u00e9guli\u00e8re :<\/h3>\n<p> Inspectez r\u00e9guli\u00e8rement le cylindre pour vous assurer de son bon fonctionnement et r\u00e9parez tout dommage ou d\u00e9faut d\u00e8s que possible.<\/li>\n<li>\n<h3>Lubrification:<\/h3>\n<p> Ajoutez une quantit\u00e9 appropri\u00e9e d'huile hydraulique pour lubrifier le cylindre et r\u00e9duire l'usure.<\/li>\n<li>\n<h3>Remplacement du joint :<\/h3>\n<p> Remplacez les joints du cylindre si n\u00e9cessaire pour assurer une \u00e9tanch\u00e9it\u00e9 optimale.<\/li>\n<li>\n<h3>Inspection d'\u00e9talonnage :<\/h3>\n<p> V\u00e9rifiez p\u00e9riodiquement le calibrage du cylindre pour vous assurer de son bon fonctionnement.<\/li>\n<\/ul>\n<p><img decoding=\"async\" src=\"https:\/\/www.hydraulic-cylinders.net\/wp-content\/uploads\/2025\/01\/songte-chushion-collar.webp\" alt=\"Image de maintenance et de r\u00e9paration\"><\/p>\n<h2>Consid\u00e9rations relatives \u00e0 la s\u00e9curit\u00e9 et \u00e0 l'environnement<\/h2>\n<p>Lors de l'utilisation du v\u00e9rin de godet, il est essentiel de respecter les consignes de s\u00e9curit\u00e9 afin de garantir la s\u00e9curit\u00e9 de l'op\u00e9rateur et de pr\u00e9venir la pollution de l'environnement. Un contr\u00f4le et un entretien r\u00e9guliers permettent de pr\u00e9venir les risques potentiels et de r\u00e9duire l'impact environnemental.<\/p>\n<h2>D\u00e9pannage et probl\u00e8mes courants<\/h2>\n<p>Des probl\u00e8mes avec le v\u00e9rin du godet peuvent survenir pour diverses raisons, notamment l'usure, les dommages et une installation incorrecte. Les probl\u00e8mes courants incluent les fuites du v\u00e9rin, une force de levage ou d'inclinaison insuffisante et des difficult\u00e9s de fonctionnement. Pour r\u00e9soudre ces probl\u00e8mes, il est conseill\u00e9 d'inspecter le v\u00e9rin afin de d\u00e9tecter tout dommage, de v\u00e9rifier les joints et la lubrification, et de s'assurer que l'installation et le calibrage sont corrects.<\/p>\n<p><img decoding=\"async\" src=\"https:\/\/www.hydraulic-cylinders.net\/wp-content\/uploads\/2025\/01\/songte-bushings-with-all-kinds-of-excavator-models.webp\" alt=\"Image de d\u00e9pannage\"><\/p>\n<h2>\u00c0 propos de notre entreprise<\/h2>\n<p>Nous sommes un fabricant et distributeur de premier plan de v\u00e9rins hydrauliques sur les march\u00e9s nationaux et internationaux, sp\u00e9cialis\u00e9 dans la production de v\u00e9rins hydrauliques de remplacement des v\u00e9rins traditionnels. Notre philosophie repose sur l'excellence et nous nous appuyons sur une strat\u00e9gie de production industrialis\u00e9e au sein d'un atelier de fabrication de haute pr\u00e9cision. Notre entreprise am\u00e9liore constamment sa plateforme de production, perfectionne son processus de fabrication et dispose d'une grande capacit\u00e9 d'innovation pour r\u00e9pondre aux besoins vari\u00e9s de ses clients avec efficacit\u00e9, pr\u00e9cision et qualit\u00e9. Nous proposons des services de personnalisation, des \u00e9quipements de production et des syst\u00e8mes de test professionnels, et nous avons obtenu de nombreuses certifications internationales.<\/p>\n<p><img decoding=\"async\" src=\"https:\/\/hzpt.com\/wp-content\/uploads\/2024\/11\/songte-company-1.webp\" alt=\"Image de l&#039;entreprise\"><\/p>\n<p>Notre entreprise propose des services professionnels et personnalis\u00e9s, ainsi que des \u00e9quipements de production de pointe, et assure un service apr\u00e8s-vente performant. Nous nous effor\u00e7ons de fournir \u00e0 nos clients des produits et services de haute qualit\u00e9, conformes aux normes internationales. Notre \u00e9quipe de professionnels exp\u00e9riment\u00e9s est d\u00e9di\u00e9e \u00e0 offrir les meilleurs produits et services \u00e0 nos clients du monde entier.<\/p>\n<p>Auteur : lyl.<\/p>","protected":false},"excerpt":{"rendered":"<p>Bucket Cylinder For Nante NT130UU Introduction The bucket cylinder for Nante NT130UU is a specialized hydraulic cylinder designed to control the movement of the bucket in heavy machinery such as excavators, backhoe excavators, and front-end loaders. Its main function is to enable the bucket to lift, lower, and tilt, making it easier to handle various [&hellip;]<\/p>","protected":false},"featured_media":14776,"comment_status":"open","ping_status":"closed","template":"","meta":{"_et_pb_use_builder":"","_et_pb_old_content":"","_et_gb_content_width":""},"product_brand":[],"product_cat":[1494],"product_tag":[1495,1496],"class_list":{"0":"post-15830","1":"product","2":"type-product","3":"status-publish","4":"has-post-thumbnail","6":"product_cat-bucket-cylinders","7":"product_tag-bucket-cylinders","8":"product_tag-hydraulic-cylinders","10":"first","11":"instock","12":"shipping-taxable","13":"product-type-simple"},"amp_enabled":true,"_links":{"self":[{"href":"https:\/\/www.hydraulic-cylinders.net\/fr\/wp-json\/wp\/v2\/product\/15830","targetHints":{"allow":["GET"]}}],"collection":[{"href":"https:\/\/www.hydraulic-cylinders.net\/fr\/wp-json\/wp\/v2\/product"}],"about":[{"href":"https:\/\/www.hydraulic-cylinders.net\/fr\/wp-json\/wp\/v2\/types\/product"}],"replies":[{"embeddable":true,"href":"https:\/\/www.hydraulic-cylinders.net\/fr\/wp-json\/wp\/v2\/comments?post=15830"}],"wp:featuredmedia":[{"embeddable":true,"href":"https:\/\/www.hydraulic-cylinders.net\/fr\/wp-json\/wp\/v2\/media\/14776"}],"wp:attachment":[{"href":"https:\/\/www.hydraulic-cylinders.net\/fr\/wp-json\/wp\/v2\/media?parent=15830"}],"wp:term":[{"taxonomy":"product_brand","embeddable":true,"href":"https:\/\/www.hydraulic-cylinders.net\/fr\/wp-json\/wp\/v2\/product_brand?post=15830"},{"taxonomy":"product_cat","embeddable":true,"href":"https:\/\/www.hydraulic-cylinders.net\/fr\/wp-json\/wp\/v2\/product_cat?post=15830"},{"taxonomy":"product_tag","embeddable":true,"href":"https:\/\/www.hydraulic-cylinders.net\/fr\/wp-json\/wp\/v2\/product_tag?post=15830"}],"curies":[{"name":"wp","href":"https:\/\/api.w.org\/{rel}","templated":true}]}}